{"id":968,"date":"2025-03-17T09:06:20","date_gmt":"2025-03-17T08:06:20","guid":{"rendered":"https:\/\/hintsoftpartners.com\/o-nas\/"},"modified":"2026-02-23T10:32:50","modified_gmt":"2026-02-23T09:32:50","slug":"o-nas","status":"publish","type":"page","link":"https:\/\/hintsoftpartners.com\/sk\/o-nas\/","title":{"rendered":"O n\u00e1s"},"content":{"rendered":"<div class=\"wpb-content-wrapper\"><p>[vc_row row_height_percent=&#8220;100&#8243; override_padding=&#8220;yes&#8220; h_padding=&#8220;0&#8243; top_padding=&#8220;2&#8243; bottom_padding=&#8220;2&#8243; back_image=&#8220;347&#8243; overlay_color=&#8220;color-jevc&#8220; overlay_alpha=&#8220;30&#8243; equal_height=&#8220;yes&#8220; gutter_size=&#8220;0&#8243; column_width_use_pixel=&#8220;yes&#8220; shift_y=&#8220;0&#8243; z_index=&#8220;0&#8243; auto_height_device=&#8220;yes&#8220; content_parallax=&#8220;0&#8243; row_name=&#8220;Welcome&#8220; uncode_shortcode_id=&#8220;299951&#8243; overlay_color_type=&#8220;uncode-palette&#8220;][vc_column column_width_use_pixel=&#8220;yes&#8220; position_vertical=&#8220;middle&#8220; align_horizontal=&#8220;align_center&#8220; gutter_size=&#8220;3&#8243; style=&#8220;dark&#8220; overlay_alpha=&#8220;50&#8243; shift_x=&#8220;0&#8243; shift_y=&#8220;0&#8243; shift_y_down=&#8220;0&#8243; z_index=&#8220;0&#8243; medium_width=&#8220;0&#8243; mobile_width=&#8220;0&#8243; width=&#8220;1\/1&#8243;][vc_row_inner row_inner_height_percent=&#8220;0&#8243; overlay_alpha=&#8220;50&#8243; gutter_size=&#8220;3&#8243; shift_y=&#8220;0&#8243; z_index=&#8220;0&#8243; limit_content=&#8220;&#8220;][vc_column_inner column_width_percent=&#8220;100&#8243; position_horizontal=&#8220;left&#8220; position_vertical=&#8220;middle&#8220; gutter_size=&#8220;2&#8243; override_padding=&#8220;yes&#8220; column_padding=&#8220;2&#8243; style=&#8220;light&#8220; overlay_alpha=&#8220;0&#8243; shift_x=&#8220;0&#8243; shift_y=&#8220;0&#8243; shift_y_down=&#8220;0&#8243; z_index=&#8220;0&#8243; medium_width=&#8220;0&#8243; mobile_width=&#8220;0&#8243; css_animation=&#8220;alpha-anim&#8220; width=&#8220;2\/3&#8243; uncode_shortcode_id=&#8220;204481&#8243; back_color_type=&#8220;uncode-solid&#8220; back_color_solid=&#8220;rgba(255,255,255,0.75)&#8220; el_class=&#8220;remove-padding-top&#8220;][vc_custom_heading text_color=&#8220;color-xsdn&#8220; heading_semantic=&#8220;p&#8220; text_size=&#8220;&#8220; text_weight=&#8220;500&#8243; text_transform=&#8220;uppercase&#8220; badge_style=&#8220;yes&#8220; back_color=&#8220;color-408418&#8243; uncode_shortcode_id=&#8220;524736&#8243; text_color_type=&#8220;uncode-palette&#8220; back_color_type=&#8220;uncode-palette&#8220; el_class=&#8220;header-badge&#8220;]O n\u00e1s[\/vc_custom_heading][vc_custom_heading text_color=&#8220;color-408418&#8243; heading_semantic=&#8220;h1&#8243; text_size=&#8220;custom&#8220; uncode_shortcode_id=&#8220;245276&#8243; heading_custom_size=&#8220;36px&#8220; text_color_type=&#8220;uncode-palette&#8220;]Poradenstvo postaven\u00e9 na skuto\u010dn\u00fdch potreb\u00e1ch klientov[\/vc_custom_heading][\/vc_column_inner][vc_column_inner column_width_percent=&#8220;100&#8243; gutter_size=&#8220;3&#8243; overlay_alpha=&#8220;50&#8243; shift_x=&#8220;0&#8243; shift_y=&#8220;0&#8243; shift_y_down=&#8220;0&#8243; z_index=&#8220;0&#8243; medium_width=&#8220;0&#8243; mobile_visibility=&#8220;yes&#8220; mobile_width=&#8220;0&#8243; width=&#8220;1\/3&#8243; uncode_shortcode_id=&#8220;233074&#8243;][\/vc_column_inner][\/vc_row_inner][\/vc_column][\/vc_row][vc_row row_height_percent=&#8220;0&#8243; override_padding=&#8220;yes&#8220; h_padding=&#8220;2&#8243; top_padding=&#8220;3&#8243; bottom_padding=&#8220;2&#8243; overlay_alpha=&#8220;50&#8243; gutter_size=&#8220;3&#8243; column_width_percent=&#8220;100&#8243; shift_y=&#8220;0&#8243; z_index=&#8220;0&#8243; content_parallax=&#8220;0&#8243; uncode_shortcode_id=&#8220;186881&#8243; row_name=&#8220;history&#8220;][vc_column column_width_use_pixel=&#8220;yes&#8220; gutter_size=&#8220;2&#8243; overlay_alpha=&#8220;50&#8243; shift_x=&#8220;0&#8243; shift_y=&#8220;0&#8243; shift_y_down=&#8220;0&#8243; z_index=&#8220;0&#8243; medium_width=&#8220;0&#8243; mobile_width=&#8220;0&#8243; width=&#8220;1\/1&#8243; column_width_pixel=&#8220;750&#8243; uncode_shortcode_id=&#8220;148320&#8243;][vc_custom_heading heading_semantic=&#8220;h3&#8243; text_size=&#8220;h1&#8243; uncode_shortcode_id=&#8220;101803&#8243;]Hist\u00f3ria[\/vc_custom_heading][vc_separator sep_color=&#8220;color-408418&#8243; uncode_shortcode_id=&#8220;174732&#8243; sep_color_type=&#8220;uncode-palette&#8220; el_class=&#8220;set-divider-max&#8220;][vc_column_text text_lead=&#8220;yes&#8220; uncode_shortcode_id=&#8220;167931&#8243;]Spolo\u010dnos\u0165 Hintsoft Partners bola zalo\u017een\u00e1 v roku 2023 ako nez\u00e1visl\u00e1 poradensk\u00e1 firma v oblasti podnikov\u00fdch financi\u00ed a transakci\u00ed, \u0161pecializuj\u00faca sa na komplexn\u00e9 transakcie v regi\u00f3noch CEE a DACH. Od svojho vzniku podporujeme \u0161irok\u00e9 spektrum klientov \u2013 od mal\u00fdch a stredn\u00fdch podnikov a rodinn\u00fdch firiem, a\u017e po nadn\u00e1rodn\u00e9 spolo\u010dnosti, private equity investorov a finan\u010dn\u00e9 in\u0161tit\u00facie \u2013 pri prij\u00edman\u00ed finan\u010dn\u00fdch rozhodnut\u00ed s jasnos\u0165ou a istotou.<\/p>\n<p>Na\u0161a transak\u010dn\u00e1 \u010dinnos\u0165 je najviac s\u00fastreden\u00e1 v odvetviach technol\u00f3gi\u00ed, priemyslu, v\u00fdroby, energetiky a zdravotn\u00edctva, no uplat\u0148ujeme sektorovo neutr\u00e1lny pr\u00edstup a ka\u017ed\u00e9mu klientovi pon\u00fakame rie\u0161enia prisp\u00f4soben\u00e9 jeho jedine\u010dnej situ\u00e1cii. Na\u0161\u00edm poslan\u00edm je poskytova\u0165 nez\u00e1visl\u00e9, spo\u013eahliv\u00e9 a efekt\u00edvne rie\u0161enia v\u017edy v najlep\u0161om z\u00e1ujme klienta.<\/p>\n<p>Ver\u00edme, \u017ee \u00faspe\u0161n\u00e9 finan\u010dn\u00e9 rozhodnutia stoja na strategickom myslen\u00ed a d\u00f4kladnej znalosti trhu. Zav\u00e4zujeme sa poskytova\u0165 spo\u013eahliv\u00e9 finan\u010dn\u00e9 poradenstvo a strategick\u00e9 usmernenie, ktor\u00e9 pom\u00e1ha podnikom prosperova\u0165 v neust\u00e1le sa meniacom prostred\u00ed.[\/vc_column_text][\/vc_column][\/vc_row][vc_row row_height_percent=&#8220;0&#8243; override_padding=&#8220;yes&#8220; h_padding=&#8220;2&#8243; top_padding=&#8220;3&#8243; bottom_padding=&#8220;2&#8243; overlay_alpha=&#8220;50&#8243; equal_height=&#8220;yes&#8220; gutter_size=&#8220;4&#8243; column_width_percent=&#8220;100&#8243; shift_y=&#8220;0&#8243; z_index=&#8220;0&#8243; content_parallax=&#8220;0&#8243; uncode_shortcode_id=&#8220;629780&#8243; row_name=&#8220;team&#8220;][vc_column column_width_use_pixel=&#8220;yes&#8220; gutter_size=&#8220;2&#8243; overlay_alpha=&#8220;50&#8243; shift_x=&#8220;0&#8243; shift_y=&#8220;0&#8243; shift_y_down=&#8220;0&#8243; z_index=&#8220;0&#8243; medium_width=&#8220;0&#8243; mobile_width=&#8220;0&#8243; width=&#8220;1\/1&#8243; uncode_shortcode_id=&#8220;134068&#8243; column_width_pixel=&#8220;750&#8243;][vc_custom_heading heading_semantic=&#8220;h3&#8243; text_size=&#8220;h1&#8243; uncode_shortcode_id=&#8220;193973&#8243;]T\u00edm[\/vc_custom_heading][vc_separator sep_color=&#8220;color-408418&#8243; uncode_shortcode_id=&#8220;174732&#8243; sep_color_type=&#8220;uncode-palette&#8220; el_class=&#8220;set-divider-max&#8220;][vc_column_text text_lead=&#8220;yes&#8220; uncode_shortcode_id=&#8220;960013&#8243;]Na\u0161a sila spo\u010d\u00edva v kombin\u00e1cii strategick\u00e9ho pr\u00edstupu s praktickou realiz\u00e1ciou. V\u010faka rozsiahlym sk\u00fasenostiam v oblasti podnikov\u00fdch financi\u00ed, z\u00edskavania kapit\u00e1lu a investi\u010dn\u00fdch transakci\u00ed prin\u00e1\u0161a n\u00e1\u0161 t\u00edm do ka\u017ed\u00e9ho mand\u00e1tu \u0161irok\u00fd rozh\u013ead aj praktick\u00e9 know-how \u2013 bez obmedzen\u00ed zna\u010dky \u010di univerz\u00e1lnych rie\u0161en\u00ed, ktor\u00e9 sa \u010dasto sp\u00e1jaj\u00fa s v\u00e4\u010d\u0161\u00edmi firmami.<\/p>\n<p>Na\u0161a \u010dinnos\u0165 je postaven\u00e1 na z\u00e1kladn\u00fdch hodnot\u00e1ch: nez\u00e1vislos\u0165, diskr\u00e9tnos\u0165, orient\u00e1cia na klienta, hlbok\u00e1 odbornos\u0165 a dlhodob\u00e9 partnerstvo. Tieto princ\u00edpy riadia v\u0161etko, \u010do rob\u00edme, a tvoria z\u00e1klad d\u00f4very, ktor\u00fa v n\u00e1s klienti vkladaj\u00fa. V\u010faka rozsiahlej sieti kontaktov a znalosti odvetv\u00ed sme pripraven\u00ed podporova\u0165 podniky v ka\u017edej f\u00e1ze ich rastovej cesty.[\/vc_column_text][vc_empty_space][\/vc_column][\/vc_row][vc_row row_height_percent=&#8220;0&#8243; override_padding=&#8220;yes&#8220; h_padding=&#8220;2&#8243; top_padding=&#8220;2&#8243; bottom_padding=&#8220;2&#8243; back_color=&#8220;color-gyho&#8220; overlay_alpha=&#8220;50&#8243; gutter_size=&#8220;4&#8243; column_width_percent=&#8220;100&#8243; shift_y=&#8220;0&#8243; z_index=&#8220;0&#8243; bottom_divider=&#8220;gradient&#8220; inverted_device_order=&#8220;yes&#8220; content_parallax=&#8220;0&#8243; uncode_shortcode_id=&#8220;548896&#8243; back_color_type=&#8220;uncode-palette&#8220;][vc_column column_width_percent=&#8220;100&#8243; position_vertical=&#8220;middle&#8220; gutter_size=&#8220;0&#8243; overlay_alpha=&#8220;50&#8243; shift_x=&#8220;0&#8243; shift_y=&#8220;0&#8243; shift_y_down=&#8220;0&#8243; z_index=&#8220;0&#8243; medium_width=&#8220;0&#8243; mobile_width=&#8220;0&#8243; width=&#8220;2\/3&#8243; uncode_shortcode_id=&#8220;120460&#8243;][vc_custom_heading text_weight=&#8220;500&#8243; sub_reduced=&#8220;yes&#8220; uncode_shortcode_id=&#8220;194275&#8243; subheading=&#8220;Managing Director&#8220;]Tam\u00e1s Lengyel[\/vc_custom_heading][vc_separator sep_color=&#8220;color-408418&#8243; uncode_shortcode_id=&#8220;174732&#8243; sep_color_type=&#8220;uncode-palette&#8220; el_class=&#8220;set-divider-max&#8220;][vc_empty_space][vc_column_text uncode_shortcode_id=&#8220;172274&#8243;]P\u00e1n Lengyel je investi\u010dn\u00fd profesion\u00e1l s praxou v private equity a business developmente. Pred zalo\u017een\u00edm spolo\u010dnosti Hintsoft Partners p\u00f4sobil v spolo\u010dnosti Alpac Capital, kde sa venoval vyh\u013ead\u00e1vaniu investi\u010dn\u00fdch pr\u00edle\u017eitost\u00ed, finan\u010dn\u00e9mu modelovaniu a realiz\u00e1cii transakci\u00ed naprie\u010d Eur\u00f3pou.[\/vc_column_text][vc_empty_space][vc_column_text uncode_shortcode_id=&#8220;123520&#8243;]V predch\u00e1dzaj\u00facom obdob\u00ed pracoval ako Investment Strategist v spolo\u010dnosti BlackRock, kde sa podie\u013eal na tvorbe portf\u00f3li\u00ed, anal\u00fdze trhu a investi\u010dn\u00fdch strat\u00e9gi\u00e1ch pre in\u0161titucion\u00e1lnych klientov. Sk\u00fasenosti z\u00edskal aj v oblasti business developmentu v spolo\u010dnosti Linxfour. Svoju kari\u00e9ru za\u010dal v investi\u010dnej banke BNP Paribas v Lond\u00fdne. Je absolventom magistersk\u00e9ho \u0161t\u00fadia na Imperial College London a bakal\u00e1rskeho \u0161t\u00fadia na Bayes Business School London.[\/vc_column_text][\/vc_column][vc_column column_width_percent=&#8220;100&#8243; gutter_size=&#8220;4&#8243; overlay_alpha=&#8220;50&#8243; shift_x=&#8220;0&#8243; shift_y=&#8220;0&#8243; shift_y_down=&#8220;0&#8243; z_index=&#8220;0&#8243; medium_width=&#8220;0&#8243; mobile_width=&#8220;0&#8243; width=&#8220;1\/3&#8243; uncode_shortcode_id=&#8220;892757&#8243;][vc_single_image media=&#8220;970&#8243; media_width_percent=&#8220;100&#8243; media_ratio=&#8220;four-five&#8220; uncode_shortcode_id=&#8220;147590&#8243;][\/vc_column][\/vc_row][vc_row row_height_percent=&#8220;0&#8243; override_padding=&#8220;yes&#8220; h_padding=&#8220;2&#8243; top_padding=&#8220;2&#8243; bottom_padding=&#8220;3&#8243; back_color=&#8220;color-gyho&#8220; overlay_alpha=&#8220;50&#8243; gutter_size=&#8220;4&#8243; column_width_percent=&#8220;100&#8243; shift_y=&#8220;0&#8243; z_index=&#8220;0&#8243; bottom_divider=&#8220;gradient&#8220; content_parallax=&#8220;0&#8243; uncode_shortcode_id=&#8220;637971&#8243; back_color_type=&#8220;uncode-palette&#8220;][vc_column column_width_percent=&#8220;100&#8243; gutter_size=&#8220;4&#8243; overlay_alpha=&#8220;50&#8243; shift_x=&#8220;0&#8243; shift_y=&#8220;0&#8243; shift_y_down=&#8220;0&#8243; z_index=&#8220;0&#8243; medium_width=&#8220;0&#8243; mobile_width=&#8220;0&#8243; width=&#8220;1\/3&#8243; uncode_shortcode_id=&#8220;892757&#8243;][vc_single_image media=&#8220;971&#8243; media_width_percent=&#8220;100&#8243; media_ratio=&#8220;four-five&#8220; uncode_shortcode_id=&#8220;150755&#8243;][\/vc_column][vc_column column_width_percent=&#8220;100&#8243; position_vertical=&#8220;middle&#8220; gutter_size=&#8220;0&#8243; overlay_alpha=&#8220;50&#8243; shift_x=&#8220;0&#8243; shift_y=&#8220;0&#8243; shift_y_down=&#8220;0&#8243; z_index=&#8220;0&#8243; medium_width=&#8220;0&#8243; mobile_width=&#8220;0&#8243; width=&#8220;2\/3&#8243; uncode_shortcode_id=&#8220;433916&#8243;][vc_custom_heading text_weight=&#8220;600&#8243; sub_reduced=&#8220;yes&#8220; uncode_shortcode_id=&#8220;694492&#8243; subheading=&#8220;Strategic Partner&#8220;]Barnab\u00e1s Vincze[\/vc_custom_heading][vc_separator sep_color=&#8220;color-408418&#8243; uncode_shortcode_id=&#8220;174732&#8243; sep_color_type=&#8220;uncode-palette&#8220; el_class=&#8220;set-divider-max&#8220;][vc_empty_space][vc_column_text uncode_shortcode_id=&#8220;306630&#8243;]P\u00e1n Vincze je investi\u010dn\u00fd profesion\u00e1l s rozsiahlymi sk\u00fasenos\u0165ami v private equity a venture capital. Pred zalo\u017een\u00edm spolo\u010dnosti Hintsoft Partners p\u00f4sobil v spolo\u010dnosti 3TS Capital Partners, viedenskej private equity a venture capital spolo\u010dnosti zaoberaj\u00facou sa spr\u00e1vou akt\u00edv, kde sa \u0161pecializoval na z\u00edskavanie kapit\u00e1lu, vyh\u013ead\u00e1vanie investi\u010dn\u00fdch pr\u00edle\u017eitost\u00ed, finan\u010dn\u00e9 modelovanie a realiz\u00e1ciu transakci\u00ed v oblasti growth equity a buyoutov v Eur\u00f3pe. Zast\u00e1val aj funkciu \u010dlena dozorn\u00fdch r\u00e1d viacer\u00fdch eur\u00f3pskych spolo\u010dnost\u00ed, kde prispieval k ich strategick\u00e9mu riadeniu a corporate governance.[\/vc_column_text][vc_empty_space][vc_column_text uncode_shortcode_id=&#8220;647059&#8243;]V predch\u00e1dzaj\u00facom obdob\u00ed p\u00f4sobil ako Investi\u010dn\u00fd Profesion\u00e1l v spolo\u010dnosti Flashpoint Venture Capital, lond\u00fdnskom spr\u00e1vcovi akt\u00edv zameranom na technologick\u00e9 invest\u00edcie, kde realizoval minoritn\u00e9 equity transakcie v Eur\u00f3pe a USA. Je absolventom magistersk\u00e9ho \u0161t\u00fadia na EDHEC Business School v Par\u00ed\u017ei a bakal\u00e1rskeho \u0161t\u00fadia na WU Vienna University of Economics and Business.[\/vc_column_text][\/vc_column][\/vc_row][vc_row row_height_percent=&#8220;0&#8243; override_padding=&#8220;yes&#8220; h_padding=&#8220;2&#8243; top_padding=&#8220;0&#8243; bottom_padding=&#8220;2&#8243; back_color=&#8220;color-gyho&#8220; overlay_alpha=&#8220;50&#8243; gutter_size=&#8220;4&#8243; column_width_percent=&#8220;100&#8243; shift_y=&#8220;0&#8243; z_index=&#8220;0&#8243; bottom_divider=&#8220;gradient&#8220; inverted_device_order=&#8220;yes&#8220; content_parallax=&#8220;0&#8243; uncode_shortcode_id=&#8220;820703&#8243; back_color_type=&#8220;uncode-palette&#8220;][vc_column column_width_percent=&#8220;100&#8243; position_vertical=&#8220;middle&#8220; gutter_size=&#8220;0&#8243; overlay_alpha=&#8220;50&#8243; shift_x=&#8220;0&#8243; shift_y=&#8220;0&#8243; shift_y_down=&#8220;0&#8243; z_index=&#8220;0&#8243; medium_width=&#8220;0&#8243; mobile_width=&#8220;0&#8243; width=&#8220;2\/3&#8243; uncode_shortcode_id=&#8220;278010&#8243;][vc_custom_heading text_weight=&#8220;500&#8243; sub_reduced=&#8220;yes&#8220; uncode_shortcode_id=&#8220;214022&#8243; subheading=&#8220;Strategic Partner&#8220;]Michal Kuba[\/vc_custom_heading][vc_separator sep_color=&#8220;color-408418&#8243; uncode_shortcode_id=&#8220;174732&#8243; sep_color_type=&#8220;uncode-palette&#8220; el_class=&#8220;set-divider-max&#8220;][vc_empty_space][vc_column_text uncode_shortcode_id=&#8220;143760&#8243;]P\u00e1n Kuba je investi\u010dn\u00fd profesion\u00e1l zameran\u00fd na private equity s rozsiahlymi sk\u00fasenos\u0165ami pokr\u00fdvaj\u00facimi r\u00f4zne investi\u010dn\u00e9 strat\u00e9gie. Pred n\u00e1stupom do Hintsoft Partners p\u00f4sobil ako Investor v spolo\u010dnosti 3TS Capital Partners, viedenskej private equity a venture capital spolo\u010dnosti zaoberaj\u00facou sa spr\u00e1vou akt\u00edv, kde sa zameriaval na realiz\u00e1ciu invest\u00edci\u00ed do technologick\u00fdch spolo\u010dnost\u00ed v Eur\u00f3pe. Ako \u010dlen investi\u010dn\u00fdch t\u00edmov v spolo\u010dnostiach EMSA Capital a SART Capital Partners vo Viedni z\u00edskal sk\u00fasenosti s investi\u010dn\u00fdmi strat\u00e9giami zameran\u00fdmi na special situations a turnarounds v priemyselnom a v\u00fdrobnom sektore. As a member of investment teams at EMSA Capital and SART Capital Partners in Vienna, Mr. Kuba also gained experience with the special situations and turnarounds investment strategy in the industrial and manufacturing space.[\/vc_column_text][vc_empty_space][vc_column_text uncode_shortcode_id=&#8220;144944&#8243;]V predch\u00e1dzaj\u00facom obdob\u00ed p\u00f4sobil ako bank\u00e1r so \u0161pecializ\u00e1ciou na private equity v Eur\u00f3pskej Banke pre Obnovu a Rozvoj (EBRD) v Lond\u00fdne, kde spolupracoval s v\u00fdznamn\u00fdmi private equity fondmi v regi\u00f3noch CEE a EMEA, a to ako LP, ako aj pri koinvest\u00edci\u00e1ch. Svoju profesion\u00e1lnu kari\u00e9ru za\u010dal v div\u00edzii M&amp;A Transaction Services spolo\u010dnosti Deloitte v Lond\u00fdne, kde sa podie\u013eal na viacer\u00fdch v\u00fdznamn\u00fdch medzin\u00e1rodn\u00fdch transakci\u00e1ch. P\u00e1n Kuba je absolventom magistersk\u00e9ho \u0161t\u00fadia na University of Essex vo Ve\u013ekej Brit\u00e1nii, druh\u00e9ho magistersk\u00e9ho a bakal\u00e1rskeho \u0161t\u00fadia na Ekonomickej univerzite v Bratislave a je kandid\u00e1tom programu CFA\u00ae.[\/vc_column_text][vc_empty_space][\/vc_column][vc_column column_width_percent=&#8220;100&#8243; gutter_size=&#8220;4&#8243; overlay_alpha=&#8220;50&#8243; shift_x=&#8220;0&#8243; shift_y=&#8220;0&#8243; shift_y_down=&#8220;0&#8243; z_index=&#8220;0&#8243; medium_width=&#8220;0&#8243; mobile_width=&#8220;0&#8243; width=&#8220;1\/3&#8243; uncode_shortcode_id=&#8220;892757&#8243;][vc_single_image media=&#8220;972&#8243; media_width_percent=&#8220;100&#8243; uncode_shortcode_id=&#8220;428203&#8243;][\/vc_column][\/vc_row]<\/p>\n<\/div>","protected":false},"excerpt":{"rendered":"<p>[vc_row row_height_percent=&#8220;100&#8243; override_padding=&#8220;yes&#8220; h_padding=&#8220;0&#8243; top_padding=&#8220;2&#8243; bottom_padding=&#8220;2&#8243; back_image=&#8220;347&#8243; overlay_color=&#8220;color-jevc&#8220; overlay_alpha=&#8220;30&#8243; equal_height=&#8220;yes&#8220; gutter_size=&#8220;0&#8243; column_width_use_pixel=&#8220;yes&#8220; shift_y=&#8220;0&#8243; z_index=&#8220;0&#8243; auto_height_device=&#8220;yes&#8220; content_parallax=&#8220;0&#8243; row_name=&#8220;Welcome&#8220; uncode_shortcode_id=&#8220;299951&#8243; overlay_color_type=&#8220;uncode-palette&#8220;][vc_column column_width_use_pixel=&#8220;yes&#8220; [&hellip;]<\/p>\n","protected":false},"author":1,"featured_media":0,"parent":0,"menu_order":0,"comment_status":"closed","ping_status":"closed","template":"","meta":{"_seopress_robots_primary_cat":"","_seopress_titles_title":"","_seopress_titles_desc":"","_seopress_robots_index":"","footnotes":""},"class_list":["post-968","page","type-page","status-publish","hentry"],"_links":{"self":[{"href":"https:\/\/hintsoftpartners.com\/sk\/wp-json\/wp\/v2\/pages\/968","targetHints":{"allow":["GET"]}}],"collection":[{"href":"https:\/\/hintsoftpartners.com\/sk\/wp-json\/wp\/v2\/pages"}],"about":[{"href":"https:\/\/hintsoftpartners.com\/sk\/wp-json\/wp\/v2\/types\/page"}],"author":[{"embeddable":true,"href":"https:\/\/hintsoftpartners.com\/sk\/wp-json\/wp\/v2\/users\/1"}],"replies":[{"embeddable":true,"href":"https:\/\/hintsoftpartners.com\/sk\/wp-json\/wp\/v2\/comments?post=968"}],"version-history":[{"count":8,"href":"https:\/\/hintsoftpartners.com\/sk\/wp-json\/wp\/v2\/pages\/968\/revisions"}],"predecessor-version":[{"id":1717,"href":"https:\/\/hintsoftpartners.com\/sk\/wp-json\/wp\/v2\/pages\/968\/revisions\/1717"}],"wp:attachment":[{"href":"https:\/\/hintsoftpartners.com\/sk\/wp-json\/wp\/v2\/media?parent=968"}],"curies":[{"name":"wp","href":"https:\/\/api.w.org\/{rel}","templated":true}]}}