{"id":1186,"date":"2025-03-01T09:00:44","date_gmt":"2025-03-01T08:00:44","guid":{"rendered":"https:\/\/hintsoftpartners.com\/poradenstvo-v-oblasti-ocenovania-a-strategie\/"},"modified":"2026-02-20T14:31:41","modified_gmt":"2026-02-20T13:31:41","slug":"poradenstvo-v-oblasti-ocenovania-a-strategie","status":"publish","type":"page","link":"https:\/\/hintsoftpartners.com\/sk\/poradenstvo-v-oblasti-ocenovania-a-strategie\/","title":{"rendered":"Oce\u0148ovanie &amp; strategick\u00e9 poradenstvo"},"content":{"rendered":"<div class=\"wpb-content-wrapper\"><p>[vc_row row_height_percent=&#8220;100&#8243; override_padding=&#8220;yes&#8220; h_padding=&#8220;0&#8243; top_padding=&#8220;2&#8243; bottom_padding=&#8220;2&#8243; back_image=&#8220;631&#8243; overlay_color=&#8220;color-jevc&#8220; overlay_alpha=&#8220;30&#8243; equal_height=&#8220;yes&#8220; gutter_size=&#8220;0&#8243; column_width_use_pixel=&#8220;yes&#8220; shift_y=&#8220;0&#8243; z_index=&#8220;0&#8243; auto_height_device=&#8220;yes&#8220; content_parallax=&#8220;0&#8243; row_name=&#8220;Welcome&#8220; uncode_shortcode_id=&#8220;111069&#8243; overlay_color_type=&#8220;uncode-palette&#8220;][vc_column column_width_use_pixel=&#8220;yes&#8220; position_vertical=&#8220;middle&#8220; align_horizontal=&#8220;align_center&#8220; gutter_size=&#8220;3&#8243; style=&#8220;dark&#8220; overlay_alpha=&#8220;50&#8243; shift_x=&#8220;0&#8243; shift_y=&#8220;0&#8243; shift_y_down=&#8220;0&#8243; z_index=&#8220;0&#8243; medium_width=&#8220;0&#8243; mobile_width=&#8220;0&#8243; width=&#8220;1\/1&#8243;][vc_row_inner row_inner_height_percent=&#8220;0&#8243; overlay_alpha=&#8220;50&#8243; gutter_size=&#8220;3&#8243; shift_y=&#8220;0&#8243; z_index=&#8220;0&#8243; limit_content=&#8220;&#8220;][vc_column_inner column_width_percent=&#8220;100&#8243; position_horizontal=&#8220;left&#8220; position_vertical=&#8220;middle&#8220; gutter_size=&#8220;2&#8243; override_padding=&#8220;yes&#8220; column_padding=&#8220;2&#8243; style=&#8220;light&#8220; overlay_alpha=&#8220;0&#8243; shift_x=&#8220;0&#8243; shift_y=&#8220;0&#8243; shift_y_down=&#8220;0&#8243; z_index=&#8220;0&#8243; medium_width=&#8220;0&#8243; mobile_width=&#8220;0&#8243; css_animation=&#8220;alpha-anim&#8220; width=&#8220;2\/3&#8243; uncode_shortcode_id=&#8220;791357&#8243; back_color_type=&#8220;uncode-solid&#8220; back_color_solid=&#8220;rgba(255,255,255,0.75)&#8220; el_class=&#8220;remove-padding-top&#8220;][vc_custom_heading text_color=&#8220;color-xsdn&#8220; heading_semantic=&#8220;p&#8220; text_size=&#8220;&#8220; text_weight=&#8220;500&#8243; text_transform=&#8220;uppercase&#8220; badge_style=&#8220;yes&#8220; back_color=&#8220;color-408418&#8243; uncode_shortcode_id=&#8220;144679&#8243; text_color_type=&#8220;uncode-palette&#8220; back_color_type=&#8220;uncode-palette&#8220; el_class=&#8220;header-badge&#8220;]Oce\u0148ovanie &amp; strategick\u00e9 poradenstvo[\/vc_custom_heading][vc_custom_heading text_color=&#8220;color-408418&#8243; heading_semantic=&#8220;h1&#8243; text_size=&#8220;custom&#8220; uncode_shortcode_id=&#8220;143562&#8243; heading_custom_size=&#8220;36px&#8220; text_color_type=&#8220;uncode-palette&#8220;]Definujeme hodnotu. Formujeme strat\u00e9gie.[\/vc_custom_heading][\/vc_column_inner][vc_column_inner column_width_percent=&#8220;100&#8243; gutter_size=&#8220;3&#8243; overlay_alpha=&#8220;50&#8243; shift_x=&#8220;0&#8243; shift_y=&#8220;0&#8243; shift_y_down=&#8220;0&#8243; z_index=&#8220;0&#8243; medium_width=&#8220;0&#8243; mobile_visibility=&#8220;yes&#8220; mobile_width=&#8220;0&#8243; width=&#8220;1\/3&#8243; uncode_shortcode_id=&#8220;107346&#8243;][\/vc_column_inner][\/vc_row_inner][\/vc_column][\/vc_row][vc_row row_height_percent=&#8220;0&#8243; overlay_alpha=&#8220;50&#8243; gutter_size=&#8220;3&#8243; column_width_percent=&#8220;100&#8243; border_color=&#8220;color-gyho&#8220; border_style=&#8220;solid&#8220; shift_y=&#8220;0&#8243; z_index=&#8220;0&#8243; content_parallax=&#8220;0&#8243; uncode_shortcode_id=&#8220;131890&#8243; css=&#8220;.vc_custom_1749741605731{border-bottom-width: 1px !important;}&#8220; border_color_type=&#8220;uncode-palette&#8220;][vc_column column_width_percent=&#8220;100&#8243; position_vertical=&#8220;middle&#8220; align_horizontal=&#8220;align_center&#8220; gutter_size=&#8220;3&#8243; overlay_alpha=&#8220;50&#8243; shift_x=&#8220;0&#8243; shift_y=&#8220;0&#8243; shift_y_down=&#8220;0&#8243; z_index=&#8220;0&#8243; medium_width=&#8220;0&#8243; mobile_width=&#8220;0&#8243; width=&#8220;1\/1&#8243; uncode_shortcode_id=&#8220;125520&#8243;][vc_wp_custommenu nav_menu=&#8220;25&#8243; nav_menu_horizontal=&#8220;1&#8243;][\/vc_column][\/vc_row][vc_row row_height_percent=&#8220;0&#8243; override_padding=&#8220;yes&#8220; h_padding=&#8220;2&#8243; top_padding=&#8220;3&#8243; bottom_padding=&#8220;0&#8243; back_color=&#8220;color-gyho&#8220; overlay_alpha=&#8220;50&#8243; equal_height=&#8220;yes&#8220; gutter_size=&#8220;4&#8243; column_width_percent=&#8220;100&#8243; shift_y=&#8220;0&#8243; z_index=&#8220;0&#8243; content_parallax=&#8220;0&#8243; el_class=&#8220;inverted-device-order&#8220; uncode_shortcode_id=&#8220;935419&#8243; back_color_type=&#8220;uncode-palette&#8220;][vc_column column_width_percent=&#8220;100&#8243; gutter_size=&#8220;2&#8243; overlay_alpha=&#8220;50&#8243; shift_x=&#8220;0&#8243; shift_y=&#8220;0&#8243; shift_y_down=&#8220;0&#8243; z_index=&#8220;0&#8243; medium_width=&#8220;0&#8243; mobile_width=&#8220;0&#8243; width=&#8220;1\/3&#8243; uncode_shortcode_id=&#8220;555175&#8243;][vc_custom_heading heading_semantic=&#8220;h3&#8243; text_size=&#8220;h1&#8243; uncode_shortcode_id=&#8220;787025&#8243;]K\u013e\u00fa\u010dov\u00e9 kompetencie[\/vc_custom_heading][vc_separator sep_color=&#8220;color-408418&#8243; uncode_shortcode_id=&#8220;189951&#8243; sep_color_type=&#8220;uncode-palette&#8220;][\/vc_column][vc_column width=&#8220;2\/3&#8243;][vc_column_text uncode_shortcode_id=&#8220;313302&#8243;]Na\u0161e slu\u017eby v oblasti oce\u0148ovania a strategick\u00e9ho poradenstva poskytuj\u00fa klientom finan\u010dn\u00e9 poznatky a strategick\u00e9 usmernenie potrebn\u00e9 na prij\u00edmanie informovan\u00fdch rozhodnut\u00ed v dynamickom podnikate\u013eskom prostred\u00ed. Pon\u00fakame h\u013abkov\u00e9 anal\u00fdzy a odpor\u00fa\u010dania zalo\u017een\u00e9 na d\u00e1tach, prisp\u00f4soben\u00e9 jedine\u010dn\u00fdm potreb\u00e1m ka\u017ed\u00e9ho klienta. Na\u0161a odbornos\u0165 pokr\u00fdva oce\u0148ovanie spolo\u010dnost\u00ed, finan\u010dn\u00e9 modelovanie, oce\u0148ovanie akt\u00edv a nehnute\u013enost\u00ed, pl\u00e1novanie n\u00e1stupn\u00edctva v rodinn\u00fdch firm\u00e1ch a strategick\u00e9 poradenstvo, \u010d\u00edm poskytujeme komplexn\u00fa podporu v k\u013e\u00fa\u010dov\u00fdch momentoch podnikania.[\/vc_column_text][\/vc_column][\/vc_row][vc_row row_height_percent=&#8220;0&#8243; override_padding=&#8220;yes&#8220; h_padding=&#8220;2&#8243; top_padding=&#8220;0&#8243; bottom_padding=&#8220;3&#8243; back_color=&#8220;color-gyho&#8220; overlay_alpha=&#8220;50&#8243; gutter_size=&#8220;3&#8243; column_width_percent=&#8220;100&#8243; shift_y=&#8220;0&#8243; z_index=&#8220;0&#8243; content_parallax=&#8220;0&#8243; uncode_shortcode_id=&#8220;762951&#8243; back_color_type=&#8220;uncode-palette&#8220; el_class=&#8220;tabs-services&#8220;][vc_column width=&#8220;1\/1&#8243;][vc_tabs vertical=&#8220;yes&#8220; history=&#8220;yes&#8220; typography=&#8220;yes&#8220; tab_no_border=&#8220;yes&#8220; tab_custom_size=&#8220;yes&#8220; tab_size=&#8220;4&#8243; tab_gap=&#8220;3&#8243; active_txt_color=&#8220;color-408418&#8243; uncode_shortcode_id=&#8220;120864&#8243; active_txt_color_type=&#8220;uncode-palette&#8220;][vc_tab gutter_size=&#8220;2&#8243; column_padding=&#8220;2&#8243; title=&#8220;Oce\u0148ovanie spolo\u010dnost\u00ed&#8220; tab_id=&#8220;1749811820-2-91749812899966&#8243; slug=&#8220;Company Valuation&#8220;][vc_column_text uncode_shortcode_id=&#8220;910287&#8243; el_class=&#8220;services-tab-content&#8220;]<\/p>\n<p class=\"p1\">Vytv\u00e1rame pevn\u00fd z\u00e1klad pre f\u00fazie, akviz\u00edcie a z\u00edskavanie kapit\u00e1lu prostredn\u00edctvom detailn\u00fdch slu\u017eieb v oblasti oce\u0148ovania podnikov. Na\u0161a pr\u00e1ca zah\u0155\u0148a progn\u00f3zy tr\u017eieb, anal\u00fdzu n\u00e1kladov, pl\u00e1novanie invest\u00edci\u00ed do dlhodob\u00e9ho majetku a hodnotenie kapit\u00e1lovej \u0161trukt\u00fary. Pripravujeme predpovede pracovn\u00e9ho kapit\u00e1lu a vo\u013en\u00fdch pe\u0148a\u017en\u00fdch tokov na z\u00e1klade metod\u00edk DCF a LBO, vr\u00e1tane v\u00fdpo\u010dtov \u010distej s\u00fa\u010dasnej hodnoty (NPV) a vn\u00fatornej miery v\u00fdnosnosti (IRR) na podporu investi\u010dn\u00fdch rozhodnut\u00ed. Pou\u017e\u00edvame aj trhov\u00e9 multiplik\u00e1tory a porovnate\u013en\u00e9 transakcie na valid\u00e1ciu ocenen\u00ed. Na\u0161e modely s\u00fa auditovate\u013en\u00e9 a s\u00fa v\u017edy prisp\u00f4soben\u00e9 prev\u00e1dzkov\u00e9mu modelu, rizikov\u00e9mu profilu a f\u00e1ze rastu konkr\u00e9tnej spolo\u010dnosti. Podporujeme klientov pri rokovaniach o ocenen\u00ed s investormi, kupcami a verite\u013emi. Na\u0161e v\u00fdstupy s\u00fa pripraven\u00e9 na okam\u017eit\u00e9 rozhodovanie a bez probl\u00e9mov obstoja vo\u010di extern\u00e9mu prevereniu.      <\/p>\n<p>[\/vc_column_text][\/vc_tab][vc_tab gutter_size=&#8220;2&#8243; column_padding=&#8220;2&#8243; title=&#8220;Oce\u0148ovanie akt\u00edv a nehnute\u013enost\u00ed&#8220; tab_id=&#8220;1749811820-2-921749812899966&#8243; slug=&#8220;Asset &amp; Real Estate Valuation&#8220;][vc_column_text uncode_shortcode_id=&#8220;191623&#8243; el_class=&#8220;services-tab-content&#8220;]<\/p>\n<p class=\"p1\">Poskytujeme komplexn\u00e9 oce\u0148ovania nehnute\u013enost\u00ed, zariaden\u00ed, du\u0161evn\u00e9ho vlastn\u00edctva a z\u00e1sob. Na\u0161e slu\u017eby zah\u0155\u0148aj\u00fa odhady hodnoty nehnute\u013enost\u00ed, anal\u00fdzy potenci\u00e1lu pren\u00e1jmov, ako aj posudzovanie zariaden\u00ed, IP a patentov. Podporujeme tie\u017e regula\u010dn\u00fd s\u00falad a pr\u00e1vne pos\u00fadenie, \u010d\u00edm zabezpe\u010dujeme jasnos\u0165 a istotu pri vlastn\u00edctve a hodnote akt\u00edv. Pod\u013ea typu akt\u00edva a \u00fa\u010delu pou\u017e\u00edvame met\u00f3dy zalo\u017een\u00e9 na pr\u00edjmoch, trhu alebo n\u00e1kladoch. Spolupracujeme s pr\u00e1vnymi a technick\u00fdmi expertmi, aby sme zabezpe\u010dili presnos\u0165 aj v zlo\u017eit\u00fdch alebo regulovan\u00fdch prostrediach. V pr\u00edpade portf\u00f3li\u00ed klientom pom\u00e1hame vyhodnoti\u0165 mo\u017enosti likvidity, scen\u00e1re najlep\u0161ieho vyu\u017eitia a potenci\u00e1l refinancovania. Na\u0161\u00edm cie\u013eom je poskytn\u00fa\u0165 pevn\u00fd z\u00e1klad pre prev\u00e1dzkov\u00e9 aj strategick\u00e9 rozhodnutia.      <\/p>\n<p>[\/vc_column_text][\/vc_tab][vc_tab gutter_size=&#8220;2&#8243; column_padding=&#8220;2&#8243; title=&#8220;Pl\u00e1novanie n\u00e1stupn\u00edctva&#8220; tab_id=&#8220;1749811820-2-9261749812899966&#8243; slug=&#8220;Succession Planning&#8220;][vc_column_text uncode_shortcode_id=&#8220;105922&#8243; el_class=&#8220;services-tab-content&#8220;]<\/p>\n<p class=\"p1\">Pom\u00e1hame rodinn\u00fdm podnikom navrhova\u0165 a implementova\u0165 pl\u00e1ny n\u00e1stupn\u00edctva, ktor\u00e9 zabezpe\u010dia plynul\u00fd prechod vedenia a vlastn\u00edctva \u2013 \u010di u\u017e na \u010fal\u0161iu gener\u00e1ciu, alebo na extern\u00fdch investorov. Na\u0161e poradenstvo pokr\u00fdva \u0161trukt\u00fary riadenia, strat\u00e9gie n\u00e1stupn\u00edctva a dlhodob\u00e9 pl\u00e1novanie, vr\u00e1tane definovania rodinn\u00fdch cie\u013eov, zvl\u00e1dania genera\u010dn\u00fdch zmien a spr\u00e1vy ochrany majetku a dedi\u010dsk\u00e9ho pl\u00e1novania. \u00dazko spolupracujeme s rodinami na u\u013eah\u010den\u00ed dial\u00f3gu a zvl\u00e1dan\u00ed komplexn\u00fdch emocion\u00e1lnych aj finan\u010dn\u00fdch ot\u00e1zok. Na\u0161e slu\u017eby zah\u0155\u0148aj\u00fa identifik\u00e1ciu n\u00e1stupcov, rozvoj l\u00eddersk\u00fdch schopnost\u00ed a pl\u00e1novanie komunik\u00e1cie. Rad\u00edme tie\u017e pri re\u0161trukturaliz\u00e1cii vlastn\u00edctva, zav\u00e1dzan\u00ed extern\u00e9ho kapit\u00e1lu alebo pr\u00edprave spolo\u010dnosti na predaj. S diskr\u00e9tnos\u0165ou a empatiou pom\u00e1hame rodin\u00e1m zabezpe\u010di\u0165 ich odkaz a ochr\u00e1ni\u0165 dlhodob\u00fa hodnotu.     <\/p>\n<p>[\/vc_column_text][\/vc_tab][vc_tab gutter_size=&#8220;2&#8243; column_padding=&#8220;2&#8243; title=&#8220;Strategick\u00e9 a obchodn\u00e9 poradenstvo&#8220; tab_id=&#8220;1749811820-1-301749812899966&#8243; slug=&#8220;Strategic Advisory&#8220;][vc_column_text uncode_shortcode_id=&#8220;208231&#8243; el_class=&#8220;services-tab-content&#8220;]<\/p>\n<p class=\"p1\">Podporujeme klientov pri dosahovan\u00ed rastov\u00fdch cie\u013eov a zlep\u0161ovan\u00ed prev\u00e1dzkovej efekt\u00edvnosti. Vyprac\u00favame podnikov\u00e9 strat\u00e9gie, vykon\u00e1vame anal\u00fdzy konkurencieschopnosti a trhu a pripravujeme finan\u010dn\u00e9 modely a podnikate\u013esk\u00e9 scen\u00e1re. Na\u0161e slu\u017eby zah\u0155\u0148aj\u00fa \u0161t\u00fadie uskuto\u010dnite\u013enosti, hodnotenia dopadov a praktick\u00fa podporu pri implement\u00e1cii strategick\u00fdch iniciat\u00edv a rozhodovac\u00edch r\u00e1mcov. Pom\u00e1hame klientom pri transforma\u010dn\u00fdch programoch, expanzii na nov\u00e9 trhy a organiza\u010dnom redizajne. Spolupracujeme na tvorbe ak\u010dn\u00fdch pl\u00e1nov, ktor\u00e9 zos\u00fala\u010fuj\u00fa strategick\u00e9 priority s finan\u010dn\u00fdmi cie\u013emi a prev\u00e1dzkov\u00fdmi kapacitami. Ka\u017ed\u00e9 zadanie staviame na analytickom z\u00e1klade a praktickej realizovate\u013enosti. Na\u0161a \u00faloha presahuje r\u00e1mec poradenstva \u2013 p\u00f4sob\u00edme ako dlhodob\u00fd partner s cie\u013eom dosahova\u0165 merate\u013en\u00e9 v\u00fdsledky.      <\/p>\n<p>[\/vc_column_text][\/vc_tab][\/vc_tabs][\/vc_column][\/vc_row][vc_row row_height_percent=&#8220;0&#8243; override_padding=&#8220;yes&#8220; h_padding=&#8220;2&#8243; top_padding=&#8220;2&#8243; bottom_padding=&#8220;2&#8243; overlay_alpha=&#8220;50&#8243; equal_height=&#8220;yes&#8220; gutter_size=&#8220;4&#8243; column_width_percent=&#8220;100&#8243; shift_y=&#8220;0&#8243; z_index=&#8220;0&#8243; content_parallax=&#8220;0&#8243; el_class=&#8220;inverted-device-order&#8220; uncode_shortcode_id=&#8220;177646&#8243;][vc_column column_width_percent=&#8220;100&#8243; gutter_size=&#8220;2&#8243; overlay_alpha=&#8220;50&#8243; shift_x=&#8220;0&#8243; shift_y=&#8220;0&#8243; shift_y_down=&#8220;0&#8243; z_index=&#8220;0&#8243; medium_width=&#8220;0&#8243; mobile_width=&#8220;0&#8243; width=&#8220;1\/1&#8243; uncode_shortcode_id=&#8220;555175&#8243;][vc_custom_heading heading_semantic=&#8220;h3&#8243; text_size=&#8220;h1&#8243; uncode_shortcode_id=&#8220;161712&#8243;]Pre\u010do si vybra\u0165 n\u00e1s[\/vc_custom_heading][vc_separator sep_color=&#8220;color-408418&#8243; uncode_shortcode_id=&#8220;759934&#8243; sep_color_type=&#8220;uncode-palette&#8220; el_class=&#8220;set-divider-max&#8220;][vc_column_text uncode_shortcode_id=&#8220;383920&#8243;]Za ka\u017edou \u00faspe\u0161nou transakciou stoj\u00ed sk\u00fasen\u00fd t\u00edm profesion\u00e1lov.[\/vc_column_text][\/vc_column][\/vc_row][vc_row row_height_percent=&#8220;0&#8243; override_padding=&#8220;yes&#8220; h_padding=&#8220;2&#8243; top_padding=&#8220;2&#8243; bottom_padding=&#8220;2&#8243; overlay_alpha=&#8220;50&#8243; gutter_size=&#8220;4&#8243; column_width_percent=&#8220;100&#8243; shift_y=&#8220;0&#8243; z_index=&#8220;0&#8243; content_parallax=&#8220;0&#8243; uncode_shortcode_id=&#8220;556128&#8243;][vc_column column_width_percent=&#8220;100&#8243; gutter_size=&#8220;4&#8243; overlay_alpha=&#8220;50&#8243; shift_x=&#8220;0&#8243; shift_y=&#8220;0&#8243; shift_y_down=&#8220;0&#8243; z_index=&#8220;0&#8243; medium_width=&#8220;4&#8243; mobile_width=&#8220;0&#8243; width=&#8220;1\/2&#8243;][vc_custom_heading text_color=&#8220;color-408418&#8243; heading_semantic=&#8220;h3&#8243; text_size=&#8220;h3&#8243; text_weight=&#8220;700&#8243; separator=&#8220;yes&#8220; subheading=&#8220;Ako nez\u00e1visl\u00e1 poradensk\u00e1 spolo\u010dnos\u0165 nie sme viazan\u00ed in\u0161titucion\u00e1lnymi obmedzeniami a plne sa s\u00fastre\u010fujeme na z\u00e1ujmy na\u0161ich klientov. \u010ci u\u017e ide o strategick\u00fa akviz\u00edciu, z\u00edskavanie kapit\u00e1lu alebo pr\u00edpravu na predaj, poskytujeme objekt\u00edvne, na mieru \u0161it\u00e9 poradenstvo zameran\u00e9 na dlhodob\u00fd \u00faspech. Ka\u017ed\u00fd mand\u00e1t ved\u00fa seniorn\u00ed profesion\u00e1li s bohat\u00fdmi sk\u00fasenos\u0165ami, ktor\u00ed s\u00fa osobne zapojen\u00ed od za\u010diatku a\u017e do konca.  &#8220; uncode_shortcode_id=&#8220;369099&#8243; text_color_type=&#8220;uncode-palette&#8220; el_class=&#8220;heading-reduced-space&#8220;]Nez\u00e1visl\u00e9 poradenstvo, zos\u00faladen\u00e9 s va\u0161imi cie\u013emi[\/vc_custom_heading][\/vc_column][vc_column column_width_percent=&#8220;100&#8243; gutter_size=&#8220;4&#8243; overlay_alpha=&#8220;50&#8243; shift_x=&#8220;0&#8243; shift_y=&#8220;0&#8243; shift_y_down=&#8220;0&#8243; z_index=&#8220;0&#8243; medium_width=&#8220;4&#8243; mobile_width=&#8220;0&#8243; width=&#8220;1\/2&#8243;][vc_custom_heading text_color=&#8220;color-408418&#8243; heading_semantic=&#8220;h3&#8243; text_size=&#8220;h3&#8243; text_weight=&#8220;700&#8243; separator=&#8220;yes&#8220; subheading=&#8220;Sp\u00e1jame detailn\u00fa znalos\u0165 trhov CEE a DACH s pr\u00edstupom ku glob\u00e1lnej sieti finan\u010dn\u00fdch a strategick\u00fdch partnerov. To n\u00e1m umo\u017e\u0148uje identifikova\u0165 vhodn\u00fdch investorov, kupcov alebo cie\u013eov\u00e9 spolo\u010dnosti \u2013 lok\u00e1lne aj medzin\u00e1rodne \u2013 a realizova\u0165 transakcie, ktor\u00e9 s\u00fa strategicky aj obchodne zmyslupln\u00e9. Prin\u00e1\u0161ame jasnos\u0165 a istotu aj do najzlo\u017eitej\u0161\u00edch cezhrani\u010dn\u00fdch procesov.  &#8220; uncode_shortcode_id=&#8220;675837&#8243; text_color_type=&#8220;uncode-palette&#8220; el_class=&#8220;heading-reduced-space&#8220;]Hlbok\u00e1 region\u00e1lna znalos\u0165 s medzin\u00e1rodn\u00fdm dosahom[\/vc_custom_heading][\/vc_column][\/vc_row][vc_row row_height_percent=&#8220;0&#8243; override_padding=&#8220;yes&#8220; h_padding=&#8220;2&#8243; top_padding=&#8220;2&#8243; bottom_padding=&#8220;3&#8243; overlay_alpha=&#8220;50&#8243; gutter_size=&#8220;4&#8243; column_width_percent=&#8220;100&#8243; shift_y=&#8220;0&#8243; z_index=&#8220;0&#8243; content_parallax=&#8220;0&#8243; uncode_shortcode_id=&#8220;358371&#8243;][vc_column column_width_percent=&#8220;100&#8243; gutter_size=&#8220;4&#8243; overlay_alpha=&#8220;50&#8243; shift_x=&#8220;0&#8243; shift_y=&#8220;0&#8243; shift_y_down=&#8220;0&#8243; z_index=&#8220;0&#8243; medium_width=&#8220;4&#8243; mobile_width=&#8220;0&#8243; width=&#8220;1\/2&#8243;][vc_custom_heading text_color=&#8220;color-408418&#8243; heading_semantic=&#8220;h3&#8243; text_size=&#8220;h3&#8243; text_weight=&#8220;700&#8243; separator=&#8220;yes&#8220; subheading=&#8220;P\u00f4sob\u00edme naprie\u010d \u0161irok\u00fdm spektrom odvetv\u00ed \u2013 od technol\u00f3gi\u00ed a zdravotn\u00edctva po v\u00fdrobu a energetiku. N\u00e1\u0161 sektorovo nez\u00e1visl\u00fd pr\u00edstup n\u00e1m umo\u017e\u0148uje prin\u00e1\u0161a\u0165 nov\u00e9 poh\u013eady a uplat\u0148ova\u0165 osved\u010den\u00e9 postupy pri ka\u017edej transakcii. Strat\u00e9gie prisp\u00f4sobujeme jedine\u010dn\u00fdm potreb\u00e1m a amb\u00edci\u00e1m ka\u017ed\u00e9ho klienta \u2013 \u010di u\u017e cie\u013eom je rast, transform\u00e1cia alebo exit.  &#8220; uncode_shortcode_id=&#8220;151582&#8243; text_color_type=&#8220;uncode-palette&#8220; el_class=&#8220;heading-reduced-space&#8220;]Sektorovo neutr\u00e1lne, na rie\u0161enia orientovan\u00e9 poradenstvo[\/vc_custom_heading][\/vc_column][vc_column column_width_percent=&#8220;100&#8243; gutter_size=&#8220;4&#8243; overlay_alpha=&#8220;50&#8243; shift_x=&#8220;0&#8243; shift_y=&#8220;0&#8243; shift_y_down=&#8220;0&#8243; z_index=&#8220;0&#8243; medium_width=&#8220;4&#8243; mobile_width=&#8220;0&#8243; width=&#8220;1\/2&#8243;][vc_custom_heading text_color=&#8220;color-408418&#8243; heading_semantic=&#8220;h3&#8243; text_size=&#8220;h3&#8243; text_weight=&#8220;700&#8243; separator=&#8220;yes&#8220; subheading=&#8220;Na\u0161e poradensk\u00e9 slu\u017eby sp\u00e1jaj\u00fa realiz\u00e1ciu transakci\u00ed, kapit\u00e1lov\u00e9 \u0161trukt\u00farovanie a strategick\u00e9 konzult\u00e1cie pod jednou strechou. Tento integrovan\u00fd pr\u00edstup n\u00e1m umo\u017e\u0148uje komplexne rie\u0161i\u0165 finan\u010dn\u00e9, prev\u00e1dzkov\u00e9 a akcion\u00e1rske aspekty. \u010ci u\u017e klient potrebuje podporu pri oce\u0148ovan\u00ed, \u0161trukt\u00farovan\u00ed transakcie alebo pl\u00e1novan\u00ed n\u00e1stupn\u00edctva, poskytujeme bezprobl\u00e9mov\u00e9, vysoko efekt\u00edvne rie\u0161enia.  &#8220; uncode_shortcode_id=&#8220;261480&#8243; text_color_type=&#8220;uncode-palette&#8220; el_class=&#8220;heading-reduced-space&#8220;]Integrovan\u00e1 odbornos\u0165 naprie\u010d discipl\u00ednami[\/vc_custom_heading][\/vc_column][\/vc_row][vc_row row_height_percent=&#8220;0&#8243; override_padding=&#8220;yes&#8220; h_padding=&#8220;2&#8243; top_padding=&#8220;2&#8243; bottom_padding=&#8220;2&#8243; overlay_alpha=&#8220;50&#8243; equal_height=&#8220;yes&#8220; gutter_size=&#8220;4&#8243; column_width_percent=&#8220;100&#8243; shift_y=&#8220;0&#8243; z_index=&#8220;0&#8243; content_parallax=&#8220;0&#8243; el_class=&#8220;inverted-device-order&#8220; uncode_shortcode_id=&#8220;177646&#8243;][vc_column column_width_percent=&#8220;100&#8243; gutter_size=&#8220;2&#8243; overlay_alpha=&#8220;50&#8243; shift_x=&#8220;0&#8243; shift_y=&#8220;0&#8243; shift_y_down=&#8220;0&#8243; z_index=&#8220;0&#8243; medium_width=&#8220;0&#8243; mobile_width=&#8220;0&#8243; width=&#8220;1\/1&#8243; uncode_shortcode_id=&#8220;555175&#8243;][vc_custom_heading heading_semantic=&#8220;h3&#8243; text_size=&#8220;h1&#8243; uncode_shortcode_id=&#8220;791638&#8243;]Novinky &amp; Insights[\/vc_custom_heading][vc_separator sep_color=&#8220;color-408418&#8243; uncode_shortcode_id=&#8220;171314&#8243; sep_color_type=&#8220;uncode-palette&#8220; el_class=&#8220;set-divider-max&#8220;][\/vc_column][\/vc_row][vc_row row_height_percent=&#8220;0&#8243; override_padding=&#8220;yes&#8220; h_padding=&#8220;2&#8243; top_padding=&#8220;2&#8243; bottom_padding=&#8220;3&#8243; overlay_alpha=&#8220;50&#8243; gutter_size=&#8220;3&#8243; column_width_percent=&#8220;100&#8243; shift_y=&#8220;0&#8243; z_index=&#8220;3&#8243; top_divider=&#8220;step_2_3&#8243; bottom_divider=&#8220;step_3_4&#8243; content_parallax=&#8220;0&#8243; uncode_shortcode_id=&#8220;206974&#8243;][vc_column column_width_percent=&#8220;100&#8243; gutter_size=&#8220;0&#8243; overlay_alpha=&#8220;50&#8243; shift_x=&#8220;0&#8243; shift_y=&#8220;0&#8243; shift_y_down=&#8220;0&#8243; z_index=&#8220;0&#8243; medium_width=&#8220;0&#8243; mobile_width=&#8220;0&#8243; width=&#8220;1\/1&#8243; uncode_shortcode_id=&#8220;843823&#8243;][uncode_index el_id=&#8220;index-131812&#8243; index_type=&#8220;css_grid&#8220; loop=&#8220;size:3|order_by:date|post_type:post|categories:27|taxonomy_count:10&#8243; grid_items=&#8220;3&#8243; screen_lg_items=&#8220;2&#8243; screen_lg_breakpoint=&#8220;1000&#8243; screen_md_items=&#8220;2&#8243; screen_md_breakpoint=&#8220;600&#8243; screen_sm_items=&#8220;1&#8243; screen_sm_breakpoint=&#8220;480&#8243; gutter_size=&#8220;3&#8243; css_grid_equal_height=&#8220;yes&#8220; post_items=&#8220;text|excerpt,date,title,spacer|half,sep-one|full,link|link|default_size|not_scale_mobile|default_width|default_outline&#8220; single_back_color=&#8220;color-lxmt&#8220; single_overlay_opacity=&#8220;50&#8243; single_padding=&#8220;2&#8243; single_title_dimension=&#8220;h2&#8243; uncode_shortcode_id=&#8220;131121&#8243;][\/vc_column][\/vc_row]<\/p>\n<\/div>","protected":false},"excerpt":{"rendered":"<p>Pon\u00fakame h\u013abkov\u00e9 anal\u00fdzy a odpor\u00fa\u010dania zalo\u017een\u00e9 na d\u00e1tach, prisp\u00f4soben\u00e9 jedine\u010dn\u00fdm potreb\u00e1m ka\u017ed\u00e9ho klienta.<\/p>\n","protected":false},"author":1,"featured_media":1174,"parent":0,"menu_order":0,"comment_status":"closed","ping_status":"closed","template":"","meta":{"_seopress_robots_primary_cat":"","_seopress_titles_title":"","_seopress_titles_desc":"","_seopress_robots_index":"","footnotes":""},"class_list":["post-1186","page","type-page","status-publish","has-post-thumbnail","hentry"],"_links":{"self":[{"href":"https:\/\/hintsoftpartners.com\/sk\/wp-json\/wp\/v2\/pages\/1186","targetHints":{"allow":["GET"]}}],"collection":[{"href":"https:\/\/hintsoftpartners.com\/sk\/wp-json\/wp\/v2\/pages"}],"about":[{"href":"https:\/\/hintsoftpartners.com\/sk\/wp-json\/wp\/v2\/types\/page"}],"author":[{"embeddable":true,"href":"https:\/\/hintsoftpartners.com\/sk\/wp-json\/wp\/v2\/users\/1"}],"replies":[{"embeddable":true,"href":"https:\/\/hintsoftpartners.com\/sk\/wp-json\/wp\/v2\/comments?post=1186"}],"version-history":[{"count":11,"href":"https:\/\/hintsoftpartners.com\/sk\/wp-json\/wp\/v2\/pages\/1186\/revisions"}],"predecessor-version":[{"id":1709,"href":"https:\/\/hintsoftpartners.com\/sk\/wp-json\/wp\/v2\/pages\/1186\/revisions\/1709"}],"wp:featuredmedia":[{"embeddable":true,"href":"https:\/\/hintsoftpartners.com\/sk\/wp-json\/wp\/v2\/media\/1174"}],"wp:attachment":[{"href":"https:\/\/hintsoftpartners.com\/sk\/wp-json\/wp\/v2\/media?parent=1186"}],"curies":[{"name":"wp","href":"https:\/\/api.w.org\/{rel}","templated":true}]}}