{"id":1170,"date":"2025-03-02T09:00:40","date_gmt":"2025-03-02T08:00:40","guid":{"rendered":"https:\/\/hintsoftpartners.com\/dlhove-a-kapitalove-poradenstvo\/"},"modified":"2026-02-20T14:31:03","modified_gmt":"2026-02-20T13:31:03","slug":"dlhove-a-kapitalove-poradenstvo","status":"publish","type":"page","link":"https:\/\/hintsoftpartners.com\/sk\/dlhove-a-kapitalove-poradenstvo\/","title":{"rendered":"Dlhov\u00e9 &amp; kapit\u00e1lov\u00e9 poradenstvo"},"content":{"rendered":"<div class=\"wpb-content-wrapper\"><p>[vc_row row_height_percent=&#8220;100&#8243; override_padding=&#8220;yes&#8220; h_padding=&#8220;0&#8243; top_padding=&#8220;2&#8243; bottom_padding=&#8220;2&#8243; back_image=&#8220;625&#8243; overlay_color=&#8220;color-jevc&#8220; overlay_alpha=&#8220;30&#8243; equal_height=&#8220;yes&#8220; gutter_size=&#8220;0&#8243; column_width_use_pixel=&#8220;yes&#8220; shift_y=&#8220;0&#8243; z_index=&#8220;0&#8243; auto_height_device=&#8220;yes&#8220; content_parallax=&#8220;0&#8243; row_name=&#8220;Welcome&#8220; uncode_shortcode_id=&#8220;156185&#8243; overlay_color_type=&#8220;uncode-palette&#8220;][vc_column column_width_use_pixel=&#8220;yes&#8220; position_vertical=&#8220;middle&#8220; align_horizontal=&#8220;align_center&#8220; gutter_size=&#8220;3&#8243; style=&#8220;dark&#8220; overlay_alpha=&#8220;50&#8243; shift_x=&#8220;0&#8243; shift_y=&#8220;0&#8243; shift_y_down=&#8220;0&#8243; z_index=&#8220;0&#8243; medium_width=&#8220;0&#8243; mobile_width=&#8220;0&#8243; width=&#8220;1\/1&#8243;][vc_row_inner row_inner_height_percent=&#8220;0&#8243; overlay_alpha=&#8220;50&#8243; gutter_size=&#8220;3&#8243; shift_y=&#8220;0&#8243; z_index=&#8220;0&#8243; limit_content=&#8220;&#8220;][vc_column_inner column_width_percent=&#8220;100&#8243; position_horizontal=&#8220;left&#8220; position_vertical=&#8220;middle&#8220; gutter_size=&#8220;2&#8243; override_padding=&#8220;yes&#8220; column_padding=&#8220;2&#8243; style=&#8220;light&#8220; overlay_alpha=&#8220;0&#8243; shift_x=&#8220;0&#8243; shift_y=&#8220;0&#8243; shift_y_down=&#8220;0&#8243; z_index=&#8220;0&#8243; medium_width=&#8220;0&#8243; mobile_width=&#8220;0&#8243; css_animation=&#8220;alpha-anim&#8220; width=&#8220;2\/3&#8243; uncode_shortcode_id=&#8220;123011&#8243; back_color_type=&#8220;uncode-solid&#8220; back_color_solid=&#8220;rgba(255,255,255,0.75)&#8220; el_class=&#8220;remove-padding-top&#8220;][vc_custom_heading text_color=&#8220;color-xsdn&#8220; heading_semantic=&#8220;p&#8220; text_size=&#8220;&#8220; text_weight=&#8220;500&#8243; text_transform=&#8220;uppercase&#8220; badge_style=&#8220;yes&#8220; back_color=&#8220;color-408418&#8243; uncode_shortcode_id=&#8220;124089&#8243; text_color_type=&#8220;uncode-palette&#8220; back_color_type=&#8220;uncode-palette&#8220; el_class=&#8220;header-badge&#8220;]Dlhov\u00e9 &amp; kapit\u00e1lov\u00e9 poradenstvo[\/vc_custom_heading][vc_custom_heading text_color=&#8220;color-408418&#8243; heading_semantic=&#8220;h1&#8243; text_size=&#8220;custom&#8220; uncode_shortcode_id=&#8220;107129&#8243; heading_custom_size=&#8220;36px&#8220; text_color_type=&#8220;uncode-palette&#8220;]Spr\u00e1vny kapit\u00e1l. Za spr\u00e1vnych podmienok.[\/vc_custom_heading][\/vc_column_inner][vc_column_inner column_width_percent=&#8220;100&#8243; gutter_size=&#8220;3&#8243; overlay_alpha=&#8220;50&#8243; shift_x=&#8220;0&#8243; shift_y=&#8220;0&#8243; shift_y_down=&#8220;0&#8243; z_index=&#8220;0&#8243; medium_width=&#8220;0&#8243; mobile_visibility=&#8220;yes&#8220; mobile_width=&#8220;0&#8243; width=&#8220;1\/3&#8243; uncode_shortcode_id=&#8220;107346&#8243;][\/vc_column_inner][\/vc_row_inner][\/vc_column][\/vc_row][vc_row row_height_percent=&#8220;0&#8243; overlay_alpha=&#8220;50&#8243; gutter_size=&#8220;3&#8243; column_width_percent=&#8220;100&#8243; border_color=&#8220;color-gyho&#8220; border_style=&#8220;solid&#8220; shift_y=&#8220;0&#8243; z_index=&#8220;0&#8243; content_parallax=&#8220;0&#8243; uncode_shortcode_id=&#8220;131890&#8243; css=&#8220;.vc_custom_1749741605731{border-bottom-width: 1px !important;}&#8220; border_color_type=&#8220;uncode-palette&#8220;][vc_column column_width_percent=&#8220;100&#8243; position_vertical=&#8220;middle&#8220; align_horizontal=&#8220;align_center&#8220; gutter_size=&#8220;3&#8243; overlay_alpha=&#8220;50&#8243; shift_x=&#8220;0&#8243; shift_y=&#8220;0&#8243; shift_y_down=&#8220;0&#8243; z_index=&#8220;0&#8243; medium_width=&#8220;0&#8243; mobile_width=&#8220;0&#8243; width=&#8220;1\/1&#8243; uncode_shortcode_id=&#8220;125520&#8243;][vc_wp_custommenu nav_menu=&#8220;25&#8243; nav_menu_horizontal=&#8220;1&#8243;][\/vc_column][\/vc_row][vc_row row_height_percent=&#8220;0&#8243; override_padding=&#8220;yes&#8220; h_padding=&#8220;2&#8243; top_padding=&#8220;3&#8243; bottom_padding=&#8220;0&#8243; back_color=&#8220;color-gyho&#8220; overlay_alpha=&#8220;50&#8243; equal_height=&#8220;yes&#8220; gutter_size=&#8220;4&#8243; column_width_percent=&#8220;100&#8243; shift_y=&#8220;0&#8243; z_index=&#8220;0&#8243; content_parallax=&#8220;0&#8243; el_class=&#8220;inverted-device-order&#8220; uncode_shortcode_id=&#8220;108213&#8243; back_color_type=&#8220;uncode-palette&#8220;][vc_column column_width_percent=&#8220;100&#8243; gutter_size=&#8220;2&#8243; overlay_alpha=&#8220;50&#8243; shift_x=&#8220;0&#8243; shift_y=&#8220;0&#8243; shift_y_down=&#8220;0&#8243; z_index=&#8220;0&#8243; medium_width=&#8220;0&#8243; mobile_width=&#8220;0&#8243; width=&#8220;1\/3&#8243; uncode_shortcode_id=&#8220;555175&#8243;][vc_custom_heading heading_semantic=&#8220;h3&#8243; text_size=&#8220;h1&#8243; uncode_shortcode_id=&#8220;787025&#8243;]K\u013e\u00fa\u010dov\u00e9 kompetencie[\/vc_custom_heading][vc_separator sep_color=&#8220;color-408418&#8243; uncode_shortcode_id=&#8220;105764&#8243; sep_color_type=&#8220;uncode-palette&#8220;][\/vc_column][vc_column width=&#8220;2\/3&#8243;][vc_column_text uncode_shortcode_id=&#8220;709018&#8243;]Na\u0161e slu\u017eby v oblasti dlhov\u00e9ho a kapit\u00e1lov\u00e9ho poradenstva pom\u00e1haj\u00fa klientom optimalizova\u0165 kapit\u00e1lov\u00fa \u0161trukt\u00faru, efekt\u00edvne riadi\u0165 proces z\u00edskavania finan\u010dn\u00fdch zdrojov a rie\u0161i\u0165 komplexn\u00e9 potreby financovania. Na\u0161\u00edm cie\u013eom je identifikova\u0165 a zabezpe\u010di\u0165 najvhodnej\u0161ie zdroje financovania pre podniky \u2013 \u010di u\u017e na \u00fa\u010dely rastu, akviz\u00edci\u00ed alebo kr\u00edzov\u00e9ho mana\u017ementu.[\/vc_column_text][\/vc_column][\/vc_row][vc_row row_height_percent=&#8220;0&#8243; override_padding=&#8220;yes&#8220; h_padding=&#8220;2&#8243; top_padding=&#8220;0&#8243; bottom_padding=&#8220;3&#8243; back_color=&#8220;color-gyho&#8220; overlay_alpha=&#8220;50&#8243; gutter_size=&#8220;3&#8243; column_width_percent=&#8220;100&#8243; shift_y=&#8220;0&#8243; z_index=&#8220;0&#8243; content_parallax=&#8220;0&#8243; uncode_shortcode_id=&#8220;158251&#8243; back_color_type=&#8220;uncode-palette&#8220; el_class=&#8220;tabs-services&#8220;][vc_column width=&#8220;1\/1&#8243;][vc_tabs vertical=&#8220;yes&#8220; history=&#8220;yes&#8220; typography=&#8220;yes&#8220; tab_no_border=&#8220;yes&#8220; tab_custom_size=&#8220;yes&#8220; tab_size=&#8220;4&#8243; tab_gap=&#8220;3&#8243; active_txt_color=&#8220;color-408418&#8243; uncode_shortcode_id=&#8220;105985&#8243; active_txt_color_type=&#8220;uncode-palette&#8220;][vc_tab gutter_size=&#8220;2&#8243; column_padding=&#8220;2&#8243; title=&#8220;Z\u00edskavanie kapit\u00e1lu&#8220; tab_id=&#8220;1749811820-1-301749813234778&#8243; slug=&#8220;Capital Raising&#8220;][vc_column_text uncode_shortcode_id=&#8220;153293&#8243; el_class=&#8220;services-tab-content&#8220;]<\/p>\n<p class=\"p1\">Podporujeme klientov pri nastavovan\u00ed kapit\u00e1lov\u00fdch \u0161trukt\u00far a v\u00fdvoji rie\u0161en\u00ed financovania na mieru, vr\u00e1tane dlhov\u00fdch n\u00e1strojov a mezan\u00ednov\u00e9ho kapit\u00e1lu. Pom\u00e1hame pri z\u00edskavan\u00ed kapit\u00e1lu prostredn\u00edctvom b\u00e1nk aj s\u00fakromn\u00fdch investorov a vykon\u00e1vame anal\u00fdzu kapit\u00e1lovej \u0161trukt\u00fary s cie\u013eom optimalizova\u0165 finan\u010dn\u00fa flexibilitu. Poskytujeme aj poradenstvo v oblasti riadenia riz\u00edk a vyh\u013ead\u00e1vame vhodn\u00e9 investi\u010dn\u00e9 pr\u00edle\u017eitosti na podporu dlhodob\u00e9ho rastu. Pripravujeme materi\u00e1ly pre investorov, vedieme rokovania a zabezpe\u010dujeme v\u00fdhodn\u00e9 podmienky financovania zos\u00faladen\u00e9 so strategick\u00fdmi potrebami klienta. Na\u0161a sie\u0165 zah\u0155\u0148a tradi\u010dn\u00e9 banky, fondy s\u00fakromn\u00e9ho dlhu, rodinn\u00e9 kancel\u00e1rie aj in\u0161titucion\u00e1lnych investorov.      <\/p>\n<p>[\/vc_column_text][\/vc_tab][vc_tab gutter_size=&#8220;2&#8243; column_padding=&#8220;2&#8243; title=&#8220;Financovanie projektov a akviz\u00edci\u00ed&#8220; tab_id=&#8220;1749811820-2-91749813234778&#8243; slug=&#8220;Project &amp; Acquisition Financing&#8220;][vc_column_text uncode_shortcode_id=&#8220;167593&#8243; el_class=&#8220;services-tab-content&#8220;]<\/p>\n<p class=\"p1\">Rad\u00edme klientom pri \u0161trukt\u00farovan\u00ed dlhu a strat\u00e9gi\u00e1ch financovania \u2013 \u010di u\u017e ide o refinancovanie alebo nov\u00e9 \u00faverov\u00e9 potreby. Na\u0161e slu\u017eby zah\u0155\u0148aj\u00fa finan\u010dn\u00e9 modelovanie, oce\u0148ovanie a pln\u00fa podporu po\u010das financovania projektov a akviz\u00edci\u00ed vr\u00e1tane rokovan\u00ed s verite\u013emi a zabezpe\u010denia kapit\u00e1lu. V pr\u00edpade probl\u00e9mov\u00e9ho dlhu poskytujeme komplexn\u00fa podporu \u2013 od spr\u00e1vy nespl\u00e1can\u00fdch \u00faverov (NPL), cez due diligence a\u017e po identifik\u00e1ciu najlep\u0161\u00edch rie\u0161en\u00ed. Financovanie zos\u00fala\u010fujeme s pe\u0148a\u017en\u00fdmi tokmi akt\u00edv, rizikami projektov a po\u017eiadavkami na \u010dasov\u00fd r\u00e1mec. Na\u0161a odbornos\u0165 pokr\u00fdva bilater\u00e1lne \u00favery, syndik\u00e1ty aj \u0161trukt\u00farovan\u00e9 rie\u0161enia prisp\u00f4soben\u00e9 komplexn\u00fdm akt\u00edvam. Zabezpe\u010dujeme tie\u017e podporu pri schva\u013eovac\u00edch procesoch b\u00e1nk a rev\u00edzii dokument\u00e1cie. Na\u0161\u00edm cie\u013eom je zabezpe\u010di\u0165 v\u010dasn\u00e9 a n\u00e1kladovo efekt\u00edvne financovanie, ktor\u00e9 podporuje podnikate\u013esk\u00e9 ciele klienta.      <\/p>\n<p>[\/vc_column_text][\/vc_tab][vc_tab gutter_size=&#8220;2&#8243; column_padding=&#8220;2&#8243; title=&#8220;Rie\u0161enia re\u0161trukturaliz\u00e1cie&#8220; tab_id=&#8220;1749811820-2-921749813234778&#8243; slug=&#8220;Restructuring Solutions&#8220;][vc_column_text uncode_shortcode_id=&#8220;723282&#8243; el_class=&#8220;services-tab-content&#8220;]<\/p>\n<p class=\"p1\">Pom\u00e1hame klientom navrhova\u0165 strat\u00e9gie re\u0161trukturaliz\u00e1cie dlhu, ktor\u00e9 umo\u017e\u0148uj\u00fa dosiahnu\u0165 v\u00fdhodnej\u0161ie podmienky a zlep\u0161i\u0165 finan\u010dn\u00e9 v\u00fdsledky. V pr\u00edpadoch, ktor\u00e9 sa t\u00fdkaj\u00fa nehnute\u013enost\u00ed alebo probl\u00e9mov\u00fdch portf\u00f3li\u00ed akt\u00edv, poskytujeme odborn\u00e9 poradenstvo s cie\u013eom maximalizova\u0165 ich trhov\u00fa hodnotu. Na\u0161e slu\u017eby v oblasti re\u0161trukturaliz\u00e1cie a ozdravenia pom\u00e1haj\u00fa obnovi\u0165 finan\u010dn\u00fa stabilitu a zabezpe\u010di\u0165 efekt\u00edvne riadenie probl\u00e9mov\u00fdch akt\u00edv. Podporujeme zainteresovan\u00e9 strany prostredn\u00edctvom anal\u00fdz likvidity, rokovan\u00ed s verite\u013emi a pl\u00e1novania kr\u00edzov\u00fdch scen\u00e1rov. N\u00e1\u0161 pr\u00edstup zah\u0155\u0148a aj prev\u00e1dzkov\u00e9 anal\u00fdzy s cie\u013eom identifikova\u0165 p\u00e1ky obratu a mo\u017enosti optimaliz\u00e1cie akt\u00edv. Spolupracujeme s pr\u00e1vnymi, da\u0148ov\u00fdmi a insolven\u010dn\u00fdmi odborn\u00edkmi, aby sme zabezpe\u010dili s\u00falad a kontrolu. Na\u0161ou \u00falohou je prinies\u0165 \u0161trukt\u00faru, preh\u013ead a podporu pri realiz\u00e1cii v obdob\u00ed finan\u010dn\u00e9ho stresu.      <\/p>\n<p>[\/vc_column_text][\/vc_tab][\/vc_tabs][\/vc_column][\/vc_row][vc_row row_height_percent=&#8220;0&#8243; override_padding=&#8220;yes&#8220; h_padding=&#8220;2&#8243; top_padding=&#8220;2&#8243; bottom_padding=&#8220;2&#8243; overlay_alpha=&#8220;50&#8243; equal_height=&#8220;yes&#8220; gutter_size=&#8220;4&#8243; column_width_percent=&#8220;100&#8243; shift_y=&#8220;0&#8243; z_index=&#8220;0&#8243; content_parallax=&#8220;0&#8243; el_class=&#8220;inverted-device-order&#8220; uncode_shortcode_id=&#8220;177646&#8243;][vc_column column_width_percent=&#8220;100&#8243; gutter_size=&#8220;2&#8243; overlay_alpha=&#8220;50&#8243; shift_x=&#8220;0&#8243; shift_y=&#8220;0&#8243; shift_y_down=&#8220;0&#8243; z_index=&#8220;0&#8243; medium_width=&#8220;0&#8243; mobile_width=&#8220;0&#8243; width=&#8220;1\/1&#8243; uncode_shortcode_id=&#8220;555175&#8243;][vc_custom_heading heading_semantic=&#8220;h3&#8243; text_size=&#8220;h1&#8243; uncode_shortcode_id=&#8220;346245&#8243;]Pre\u010do si vybra\u0165 n\u00e1s[\/vc_custom_heading][vc_separator sep_color=&#8220;color-408418&#8243; uncode_shortcode_id=&#8220;190422&#8243; sep_color_type=&#8220;uncode-palette&#8220; el_class=&#8220;set-divider-max&#8220;][vc_column_text uncode_shortcode_id=&#8220;108784&#8243;]Za ka\u017edou \u00faspe\u0161nou transakciou stoj\u00ed sk\u00fasen\u00fd t\u00edm profesion\u00e1lov.[\/vc_column_text][\/vc_column][\/vc_row][vc_row row_height_percent=&#8220;0&#8243; override_padding=&#8220;yes&#8220; h_padding=&#8220;2&#8243; top_padding=&#8220;2&#8243; bottom_padding=&#8220;2&#8243; overlay_alpha=&#8220;50&#8243; gutter_size=&#8220;4&#8243; column_width_percent=&#8220;100&#8243; shift_y=&#8220;0&#8243; z_index=&#8220;0&#8243; content_parallax=&#8220;0&#8243; uncode_shortcode_id=&#8220;556128&#8243;][vc_column column_width_percent=&#8220;100&#8243; gutter_size=&#8220;4&#8243; overlay_alpha=&#8220;50&#8243; shift_x=&#8220;0&#8243; shift_y=&#8220;0&#8243; shift_y_down=&#8220;0&#8243; z_index=&#8220;0&#8243; medium_width=&#8220;4&#8243; mobile_width=&#8220;0&#8243; width=&#8220;1\/2&#8243;][vc_custom_heading text_color=&#8220;color-408418&#8243; heading_semantic=&#8220;h3&#8243; text_size=&#8220;h3&#8243; text_weight=&#8220;700&#8243; separator=&#8220;yes&#8220; subheading=&#8220;Ako nez\u00e1visl\u00e1 poradensk\u00e1 spolo\u010dnos\u0165 nie sme viazan\u00ed in\u0161titucion\u00e1lnymi obmedzeniami a plne sa s\u00fastre\u010fujeme na z\u00e1ujmy na\u0161ich klientov. \u010ci u\u017e ide o strategick\u00fa akviz\u00edciu, z\u00edskavanie kapit\u00e1lu alebo pr\u00edpravu na predaj, poskytujeme objekt\u00edvne, na mieru \u0161it\u00e9 poradenstvo zameran\u00e9 na dlhodob\u00fd \u00faspech. Ka\u017ed\u00fd mand\u00e1t ved\u00fa seniorn\u00ed profesion\u00e1li s bohat\u00fdmi sk\u00fasenos\u0165ami, ktor\u00ed s\u00fa osobne zapojen\u00ed od za\u010diatku a\u017e do konca.  &#8220; uncode_shortcode_id=&#8220;194969&#8243; text_color_type=&#8220;uncode-palette&#8220; el_class=&#8220;heading-reduced-space&#8220;]Nez\u00e1visl\u00e9 poradenstvo, zos\u00faladen\u00e9 s va\u0161imi cie\u013emi[\/vc_custom_heading][\/vc_column][vc_column column_width_percent=&#8220;100&#8243; gutter_size=&#8220;4&#8243; overlay_alpha=&#8220;50&#8243; shift_x=&#8220;0&#8243; shift_y=&#8220;0&#8243; shift_y_down=&#8220;0&#8243; z_index=&#8220;0&#8243; medium_width=&#8220;4&#8243; mobile_width=&#8220;0&#8243; width=&#8220;1\/2&#8243;][vc_custom_heading text_color=&#8220;color-408418&#8243; heading_semantic=&#8220;h3&#8243; text_size=&#8220;h3&#8243; text_weight=&#8220;700&#8243; separator=&#8220;yes&#8220; subheading=&#8220;Sp\u00e1jame detailn\u00fa znalos\u0165 trhov CEE a DACH s pr\u00edstupom ku glob\u00e1lnej sieti finan\u010dn\u00fdch a strategick\u00fdch partnerov. To n\u00e1m umo\u017e\u0148uje identifikova\u0165 vhodn\u00fdch investorov, kupcov alebo cie\u013eov\u00e9 spolo\u010dnosti \u2013 lok\u00e1lne aj medzin\u00e1rodne \u2013 a realizova\u0165 transakcie, ktor\u00e9 s\u00fa strategicky aj obchodne zmyslupln\u00e9. Prin\u00e1\u0161ame jasnos\u0165 a istotu aj do najzlo\u017eitej\u0161\u00edch cezhrani\u010dn\u00fdch procesov.  &#8220; uncode_shortcode_id=&#8220;136871&#8243; text_color_type=&#8220;uncode-palette&#8220; el_class=&#8220;heading-reduced-space&#8220;]Hlbok\u00e1 region\u00e1lna znalos\u0165 s medzin\u00e1rodn\u00fdm dosahom[\/vc_custom_heading][\/vc_column][\/vc_row][vc_row row_height_percent=&#8220;0&#8243; override_padding=&#8220;yes&#8220; h_padding=&#8220;2&#8243; top_padding=&#8220;2&#8243; bottom_padding=&#8220;3&#8243; overlay_alpha=&#8220;50&#8243; gutter_size=&#8220;4&#8243; column_width_percent=&#8220;100&#8243; shift_y=&#8220;0&#8243; z_index=&#8220;0&#8243; content_parallax=&#8220;0&#8243; uncode_shortcode_id=&#8220;358371&#8243;][vc_column column_width_percent=&#8220;100&#8243; gutter_size=&#8220;4&#8243; overlay_alpha=&#8220;50&#8243; shift_x=&#8220;0&#8243; shift_y=&#8220;0&#8243; shift_y_down=&#8220;0&#8243; z_index=&#8220;0&#8243; medium_width=&#8220;4&#8243; mobile_width=&#8220;0&#8243; width=&#8220;1\/2&#8243;][vc_custom_heading text_color=&#8220;color-408418&#8243; heading_semantic=&#8220;h3&#8243; text_size=&#8220;h3&#8243; text_weight=&#8220;700&#8243; separator=&#8220;yes&#8220; subheading=&#8220;P\u00f4sob\u00edme naprie\u010d \u0161irok\u00fdm spektrom odvetv\u00ed \u2013 od technol\u00f3gi\u00ed a zdravotn\u00edctva po v\u00fdrobu a energetiku. N\u00e1\u0161 sektorovo nez\u00e1visl\u00fd pr\u00edstup n\u00e1m umo\u017e\u0148uje prin\u00e1\u0161a\u0165 nov\u00e9 poh\u013eady a uplat\u0148ova\u0165 osved\u010den\u00e9 postupy pri ka\u017edej transakcii. Strat\u00e9gie prisp\u00f4sobujeme jedine\u010dn\u00fdm potreb\u00e1m a amb\u00edci\u00e1m ka\u017ed\u00e9ho klienta \u2013 \u010di u\u017e cie\u013eom je rast, transform\u00e1cia alebo exit.  &#8220; uncode_shortcode_id=&#8220;108834&#8243; text_color_type=&#8220;uncode-palette&#8220; el_class=&#8220;heading-reduced-space&#8220;]Sektorovo neutr\u00e1lne, na rie\u0161enia orientovan\u00e9 poradenstvo[\/vc_custom_heading][\/vc_column][vc_column column_width_percent=&#8220;100&#8243; gutter_size=&#8220;4&#8243; overlay_alpha=&#8220;50&#8243; shift_x=&#8220;0&#8243; shift_y=&#8220;0&#8243; shift_y_down=&#8220;0&#8243; z_index=&#8220;0&#8243; medium_width=&#8220;4&#8243; mobile_width=&#8220;0&#8243; width=&#8220;1\/2&#8243;][vc_custom_heading text_color=&#8220;color-408418&#8243; heading_semantic=&#8220;h3&#8243; text_size=&#8220;h3&#8243; text_weight=&#8220;700&#8243; separator=&#8220;yes&#8220; subheading=&#8220;Na\u0161e poradensk\u00e9 slu\u017eby sp\u00e1jaj\u00fa realiz\u00e1ciu transakci\u00ed, kapit\u00e1lov\u00e9 \u0161trukt\u00farovanie a strategick\u00e9 konzult\u00e1cie pod jednou strechou. Tento integrovan\u00fd pr\u00edstup n\u00e1m umo\u017e\u0148uje komplexne rie\u0161i\u0165 finan\u010dn\u00e9, prev\u00e1dzkov\u00e9 a akcion\u00e1rske aspekty. \u010ci u\u017e klient potrebuje podporu pri oce\u0148ovan\u00ed, \u0161trukt\u00farovan\u00ed transakcie alebo pl\u00e1novan\u00ed n\u00e1stupn\u00edctva, poskytujeme bezprobl\u00e9mov\u00e9, vysoko efekt\u00edvne rie\u0161enia.  &#8220; uncode_shortcode_id=&#8220;207910&#8243; text_color_type=&#8220;uncode-palette&#8220; el_class=&#8220;heading-reduced-space&#8220;]Integrovan\u00e1 odbornos\u0165 naprie\u010d discipl\u00ednami[\/vc_custom_heading][\/vc_column][\/vc_row][vc_row row_height_percent=&#8220;0&#8243; override_padding=&#8220;yes&#8220; h_padding=&#8220;2&#8243; top_padding=&#8220;2&#8243; bottom_padding=&#8220;2&#8243; overlay_alpha=&#8220;50&#8243; equal_height=&#8220;yes&#8220; gutter_size=&#8220;4&#8243; column_width_percent=&#8220;100&#8243; shift_y=&#8220;0&#8243; z_index=&#8220;0&#8243; content_parallax=&#8220;0&#8243; el_class=&#8220;inverted-device-order&#8220; uncode_shortcode_id=&#8220;177646&#8243;][vc_column column_width_percent=&#8220;100&#8243; gutter_size=&#8220;2&#8243; overlay_alpha=&#8220;50&#8243; shift_x=&#8220;0&#8243; shift_y=&#8220;0&#8243; shift_y_down=&#8220;0&#8243; z_index=&#8220;0&#8243; medium_width=&#8220;0&#8243; mobile_width=&#8220;0&#8243; width=&#8220;1\/1&#8243; uncode_shortcode_id=&#8220;555175&#8243;][vc_custom_heading heading_semantic=&#8220;h3&#8243; text_size=&#8220;h1&#8243; uncode_shortcode_id=&#8220;791638&#8243;]Novinky &amp; Insights[\/vc_custom_heading][vc_separator sep_color=&#8220;color-408418&#8243; uncode_shortcode_id=&#8220;240661&#8243; sep_color_type=&#8220;uncode-palette&#8220; el_class=&#8220;set-divider-max&#8220;][\/vc_column][\/vc_row][vc_row row_height_percent=&#8220;0&#8243; override_padding=&#8220;yes&#8220; h_padding=&#8220;2&#8243; top_padding=&#8220;2&#8243; bottom_padding=&#8220;3&#8243; overlay_alpha=&#8220;50&#8243; gutter_size=&#8220;3&#8243; column_width_percent=&#8220;100&#8243; shift_y=&#8220;0&#8243; z_index=&#8220;3&#8243; top_divider=&#8220;step_2_3&#8243; bottom_divider=&#8220;step_3_4&#8243; content_parallax=&#8220;0&#8243; uncode_shortcode_id=&#8220;206974&#8243;][vc_column column_width_percent=&#8220;100&#8243; gutter_size=&#8220;0&#8243; overlay_alpha=&#8220;50&#8243; shift_x=&#8220;0&#8243; shift_y=&#8220;0&#8243; shift_y_down=&#8220;0&#8243; z_index=&#8220;0&#8243; desktop_visibility=&#8220;yes&#8220; medium_visibility=&#8220;yes&#8220; medium_width=&#8220;0&#8243; mobile_visibility=&#8220;yes&#8220; mobile_width=&#8220;0&#8243; css_animation=&#8220;bottom-t-top&#8220; animation_speed=&#8220;1000&#8243; width=&#8220;1\/1&#8243; uncode_shortcode_id=&#8220;967999&#8243;][uncode_index el_id=&#8220;index-131812&#8243; loop=&#8220;size:3|order_by:date|post_type:post|taxonomy_count:10&#8243; screen_lg=&#8220;600&#8243; screen_md=&#8220;600&#8243; screen_sm=&#8220;480&#8243; gutter_size=&#8220;4&#8243; post_items=&#8220;text|excerpt,date,title,spacer|half,sep-one|full,link|link|default_size|not_scale_mobile|default_width|default_outline&#8220; single_overlay_opacity=&#8220;50&#8243; single_padding=&#8220;2&#8243; single_title_dimension=&#8220;h2&#8243; uncode_shortcode_id=&#8220;173620&#8243;][\/vc_column][\/vc_row]<\/p>\n<\/div>","protected":false},"excerpt":{"rendered":"<p>Na\u0161\u00edm cie\u013eom je identifikova\u0165 a zabezpe\u010di\u0165 najvhodnej\u0161ie zdroje financovania pre podniky \u2013 \u010di u\u017e na \u00fa\u010dely rastu, akviz\u00edci\u00ed alebo kr\u00edzov\u00e9ho mana\u017ementu.<\/p>\n","protected":false},"author":1,"featured_media":1171,"parent":0,"menu_order":0,"comment_status":"closed","ping_status":"closed","template":"","meta":{"_seopress_robots_primary_cat":"","_seopress_titles_title":"","_seopress_titles_desc":"","_seopress_robots_index":"","footnotes":""},"class_list":["post-1170","page","type-page","status-publish","has-post-thumbnail","hentry"],"_links":{"self":[{"href":"https:\/\/hintsoftpartners.com\/sk\/wp-json\/wp\/v2\/pages\/1170","targetHints":{"allow":["GET"]}}],"collection":[{"href":"https:\/\/hintsoftpartners.com\/sk\/wp-json\/wp\/v2\/pages"}],"about":[{"href":"https:\/\/hintsoftpartners.com\/sk\/wp-json\/wp\/v2\/types\/page"}],"author":[{"embeddable":true,"href":"https:\/\/hintsoftpartners.com\/sk\/wp-json\/wp\/v2\/users\/1"}],"replies":[{"embeddable":true,"href":"https:\/\/hintsoftpartners.com\/sk\/wp-json\/wp\/v2\/comments?post=1170"}],"version-history":[{"count":6,"href":"https:\/\/hintsoftpartners.com\/sk\/wp-json\/wp\/v2\/pages\/1170\/revisions"}],"predecessor-version":[{"id":1702,"href":"https:\/\/hintsoftpartners.com\/sk\/wp-json\/wp\/v2\/pages\/1170\/revisions\/1702"}],"wp:featuredmedia":[{"embeddable":true,"href":"https:\/\/hintsoftpartners.com\/sk\/wp-json\/wp\/v2\/media\/1171"}],"wp:attachment":[{"href":"https:\/\/hintsoftpartners.com\/sk\/wp-json\/wp\/v2\/media?parent=1170"}],"curies":[{"name":"wp","href":"https:\/\/api.w.org\/{rel}","templated":true}]}}