{"id":1160,"date":"2025-03-03T09:00:35","date_gmt":"2025-03-03T08:00:35","guid":{"rendered":"https:\/\/hintsoftpartners.com\/transakcne-poradenstvo\/"},"modified":"2026-02-20T14:29:51","modified_gmt":"2026-02-20T13:29:51","slug":"transakcne-poradenstvo","status":"publish","type":"page","link":"https:\/\/hintsoftpartners.com\/sk\/transakcne-poradenstvo\/","title":{"rendered":"Transak\u010dn\u00e9 poradenstvo"},"content":{"rendered":"<div class=\"wpb-content-wrapper\"><p>[vc_row row_height_percent=&#8220;100&#8243; override_padding=&#8220;yes&#8220; h_padding=&#8220;0&#8243; top_padding=&#8220;2&#8243; bottom_padding=&#8220;2&#8243; back_image=&#8220;256&#8243; overlay_color=&#8220;color-jevc&#8220; overlay_alpha=&#8220;30&#8243; equal_height=&#8220;yes&#8220; gutter_size=&#8220;0&#8243; column_width_use_pixel=&#8220;yes&#8220; shift_y=&#8220;0&#8243; z_index=&#8220;0&#8243; auto_height_device=&#8220;yes&#8220; content_parallax=&#8220;0&#8243; row_name=&#8220;Welcome&#8220; uncode_shortcode_id=&#8220;819649&#8243; overlay_color_type=&#8220;uncode-palette&#8220;][vc_column column_width_use_pixel=&#8220;yes&#8220; position_vertical=&#8220;middle&#8220; align_horizontal=&#8220;align_center&#8220; gutter_size=&#8220;3&#8243; style=&#8220;dark&#8220; overlay_alpha=&#8220;50&#8243; shift_x=&#8220;0&#8243; shift_y=&#8220;0&#8243; shift_y_down=&#8220;0&#8243; z_index=&#8220;0&#8243; medium_width=&#8220;0&#8243; mobile_width=&#8220;0&#8243; width=&#8220;1\/1&#8243;][vc_row_inner row_inner_height_percent=&#8220;0&#8243; overlay_alpha=&#8220;50&#8243; gutter_size=&#8220;3&#8243; shift_y=&#8220;0&#8243; z_index=&#8220;0&#8243; limit_content=&#8220;&#8220;][vc_column_inner column_width_percent=&#8220;100&#8243; position_horizontal=&#8220;left&#8220; position_vertical=&#8220;middle&#8220; gutter_size=&#8220;2&#8243; override_padding=&#8220;yes&#8220; column_padding=&#8220;2&#8243; style=&#8220;light&#8220; overlay_alpha=&#8220;0&#8243; shift_x=&#8220;0&#8243; shift_y=&#8220;0&#8243; shift_y_down=&#8220;0&#8243; z_index=&#8220;0&#8243; medium_width=&#8220;0&#8243; mobile_width=&#8220;0&#8243; css_animation=&#8220;alpha-anim&#8220; width=&#8220;2\/3&#8243; uncode_shortcode_id=&#8220;481164&#8243; back_color_type=&#8220;uncode-solid&#8220; back_color_solid=&#8220;rgba(255,255,255,0.75)&#8220; el_class=&#8220;remove-padding-top&#8220;][vc_custom_heading auto_text=&#8220;yes&#8220; text_color=&#8220;color-xsdn&#8220; heading_semantic=&#8220;p&#8220; text_size=&#8220;&#8220; text_weight=&#8220;500&#8243; text_transform=&#8220;uppercase&#8220; badge_style=&#8220;yes&#8220; back_color=&#8220;color-408418&#8243; uncode_shortcode_id=&#8220;268083&#8243; text_color_type=&#8220;uncode-palette&#8220; back_color_type=&#8220;uncode-palette&#8220; el_class=&#8220;header-badge&#8220;]Slu\u017eby[\/vc_custom_heading][vc_custom_heading text_color=&#8220;color-408418&#8243; heading_semantic=&#8220;h1&#8243; text_size=&#8220;custom&#8220; uncode_shortcode_id=&#8220;115397&#8243; heading_custom_size=&#8220;36px&#8220; text_color_type=&#8220;uncode-palette&#8220;]Pom\u00e1hame klientom s pr\u00edpravou, exek\u00faciou a \u00faspe\u0161nou finaliz\u00e1ciou[\/vc_custom_heading][\/vc_column_inner][vc_column_inner column_width_percent=&#8220;100&#8243; gutter_size=&#8220;3&#8243; overlay_alpha=&#8220;50&#8243; shift_x=&#8220;0&#8243; shift_y=&#8220;0&#8243; shift_y_down=&#8220;0&#8243; z_index=&#8220;0&#8243; medium_width=&#8220;0&#8243; mobile_visibility=&#8220;yes&#8220; mobile_width=&#8220;0&#8243; width=&#8220;1\/3&#8243; uncode_shortcode_id=&#8220;107346&#8243;][\/vc_column_inner][\/vc_row_inner][\/vc_column][\/vc_row][vc_row row_height_percent=&#8220;0&#8243; overlay_alpha=&#8220;50&#8243; gutter_size=&#8220;3&#8243; column_width_percent=&#8220;100&#8243; border_color=&#8220;color-gyho&#8220; border_style=&#8220;solid&#8220; shift_y=&#8220;0&#8243; z_index=&#8220;0&#8243; content_parallax=&#8220;0&#8243; uncode_shortcode_id=&#8220;131890&#8243; css=&#8220;.vc_custom_1749741605731{border-bottom-width: 1px !important;}&#8220; border_color_type=&#8220;uncode-palette&#8220;][vc_column column_width_percent=&#8220;100&#8243; position_vertical=&#8220;middle&#8220; align_horizontal=&#8220;align_center&#8220; gutter_size=&#8220;3&#8243; overlay_alpha=&#8220;50&#8243; shift_x=&#8220;0&#8243; shift_y=&#8220;0&#8243; shift_y_down=&#8220;0&#8243; z_index=&#8220;0&#8243; medium_width=&#8220;0&#8243; mobile_width=&#8220;0&#8243; width=&#8220;1\/1&#8243; uncode_shortcode_id=&#8220;125520&#8243;][vc_wp_custommenu nav_menu=&#8220;25&#8243; nav_menu_horizontal=&#8220;1&#8243;][\/vc_column][\/vc_row][vc_row row_height_percent=&#8220;0&#8243; override_padding=&#8220;yes&#8220; h_padding=&#8220;2&#8243; top_padding=&#8220;3&#8243; bottom_padding=&#8220;0&#8243; back_color=&#8220;color-gyho&#8220; overlay_alpha=&#8220;50&#8243; equal_height=&#8220;yes&#8220; gutter_size=&#8220;4&#8243; column_width_percent=&#8220;100&#8243; shift_y=&#8220;0&#8243; z_index=&#8220;0&#8243; content_parallax=&#8220;0&#8243; el_class=&#8220;inverted-device-order&#8220; uncode_shortcode_id=&#8220;152688&#8243; back_color_type=&#8220;uncode-palette&#8220;][vc_column column_width_percent=&#8220;100&#8243; gutter_size=&#8220;2&#8243; overlay_alpha=&#8220;50&#8243; shift_x=&#8220;0&#8243; shift_y=&#8220;0&#8243; shift_y_down=&#8220;0&#8243; z_index=&#8220;0&#8243; medium_width=&#8220;0&#8243; mobile_width=&#8220;0&#8243; width=&#8220;1\/3&#8243; uncode_shortcode_id=&#8220;555175&#8243;][vc_custom_heading heading_semantic=&#8220;h3&#8243; text_size=&#8220;h1&#8243; uncode_shortcode_id=&#8220;787025&#8243;]K\u013e\u00fa\u010dov\u00e9 kompetencie[\/vc_custom_heading][vc_separator sep_color=&#8220;color-408418&#8243; uncode_shortcode_id=&#8220;232257&#8243; sep_color_type=&#8220;uncode-palette&#8220;][\/vc_column][vc_column width=&#8220;2\/3&#8243;][vc_column_text uncode_shortcode_id=&#8220;199202&#8243;]<span class=\"fabric-text-color-mark\" data-renderer-mark=\"true\" data-text-custom-color=\"#006644\">Our Transaction Advisory services focus on helping businesses navigate complex transactions with precision and expertise. Od n\u00e1kupu a predaja podnikov po realiz\u00e1ciu invest\u00edci\u00ed a predaj akt\u00edv \u2013 poskytujeme komplexn\u00fa podporu s cie\u013eom maximalizova\u0165 hodnotu a zabezpe\u010di\u0165 \u00faspe\u0161n\u00fd v\u00fdsledok.<\/span>[\/vc_column_text][\/vc_column][\/vc_row][vc_row row_height_percent=&#8220;0&#8243; override_padding=&#8220;yes&#8220; h_padding=&#8220;2&#8243; top_padding=&#8220;0&#8243; bottom_padding=&#8220;3&#8243; back_color=&#8220;color-gyho&#8220; overlay_alpha=&#8220;50&#8243; gutter_size=&#8220;3&#8243; column_width_percent=&#8220;100&#8243; shift_y=&#8220;0&#8243; z_index=&#8220;0&#8243; content_parallax=&#8220;0&#8243; uncode_shortcode_id=&#8220;100796&#8243; back_color_type=&#8220;uncode-palette&#8220; el_class=&#8220;tabs-services&#8220;][vc_column column_width_percent=&#8220;100&#8243; gutter_size=&#8220;3&#8243; overlay_alpha=&#8220;50&#8243; shift_x=&#8220;0&#8243; shift_y=&#8220;0&#8243; shift_y_down=&#8220;0&#8243; z_index=&#8220;0&#8243; medium_width=&#8220;0&#8243; mobile_width=&#8220;0&#8243; width=&#8220;1\/1&#8243; uncode_shortcode_id=&#8220;686262&#8243;][vc_tabs vertical=&#8220;yes&#8220; history=&#8220;yes&#8220; typography=&#8220;yes&#8220; tab_no_border=&#8220;yes&#8220; tab_custom_size=&#8220;yes&#8220; tab_size=&#8220;4&#8243; tab_gap=&#8220;3&#8243; active_txt_color=&#8220;color-408418&#8243; uncode_shortcode_id=&#8220;159224&#8243; active_txt_color_type=&#8220;uncode-palette&#8220;][vc_tab gutter_size=&#8220;2&#8243; column_padding=&#8220;2&#8243; title=&#8220;Poradenstvo pri predaji spolo\u010dnost\u00ed&#8220; tab_id=&#8220;1749811820-1-30&#8243; slug=&#8220;Sell-Side Advisory&#8220;][vc_column_text uncode_shortcode_id=&#8220;212302&#8243; el_class=&#8220;services-tab-content&#8220;]<\/p>\n<p class=\"p1\">Poskytujeme komplexn\u00e9 poradensk\u00e9 slu\u017eby pre vlastn\u00edkov podnikov, ktor\u00ed pl\u00e1nuj\u00fa preda\u0165 svoju spolo\u010dnos\u0165. Podporujeme klientov pri tvorbe spr\u00e1vnej predajnej strat\u00e9gie, ur\u010den\u00ed hodnoty spolo\u010dnosti, pr\u00edprave profesion\u00e1lnych marketingov\u00fdch materi\u00e1lov a riaden\u00ed komunik\u00e1cie s potenci\u00e1lnymi kupcami. Vedieme rokovania a dohliadame na cel\u00fd proces s cie\u013eom zabezpe\u010di\u0165 hladk\u00fd priebeh a \u010do najlep\u0161\u00ed v\u00fdsledok. Na\u0161ou prioritou je maximalizova\u0165 hodnotu transakcie a minimalizova\u0165 naru\u0161enie be\u017enej prev\u00e1dzky. Organizujeme auk\u010dn\u00e9 procesy, generujeme z\u00e1ujem od strategick\u00fdch aj finan\u010dn\u00fdch investorov a koordinujeme v\u0161etky zainteresovan\u00e9 strany po\u010das due diligence. \u00dazko spolupracujeme s pr\u00e1vnymi a da\u0148ov\u00fdmi poradcami, aby sme v\u010das identifikovali a rie\u0161ili potenci\u00e1lne probl\u00e9my, \u010d\u00edm zni\u017eujeme riziko realiz\u00e1cie. Ka\u017ed\u00fd mand\u00e1t prisp\u00f4sobujeme dlhodob\u00fdm cie\u013eom klienta a jeho v\u00edzii pokra\u010dovania podnikania.       <\/p>\n<p>[\/vc_column_text][\/vc_tab][vc_tab gutter_size=&#8220;2&#8243; column_padding=&#8220;2&#8243; title=&#8220;Poradenstvo pri akviz\u00edci\u00e1ch&#8220; tab_id=&#8220;1749811820-2-9&#8243; slug=&#8220;Buy-Side Advisory&#8220;][vc_column_text uncode_shortcode_id=&#8220;159470&#8243; el_class=&#8220;services-tab-content&#8220;]Pom\u00e1hame klientom zvl\u00e1dnu\u0165 cel\u00fd akvizi\u010dn\u00fd proces \u2013 od identifik\u00e1cie a v\u00fdberu cie\u013eov\u00fdch spolo\u010dnost\u00ed, cez h\u013abkov\u00fa anal\u00fdzu, koordin\u00e1ciu due diligence a\u017e po rokovania o zmluv\u00e1ch. Na\u0161a podpora pokra\u010duje aj po uzavret\u00ed transakcie, vr\u00e1tane poradenstva pri post-merger integr\u00e1cii, aby sa zabezpe\u010dila kontinuita podnikania a naplnenie o\u010dak\u00e1van\u00fdch synergi\u00ed. Hodnot\u00edme strategick\u00fd s\u00falad a kult\u00farnu kompatibilitu cie\u013ea s dlhodobou v\u00edziou klienta. Podporujeme schva\u013eovanie invest\u00edci\u00ed investi\u010dnou komisiou, modelovanie ocenenia a anal\u00fdzu v\u00fdnosov v r\u00f4znych scen\u00e1roch. Koordinujeme v\u0161etk\u00fdch poradcov a zainteresovan\u00e9 strany, aby sa zachovala transparentnos\u0165 a dynamika procesu. Od prv\u00e9ho kontaktu a\u017e po kone\u010dn\u00fa integr\u00e1ciu p\u00f4sob\u00edme ako d\u00f4veryhodn\u00fd transak\u010dn\u00fd partner klienta.[\/vc_column_text][\/vc_tab][vc_tab gutter_size=&#8220;2&#8243; column_padding=&#8220;2&#8243; title=&#8220;Greenfieldov\u00e9 a brownfieldov\u00e9 invest\u00edcie&#8220; tab_id=&#8220;1749811820-2-92&#8243; slug=&#8220;Greenfield &amp; Brownfield Investments&#8220;][vc_column_text uncode_shortcode_id=&#8220;166937&#8243; el_class=&#8220;services-tab-content&#8220;]<\/p>\n<p class=\"p1\">Pon\u00fakame komplexn\u00e9 poradensk\u00e9 slu\u017eby pre greenfield aj brownfield invest\u00edcie. Na\u0161a podpora pokr\u00fdva cel\u00fd \u017eivotn\u00fd cyklus invest\u00edcie \u2013 od identifik\u00e1cie pr\u00edle\u017eitost\u00ed, cez anal\u00fdzu uskuto\u010dnite\u013enosti, finan\u010dn\u00e9 modelovanie a riadenie riz\u00edk. \u0160trukt\u00faru projektov zos\u00fala\u010fujeme so strategick\u00fdmi a finan\u010dn\u00fdmi cie\u013emi klientov, aby sme im pomohli realizova\u0165 \u00faspe\u0161n\u00e9 invest\u00edcie aj v n\u00e1ro\u010dn\u00fdch regula\u010dn\u00fdch alebo trhov\u00fdch podmienkach. Posudzujeme lokality, o\u010dak\u00e1vania zainteresovan\u00fdch str\u00e1n a mo\u017enosti verejnej podpory. Zabezpe\u010dujeme aj technick\u00fa koordin\u00e1ciu, s\u00falad s environment\u00e1lnymi pravidlami a kapit\u00e1lov\u00e9 \u0161trukt\u00farovanie prisp\u00f4soben\u00e9 profilu projektu. \u010casto pom\u00e1hame nastavi\u0165 riadiace a monitorovacie syst\u00e9my na sledovanie v\u00fdkonu pod\u013ea k\u013e\u00fa\u010dov\u00fdch m\u00ed\u013enikov. Od strat\u00e9gie po realiz\u00e1ciu db\u00e1me na to, aby ka\u017ed\u00e1 invest\u00edcia bola \u017eivotaschopn\u00e1, \u0161k\u00e1lovate\u013en\u00e1 a orientovan\u00e1 na dlhodob\u00fa hodnotu.      <\/p>\n<p>[\/vc_column_text][\/vc_tab][vc_tab gutter_size=&#8220;2&#8243; column_padding=&#8220;2&#8243; title=&#8220;Predaj akt\u00edv a du\u0161evn\u00e9ho vlastn\u00edctva (IP)&#8220; tab_id=&#8220;1751359082179-3-6&#8243; slug=&#8220;Asset &amp; Intellectual Property (IP) Sales&#8220;][vc_column_text uncode_shortcode_id=&#8220;117223&#8243; el_class=&#8220;services-tab-content&#8220;]Rad\u00edme klientom pri spe\u0148a\u017eovan\u00ed ved\u013eaj\u0161\u00edch podnikate\u013esk\u00fdch jednotiek, nedostato\u010dne v\u00fdkonn\u00fdch akt\u00edv a du\u0161evn\u00e9ho vlastn\u00edctva. \u010ci u\u017e ide o optimaliz\u00e1ciu portf\u00f3lia, uvo\u013enenie kapit\u00e1lu alebo odchod zo \u0161pecifick\u00fdch \u010dinnost\u00ed, podporujeme klientov pri ur\u010dovan\u00ed hodnoty akt\u00edv, pr\u00edprave na predaj, identifik\u00e1cii kupcov a riaden\u00ed rokovan\u00ed. Na\u0161\u00edm cie\u013eom je efekt\u00edvne prinies\u0165 hodnotu v s\u00falade so \u0161ir\u0161\u00edmi podnikate\u013esk\u00fdmi cie\u013emi. Rad\u00edme pri v\u00fdbere najefekt\u00edvnej\u0161\u00edch \u0161trukt\u00far odpredaja \u2013 od carve-outov, cez licen\u010dn\u00e9 dohody a\u017e po prevody akt\u00edv. Pre predaj IP vyhodnocujeme r\u00f4zne modely monetiz\u00e1cie \u2013 od licen\u010dn\u00fdch transakci\u00ed a\u017e po strategick\u00e9 partnerstv\u00e1. Po\u010das cel\u00e9ho procesu zabezpe\u010dujeme strategick\u00e9 zos\u00faladenie a minim\u00e1lne naru\u0161enie zvy\u0161n\u00e9ho podnikania.[\/vc_column_text][\/vc_tab][\/vc_tabs][\/vc_column][\/vc_row][vc_row row_height_percent=&#8220;0&#8243; override_padding=&#8220;yes&#8220; h_padding=&#8220;2&#8243; top_padding=&#8220;2&#8243; bottom_padding=&#8220;2&#8243; overlay_alpha=&#8220;50&#8243; equal_height=&#8220;yes&#8220; gutter_size=&#8220;4&#8243; column_width_percent=&#8220;100&#8243; shift_y=&#8220;0&#8243; z_index=&#8220;0&#8243; content_parallax=&#8220;0&#8243; el_class=&#8220;inverted-device-order&#8220; uncode_shortcode_id=&#8220;177646&#8243;][vc_column column_width_percent=&#8220;100&#8243; gutter_size=&#8220;2&#8243; overlay_alpha=&#8220;50&#8243; shift_x=&#8220;0&#8243; shift_y=&#8220;0&#8243; shift_y_down=&#8220;0&#8243; z_index=&#8220;0&#8243; medium_width=&#8220;0&#8243; mobile_width=&#8220;0&#8243; width=&#8220;1\/1&#8243; uncode_shortcode_id=&#8220;555175&#8243;][vc_custom_heading heading_semantic=&#8220;h3&#8243; text_size=&#8220;h1&#8243; uncode_shortcode_id=&#8220;836856&#8243;]Pre\u010do si vybra\u0165 n\u00e1s[\/vc_custom_heading][vc_separator sep_color=&#8220;color-408418&#8243; uncode_shortcode_id=&#8220;276810&#8243; sep_color_type=&#8220;uncode-palette&#8220; el_class=&#8220;set-divider-max&#8220;][vc_column_text uncode_shortcode_id=&#8220;205989&#8243;]Za ka\u017edou \u00faspe\u0161nou transakciou stoj\u00ed sk\u00fasen\u00fd t\u00edm profesion\u00e1lov.[\/vc_column_text][\/vc_column][\/vc_row][vc_row row_height_percent=&#8220;0&#8243; override_padding=&#8220;yes&#8220; h_padding=&#8220;2&#8243; top_padding=&#8220;2&#8243; bottom_padding=&#8220;2&#8243; overlay_alpha=&#8220;50&#8243; gutter_size=&#8220;4&#8243; column_width_percent=&#8220;100&#8243; shift_y=&#8220;0&#8243; z_index=&#8220;0&#8243; content_parallax=&#8220;0&#8243; uncode_shortcode_id=&#8220;556128&#8243;][vc_column column_width_percent=&#8220;100&#8243; gutter_size=&#8220;4&#8243; overlay_alpha=&#8220;50&#8243; shift_x=&#8220;0&#8243; shift_y=&#8220;0&#8243; shift_y_down=&#8220;0&#8243; z_index=&#8220;0&#8243; medium_width=&#8220;4&#8243; mobile_width=&#8220;0&#8243; width=&#8220;1\/2&#8243;][vc_custom_heading text_color=&#8220;color-408418&#8243; heading_semantic=&#8220;h3&#8243; text_size=&#8220;h3&#8243; text_weight=&#8220;700&#8243; separator=&#8220;yes&#8220; subheading=&#8220;Ako nez\u00e1visl\u00e1 poradensk\u00e1 spolo\u010dnos\u0165 nie sme viazan\u00ed in\u0161titucion\u00e1lnymi obmedzeniami a plne sa s\u00fastre\u010fujeme na z\u00e1ujmy na\u0161ich klientov. \u010ci u\u017e ide o strategick\u00fa akviz\u00edciu, z\u00edskavanie kapit\u00e1lu alebo pr\u00edpravu na predaj, poskytujeme objekt\u00edvne, na mieru \u0161it\u00e9 poradenstvo zameran\u00e9 na dlhodob\u00fd \u00faspech. Ka\u017ed\u00fd mand\u00e1t ved\u00fa seniorn\u00ed profesion\u00e1li s bohat\u00fdmi sk\u00fasenos\u0165ami, ktor\u00ed s\u00fa osobne zapojen\u00ed od za\u010diatku a\u017e do konca.  &#8220; uncode_shortcode_id=&#8220;155042&#8243; text_color_type=&#8220;uncode-palette&#8220; el_class=&#8220;heading-reduced-space&#8220;]Nez\u00e1visl\u00e9 poradenstvo, zos\u00faladen\u00e9 s va\u0161imi cie\u013emi[\/vc_custom_heading][\/vc_column][vc_column column_width_percent=&#8220;100&#8243; gutter_size=&#8220;4&#8243; overlay_alpha=&#8220;50&#8243; shift_x=&#8220;0&#8243; shift_y=&#8220;0&#8243; shift_y_down=&#8220;0&#8243; z_index=&#8220;0&#8243; medium_width=&#8220;4&#8243; mobile_width=&#8220;0&#8243; width=&#8220;1\/2&#8243;][vc_custom_heading text_color=&#8220;color-408418&#8243; heading_semantic=&#8220;h3&#8243; text_size=&#8220;h3&#8243; text_weight=&#8220;700&#8243; separator=&#8220;yes&#8220; subheading=&#8220;Sp\u00e1jame detailn\u00fa znalos\u0165 trhov CEE a DACH s pr\u00edstupom ku glob\u00e1lnej sieti finan\u010dn\u00fdch a strategick\u00fdch partnerov. To n\u00e1m umo\u017e\u0148uje identifikova\u0165 vhodn\u00fdch investorov, kupcov alebo cie\u013eov\u00e9 spolo\u010dnosti \u2013 lok\u00e1lne aj medzin\u00e1rodne \u2013 a realizova\u0165 transakcie, ktor\u00e9 s\u00fa strategicky aj obchodne zmyslupln\u00e9. Prin\u00e1\u0161ame jasnos\u0165 a istotu aj do najzlo\u017eitej\u0161\u00edch cezhrani\u010dn\u00fdch procesov.  &#8220; uncode_shortcode_id=&#8220;138885&#8243; text_color_type=&#8220;uncode-palette&#8220; el_class=&#8220;heading-reduced-space&#8220;]Hlbok\u00e1 region\u00e1lna znalos\u0165 s medzin\u00e1rodn\u00fdm dosahom[\/vc_custom_heading][\/vc_column][\/vc_row][vc_row row_height_percent=&#8220;0&#8243; override_padding=&#8220;yes&#8220; h_padding=&#8220;2&#8243; top_padding=&#8220;2&#8243; bottom_padding=&#8220;3&#8243; overlay_alpha=&#8220;50&#8243; gutter_size=&#8220;4&#8243; column_width_percent=&#8220;100&#8243; shift_y=&#8220;0&#8243; z_index=&#8220;0&#8243; content_parallax=&#8220;0&#8243; uncode_shortcode_id=&#8220;358371&#8243;][vc_column column_width_percent=&#8220;100&#8243; gutter_size=&#8220;4&#8243; overlay_alpha=&#8220;50&#8243; shift_x=&#8220;0&#8243; shift_y=&#8220;0&#8243; shift_y_down=&#8220;0&#8243; z_index=&#8220;0&#8243; medium_width=&#8220;4&#8243; mobile_width=&#8220;0&#8243; width=&#8220;1\/2&#8243; uncode_shortcode_id=&#8220;109063&#8243;][vc_custom_heading text_color=&#8220;color-408418&#8243; heading_semantic=&#8220;h3&#8243; text_size=&#8220;h3&#8243; text_weight=&#8220;700&#8243; separator=&#8220;yes&#8220; subheading=&#8220;P\u00f4sob\u00edme naprie\u010d \u0161irok\u00fdm spektrom odvetv\u00ed \u2013 od technol\u00f3gi\u00ed a zdravotn\u00edctva po v\u00fdrobu a energetiku. N\u00e1\u0161 sektorovo nez\u00e1visl\u00fd pr\u00edstup n\u00e1m umo\u017e\u0148uje prin\u00e1\u0161a\u0165 nov\u00e9 poh\u013eady a uplat\u0148ova\u0165 osved\u010den\u00e9 postupy pri ka\u017edej transakcii. Strat\u00e9gie prisp\u00f4sobujeme jedine\u010dn\u00fdm potreb\u00e1m a amb\u00edci\u00e1m ka\u017ed\u00e9ho klienta \u2013 \u010di u\u017e cie\u013eom je rast, transform\u00e1cia alebo exit.  &#8220; uncode_shortcode_id=&#8220;208711&#8243; text_color_type=&#8220;uncode-palette&#8220; el_class=&#8220;heading-reduced-space&#8220;]Sektorovo neutr\u00e1lne, na rie\u0161enia orientovan\u00e9 poradenstvo[\/vc_custom_heading][\/vc_column][vc_column column_width_percent=&#8220;100&#8243; gutter_size=&#8220;4&#8243; overlay_alpha=&#8220;50&#8243; shift_x=&#8220;0&#8243; shift_y=&#8220;0&#8243; shift_y_down=&#8220;0&#8243; z_index=&#8220;0&#8243; medium_width=&#8220;4&#8243; mobile_width=&#8220;0&#8243; width=&#8220;1\/2&#8243;][vc_custom_heading text_color=&#8220;color-408418&#8243; heading_semantic=&#8220;h3&#8243; text_size=&#8220;h3&#8243; text_weight=&#8220;700&#8243; separator=&#8220;yes&#8220; subheading=&#8220;Na\u0161e poradensk\u00e9 slu\u017eby sp\u00e1jaj\u00fa realiz\u00e1ciu transakci\u00ed, kapit\u00e1lov\u00e9 \u0161trukt\u00farovanie a strategick\u00e9 konzult\u00e1cie pod jednou strechou. Tento integrovan\u00fd pr\u00edstup n\u00e1m umo\u017e\u0148uje komplexne rie\u0161i\u0165 finan\u010dn\u00e9, prev\u00e1dzkov\u00e9 a akcion\u00e1rske aspekty. \u010ci u\u017e klient potrebuje podporu pri oce\u0148ovan\u00ed, \u0161trukt\u00farovan\u00ed transakcie alebo pl\u00e1novan\u00ed n\u00e1stupn\u00edctva, poskytujeme bezprobl\u00e9mov\u00e9, vysoko efekt\u00edvne rie\u0161enia.  &#8220; uncode_shortcode_id=&#8220;528835&#8243; text_color_type=&#8220;uncode-palette&#8220; el_class=&#8220;heading-reduced-space&#8220;]Integrovan\u00e1 odbornos\u0165 naprie\u010d discipl\u00ednami[\/vc_custom_heading][\/vc_column][\/vc_row][vc_row row_height_percent=&#8220;0&#8243; override_padding=&#8220;yes&#8220; h_padding=&#8220;2&#8243; top_padding=&#8220;2&#8243; bottom_padding=&#8220;2&#8243; overlay_alpha=&#8220;50&#8243; equal_height=&#8220;yes&#8220; gutter_size=&#8220;4&#8243; column_width_percent=&#8220;100&#8243; shift_y=&#8220;0&#8243; z_index=&#8220;0&#8243; content_parallax=&#8220;0&#8243; el_class=&#8220;inverted-device-order&#8220; uncode_shortcode_id=&#8220;177646&#8243;][vc_column column_width_percent=&#8220;100&#8243; gutter_size=&#8220;2&#8243; overlay_alpha=&#8220;50&#8243; shift_x=&#8220;0&#8243; shift_y=&#8220;0&#8243; shift_y_down=&#8220;0&#8243; z_index=&#8220;0&#8243; medium_width=&#8220;0&#8243; mobile_width=&#8220;0&#8243; width=&#8220;1\/1&#8243; uncode_shortcode_id=&#8220;555175&#8243;][vc_custom_heading heading_semantic=&#8220;h3&#8243; text_size=&#8220;h1&#8243; uncode_shortcode_id=&#8220;791638&#8243;]Novinky &amp; Insights[\/vc_custom_heading][vc_separator sep_color=&#8220;color-408418&#8243; uncode_shortcode_id=&#8220;203332&#8243; sep_color_type=&#8220;uncode-palette&#8220; el_class=&#8220;set-divider-max&#8220;][\/vc_column][\/vc_row][vc_row row_height_percent=&#8220;0&#8243; override_padding=&#8220;yes&#8220; h_padding=&#8220;2&#8243; top_padding=&#8220;2&#8243; bottom_padding=&#8220;3&#8243; overlay_alpha=&#8220;50&#8243; gutter_size=&#8220;3&#8243; column_width_percent=&#8220;100&#8243; shift_y=&#8220;0&#8243; z_index=&#8220;3&#8243; top_divider=&#8220;step_2_3&#8243; bottom_divider=&#8220;step_3_4&#8243; content_parallax=&#8220;0&#8243; uncode_shortcode_id=&#8220;206974&#8243;][vc_column column_width_percent=&#8220;100&#8243; gutter_size=&#8220;0&#8243; overlay_alpha=&#8220;50&#8243; shift_x=&#8220;0&#8243; shift_y=&#8220;0&#8243; shift_y_down=&#8220;0&#8243; z_index=&#8220;0&#8243; medium_width=&#8220;0&#8243; mobile_width=&#8220;0&#8243; width=&#8220;1\/1&#8243; uncode_shortcode_id=&#8220;639997&#8243;][uncode_index el_id=&#8220;index-131812&#8243; index_type=&#8220;css_grid&#8220; loop=&#8220;size:3|order_by:date|post_type:post|categories:26|taxonomy_count:10&#8243; grid_items=&#8220;3&#8243; screen_lg_items=&#8220;2&#8243; screen_lg_breakpoint=&#8220;1000&#8243; screen_md_items=&#8220;2&#8243; screen_md_breakpoint=&#8220;600&#8243; screen_sm_items=&#8220;1&#8243; screen_sm_breakpoint=&#8220;480&#8243; gutter_size=&#8220;3&#8243; css_grid_equal_height=&#8220;yes&#8220; post_items=&#8220;text|excerpt,date,title,spacer|half,sep-one|full,link|link|default_size|not_scale_mobile|default_width|default_outline&#8220; single_back_color=&#8220;color-lxmt&#8220; single_overlay_opacity=&#8220;50&#8243; single_padding=&#8220;2&#8243; single_title_dimension=&#8220;h2&#8243; uncode_shortcode_id=&#8220;279139&#8243;][\/vc_column][\/vc_row]<\/p>\n<\/div>","protected":false},"excerpt":{"rendered":"<p>Od n\u00e1kupu a predaja podnikov po realiz\u00e1ciu invest\u00edci\u00ed a predaj akt\u00edv \u2013 poskytujeme komplexn\u00fa podporu s cie\u013eom maximalizova\u0165 hodnotu a zabezpe\u010di\u0165 \u00faspe\u0161n\u00fd v\u00fdsledok.<\/p>\n","protected":false},"author":1,"featured_media":1173,"parent":0,"menu_order":0,"comment_status":"closed","ping_status":"closed","template":"","meta":{"_seopress_robots_primary_cat":"","_seopress_titles_title":"","_seopress_titles_desc":"","_seopress_robots_index":"","footnotes":""},"class_list":["post-1160","page","type-page","status-publish","has-post-thumbnail","hentry"],"_links":{"self":[{"href":"https:\/\/hintsoftpartners.com\/sk\/wp-json\/wp\/v2\/pages\/1160","targetHints":{"allow":["GET"]}}],"collection":[{"href":"https:\/\/hintsoftpartners.com\/sk\/wp-json\/wp\/v2\/pages"}],"about":[{"href":"https:\/\/hintsoftpartners.com\/sk\/wp-json\/wp\/v2\/types\/page"}],"author":[{"embeddable":true,"href":"https:\/\/hintsoftpartners.com\/sk\/wp-json\/wp\/v2\/users\/1"}],"replies":[{"embeddable":true,"href":"https:\/\/hintsoftpartners.com\/sk\/wp-json\/wp\/v2\/comments?post=1160"}],"version-history":[{"count":6,"href":"https:\/\/hintsoftpartners.com\/sk\/wp-json\/wp\/v2\/pages\/1160\/revisions"}],"predecessor-version":[{"id":1698,"href":"https:\/\/hintsoftpartners.com\/sk\/wp-json\/wp\/v2\/pages\/1160\/revisions\/1698"}],"wp:featuredmedia":[{"embeddable":true,"href":"https:\/\/hintsoftpartners.com\/sk\/wp-json\/wp\/v2\/media\/1173"}],"wp:attachment":[{"href":"https:\/\/hintsoftpartners.com\/sk\/wp-json\/wp\/v2\/media?parent=1160"}],"curies":[{"name":"wp","href":"https:\/\/api.w.org\/{rel}","templated":true}]}}