{"id":1031,"date":"2025-03-19T09:48:34","date_gmt":"2025-03-19T08:48:34","guid":{"rendered":"https:\/\/hintsoftpartners.com\/cookie-policy\/"},"modified":"2026-02-10T13:35:34","modified_gmt":"2026-02-10T12:35:34","slug":"cookie-policy","status":"publish","type":"page","link":"https:\/\/hintsoftpartners.com\/sk\/cookie-policy\/","title":{"rendered":"Cookie Policy"},"content":{"rendered":"<div class=\"wpb-content-wrapper\"><p>[vc_row row_height_percent=&#8220;0&#8243; override_padding=&#8220;yes&#8220; h_padding=&#8220;2&#8243; top_padding=&#8220;3&#8243; bottom_padding=&#8220;3&#8243; overlay_alpha=&#8220;100&#8243; gutter_size=&#8220;3&#8243; column_width_percent=&#8220;100&#8243; shift_y=&#8220;0&#8243; z_index=&#8220;0&#8243; content_parallax=&#8220;0&#8243; row_height_use_pixel=&#8220;&#8220; uncode_shortcode_id=&#8220;341402&#8243;][vc_column column_width_use_pixel=&#8220;yes&#8220; gutter_size=&#8220;3&#8243; overlay_alpha=&#8220;50&#8243; shift_x=&#8220;0&#8243; shift_y=&#8220;0&#8243; shift_y_down=&#8220;0&#8243; z_index=&#8220;0&#8243; medium_width=&#8220;0&#8243; mobile_width=&#8220;0&#8243; zoom_width=&#8220;0&#8243; zoom_height=&#8220;0&#8243; column_width_pixel=&#8220;800&#8243; uncode_shortcode_id=&#8220;203694&#8243;][vc_custom_heading auto_text=&#8220;yes&#8220; text_color=&#8220;color-408418&#8243; heading_semantic=&#8220;h3&#8243; text_size=&#8220;h1&#8243; text_uppercase=&#8220;&#8220; uncode_shortcode_id=&#8220;454576&#8243; text_color_type=&#8220;uncode-palette&#8220;][\/vc_custom_heading][vc_column_text text_lead=&#8220;yes&#8220; uncode_shortcode_id=&#8220;116823&#8243;]<strong><span style=\"color: #113167;\">1. \u00davod<\/span><\/strong><\/p>\n<p><span style=\"font-weight: 400;\">Tieto Z\u00e1sady pou\u017e\u00edvania s\u00faborov cookie (\u201eZ\u00e1sady\u201c) vysvet\u013euj\u00fa, ako spolo\u010dnos\u0165 <strong>Hintsoft Capital Partners Kft.<\/strong><\/span><span style=\"font-weight: 400;\"> (\u201emy\u201c, \u201en\u00e1s\u201c, \u201ena\u0161e\u201c) pou\u017e\u00edva s\u00fabory cookie a podobn\u00e9 technol\u00f3gie na svojej webovej str\u00e1nke <strong>www.hintsoftpartners.com <\/strong><\/span><span style=\"font-weight: 400;\">(\u201eWebov\u00e1 str\u00e1nka\u201c).<\/span><span style=\"font-weight: 400;\"><br \/>\n<\/span><span style=\"font-weight: 400;\">Tieto Z\u00e1sady je potrebn\u00e9 \u010d\u00edta\u0165 v spojen\u00ed s na\u0161imi [Z\u00e1sadami ochrany osobn\u00fdch \u00fadajov].<\/span><\/p>\n<p><span style=\"font-weight: 400;\">Pokra\u010dovan\u00edm v prehliadan\u00ed alebo pou\u017e\u00edvan\u00ed na\u0161ej Webovej str\u00e1nky s\u00fahlas\u00edte s pou\u017e\u00edvan\u00edm s\u00faborov cookie op\u00edsan\u00fdch ni\u017e\u0161ie, pokia\u013e ste ich nezak\u00e1zali vo svojom prehliada\u010di alebo prostredn\u00edctvom n\u00e1\u0161ho banneru pre spr\u00e1vu s\u00fahlasu so s\u00fabormi cookie.<\/span><\/p>\n<p><strong><span style=\"color: #113167;\">2. \u010co s\u00fa s\u00fabory cookie?<\/span><\/strong><\/p>\n<p><span style=\"font-weight: 400;\">S\u00fabory cookie s\u00fa mal\u00e9 textov\u00e9 s\u00fabory, ktor\u00e9 sa ukladaj\u00fa do v\u00e1\u0161ho zariadenia (po\u010d\u00edta\u010d, tablet, smartf\u00f3n) pri n\u00e1v\u0161teve webovej str\u00e1nky.<\/span><span style=\"font-weight: 400;\"><br \/>\n<\/span><span style=\"font-weight: 400;\">S\u00fa \u0161iroko pou\u017e\u00edvan\u00e9 na zabezpe\u010denie spr\u00e1vneho fungovania webov\u00fdch str\u00e1nok, zlep\u0161enie pou\u017e\u00edvate\u013eskej sk\u00fasenosti a poskytovanie anonymizovan\u00fdch analytick\u00fdch \u00fadajov.<\/span><\/p>\n<p><strong><span style=\"color: #113167;\">3. Typy s\u00faborov cookie, ktor\u00e9 pou\u017e\u00edvame<\/span><\/strong><\/p>\n<p><strong><span style=\"color: #113167;\">3.1 Nevyhnutne potrebn\u00e9 s\u00fabory cookie<\/span><\/strong><\/p>\n<p><span style=\"font-weight: 400;\">Tieto s\u00fabory cookie s\u00fa nevyhnutn\u00e9 pre spr\u00e1vne fungovanie Webovej str\u00e1nky a nie je mo\u017en\u00e9 ich vypn\u00fa\u0165 v na\u0161ich syst\u00e9moch.<\/span><span style=\"font-weight: 400;\"><br \/>\n<\/span><span style=\"font-weight: 400;\">Zvy\u010dajne sa nastavuj\u00fa ako reakcia na va\u0161e \u010dinnosti, ako je vyp\u013a\u0148anie formul\u00e1rov, nastavenie preferenci\u00ed ochrany osobn\u00fdch \u00fadajov alebo prihl\u00e1senie do \u00fa\u010dtu.<\/span><\/p>\n<ul>\n<li style=\"font-weight: 400;\" aria-level=\"1\"><b>Pr\u00edklady:<\/b><span style=\"font-weight: 400;\"> rela\u010dn\u00e9 cookies, bezpe\u010dnostn\u00e9 tokeny<\/span><\/li>\n<\/ul>\n<p><strong><span style=\"color: #113167;\">3.2 Analytick\u00e9 \/ v\u00fdkonnostn\u00e9 s\u00fabory cookie<\/span><\/strong><\/p>\n<p><span style=\"font-weight: 400;\">Tieto s\u00fabory cookie n\u00e1m umo\u017e\u0148uj\u00fa po\u010d\u00edta\u0165 n\u00e1v\u0161tevy a zdroje n\u00e1v\u0161tevnosti, aby sme mohli mera\u0165 a zlep\u0161ova\u0165 v\u00fdkon na\u0161ej Webovej str\u00e1nky.<\/span><span style=\"font-weight: 400;\"><br \/>\n<\/span><span style=\"font-weight: 400;\">Na zber anonymn\u00fdch \u00fadajov, ako je po\u010det n\u00e1v\u0161tevn\u00edkov, sp\u00f4sob navig\u00e1cie pou\u017e\u00edvate\u013eov na str\u00e1nke a najnav\u0161tevovanej\u0161ie podstr\u00e1nky, pou\u017e\u00edvame <\/span><b>Google Analytics<\/b><span style=\"font-weight: 400;\">.<\/span><\/p>\n<ul>\n<li style=\"font-weight: 400;\" aria-level=\"1\"><b>Poskytovate\u013e:<\/b><span style=\"font-weight: 400;\"> Google LLC<\/span><\/li>\n<li style=\"font-weight: 400;\" aria-level=\"1\"><b>Zbieran\u00e9 \u00fadaje:<\/b><span style=\"font-weight: 400;\"> anonymizovan\u00e1 IP adresa, nav\u0161t\u00edven\u00e9 str\u00e1nky, \u010das str\u00e1ven\u00fd na webe, typ prehliada\u010da, typ zariadenia<\/span><\/li>\n<li style=\"font-weight: 400;\" aria-level=\"1\"><b>Doba platnosti:<\/b><span style=\"font-weight: 400;\"> do 14 mesiacov<\/span><\/li>\n<li style=\"font-weight: 400;\" aria-level=\"1\"><b>Pr\u00e1vny z\u00e1klad:<\/b><span style=\"font-weight: 400;\"> s\u00fahlas pou\u017e\u00edvate\u013ea (\u010dl. 6 ods. 1 p\u00edsm. a) GDPR)<\/span><\/li>\n<\/ul>\n<p><span style=\"font-weight: 400;\">Viac inform\u00e1ci\u00ed o tom, ako spolo\u010dnos\u0165 Google sprac\u00fava va\u0161e \u00fadaje, n\u00e1jdete tu.<\/span><\/p>\n<p><strong><span style=\"color: #113167;\">4. Spr\u00e1va va\u0161ich preferenci\u00ed pre s\u00fabory cookie<\/span><\/strong><\/p>\n<p><span style=\"font-weight: 400;\">Pri prvej n\u00e1v\u0161teve na\u0161ej Webovej str\u00e1nky sa zobraz\u00ed banner na udelenie s\u00fahlasu so s\u00fabormi cookie, ktor\u00fd v\u00e1m umo\u017en\u00ed prija\u0165 alebo odmietnu\u0165 nepodstatn\u00e9 s\u00fabory cookie.<\/span><span style=\"font-weight: 400;\"><br \/>\n<\/span><span style=\"font-weight: 400;\">Svoje preferencie m\u00f4\u017eete kedyko\u013evek zmeni\u0165:<\/span><\/p>\n<ul>\n<li style=\"font-weight: 400;\" aria-level=\"1\"><span style=\"font-weight: 400;\">kliknut\u00edm na odkaz <\/span><b>\u201eNastavenia s\u00faborov cookie\u201c<\/b><span style=\"font-weight: 400;\"> v p\u00e4ti\u010dke na\u0161ej webovej str\u00e1nky (ak je implementovan\u00fd), alebo<\/span><\/li>\n<li style=\"font-weight: 400;\" aria-level=\"1\"><span style=\"font-weight: 400;\">\u00fapravou nastaven\u00ed v\u00e1\u0161ho prehliada\u010da na blokovanie alebo odstr\u00e1nenie s\u00faborov cookie.<\/span><\/li>\n<\/ul>\n<p><b>Upozornenie:<\/b><span style=\"font-weight: 400;\"> vypnutie s\u00faborov cookie m\u00f4\u017ee ovplyvni\u0165 funk\u010dnos\u0165 a pou\u017e\u00edvate\u013esk\u00fd komfort Webovej str\u00e1nky.<\/span><\/p>\n<p><strong><span style=\"color: #113167;\">5. Ako zak\u00e1za\u0165 s\u00fabory cookie vo svojom prehliada\u010di<\/span><\/strong><\/p>\n<p><span style=\"font-weight: 400;\">Svoj prehliada\u010d m\u00f4\u017eete nastavi\u0165 tak, aby blokoval v\u0161etky s\u00fabory cookie alebo v\u00e1s upozornil, ke\u010f sa s\u00fabory cookie odosielaj\u00fa.<\/span><span style=\"font-weight: 400;\"><br \/>\n<\/span><span style=\"font-weight: 400;\">Ni\u017e\u0161ie n\u00e1jdete odkazy na pokyny pre spr\u00e1vu s\u00faborov cookie v najpou\u017e\u00edvanej\u0161\u00edch prehliada\u010doch:<\/span><\/p>\n<ul>\n<li style=\"font-weight: 400;\" aria-level=\"1\"><span style=\"font-weight: 400;\">Google Chrome<\/span><\/li>\n<li style=\"font-weight: 400;\" aria-level=\"1\"><span style=\"font-weight: 400;\">Mozilla Firefox<\/span><\/li>\n<li style=\"font-weight: 400;\" aria-level=\"1\"><span style=\"font-weight: 400;\">Safari<\/span><\/li>\n<li style=\"font-weight: 400;\" aria-level=\"1\"><span style=\"font-weight: 400;\">Microsoft Edge<\/span><\/li>\n<\/ul>\n<p><strong><span style=\"color: #113167;\">6. Zmeny t\u00fdchto Z\u00e1sad pou\u017e\u00edvania s\u00faborov cookie<\/span><\/strong><\/p>\n<p><span style=\"font-weight: 400;\">Tieto Z\u00e1sady m\u00f4\u017eeme aktualizova\u0165, aby odr\u00e1\u017eali zmeny technol\u00f3gi\u00ed, pr\u00e1vnych po\u017eiadaviek alebo na\u0161ich intern\u00fdch postupov.<\/span><span style=\"font-weight: 400;\"><br \/>\n<\/span><span style=\"font-weight: 400;\">V\u0161etky aktualiz\u00e1cie bud\u00fa zverejnen\u00e9 na tejto str\u00e1nke spolu s nov\u00fdm d\u00e1tumom \u00fa\u010dinnosti.<\/span><\/p>\n<p><strong><span style=\"color: #113167;\">7. Kontaktujte n\u00e1s<\/span><\/strong><\/p>\n<p><span style=\"font-weight: 400;\">Ak m\u00e1te ot\u00e1zky t\u00fdkaj\u00face sa pou\u017e\u00edvania s\u00faborov cookie, kontaktujte n\u00e1s:<\/span><\/p>\n<p><span style=\"font-weight: 400;\"><strong><span style=\"color: #113167;\">Hintsoft Capital Partners Kft.<\/span><\/strong><br \/>\n<\/span><span style=\"font-weight: 400;\">Czuczor Gergely utca 36., 5. poschodie, dvere \u010d. 11, 9022 Gy\u0151r, Ma\u010farsko<\/span><span style=\"font-weight: 400;\"><br \/>\n<\/span>E-mail: info@hintsoftpartners.com<br \/>\nTelef\u00f3n: +36 20 433 0880[\/vc_column_text][\/vc_column][\/vc_row]<\/p>\n<\/div>","protected":false},"excerpt":{"rendered":"<p>[vc_row row_height_percent=&#8220;0&#8243; override_padding=&#8220;yes&#8220; h_padding=&#8220;2&#8243; top_padding=&#8220;3&#8243; bottom_padding=&#8220;3&#8243; overlay_alpha=&#8220;100&#8243; gutter_size=&#8220;3&#8243; column_width_percent=&#8220;100&#8243; shift_y=&#8220;0&#8243; z_index=&#8220;0&#8243; content_parallax=&#8220;0&#8243; row_height_use_pixel=&#8220;&#8220; uncode_shortcode_id=&#8220;341402&#8243;][vc_column column_width_use_pixel=&#8220;yes&#8220; gutter_size=&#8220;3&#8243; overlay_alpha=&#8220;50&#8243; shift_x=&#8220;0&#8243; shift_y=&#8220;0&#8243; shift_y_down=&#8220;0&#8243; [&hellip;]<\/p>\n","protected":false},"author":1,"featured_media":0,"parent":0,"menu_order":0,"comment_status":"closed","ping_status":"closed","template":"","meta":{"_seopress_robots_primary_cat":"","_seopress_titles_title":"","_seopress_titles_desc":"","_seopress_robots_index":"","footnotes":""},"class_list":["post-1031","page","type-page","status-publish","hentry"],"_links":{"self":[{"href":"https:\/\/hintsoftpartners.com\/sk\/wp-json\/wp\/v2\/pages\/1031","targetHints":{"allow":["GET"]}}],"collection":[{"href":"https:\/\/hintsoftpartners.com\/sk\/wp-json\/wp\/v2\/pages"}],"about":[{"href":"https:\/\/hintsoftpartners.com\/sk\/wp-json\/wp\/v2\/types\/page"}],"author":[{"embeddable":true,"href":"https:\/\/hintsoftpartners.com\/sk\/wp-json\/wp\/v2\/users\/1"}],"replies":[{"embeddable":true,"href":"https:\/\/hintsoftpartners.com\/sk\/wp-json\/wp\/v2\/comments?post=1031"}],"version-history":[{"count":9,"href":"https:\/\/hintsoftpartners.com\/sk\/wp-json\/wp\/v2\/pages\/1031\/revisions"}],"predecessor-version":[{"id":1582,"href":"https:\/\/hintsoftpartners.com\/sk\/wp-json\/wp\/v2\/pages\/1031\/revisions\/1582"}],"wp:attachment":[{"href":"https:\/\/hintsoftpartners.com\/sk\/wp-json\/wp\/v2\/media?parent=1031"}],"curies":[{"name":"wp","href":"https:\/\/api.w.org\/{rel}","templated":true}]}}