{"id":1007,"date":"2025-03-19T09:48:27","date_gmt":"2025-03-19T08:48:27","guid":{"rendered":"https:\/\/hintsoftpartners.com\/terms-of-use\/"},"modified":"2026-02-10T13:32:14","modified_gmt":"2026-02-10T12:32:14","slug":"terms-of-use","status":"publish","type":"page","link":"https:\/\/hintsoftpartners.com\/sk\/terms-of-use\/","title":{"rendered":"Terms of Use"},"content":{"rendered":"<div class=\"wpb-content-wrapper\"><p>[vc_row row_height_percent=&#8220;0&#8243; override_padding=&#8220;yes&#8220; h_padding=&#8220;2&#8243; top_padding=&#8220;3&#8243; bottom_padding=&#8220;3&#8243; overlay_alpha=&#8220;100&#8243; gutter_size=&#8220;3&#8243; column_width_percent=&#8220;100&#8243; shift_y=&#8220;0&#8243; z_index=&#8220;0&#8243; content_parallax=&#8220;0&#8243; row_height_use_pixel=&#8220;&#8220; uncode_shortcode_id=&#8220;341402&#8243;][vc_column column_width_use_pixel=&#8220;yes&#8220; gutter_size=&#8220;3&#8243; overlay_alpha=&#8220;50&#8243; shift_x=&#8220;0&#8243; shift_y=&#8220;0&#8243; shift_y_down=&#8220;0&#8243; z_index=&#8220;0&#8243; medium_width=&#8220;0&#8243; mobile_width=&#8220;0&#8243; zoom_width=&#8220;0&#8243; zoom_height=&#8220;0&#8243; column_width_pixel=&#8220;800&#8243; uncode_shortcode_id=&#8220;203694&#8243;][vc_custom_heading auto_text=&#8220;yes&#8220; text_color=&#8220;color-408418&#8243; heading_semantic=&#8220;h3&#8243; text_size=&#8220;h1&#8243; text_uppercase=&#8220;&#8220; uncode_shortcode_id=&#8220;454576&#8243; text_color_type=&#8220;uncode-palette&#8220;][\/vc_custom_heading][vc_column_text text_lead=&#8220;yes&#8220; uncode_shortcode_id=&#8220;462971&#8243;]<strong><span style=\"color: #113167;\">1. \u00davod<\/span><\/strong><\/p>\n<p><span style=\"font-weight: 400;\">Tieto <\/span><b>Podmienky pou\u017e\u00edvania<\/b><span style=\"font-weight: 400;\"> (\u201e<\/span><b>Podmienky<\/b><span style=\"font-weight: 400;\">\u201c) upravuj\u00fa pr\u00edstup k webovej str\u00e1nke a jej pou\u017e\u00edvanie, ktor\u00fa prev\u00e1dzkuje spolo\u010dnos\u0165 <strong>Hintsoft Capital Partners Kft.<\/strong><\/span><span style=\"font-weight: 400;\">, dostupn\u00e1 na adrese <\/span><strong>www.hintsoftpartners.com<\/strong><span style=\"font-weight: 400;\"> (\u201e<\/span><b>Webov\u00e1 str\u00e1nka<\/b><span style=\"font-weight: 400;\">\u201c).<\/span><\/p>\n<p><span style=\"font-weight: 400;\">Pr\u00edstupom alebo pou\u017e\u00edvan\u00edm tejto Webovej str\u00e1nky vyjadrujete svoj s\u00fahlas s t\u00fdmito Podmienkami a zav\u00e4zujete sa dodr\u017eiava\u0165 v\u0161etky platn\u00e9 z\u00e1kony a predpisy.<\/span><span style=\"font-weight: 400;\"><br \/>\n<\/span><span style=\"font-weight: 400;\">Ak s t\u00fdmito Podmienkami nes\u00fahlas\u00edte, pros\u00edme, aby ste Webov\u00fa str\u00e1nku nepou\u017e\u00edvali.<\/span><\/p>\n<p><strong><span style=\"color: #113167;\">2. Prev\u00e1dzkovate\u013e webovej str\u00e1nky<\/span><\/strong><\/p>\n<ul>\n<li style=\"font-weight: 400;\" aria-level=\"1\"><b>N\u00e1zov spolo\u010dnosti:<\/b><span style=\"font-weight: 400;\"> Hintsoft Capital Partners Kft.<\/span><\/li>\n<li style=\"font-weight: 400;\" aria-level=\"1\"><b>S\u00eddlo:<\/b><span style=\"font-weight: 400;\"> 9022 Gy\u0151r, Czuczor Gergely utca 36., 5. poschodie, dvere \u010d. 11<\/span><\/li>\n<li style=\"font-weight: 400;\" aria-level=\"1\"><b>I\u010cO:<\/b><span style=\"font-weight: 400;\"> 08-09-035864<\/span><\/li>\n<li style=\"font-weight: 400;\" aria-level=\"1\"><b>E-mail:<\/b><span style=\"font-weight: 400;\"> info@hintsoftpartners.com<\/span><\/li>\n<li style=\"font-weight: 400;\" aria-level=\"1\"><b>Telef\u00f3n:<\/b><span style=\"font-weight: 400;\"> +36 20 433 0880<\/span><\/li>\n<\/ul>\n<p><strong><span style=\"color: #113167;\">3. Pou\u017e\u00edvanie webovej str\u00e1nky<\/span><\/strong><\/p>\n<p><span style=\"font-weight: 400;\">Obsah Webovej str\u00e1nky sl\u00fa\u017ei v\u00fdhradne na <\/span><b>v\u0161eobecn\u00e9 informa\u010dn\u00e9 \u00fa\u010dely<\/b><span style=\"font-weight: 400;\">.<\/span><span style=\"font-weight: 400;\"><br \/>\n<\/span><span style=\"font-weight: 400;\">Webov\u00fa str\u00e1nku m\u00f4\u017eete pou\u017e\u00edva\u0165 iba z\u00e1konn\u00fdm sp\u00f4sobom a v s\u00falade s t\u00fdmito Podmienkami.<\/span><\/p>\n<p><span style=\"font-weight: 400;\">Zav\u00e4zujete sa, \u017ee nebudete:<\/span><\/p>\n<ul>\n<li style=\"font-weight: 400;\" aria-level=\"1\"><span style=\"font-weight: 400;\">pou\u017e\u00edva\u0165 Webov\u00fa str\u00e1nku sp\u00f4sobom, ktor\u00fd poru\u0161uje platn\u00e9 pr\u00e1vne predpisy,<\/span><\/li>\n<li style=\"font-weight: 400;\" aria-level=\"1\"><span style=\"font-weight: 400;\">pok\u00fa\u0161a\u0165 sa o neopr\u00e1vnen\u00fd pr\u00edstup k akejko\u013evek \u010dasti Webovej str\u00e1nky,<\/span><\/li>\n<li style=\"font-weight: 400;\" aria-level=\"1\"><span style=\"font-weight: 400;\">zav\u00e1dza\u0165 v\u00edrusy, \u0161kodliv\u00fd softv\u00e9r alebo in\u00fd nebezpe\u010dn\u00fd k\u00f3d.<\/span><\/li>\n<\/ul>\n<p><span style=\"font-weight: 400;\">Spolo\u010dnos\u0165 si vyhradzuje pr\u00e1vo <\/span><b>pozastavi\u0165 alebo ukon\u010di\u0165 v\u00e1\u0161 pr\u00edstup<\/b><span style=\"font-weight: 400;\"> k Webovej str\u00e1nke kedyko\u013evek, bez predch\u00e1dzaj\u00faceho upozornenia, ak d\u00f4jde k poru\u0161eniu t\u00fdchto Podmienok.<\/span><\/p>\n<p><strong><span style=\"color: #113167;\">4. Du\u0161evn\u00e9 vlastn\u00edctvo<\/span><\/strong><\/p>\n<p><span style=\"font-weight: 400;\">V\u0161etok obsah Webovej str\u00e1nky (vr\u00e1tane, ale nie v\u00fdlu\u010dne, textov, grafiky, loga, dizajnu a rozlo\u017eenia) je <\/span><b>du\u0161evn\u00fdm vlastn\u00edctvom spolo\u010dnosti Hintsoft Capital Partners Kft.<\/b><span style=\"font-weight: 400;\">\u00a0alebo jej poskytovate\u013eov licenci\u00ed a je chr\u00e1nen\u00fd autorsk\u00fdm pr\u00e1vom a in\u00fdmi pr\u00edslu\u0161n\u00fdmi pr\u00e1vnymi predpismi.<\/span><\/p>\n<p><span style=\"font-weight: 400;\">Obsah Webovej str\u00e1nky si m\u00f4\u017eete prezera\u0165, s\u0165ahova\u0165 alebo tla\u010di\u0165 <\/span><b>len na osobn\u00e9, nekomer\u010dn\u00e9 \u00fa\u010dely<\/b><span style=\"font-weight: 400;\">.<\/span><span style=\"font-weight: 400;\"><br \/>\n<\/span><span style=\"font-weight: 400;\">Bez predch\u00e1dzaj\u00faceho p\u00edsomn\u00e9ho s\u00fahlasu spolo\u010dnosti nesmiete \u017eiadnu \u010das\u0165 Webovej str\u00e1nky kop\u00edrova\u0165, reprodukova\u0165, distribuova\u0165 ani upravova\u0165.<\/span><\/p>\n<p><strong><span style=\"color: #113167;\">5. Obmedzenie zodpovednosti\u00a0<\/span><\/strong><\/p>\n<p><span style=\"font-weight: 400;\">Hoci sa spolo\u010dnos\u0165 usiluje poskytova\u0165 presn\u00e9 a aktu\u00e1lne inform\u00e1cie, <\/span><b>nezaru\u010duje ani nepreber\u00e1 zodpovednos\u0165<\/b><span style=\"font-weight: 400;\"> za presnos\u0165, spo\u013eahlivos\u0165 alebo \u00faplnos\u0165 ak\u00e9hoko\u013evek obsahu na Webovej str\u00e1nke.<\/span><\/p>\n<p><span style=\"font-weight: 400;\">Spolo\u010dnos\u0165 <\/span><b>nenesie zodpovednos\u0165<\/b><span style=\"font-weight: 400;\"> za \u017eiadne priame ani nepriame \u0161kody vypl\u00fdvaj\u00face z pou\u017e\u00edvania alebo nemo\u017enosti pou\u017e\u00edva\u0165 Webov\u00fa str\u00e1nku, vr\u00e1tane (nie v\u0161ak v\u00fdlu\u010dne) straty \u00fadajov, u\u0161l\u00e9ho zisku alebo preru\u0161enia podnikania.<\/span><\/p>\n<p><strong><span style=\"color: #113167;\">6. Odkazy na webov\u00e9 str\u00e1nky tret\u00edch str\u00e1n<\/span><\/strong><\/p>\n<p><span style=\"font-weight: 400;\">Webov\u00e1 str\u00e1nka m\u00f4\u017ee obsahova\u0165 odkazy na webov\u00e9 str\u00e1nky tret\u00edch str\u00e1n. Tieto odkazy s\u00fa poskytovan\u00e9 v\u00fdhradne pre va\u0161e pohodlie.<\/span><span style=\"font-weight: 400;\"><br \/>\n<\/span><span style=\"font-weight: 400;\">Spolo\u010dnos\u0165 <\/span><b>nem\u00e1 kontrolu<\/b><span style=\"font-weight: 400;\"> nad obsahom t\u00fdchto str\u00e1nok a <\/span><b>nezodpoved\u00e1<\/b><span style=\"font-weight: 400;\"> za ich obsah, spr\u00e1vnos\u0165 ani praktiky.<\/span><span style=\"font-weight: 400;\"><br \/>\n<\/span><span style=\"font-weight: 400;\">Pr\u00edstup na webov\u00e9 str\u00e1nky tret\u00edch str\u00e1n je na va\u0161e vlastn\u00e9 riziko.<\/span><\/p>\n<p><strong><span style=\"color: #113167;\">7. Ochrana osobn\u00fdch \u00fadajov<\/span><\/strong><\/p>\n<p><span style=\"font-weight: 400;\">Ak\u00e9ko\u013evek osobn\u00e9 \u00fadaje zhroma\u017e\u010fovan\u00e9 prostredn\u00edctvom Webovej str\u00e1nky sa sprac\u00favaj\u00fa v s\u00falade s na\u0161imi <\/span><b>[Z\u00e1sadami ochrany osobn\u00fdch \u00fadajov]<\/b><span style=\"font-weight: 400;\"> a <\/span><b>[Z\u00e1sadami pou\u017e\u00edvania s\u00faborov cookie]<\/b><span style=\"font-weight: 400;\">, ktor\u00e9 odpor\u00fa\u010dame pre\u0161tudova\u0165.<\/span><\/p>\n<p><strong><span style=\"color: #113167;\">8. Rozhodn\u00e9 pr\u00e1vo a jurisdikcia<\/span><\/strong><\/p>\n<p><span style=\"font-weight: 400;\">Tieto Podmienky sa riadia pr\u00e1vnym poriadkom <\/span><b>Ma\u010farska<\/b><span style=\"font-weight: 400;\">.<\/span><span style=\"font-weight: 400;\"><br \/>\n<\/span><span style=\"font-weight: 400;\">V\u0161etky spory vypl\u00fdvaj\u00face z pou\u017e\u00edvania Webovej str\u00e1nky alebo s t\u00fdm s\u00favisiace patria do <\/span><b>v\u00fdlu\u010dnej pr\u00e1vomoci ma\u010farsk\u00fdch s\u00fadov<\/b><span style=\"font-weight: 400;\">.<\/span><\/p>\n<p><strong><span style=\"color: #113167;\">9. Zmeny podmienok<\/span><\/strong><\/p>\n<p><span style=\"font-weight: 400;\">Spolo\u010dnos\u0165 <strong>Hintsoft Capital Partners Kft.<\/strong><\/span><span style=\"font-weight: 400;\">\u00a0si vyhradzuje pr\u00e1vo tieto Podmienky kedyko\u013evek zmeni\u0165.<\/span><span style=\"font-weight: 400;\"><br \/>\n<\/span><span style=\"font-weight: 400;\">Aktualizovan\u00e1 verzia bude zverejnen\u00e1 na tejto str\u00e1nke s uveden\u00edm d\u00e1tumu \u00fa\u010dinnosti.<\/span><span style=\"font-weight: 400;\"><br \/>\n<\/span><span style=\"font-weight: 400;\">Pokra\u010dovan\u00edm v pou\u017e\u00edvan\u00ed Webovej str\u00e1nky po t\u00fdchto zmen\u00e1ch vyjadrujete svoj s\u00fahlas s ich nov\u00fdm znen\u00edm.<\/span><\/p>\n<p><strong><span style=\"color: #113167;\">10. Kontakt<\/span><\/strong><\/p>\n<p><span style=\"font-weight: 400;\">Ak m\u00e1te ot\u00e1zky t\u00fdkaj\u00face sa t\u00fdchto Podmienok pou\u017e\u00edvania, kontaktujte n\u00e1s:<\/span><\/p>\n<p class=\"p1\"><span style=\"font-weight: 400;\"><strong><span style=\"color: #113167;\">Hintsoft Capital Partners Kft.<br \/>\n<\/span><\/strong><\/span><span style=\"font-weight: 400;\">Czuczor Gergely utca 36., 5. poschodie, dvere \u010d. 11<\/span><span style=\"font-weight: 400;\"><br \/>\n<\/span><span style=\"font-weight: 400;\">9022 Gy\u0151r, Ma\u010farsko<\/span><span style=\"font-weight: 400;\"><br \/>\n<\/span><b>E-mail:<\/b><span style=\"font-weight: 400;\"> info@hintsoftpartners.com<\/span><span style=\"font-weight: 400;\"><br \/>\n<\/span><b>Telef\u00f3n:<\/b><span style=\"font-weight: 400;\"> +36 20 433 0880<\/span><\/p>\n<p>[\/vc_column_text][\/vc_column][\/vc_row]<\/p>\n<\/div>","protected":false},"excerpt":{"rendered":"<p>[vc_row row_height_percent=&#8220;0&#8243; override_padding=&#8220;yes&#8220; h_padding=&#8220;2&#8243; top_padding=&#8220;3&#8243; bottom_padding=&#8220;3&#8243; overlay_alpha=&#8220;100&#8243; gutter_size=&#8220;3&#8243; column_width_percent=&#8220;100&#8243; shift_y=&#8220;0&#8243; z_index=&#8220;0&#8243; content_parallax=&#8220;0&#8243; row_height_use_pixel=&#8220;&#8220; uncode_shortcode_id=&#8220;341402&#8243;][vc_column column_width_use_pixel=&#8220;yes&#8220; gutter_size=&#8220;3&#8243; overlay_alpha=&#8220;50&#8243; shift_x=&#8220;0&#8243; shift_y=&#8220;0&#8243; shift_y_down=&#8220;0&#8243; [&hellip;]<\/p>\n","protected":false},"author":1,"featured_media":0,"parent":0,"menu_order":0,"comment_status":"closed","ping_status":"closed","template":"","meta":{"_seopress_robots_primary_cat":"","_seopress_titles_title":"","_seopress_titles_desc":"","_seopress_robots_index":"","footnotes":""},"class_list":["post-1007","page","type-page","status-publish","hentry"],"_links":{"self":[{"href":"https:\/\/hintsoftpartners.com\/sk\/wp-json\/wp\/v2\/pages\/1007","targetHints":{"allow":["GET"]}}],"collection":[{"href":"https:\/\/hintsoftpartners.com\/sk\/wp-json\/wp\/v2\/pages"}],"about":[{"href":"https:\/\/hintsoftpartners.com\/sk\/wp-json\/wp\/v2\/types\/page"}],"author":[{"embeddable":true,"href":"https:\/\/hintsoftpartners.com\/sk\/wp-json\/wp\/v2\/users\/1"}],"replies":[{"embeddable":true,"href":"https:\/\/hintsoftpartners.com\/sk\/wp-json\/wp\/v2\/comments?post=1007"}],"version-history":[{"count":14,"href":"https:\/\/hintsoftpartners.com\/sk\/wp-json\/wp\/v2\/pages\/1007\/revisions"}],"predecessor-version":[{"id":1579,"href":"https:\/\/hintsoftpartners.com\/sk\/wp-json\/wp\/v2\/pages\/1007\/revisions\/1579"}],"wp:attachment":[{"href":"https:\/\/hintsoftpartners.com\/sk\/wp-json\/wp\/v2\/media?parent=1007"}],"curies":[{"name":"wp","href":"https:\/\/api.w.org\/{rel}","templated":true}]}}