{"id":1310,"date":"2025-03-19T09:48:27","date_gmt":"2025-03-19T08:48:27","guid":{"rendered":"https:\/\/hintsoftpartners.com\/?page_id=1310"},"modified":"2026-02-20T11:07:15","modified_gmt":"2026-02-20T10:07:15","slug":"terms-of-use","status":"publish","type":"page","link":"https:\/\/hintsoftpartners.com\/hu\/terms-of-use\/","title":{"rendered":"Terms of Use"},"content":{"rendered":"<div class=\"wpb-content-wrapper\"><p>[vc_row row_height_percent=&#8221;0&#8243; override_padding=&#8221;yes&#8221; h_padding=&#8221;2&#8243; top_padding=&#8221;3&#8243; bottom_padding=&#8221;3&#8243; overlay_alpha=&#8221;50&#8243; gutter_size=&#8221;3&#8243; column_width_percent=&#8221;100&#8243; shift_y=&#8221;0&#8243; z_index=&#8221;0&#8243; content_parallax=&#8221;0&#8243; uncode_shortcode_id=&#8221;209710&#8243;][vc_column column_width_use_pixel=&#8221;yes&#8221; gutter_size=&#8221;3&#8243; overlay_alpha=&#8221;50&#8243; shift_x=&#8221;0&#8243; shift_y=&#8221;0&#8243; shift_y_down=&#8221;0&#8243; z_index=&#8221;0&#8243; medium_width=&#8221;0&#8243; mobile_width=&#8221;0&#8243; uncode_shortcode_id=&#8221;149275&#8243; column_width_pixel=&#8221;800&#8243;][vc_custom_heading auto_text=&#8221;yes&#8221; text_color=&#8221;color-408418&#8243; heading_semantic=&#8221;h3&#8243; text_size=&#8221;h1&#8243; uncode_shortcode_id=&#8221;104268&#8243; text_color_type=&#8221;uncode-palette&#8221;]This is a custom heading element.[\/vc_custom_heading][vc_column_text text_lead=&#8221;yes&#8221; uncode_shortcode_id=&#8221;174556&#8243;]<strong><span style=\"color: #113167;\">1. Bevezet\u00e9s<\/span><\/strong><\/p>\n<p class=\"p2\">Jelen Haszn\u00e1lati Felt\u00e9telek (\u201eFelt\u00e9telek\u201d) szab\u00e1lyozz\u00e1k a <strong>Hintsoft Capital Partners Kft.<\/strong> \u00e1ltal \u00fczemeltetett weboldal (www.hintsoftpartners.com, a tov\u00e1bbiakban: \u201eWeboldal\u201d) el\u00e9r\u00e9s\u00e9t \u00e9s haszn\u00e1lat\u00e1t.<\/p>\n<p class=\"p2\">A Weboldal l\u00e1togat\u00e1s\u00e1val \u00e9s haszn\u00e1lat\u00e1val \u00d6n elfogadja a jelen Felt\u00e9teleket, valamint v\u00e1llalja, hogy betartja az alkalmazand\u00f3 jogszab\u00e1lyokat. Amennyiben nem \u00e9rt egyet ezekkel a felt\u00e9telekkel, k\u00e9rj\u00fck, ne haszn\u00e1lja a Weboldalt.<\/p>\n<p><strong><span style=\"color: #113167;\">2. A Weboldal \u00fczemeltet\u0151je<\/span><\/strong><\/p>\n<ul class=\"ul1\">\n<li class=\"li2\"><b>C\u00e9gn\u00e9v:<\/b> Hintsoft Capital Partners Kft.<\/li>\n<li class=\"li2\"><b>Sz\u00e9khely:<\/b>\u00a09022 Gy\u0151r, Czuczor Gergely utca 36. 5. em. 11. ajt\u00f3<\/li>\n<li class=\"li2\"><b>C\u00e9gjegyz\u00e9ksz\u00e1m:<\/b>\u00a008-09-035864<\/li>\n<li class=\"li2\"><b>E-mail:<\/b> info@hintsoftpartners.com<\/li>\n<li class=\"li2\"><b>Telefon:<\/b>\u00a0+36 20 433 0880<\/li>\n<\/ul>\n<p><strong><span style=\"color: #113167;\">3. A Weboldal haszn\u00e1lata<\/span><\/strong><\/p>\n<p class=\"p2\">A Weboldalon tal\u00e1lhat\u00f3 tartalom kiz\u00e1r\u00f3lag \u00e1ltal\u00e1nos t\u00e1j\u00e9koztat\u00e1s c\u00e9lj\u00e1ra szolg\u00e1l. A Weboldalt kiz\u00e1r\u00f3lag jogszer\u0171 c\u00e9lokra, a jelen Felt\u00e9teleknek megfelel\u0151en lehet haszn\u00e1lni.<\/p>\n<p class=\"p2\">Tilos:<\/p>\n<ul class=\"ul1\">\n<li class=\"li2\">a Weboldalt olyan m\u00f3don haszn\u00e1lni, amely ellent\u00e9tes a hat\u00e1lyos jogszab\u00e1lyokkal;<\/li>\n<li class=\"li2\">megk\u00eds\u00e9relni jogosulatlan hozz\u00e1f\u00e9r\u00e9st szerezni a Weboldal b\u00e1rmely r\u00e9sz\u00e9hez;<\/li>\n<li class=\"li2\">v\u00edrusokat, k\u00e1rt\u00e9kony k\u00f3dokat vagy m\u00e1s rosszindulat\u00fa szoftvereket elhelyezni vagy tov\u00e1bb\u00edtani.<\/li>\n<\/ul>\n<p class=\"p2\">A T\u00e1rsas\u00e1g fenntartja a jogot, hogy b\u00e1rmikor, el\u0151zetes \u00e9rtes\u00edt\u00e9s n\u00e9lk\u00fcl korl\u00e1tozza vagy megsz\u00fcntesse az \u00d6n hozz\u00e1f\u00e9r\u00e9s\u00e9t a Weboldalhoz, amennyiben megs\u00e9rti a jelen Felt\u00e9teleket.<\/p>\n<p><strong><span style=\"color: #113167;\">4. Szerz\u0151i jog \u00e9s szellemi tulajdon<\/span><\/strong><\/p>\n<p class=\"p2\">A Weboldalon tal\u00e1lhat\u00f3 minden tartalom (ide\u00e9rtve, de nem kiz\u00e1r\u00f3lagosan: sz\u00f6veg, grafika, log\u00f3k, diz\u00e1jn) a Hintsoft Capital Partners Kft. vagy licencad\u00f3inak szellemi tulajdona, \u00e9s szerz\u0151i jogi v\u00e9delem alatt \u00e1ll.<\/p>\n<p class=\"p2\">A Weboldal tartalma kiz\u00e1r\u00f3lag szem\u00e9lyes, nem kereskedelmi c\u00e9lra haszn\u00e1lhat\u00f3. A tartalom m\u00e1sol\u00e1sa, terjeszt\u00e9se, m\u00f3dos\u00edt\u00e1sa vagy \u00fajrafelhaszn\u00e1l\u00e1sa kiz\u00e1r\u00f3lag a T\u00e1rsas\u00e1g el\u0151zetes \u00edr\u00e1sbeli enged\u00e9ly\u00e9vel t\u00f6rt\u00e9nhet.<\/p>\n<p><strong><span style=\"color: #113167;\">5. Felel\u0151ss\u00e9g korl\u00e1toz\u00e1sa<\/span><\/strong><\/p>\n<p class=\"p2\">A T\u00e1rsas\u00e1g t\u00f6rekszik a Weboldalon tal\u00e1lhat\u00f3 inform\u00e1ci\u00f3k pontoss\u00e1g\u00e1ra \u00e9s naprak\u00e9szen tart\u00e1s\u00e1ra, de nem v\u00e1llal felel\u0151ss\u00e9get azok teljess\u00e9g\u00e9\u00e9rt vagy hibamentess\u00e9g\u00e9\u00e9rt.<\/p>\n<p class=\"p2\">A T\u00e1rsas\u00e1g nem v\u00e1llal felel\u0151ss\u00e9get semmilyen k\u00f6zvetlen vagy k\u00f6zvetett k\u00e1r\u00e9rt, amely a Weboldal haszn\u00e1lat\u00e1b\u00f3l vagy annak haszn\u00e1lhatatlans\u00e1g\u00e1b\u00f3l ered \u2013 ide\u00e9rtve, de nem kiz\u00e1r\u00f3lagosan, adatveszt\u00e9st, bev\u00e9telkies\u00e9st vagy \u00fczletmenet megszakad\u00e1s\u00e1t.<\/p>\n<p><strong><span style=\"color: #113167;\">6. Harmadik f\u00e9lre mutat\u00f3 linkek<\/span><\/strong><\/p>\n<p class=\"p2\">A Weboldal tartalmazhat m\u00e1s weboldalakra mutat\u00f3 hivatkoz\u00e1sokat, amelyek nem \u00e1llnak a T\u00e1rsas\u00e1g ellen\u0151rz\u00e9se alatt. Ezek\u00e9rt a harmadik f\u00e9l \u00e1ltal \u00fczemeltetett oldalak tartalm\u00e1\u00e9rt \u00e9s adatkezel\u00e9si gyakorlat\u00e1\u00e9rt a T\u00e1rsas\u00e1g nem v\u00e1llal felel\u0151ss\u00e9get. A hivatkozott oldalak haszn\u00e1lata kiz\u00e1r\u00f3lag a felhaszn\u00e1l\u00f3 saj\u00e1t felel\u0151ss\u00e9g\u00e9re t\u00f6rt\u00e9nik.<\/p>\n<p><strong><span style=\"color: #113167;\">7. Adatv\u00e9delem<\/span><\/strong><\/p>\n<p class=\"p2\">A Weboldalon kereszt\u00fcl gy\u0171jt\u00f6tt szem\u00e9lyes adatokat a T\u00e1rsas\u00e1g az [Adatkezel\u00e9si T\u00e1j\u00e9koztat\u00f3ban] \u00e9s a [Cookie Szab\u00e1lyzatban] foglaltak szerint kezeli. K\u00e9rj\u00fck, ezeket is figyelmesen olvassa el.<\/p>\n<p><strong><span style=\"color: #113167;\">8. Ir\u00e1nyad\u00f3 jog \u00e9s joghat\u00f3s\u00e1g<\/span><\/strong><\/p>\n<p class=\"p2\">A jelen Felt\u00e9telekre a\u00a0<b>magyar jog<\/b>\u00a0az ir\u00e1nyad\u00f3. Az ezekb\u0151l ered\u0151 vagy azokkal \u00f6sszef\u00fcgg\u0151 jogvit\u00e1k elb\u00edr\u00e1l\u00e1sa a\u00a0<b>magyar b\u00edr\u00f3s\u00e1gok kiz\u00e1r\u00f3lagos illet\u00e9kess\u00e9g\u00e9be<\/b>\u00a0tartozik.<\/p>\n<p><strong><span style=\"color: #113167;\">9. A Felt\u00e9telek m\u00f3dos\u00edt\u00e1sa<\/span><\/strong><\/p>\n<p class=\"p2\">A Hintsoft Capital Partners Kft. fenntartja a jogot, hogy a jelen Haszn\u00e1lati Felt\u00e9teleket b\u00e1rmikor m\u00f3dos\u00edtsa. Az aktu\u00e1lis verzi\u00f3 mindig el\u00e9rhet\u0151 a Weboldalon. A Weboldal tov\u00e1bbi haszn\u00e1lata a m\u00f3dos\u00edt\u00e1sok elfogad\u00e1s\u00e1nak min\u0151s\u00fcl.<\/p>\n<p><strong><span style=\"color: #113167;\">10. Kapcsolat<\/span><\/strong><\/p>\n<p class=\"p2\">Amennyiben k\u00e9rd\u00e9se van a jelen Felt\u00e9telekkel kapcsolatban, k\u00e9rj\u00fck, vegye fel vel\u00fcnk a kapcsolatot:<\/p>\n<p class=\"p2\"><strong><span style=\"color: #113167;\">Hintsoft Capital Partners Kft.<\/span><\/strong><br \/>\n9022 Gy\u0151r, Czuczor Gergely utca 36. 5. em. 11. ajt\u00f3<br \/>\nEmail: info@hintsoftpartners.com<br \/>\nTelefon: +36 20 433 0880<\/p>\n<p>[\/vc_column_text][\/vc_column][\/vc_row]<\/p>\n<\/div>","protected":false},"excerpt":{"rendered":"<p>[vc_row row_height_percent=&#8221;0&#8243; override_padding=&#8221;yes&#8221; h_padding=&#8221;2&#8243; top_padding=&#8221;3&#8243; bottom_padding=&#8221;3&#8243; overlay_alpha=&#8221;50&#8243; gutter_size=&#8221;3&#8243; column_width_percent=&#8221;100&#8243; shift_y=&#8221;0&#8243; z_index=&#8221;0&#8243; content_parallax=&#8221;0&#8243; uncode_shortcode_id=&#8221;209710&#8243;][vc_column column_width_use_pixel=&#8221;yes&#8221; gutter_size=&#8221;3&#8243; overlay_alpha=&#8221;50&#8243; shift_x=&#8221;0&#8243; shift_y=&#8221;0&#8243; shift_y_down=&#8221;0&#8243; z_index=&#8221;0&#8243; [&hellip;]<\/p>\n","protected":false},"author":1,"featured_media":0,"parent":0,"menu_order":0,"comment_status":"closed","ping_status":"closed","template":"","meta":{"_seopress_robots_primary_cat":"","_seopress_titles_title":"","_seopress_titles_desc":"","_seopress_robots_index":"","footnotes":""},"class_list":["post-1310","page","type-page","status-publish","hentry"],"_links":{"self":[{"href":"https:\/\/hintsoftpartners.com\/hu\/wp-json\/wp\/v2\/pages\/1310","targetHints":{"allow":["GET"]}}],"collection":[{"href":"https:\/\/hintsoftpartners.com\/hu\/wp-json\/wp\/v2\/pages"}],"about":[{"href":"https:\/\/hintsoftpartners.com\/hu\/wp-json\/wp\/v2\/types\/page"}],"author":[{"embeddable":true,"href":"https:\/\/hintsoftpartners.com\/hu\/wp-json\/wp\/v2\/users\/1"}],"replies":[{"embeddable":true,"href":"https:\/\/hintsoftpartners.com\/hu\/wp-json\/wp\/v2\/comments?post=1310"}],"version-history":[{"count":8,"href":"https:\/\/hintsoftpartners.com\/hu\/wp-json\/wp\/v2\/pages\/1310\/revisions"}],"predecessor-version":[{"id":1671,"href":"https:\/\/hintsoftpartners.com\/hu\/wp-json\/wp\/v2\/pages\/1310\/revisions\/1671"}],"wp:attachment":[{"href":"https:\/\/hintsoftpartners.com\/hu\/wp-json\/wp\/v2\/media?parent=1310"}],"curies":[{"name":"wp","href":"https:\/\/api.w.org\/{rel}","templated":true}]}}