{"id":1306,"date":"2025-03-19T09:48:34","date_gmt":"2025-03-19T08:48:34","guid":{"rendered":"https:\/\/hintsoftpartners.com\/?page_id=1306"},"modified":"2026-02-20T11:09:17","modified_gmt":"2026-02-20T10:09:17","slug":"cookie-policy","status":"publish","type":"page","link":"https:\/\/hintsoftpartners.com\/hu\/cookie-policy\/","title":{"rendered":"Cookie Policy"},"content":{"rendered":"<div class=\"wpb-content-wrapper\"><p>[vc_row row_height_percent=&#8221;0&#8243; override_padding=&#8221;yes&#8221; h_padding=&#8221;2&#8243; top_padding=&#8221;3&#8243; bottom_padding=&#8221;3&#8243; overlay_alpha=&#8221;50&#8243; gutter_size=&#8221;3&#8243; column_width_percent=&#8221;100&#8243; shift_y=&#8221;0&#8243; z_index=&#8221;0&#8243; content_parallax=&#8221;0&#8243; uncode_shortcode_id=&#8221;800886&#8243;][vc_column column_width_use_pixel=&#8221;yes&#8221; gutter_size=&#8221;3&#8243; overlay_alpha=&#8221;50&#8243; shift_x=&#8221;0&#8243; shift_y=&#8221;0&#8243; shift_y_down=&#8221;0&#8243; z_index=&#8221;0&#8243; medium_width=&#8221;0&#8243; mobile_width=&#8221;0&#8243; uncode_shortcode_id=&#8221;945908&#8243; column_width_pixel=&#8221;800&#8243;][vc_custom_heading auto_text=&#8221;yes&#8221; text_color=&#8221;color-408418&#8243; heading_semantic=&#8221;h3&#8243; text_size=&#8221;h1&#8243; uncode_shortcode_id=&#8221;107207&#8243; text_color_type=&#8221;uncode-palette&#8221;]This is a custom heading element.[\/vc_custom_heading][vc_column_text text_lead=&#8221;yes&#8221; uncode_shortcode_id=&#8221;143247&#8243;]<strong><span style=\"color: #113167;\">1. Bevezet\u00e9s<\/span><\/strong><\/p>\n<p class=\"p2\">Jelen Cookie Szab\u00e1lyzat c\u00e9lja, hogy t\u00e1j\u00e9koztat\u00e1st ny\u00fajtson arr\u00f3l, hogyan haszn\u00e1lja a <strong>Hintsoft Capital Partners Kft.<\/strong> (\u201emi\u201d, \u201eT\u00e1rsas\u00e1gunk\u201d) a s\u00fctiket (cookie-kat) \u00e9s m\u00e1s hasonl\u00f3 technol\u00f3gi\u00e1kat a\u00a0www.hintsoftpartners.com weboldalon (\u201eWeboldal\u201d).<\/p>\n<p class=\"p2\">A Weboldal haszn\u00e1lat\u00e1val \u2013 a s\u00fcti figyelmeztet\u0151 ablakban tett hozz\u00e1j\u00e1rul\u00e1s alapj\u00e1n \u2013 \u00d6n elfogadja a jelen Szab\u00e1lyzatban foglaltakat, kiv\u00e9ve, ha a b\u00f6ng\u00e9sz\u0151j\u00e9ben vagy a s\u00fcti be\u00e1ll\u00edt\u00e1sokban m\u00e1sk\u00e9nt rendelkezett.<\/p>\n<p><strong><span style=\"color: #113167;\">2. Mik azok a s\u00fctik?<\/span><\/strong><\/p>\n<p class=\"p2\">A s\u00fctik kis adatf\u00e1jlok, amelyeket a weboldalak helyeznek el az \u00d6n eszk\u00f6z\u00e9n (sz\u00e1m\u00edt\u00f3g\u00e9p, okostelefon, tablet), hogy inform\u00e1ci\u00f3kat t\u00e1roljanak a l\u00e1togat\u00e1sr\u00f3l. A s\u00fctik c\u00e9lja a weboldal m\u0171k\u00f6d\u00e9s\u00e9nek biztos\u00edt\u00e1sa, a felhaszn\u00e1l\u00f3i \u00e9lm\u00e9ny jav\u00edt\u00e1sa, illetve statisztikai \u00e9s marketing c\u00e9l\u00fa adatgy\u0171jt\u00e9s.<\/p>\n<p><strong><span style=\"color: #113167;\">3. A s\u00fctik t\u00edpusai, amelyeket haszn\u00e1lunk<\/span><\/strong><\/p>\n<p><strong><span style=\"color: #113167;\">3.1 M\u0171k\u00f6d\u00e9shez elengedhetetlen s\u00fctik<\/span><\/strong><\/p>\n<p class=\"p2\">Ezek a s\u00fctik sz\u00fcks\u00e9gesek a weboldal alapvet\u0151 m\u0171k\u00f6d\u00e9s\u00e9hez, \u00e9s nem kapcsolhat\u00f3k ki. Ezek p\u00e9ld\u00e1ul a felhaszn\u00e1l\u00f3 \u00e1ltal kit\u00f6lt\u00f6tt \u0171rlapokkal, be\u00e1ll\u00edt\u00e1sok ment\u00e9s\u00e9vel vagy biztons\u00e1gi c\u00e9lokkal kapcsolatosak.<\/p>\n<p><strong><span style=\"color: #113167;\">3.2 Analitikai \/ Teljes\u00edtm\u00e9nym\u00e9r\u0151 s\u00fctik<\/span><\/strong><\/p>\n<p class=\"p2\">Ezek a s\u00fctik seg\u00edtenek sz\u00e1munkra abban, hogy elemezz\u00fck a l\u00e1togat\u00f3k viselked\u00e9s\u00e9t a weboldalon (pl. mely oldalakat n\u00e9zik meg, mennyi id\u0151t t\u00f6ltenek ott).<br \/>\nA T\u00e1rsas\u00e1g\u00a0<b>Google Analytics<\/b>\u00a0szolg\u00e1ltat\u00e1st haszn\u00e1l, amely anonim statisztikai adatokat gy\u0171jt.<\/p>\n<ul class=\"ul1\">\n<li class=\"li2\">Szolg\u00e1ltat\u00f3: Google LLC<\/li>\n<li class=\"li2\">Kezelt adatok: IP-c\u00edm (anonimiz\u00e1lva), b\u00f6ng\u00e9sz\u0151 t\u00edpusa, eszk\u00f6z, megl\u00e1togatott oldalak, tart\u00f3zkod\u00e1s id\u0151tartama<\/li>\n<li class=\"li2\">T\u00e1rol\u00e1si id\u0151: legfeljebb 14 h\u00f3nap<\/li>\n<li class=\"li2\">Jogalap: az \u00d6n\u00a0<b>hozz\u00e1j\u00e1rul\u00e1sa<\/b>\u00a0(GDPR 6. cikk (1) bekezd\u00e9s a) pont)<\/li>\n<\/ul>\n<p class=\"p2\">Tov\u00e1bbi inform\u00e1ci\u00f3:\u00a0https:\/\/policies.google.com\/technologies\/cookies<\/p>\n<p><strong><span style=\"color: #113167;\">4. A s\u00fctibe\u00e1ll\u00edt\u00e1sok kezel\u00e9se<\/span><\/strong><\/p>\n<p class=\"p2\">A Weboldal els\u0151 l\u00e1togat\u00e1sakor felugr\u00f3\u00a0<b>s\u00fcti \u00e9rtes\u00edt\u0151<\/b>\u00a0ablak jelenik meg, amelyen kereszt\u00fcl \u00d6n elfogadhatja vagy elutas\u00edthatja az egyes s\u00fctik haszn\u00e1lat\u00e1t. A hozz\u00e1j\u00e1rul\u00e1s k\u00e9s\u0151bb is b\u00e1rmikor visszavonhat\u00f3:<\/p>\n<ul class=\"ul1\">\n<li class=\"li2\">a Weboldal alj\u00e1n elhelyezett \u201eS\u00fcti be\u00e1ll\u00edt\u00e1sok\u201d linken kereszt\u00fcl (ha el\u00e9rhet\u0151), vagy<\/li>\n<li class=\"li2\">a saj\u00e1t b\u00f6ng\u00e9sz\u0151je be\u00e1ll\u00edt\u00e1saiban<\/li>\n<\/ul>\n<p class=\"p2\"><b>Fontos:<\/b>\u00a0A s\u00fctik letilt\u00e1sa eset\u00e9n el\u0151fordulhat, hogy a Weboldal bizonyos funkci\u00f3i nem m\u0171k\u00f6dnek megfelel\u0151en.<\/p>\n<p><strong><span style=\"color: #113167;\">5. B\u00f6ng\u00e9sz\u0151be\u00e1ll\u00edt\u00e1sok \u2013 s\u00fctik letilt\u00e1sa<\/span><\/strong><\/p>\n<p class=\"p2\">A legt\u00f6bb b\u00f6ng\u00e9sz\u0151 lehet\u0151v\u00e9 teszi a s\u00fctik teljes vagy r\u00e9szleges letilt\u00e1s\u00e1t. Az al\u00e1bbi linkeken seg\u00edts\u00e9get tal\u00e1l a s\u00fctik kezel\u00e9s\u00e9hez:<\/p>\n<ul class=\"ul1\">\n<li class=\"li2\">Google Chrome<\/li>\n<li class=\"li2\">Mozilla Firefox<\/li>\n<li class=\"li2\">Safari<\/li>\n<li class=\"li2\">Microsoft Edge<\/li>\n<\/ul>\n<p><strong><span style=\"color: #113167;\">6. A Szab\u00e1lyzat m\u00f3dos\u00edt\u00e1sa<\/span><\/strong><\/p>\n<p class=\"p2\">A T\u00e1rsas\u00e1g fenntartja a jogot, hogy jelen Cookie Szab\u00e1lyzatot b\u00e1rmikor m\u00f3dos\u00edtsa. Az aktu\u00e1lis verzi\u00f3 mindig el\u00e9rhet\u0151 a Weboldalon. Jelent\u0151s v\u00e1ltoz\u00e1s eset\u00e9n k\u00fcl\u00f6n t\u00e1j\u00e9koztat\u00e1st ny\u00fajtunk.<\/p>\n<p><strong><span style=\"color: #113167;\">7. Kapcsolat<\/span><\/strong><\/p>\n<p class=\"p2\">Ha b\u00e1rmilyen k\u00e9rd\u00e9se van a s\u00fctik haszn\u00e1lat\u00e1val kapcsolatban, forduljon hozz\u00e1nk:<\/p>\n<p class=\"p2\"><strong><span style=\"color: #113167;\">Hintsoft Capital Partners Kft.<\/span><\/strong><br \/>\nC\u00edm: 9022 Gy\u0151r, Czuczor Gergely utca 36. 5. em. 11. ajt\u00f3<br \/>\nEmail: info@hintsoftpartners.com<br \/>\nTelefon: +36 20 433 0880<\/p>\n<p>[\/vc_column_text][\/vc_column][\/vc_row]<\/p>\n<\/div>","protected":false},"excerpt":{"rendered":"<p>[vc_row row_height_percent=&#8221;0&#8243; override_padding=&#8221;yes&#8221; h_padding=&#8221;2&#8243; top_padding=&#8221;3&#8243; bottom_padding=&#8221;3&#8243; overlay_alpha=&#8221;50&#8243; gutter_size=&#8221;3&#8243; column_width_percent=&#8221;100&#8243; shift_y=&#8221;0&#8243; z_index=&#8221;0&#8243; content_parallax=&#8221;0&#8243; uncode_shortcode_id=&#8221;800886&#8243;][vc_column column_width_use_pixel=&#8221;yes&#8221; gutter_size=&#8221;3&#8243; overlay_alpha=&#8221;50&#8243; shift_x=&#8221;0&#8243; shift_y=&#8221;0&#8243; shift_y_down=&#8221;0&#8243; z_index=&#8221;0&#8243; [&hellip;]<\/p>\n","protected":false},"author":1,"featured_media":0,"parent":0,"menu_order":0,"comment_status":"closed","ping_status":"closed","template":"","meta":{"_seopress_robots_primary_cat":"","_seopress_titles_title":"","_seopress_titles_desc":"","_seopress_robots_index":"","footnotes":""},"class_list":["post-1306","page","type-page","status-publish","hentry"],"_links":{"self":[{"href":"https:\/\/hintsoftpartners.com\/hu\/wp-json\/wp\/v2\/pages\/1306","targetHints":{"allow":["GET"]}}],"collection":[{"href":"https:\/\/hintsoftpartners.com\/hu\/wp-json\/wp\/v2\/pages"}],"about":[{"href":"https:\/\/hintsoftpartners.com\/hu\/wp-json\/wp\/v2\/types\/page"}],"author":[{"embeddable":true,"href":"https:\/\/hintsoftpartners.com\/hu\/wp-json\/wp\/v2\/users\/1"}],"replies":[{"embeddable":true,"href":"https:\/\/hintsoftpartners.com\/hu\/wp-json\/wp\/v2\/comments?post=1306"}],"version-history":[{"count":9,"href":"https:\/\/hintsoftpartners.com\/hu\/wp-json\/wp\/v2\/pages\/1306\/revisions"}],"predecessor-version":[{"id":1674,"href":"https:\/\/hintsoftpartners.com\/hu\/wp-json\/wp\/v2\/pages\/1306\/revisions\/1674"}],"wp:attachment":[{"href":"https:\/\/hintsoftpartners.com\/hu\/wp-json\/wp\/v2\/media?parent=1306"}],"curies":[{"name":"wp","href":"https:\/\/api.w.org\/{rel}","templated":true}]}}