{"id":1299,"date":"2025-03-02T09:00:40","date_gmt":"2025-03-02T08:00:40","guid":{"rendered":"https:\/\/hintsoftpartners.com\/hitel-tokepiaci-tanacsadas\/"},"modified":"2026-02-23T10:32:33","modified_gmt":"2026-02-23T09:32:33","slug":"hitel-tokepiaci-tanacsadas","status":"publish","type":"page","link":"https:\/\/hintsoftpartners.com\/hu\/hitel-tokepiaci-tanacsadas\/","title":{"rendered":"Hitel &amp; T\u0151kepiaci Tan\u00e1csad\u00e1s"},"content":{"rendered":"<div class=\"wpb-content-wrapper\"><p>[vc_row row_height_percent=&#8221;100&#8243; override_padding=&#8221;yes&#8221; h_padding=&#8221;0&#8243; top_padding=&#8221;2&#8243; bottom_padding=&#8221;2&#8243; back_image=&#8221;625&#8243; overlay_color=&#8221;color-jevc&#8221; overlay_alpha=&#8221;30&#8243; equal_height=&#8221;yes&#8221; gutter_size=&#8221;0&#8243; column_width_use_pixel=&#8221;yes&#8221; shift_y=&#8221;0&#8243; z_index=&#8221;0&#8243; auto_height_device=&#8221;yes&#8221; content_parallax=&#8221;0&#8243; row_name=&#8221;Welcome&#8221; uncode_shortcode_id=&#8221;156185&#8243; overlay_color_type=&#8221;uncode-palette&#8221;][vc_column column_width_use_pixel=&#8221;yes&#8221; position_vertical=&#8221;middle&#8221; align_horizontal=&#8221;align_center&#8221; gutter_size=&#8221;3&#8243; style=&#8221;dark&#8221; overlay_alpha=&#8221;50&#8243; shift_x=&#8221;0&#8243; shift_y=&#8221;0&#8243; shift_y_down=&#8221;0&#8243; z_index=&#8221;0&#8243; medium_width=&#8221;0&#8243; mobile_width=&#8221;0&#8243; width=&#8221;1\/1&#8243;][vc_row_inner row_inner_height_percent=&#8221;0&#8243; overlay_alpha=&#8221;50&#8243; gutter_size=&#8221;3&#8243; shift_y=&#8221;0&#8243; z_index=&#8221;0&#8243; limit_content=&#8221;&#8221;][vc_column_inner column_width_percent=&#8221;100&#8243; position_horizontal=&#8221;left&#8221; position_vertical=&#8221;middle&#8221; gutter_size=&#8221;2&#8243; override_padding=&#8221;yes&#8221; column_padding=&#8221;2&#8243; style=&#8221;light&#8221; overlay_alpha=&#8221;0&#8243; shift_x=&#8221;0&#8243; shift_y=&#8221;0&#8243; shift_y_down=&#8221;0&#8243; z_index=&#8221;0&#8243; medium_width=&#8221;0&#8243; mobile_width=&#8221;0&#8243; css_animation=&#8221;alpha-anim&#8221; width=&#8221;2\/3&#8243; uncode_shortcode_id=&#8221;174839&#8243; back_color_type=&#8221;uncode-solid&#8221; back_color_solid=&#8221;rgba(255,255,255,0.75)&#8221; el_class=&#8221;remove-padding-top&#8221;][vc_custom_heading text_color=&#8221;color-xsdn&#8221; heading_semantic=&#8221;p&#8221; text_size=&#8221;&#8221; text_weight=&#8221;500&#8243; text_transform=&#8221;uppercase&#8221; badge_style=&#8221;yes&#8221; back_color=&#8221;color-408418&#8243; uncode_shortcode_id=&#8221;124089&#8243; text_color_type=&#8221;uncode-palette&#8221; back_color_type=&#8221;uncode-palette&#8221; el_class=&#8221;header-badge&#8221;]Hitel &amp; T\u0151kepiaci Tan\u00e1csad\u00e1s[\/vc_custom_heading][vc_custom_heading text_color=&#8221;color-408418&#8243; heading_semantic=&#8221;h1&#8243; text_size=&#8221;custom&#8221; uncode_shortcode_id=&#8221;107129&#8243; heading_custom_size=&#8221;36px&#8221; text_color_type=&#8221;uncode-palette&#8221;]Optim\u00e1lis finansz\u00edroz\u00e1s, ide\u00e1lis felt\u00e9telekkel.[\/vc_custom_heading][\/vc_column_inner][vc_column_inner column_width_percent=&#8221;100&#8243; gutter_size=&#8221;3&#8243; overlay_alpha=&#8221;50&#8243; shift_x=&#8221;0&#8243; shift_y=&#8221;0&#8243; shift_y_down=&#8221;0&#8243; z_index=&#8221;0&#8243; medium_width=&#8221;0&#8243; mobile_visibility=&#8221;yes&#8221; mobile_width=&#8221;0&#8243; width=&#8221;1\/3&#8243; uncode_shortcode_id=&#8221;107346&#8243;][\/vc_column_inner][\/vc_row_inner][\/vc_column][\/vc_row][vc_row row_height_percent=&#8221;0&#8243; overlay_alpha=&#8221;50&#8243; gutter_size=&#8221;3&#8243; column_width_percent=&#8221;100&#8243; border_color=&#8221;color-gyho&#8221; border_style=&#8221;solid&#8221; shift_y=&#8221;0&#8243; z_index=&#8221;0&#8243; content_parallax=&#8221;0&#8243; uncode_shortcode_id=&#8221;131890&#8243; css=&#8221;.vc_custom_1749741605731{border-bottom-width: 1px !important;}&#8221; border_color_type=&#8221;uncode-palette&#8221;][vc_column column_width_percent=&#8221;100&#8243; position_vertical=&#8221;middle&#8221; align_horizontal=&#8221;align_center&#8221; gutter_size=&#8221;3&#8243; overlay_alpha=&#8221;50&#8243; shift_x=&#8221;0&#8243; shift_y=&#8221;0&#8243; shift_y_down=&#8221;0&#8243; z_index=&#8221;0&#8243; medium_width=&#8221;0&#8243; mobile_width=&#8221;0&#8243; width=&#8221;1\/1&#8243; uncode_shortcode_id=&#8221;125520&#8243;][vc_wp_custommenu nav_menu=&#8221;25&#8243; nav_menu_horizontal=&#8221;1&#8243;][\/vc_column][\/vc_row][vc_row row_height_percent=&#8221;0&#8243; override_padding=&#8221;yes&#8221; h_padding=&#8221;2&#8243; top_padding=&#8221;3&#8243; bottom_padding=&#8221;0&#8243; back_color=&#8221;color-gyho&#8221; overlay_alpha=&#8221;50&#8243; equal_height=&#8221;yes&#8221; gutter_size=&#8221;4&#8243; column_width_percent=&#8221;100&#8243; shift_y=&#8221;0&#8243; z_index=&#8221;0&#8243; content_parallax=&#8221;0&#8243; el_class=&#8221;inverted-device-order&#8221; uncode_shortcode_id=&#8221;108213&#8243; back_color_type=&#8221;uncode-palette&#8221;][vc_column column_width_percent=&#8221;100&#8243; gutter_size=&#8221;2&#8243; overlay_alpha=&#8221;50&#8243; shift_x=&#8221;0&#8243; shift_y=&#8221;0&#8243; shift_y_down=&#8221;0&#8243; z_index=&#8221;0&#8243; medium_width=&#8221;0&#8243; mobile_width=&#8221;0&#8243; width=&#8221;1\/3&#8243; uncode_shortcode_id=&#8221;555175&#8243;][vc_custom_heading heading_semantic=&#8221;h3&#8243; text_size=&#8221;h1&#8243; uncode_shortcode_id=&#8221;787025&#8243;]Szakter\u00fcleteink[\/vc_custom_heading][vc_separator sep_color=&#8221;color-408418&#8243; uncode_shortcode_id=&#8221;105764&#8243; sep_color_type=&#8221;uncode-palette&#8221;][\/vc_column][vc_column width=&#8221;2\/3&#8243;][vc_column_text uncode_shortcode_id=&#8221;709018&#8243;]\u00dcgyfeleinket t\u00e1mogatjuk t\u0151keszerkezet\u00fck meger\u0151s\u00edt\u00e9s\u00e9ben, a t\u0151kebevon\u00e1si folyamatok hat\u00e9kony lebonyol\u00edt\u00e1s\u00e1ban \u00e9s \u00f6sszetett finansz\u00edroz\u00e1si ig\u00e9nyeik kezel\u00e9s\u00e9ben. C\u00e9lunk, hogy mindig a v\u00e1llalkoz\u00e1s helyzet\u00e9hez \u00e9s c\u00e9ljaihoz legjobban illeszked\u0151 forr\u00e1sokat tal\u00e1ljuk meg \u00e9s biztos\u00edtsuk \u2013 legyen sz\u00f3 n\u00f6veked\u00e9sr\u0151l, akviz\u00edci\u00f3r\u00f3l vagy v\u00e1ls\u00e1ghelyzet megold\u00e1s\u00e1r\u00f3l.[\/vc_column_text][\/vc_column][\/vc_row][vc_row row_height_percent=&#8221;0&#8243; override_padding=&#8221;yes&#8221; h_padding=&#8221;2&#8243; top_padding=&#8221;0&#8243; bottom_padding=&#8221;3&#8243; back_color=&#8221;color-gyho&#8221; overlay_alpha=&#8221;50&#8243; gutter_size=&#8221;3&#8243; column_width_percent=&#8221;100&#8243; shift_y=&#8221;0&#8243; z_index=&#8221;0&#8243; content_parallax=&#8221;0&#8243; uncode_shortcode_id=&#8221;158251&#8243; back_color_type=&#8221;uncode-palette&#8221; el_class=&#8221;tabs-services&#8221;][vc_column width=&#8221;1\/1&#8243;][vc_tabs vertical=&#8221;yes&#8221; history=&#8221;yes&#8221; typography=&#8221;yes&#8221; tab_no_border=&#8221;yes&#8221; tab_custom_size=&#8221;yes&#8221; tab_size=&#8221;4&#8243; tab_gap=&#8221;3&#8243; active_txt_color=&#8221;color-408418&#8243; uncode_shortcode_id=&#8221;105985&#8243; active_txt_color_type=&#8221;uncode-palette&#8221;][vc_tab gutter_size=&#8221;2&#8243; column_padding=&#8221;2&#8243; title=&#8221;T\u0151kebevon\u00e1s&#8221; tab_id=&#8221;1749811820-1-301749813234778&#8243; slug=&#8221;Capital Raising&#8221;][vc_column_text uncode_shortcode_id=&#8221;153293&#8243; el_class=&#8221;services-tab-content&#8221;]<\/p>\n<p class=\"p1\">Csapatunk t\u00e1mogatja \u00fcgyfeleinket a megfelel\u0151 t\u0151keszerkezet kialak\u00edt\u00e1s\u00e1ban \u00e9s a testreszabott finansz\u00edroz\u00e1si megold\u00e1sok kidolgoz\u00e1s\u00e1ban \u2013 ide\u00e9rtve a hitel- \u00e9s mezzanine-finansz\u00edroz\u00e1st is. V\u00e9gigk\u00eds\u00e9rj\u00fck a t\u0151kebevon\u00e1s teljes folyamat\u00e1n, legyen sz\u00f3 banki partnerekr\u0151l vagy priv\u00e1t befektet\u0151kr\u0151l. Elv\u00e9gezz\u00fck a v\u00e1llalat t\u0151keszerkezet\u00e9nek elemz\u00e9s\u00e9t a p\u00e9nz\u00fcgyi rugalmass\u00e1g n\u00f6vel\u00e9se \u00e9s a finansz\u00edroz\u00e1si kock\u00e1zatok m\u00e9rs\u00e9kl\u00e9se \u00e9rdek\u00e9ben. Seg\u00edt\u00fcnk a befektet\u0151i prezent\u00e1ci\u00f3k \u00e9s p\u00e9nz\u00fcgyi el\u0151rejelz\u00e9sek elk\u00e9sz\u00edt\u00e9s\u00e9ben, \u00e9s akt\u00edvan r\u00e9szt vesz\u00fcnk a t\u00e1rgyal\u00e1sokban is. Sz\u00e9les k\u00f6r\u0171 kapcsolatrendszer\u00fcnkh\u00f6z val\u00f3 hozz\u00e1f\u00e9r\u00e9st biztos\u00edtunk \u2013 bankok, mag\u00e1nt\u0151kealapok \u00e9s int\u00e9zm\u00e9nyi befektet\u0151k bevon\u00e1s\u00e1val. Minden finansz\u00edroz\u00e1si megold\u00e1st \u00fcgyfeleink \u00fczleti ciklus\u00e1hoz \u00e9s c\u00e9ljaihoz igaz\u00edtunk, hogy a bevont t\u0151ke hossz\u00fa t\u00e1von fenntarthat\u00f3 n\u00f6veked\u00e9st szolg\u00e1ljon.<\/p>\n<p>[\/vc_column_text][\/vc_tab][vc_tab gutter_size=&#8221;2&#8243; column_padding=&#8221;2&#8243; title=&#8221;Projekt &amp; Akviz\u00edci\u00f3s Finansz\u00edroz\u00e1s&#8221; tab_id=&#8221;1749811820-2-91749813234778&#8243; slug=&#8221;Project &amp; Acquisition Financing&#8221;][vc_column_text uncode_shortcode_id=&#8221;167593&#8243; el_class=&#8221;services-tab-content&#8221;]<\/p>\n<p class=\"p1\">Tan\u00e1csad\u00e1st ny\u00fajtunk \u00fcgyfeleinknek az ad\u00f3ss\u00e1gfinansz\u00edroz\u00e1si strukt\u00far\u00e1k \u00e9s strat\u00e9gi\u00e1k kialak\u00edt\u00e1s\u00e1ban \u2013 legyen sz\u00f3 refinansz\u00edroz\u00e1sr\u00f3l vagy \u00faj forr\u00e1sbevon\u00e1sr\u00f3l. Szolg\u00e1ltat\u00e1saink k\u00f6z\u00e9 tartozik a p\u00e9nz\u00fcgyi modellez\u00e9s, a v\u00e1llalat\u00e9rt\u00e9kel\u00e9s, valamint a banki t\u00e1rgyal\u00e1sok \u00e9s a t\u0151keszerz\u00e9s teljes k\u00f6r\u0171 t\u00e1mogat\u00e1sa. Probl\u00e9m\u00e1s hitelek eset\u00e9n is tapasztalt tan\u00e1csad\u00f3k\u00e9nt \u00e1llunk \u00fcgyfeleink mellett: seg\u00edt\u00fcnk az NPL-portf\u00f3li\u00f3k kezel\u00e9s\u00e9ben, az \u00e1tvil\u00e1g\u00edt\u00e1sban \u00e9s a legjobb megold\u00e1si strat\u00e9gia megtal\u00e1l\u00e1s\u00e1ban. Gondoskodunk arr\u00f3l, hogy a finansz\u00edroz\u00e1si felt\u00e9telek \u00f6sszhangban legyenek a projektek p\u00e9nz\u00e1ramaival, kock\u00e1zati profilj\u00e1val \u00e9s futamidej\u00e9vel. Jelent\u0151s tapasztalattal rendelkez\u00fcnk struktur\u00e1lt finansz\u00edroz\u00e1si megold\u00e1sok, szindik\u00e1lt hitelek \u00e9s bridge konstrukci\u00f3k ter\u00e9n. T\u00e1mogatjuk a teljes dokument\u00e1ci\u00f3s folyamatot is, bele\u00e9rtve a jogi \u00e9s ad\u00f3z\u00e1si megfelel\u00e9st. C\u00e9lunk, hogy \u00fcgyfeleink id\u0151ben, versenyk\u00e9pes felt\u00e9telek mellett \u00e9s hat\u00e9kony m\u00f3don jussanak a sz\u00fcks\u00e9ges forr\u00e1sokhoz.<\/p>\n<p>[\/vc_column_text][\/vc_tab][vc_tab gutter_size=&#8221;2&#8243; column_padding=&#8221;2&#8243; title=&#8221;Restrukt\u00far\u00e1l\u00e1si Megold\u00e1sok&#8221; tab_id=&#8221;1749811820-2-921749813234778&#8243; slug=&#8221;Restructuring Solutions&#8221;][vc_column_text uncode_shortcode_id=&#8221;723282&#8243; el_class=&#8221;services-tab-content&#8221;]<\/p>\n<p class=\"p1\">Seg\u00edt\u00fcnk \u00fcgyfeleinknek olyan hitelrestrukt\u00far\u00e1l\u00e1si strat\u00e9gi\u00e1k kidolgoz\u00e1s\u00e1ban, amelyek kedvez\u0151bb felt\u00e9teleket \u00e9s stabilabb p\u00e9nz\u00fcgyi j\u00f6v\u0151t biztos\u00edtanak. Ingatlan- \u00e9s probl\u00e9m\u00e1s eszk\u00f6zportf\u00f3li\u00f3k eset\u00e9n szak\u00e9rt\u0151 t\u00e1mogat\u00e1st ny\u00fajtunk a piaci \u00e9rt\u00e9k maximaliz\u00e1l\u00e1s\u00e1hoz. Restrukt\u00far\u00e1l\u00e1si \u00e9s workout szolg\u00e1ltat\u00e1saink c\u00e9lja a p\u00e9nz\u00fcgyi stabilit\u00e1s helyre\u00e1ll\u00edt\u00e1sa \u00e9s a probl\u00e9m\u00e1s eszk\u00f6z\u00f6k hat\u00e9kony kezel\u00e9se. Felm\u00e9rj\u00fck a r\u00f6vid t\u00e1v\u00fa likvidit\u00e1si helyzetet, \u00fajrat\u00e1rgyaljuk a hitelfelt\u00e9teleket, \u00e9s v\u00e1ls\u00e1gkezel\u00e9si tervet dolgozunk ki. Szolg\u00e1ltat\u00e1saink k\u00f6z\u00e9 tartozik az ideiglenes cash flow-tervez\u00e9s, a m\u0171k\u00f6d\u00e9si k\u00f6lts\u00e9gek cs\u00f6kkent\u00e9se \u00e9s a portf\u00f3li\u00f3-optimaliz\u00e1l\u00e1s. Szorosan egy\u00fcttm\u0171k\u00f6d\u00fcnk jogi, ad\u00f3z\u00e1si \u00e9s k\u00f6nyvvizsg\u00e1l\u00f3i partnerekkel a teljes k\u00f6r\u0171 megfelel\u0151s\u00e9g \u00e9rdek\u00e9ben. Gyorsan \u00e9s diszkr\u00e9ten dolgozunk, hogy \u00fcgyfeleink miel\u0151bb visszanyerj\u00e9k p\u00e9nz\u00fcgyi mozg\u00e1ster\u00fcket.<\/p>\n<p>[\/vc_column_text][\/vc_tab][\/vc_tabs][\/vc_column][\/vc_row][vc_row row_height_percent=&#8221;0&#8243; override_padding=&#8221;yes&#8221; h_padding=&#8221;2&#8243; top_padding=&#8221;2&#8243; bottom_padding=&#8221;2&#8243; overlay_alpha=&#8221;50&#8243; equal_height=&#8221;yes&#8221; gutter_size=&#8221;4&#8243; column_width_percent=&#8221;100&#8243; shift_y=&#8221;0&#8243; z_index=&#8221;0&#8243; content_parallax=&#8221;0&#8243; el_class=&#8221;inverted-device-order&#8221; uncode_shortcode_id=&#8221;177646&#8243;][vc_column column_width_percent=&#8221;100&#8243; gutter_size=&#8221;2&#8243; overlay_alpha=&#8221;50&#8243; shift_x=&#8221;0&#8243; shift_y=&#8221;0&#8243; shift_y_down=&#8221;0&#8243; z_index=&#8221;0&#8243; medium_width=&#8221;0&#8243; mobile_width=&#8221;0&#8243; width=&#8221;1\/1&#8243; uncode_shortcode_id=&#8221;555175&#8243;][vc_custom_heading heading_semantic=&#8221;h3&#8243; text_size=&#8221;h1&#8243; uncode_shortcode_id=&#8221;346245&#8243;]Mi\u00e9rt benn\u00fcnk b\u00edznak \u00fcgyfeleink?[\/vc_custom_heading][vc_separator sep_color=&#8221;color-408418&#8243; uncode_shortcode_id=&#8221;190422&#8243; sep_color_type=&#8221;uncode-palette&#8221; el_class=&#8221;set-divider-max&#8221;][vc_column_text uncode_shortcode_id=&#8221;108784&#8243;]N\u00e1lunk a szak\u00e9rtelem, a tapasztalat \u00e9s az \u00fcgyf\u00e9l ir\u00e1nti elk\u00f6telezetts\u00e9g minden tranzakci\u00f3 alapja.[\/vc_column_text][\/vc_column][\/vc_row][vc_row row_height_percent=&#8221;0&#8243; override_padding=&#8221;yes&#8221; h_padding=&#8221;2&#8243; top_padding=&#8221;2&#8243; bottom_padding=&#8221;2&#8243; overlay_alpha=&#8221;50&#8243; gutter_size=&#8221;4&#8243; column_width_percent=&#8221;100&#8243; shift_y=&#8221;0&#8243; z_index=&#8221;0&#8243; content_parallax=&#8221;0&#8243; uncode_shortcode_id=&#8221;556128&#8243;][vc_column column_width_percent=&#8221;100&#8243; gutter_size=&#8221;4&#8243; overlay_alpha=&#8221;50&#8243; shift_x=&#8221;0&#8243; shift_y=&#8221;0&#8243; shift_y_down=&#8221;0&#8243; z_index=&#8221;0&#8243; medium_width=&#8221;4&#8243; mobile_width=&#8221;0&#8243; width=&#8221;1\/2&#8243;][vc_custom_heading text_color=&#8221;color-408418&#8243; heading_semantic=&#8221;h3&#8243; text_size=&#8221;h3&#8243; text_weight=&#8221;700&#8243; separator=&#8221;yes&#8221; subheading=&#8221;\u00dczleti tan\u00e1csad\u00f3k\u00e9nt teljes m\u00e9rt\u00e9kben \u00fcgyfeleink c\u00e9ljaira \u00f6sszpontos\u00edtunk, int\u00e9zm\u00e9nyi k\u00f6t\u00f6tts\u00e9gek n\u00e9lk\u00fcl. Legyen sz\u00f3 v\u00e1llalatelad\u00e1sr\u00f3l, akviz\u00edci\u00f3r\u00f3l vagy t\u0151kebevon\u00e1sr\u00f3l, tan\u00e1csad\u00e1sunk mindig objekt\u00edv, szem\u00e9lyre szabott \u00e9s \u00e9rt\u00e9kteremt\u0151. Minden megb\u00edz\u00e1st tapasztalt szakembereink visznek v\u00e9gig \u2013 a strat\u00e9gia kidolgoz\u00e1s\u00e1t\u00f3l eg\u00e9szen a tranzakci\u00f3 sikeres lez\u00e1r\u00e1s\u00e1ig.<br \/>\nMinden \u00fcgyletn\u00e9l arra t\u00f6reksz\u00fcnk, hogy ne csak a folyamat legyen z\u00f6kken\u0151mentes, hanem az eredm\u00e9ny is hossz\u00fa t\u00e1von fenntarthat\u00f3 \u00e9rt\u00e9ket k\u00e9pviseljen.&#8221; uncode_shortcode_id=&#8221;194969&#8243; text_color_type=&#8221;uncode-palette&#8221; el_class=&#8221;heading-reduced-space&#8221;]F\u00fcggetlen tan\u00e1csad\u00e1s, \u00fcgyfeleink \u00e9rdekeit szem el\u0151tt tartva[\/vc_custom_heading][\/vc_column][vc_column column_width_percent=&#8221;100&#8243; gutter_size=&#8221;4&#8243; overlay_alpha=&#8221;50&#8243; shift_x=&#8221;0&#8243; shift_y=&#8221;0&#8243; shift_y_down=&#8221;0&#8243; z_index=&#8221;0&#8243; medium_width=&#8221;4&#8243; mobile_width=&#8221;0&#8243; width=&#8221;1\/2&#8243;][vc_custom_heading text_color=&#8221;color-408418&#8243; heading_semantic=&#8221;h3&#8243; text_size=&#8221;h3&#8243; text_weight=&#8221;700&#8243; separator=&#8221;yes&#8221; subheading=&#8221;A CEE- \u00e9s DACH-r\u00e9gi\u00f3 m\u00e9lyrehat\u00f3 ismeret\u00e9t \u00f6tv\u00f6zz\u00fck nemzetk\u00f6zi kapcsolatrendszer\u00fcnkkel, \u00edgy helyi be\u00e1gyazotts\u00e1ggal \u00e9s glob\u00e1lis kitekint\u00e9ssel egyar\u00e1nt dolgozunk. Seg\u00edt\u00fcnk megtal\u00e1lni a megfelel\u0151 befektet\u0151ket, vev\u0151ket vagy akviz\u00edci\u00f3s c\u00e9lpontokat \u2013 belf\u00f6ld\u00f6n \u00e9s k\u00fclf\u00f6ld\u00f6n egyar\u00e1nt. Komplex, hat\u00e1rokon \u00e1tny\u00fal\u00f3 tranzakci\u00f3k lebonyol\u00edt\u00e1s\u00e1ban is magabiztosan mozgunk, biztos\u00edtva a sikeres \u00e9s hat\u00e9kony megval\u00f3s\u00edt\u00e1st.&#8221; uncode_shortcode_id=&#8221;136871&#8243; text_color_type=&#8221;uncode-palette&#8221; el_class=&#8221;heading-reduced-space&#8221;]R\u00e9gi\u00f3s szak\u00e9rtelem, glob\u00e1lis kapcsolatokkal[\/vc_custom_heading][\/vc_column][\/vc_row][vc_row row_height_percent=&#8221;0&#8243; override_padding=&#8221;yes&#8221; h_padding=&#8221;2&#8243; top_padding=&#8221;2&#8243; bottom_padding=&#8221;3&#8243; overlay_alpha=&#8221;50&#8243; gutter_size=&#8221;4&#8243; column_width_percent=&#8221;100&#8243; shift_y=&#8221;0&#8243; z_index=&#8221;0&#8243; content_parallax=&#8221;0&#8243; uncode_shortcode_id=&#8221;358371&#8243;][vc_column column_width_percent=&#8221;100&#8243; gutter_size=&#8221;4&#8243; overlay_alpha=&#8221;50&#8243; shift_x=&#8221;0&#8243; shift_y=&#8221;0&#8243; shift_y_down=&#8221;0&#8243; z_index=&#8221;0&#8243; medium_width=&#8221;4&#8243; mobile_width=&#8221;0&#8243; width=&#8221;1\/2&#8243;][vc_custom_heading text_color=&#8221;color-408418&#8243; heading_semantic=&#8221;h3&#8243; text_size=&#8221;h3&#8243; text_weight=&#8221;700&#8243; separator=&#8221;yes&#8221; subheading=&#8221;Sz\u00e1mos ipar\u00e1gban dolgozunk \u2013 a technol\u00f3gi\u00e1t\u00f3l \u00e9s eg\u00e9szs\u00e9g\u00fcgyt\u0151l kezdve a gy\u00e1rt\u00e1son \u00e1t eg\u00e9szen az energi\u00e1ig. Szektorsemleges megk\u00f6zel\u00edt\u00e9s\u00fcnk lehet\u0151v\u00e9 teszi, hogy minden tranzakci\u00f3hoz friss szeml\u00e9letet \u00e9s bev\u00e1lt gyakorlatokat hozzunk. Strat\u00e9gi\u00e1inkat mindig \u00fcgyfeleink egyedi ig\u00e9nyeihez \u00e9s c\u00e9ljaihoz igaz\u00edtjuk \u2013 legyen sz\u00f3 n\u00f6veked\u00e9sr\u0151l vagy \u00e1talakul\u00e1sr\u00f3l.&#8221; uncode_shortcode_id=&#8221;108834&#8243; text_color_type=&#8221;uncode-palette&#8221; el_class=&#8221;heading-reduced-space&#8221;]Szektorsemleges szeml\u00e9let, megold\u00e1sk\u00f6zpont\u00fa megk\u00f6zel\u00edt\u00e9s[\/vc_custom_heading][\/vc_column][vc_column column_width_percent=&#8221;100&#8243; gutter_size=&#8221;4&#8243; overlay_alpha=&#8221;50&#8243; shift_x=&#8221;0&#8243; shift_y=&#8221;0&#8243; shift_y_down=&#8221;0&#8243; z_index=&#8221;0&#8243; medium_width=&#8221;4&#8243; mobile_width=&#8221;0&#8243; width=&#8221;1\/2&#8243;][vc_custom_heading text_color=&#8221;color-408418&#8243; heading_semantic=&#8221;h3&#8243; text_size=&#8221;h3&#8243; text_weight=&#8221;700&#8243; separator=&#8221;yes&#8221; subheading=&#8221;Tan\u00e1csad\u00e1si szolg\u00e1ltat\u00e1saink \u00f6tv\u00f6zik a tranzakci\u00f3k lebonyol\u00edt\u00e1s\u00e1t, a t\u0151keszerkezet kialak\u00edt\u00e1s\u00e1t \u00e9s a strat\u00e9giai tan\u00e1csad\u00e1st. Ez az \u00e1tfog\u00f3 megk\u00f6zel\u00edt\u00e9s lehet\u0151v\u00e9 teszi, hogy a p\u00e9nz\u00fcgyi, m\u0171k\u00f6d\u00e9si \u00e9s tulajdonosi szempontokat egys\u00e9gben kezelj\u00fck. Legyen sz\u00f3 v\u00e1llalat\u00e9rt\u00e9kel\u00e9sr\u0151l, tranzakci\u00f3s strukt\u00far\u00e1l\u00e1sr\u00f3l vagy gener\u00e1ci\u00f3v\u00e1lt\u00e1s megtervez\u00e9s\u00e9r\u0151l, g\u00f6rd\u00fcl\u00e9keny \u00e9s val\u00f3di \u00e9rt\u00e9ket teremt\u0151 megold\u00e1sokat k\u00edn\u00e1lunk.&#8221; uncode_shortcode_id=&#8221;207910&#8243; text_color_type=&#8221;uncode-palette&#8221; el_class=&#8221;heading-reduced-space&#8221;]\u00d6sszetett szakmai tud\u00e1s egy helyen[\/vc_custom_heading][\/vc_column][\/vc_row][vc_row row_height_percent=&#8221;0&#8243; override_padding=&#8221;yes&#8221; h_padding=&#8221;2&#8243; top_padding=&#8221;2&#8243; bottom_padding=&#8221;2&#8243; overlay_alpha=&#8221;50&#8243; equal_height=&#8221;yes&#8221; gutter_size=&#8221;4&#8243; column_width_percent=&#8221;100&#8243; shift_y=&#8221;0&#8243; z_index=&#8221;0&#8243; content_parallax=&#8221;0&#8243; el_class=&#8221;inverted-device-order&#8221; uncode_shortcode_id=&#8221;177646&#8243;][vc_column column_width_percent=&#8221;100&#8243; gutter_size=&#8221;2&#8243; overlay_alpha=&#8221;50&#8243; shift_x=&#8221;0&#8243; shift_y=&#8221;0&#8243; shift_y_down=&#8221;0&#8243; z_index=&#8221;0&#8243; medium_width=&#8221;0&#8243; mobile_width=&#8221;0&#8243; width=&#8221;1\/1&#8243; uncode_shortcode_id=&#8221;555175&#8243;][vc_custom_heading heading_semantic=&#8221;h3&#8243; text_size=&#8221;h1&#8243; uncode_shortcode_id=&#8221;791638&#8243;]H\u00edrek &amp; Elemz\u00e9sek[\/vc_custom_heading][vc_separator sep_color=&#8221;color-408418&#8243; uncode_shortcode_id=&#8221;240661&#8243; sep_color_type=&#8221;uncode-palette&#8221; el_class=&#8221;set-divider-max&#8221;][\/vc_column][\/vc_row][vc_row row_height_percent=&#8221;0&#8243; override_padding=&#8221;yes&#8221; h_padding=&#8221;2&#8243; top_padding=&#8221;2&#8243; bottom_padding=&#8221;3&#8243; overlay_alpha=&#8221;50&#8243; gutter_size=&#8221;3&#8243; column_width_percent=&#8221;100&#8243; shift_y=&#8221;0&#8243; z_index=&#8221;3&#8243; top_divider=&#8221;step_2_3&#8243; bottom_divider=&#8221;step_3_4&#8243; content_parallax=&#8221;0&#8243; uncode_shortcode_id=&#8221;206974&#8243;][vc_column column_width_percent=&#8221;100&#8243; gutter_size=&#8221;0&#8243; overlay_alpha=&#8221;50&#8243; shift_x=&#8221;0&#8243; shift_y=&#8221;0&#8243; shift_y_down=&#8221;0&#8243; z_index=&#8221;0&#8243; desktop_visibility=&#8221;yes&#8221; medium_visibility=&#8221;yes&#8221; medium_width=&#8221;0&#8243; mobile_visibility=&#8221;yes&#8221; mobile_width=&#8221;0&#8243; css_animation=&#8221;bottom-t-top&#8221; animation_speed=&#8221;1000&#8243; width=&#8221;1\/1&#8243; uncode_shortcode_id=&#8221;967999&#8243;][uncode_index el_id=&#8221;index-131812&#8243; loop=&#8221;size:3|order_by:date|post_type:post|taxonomy_count:10&#8243; screen_lg=&#8221;600&#8243; screen_md=&#8221;600&#8243; screen_sm=&#8221;480&#8243; gutter_size=&#8221;4&#8243; post_items=&#8221;text|excerpt,date,title|-,spacer|half,sep-one|full,link|link|default_size|not_scale_mobile|default_width|default_outline&#8221; single_overlay_opacity=&#8221;50&#8243; single_padding=&#8221;2&#8243; single_title_dimension=&#8221;h2&#8243; uncode_shortcode_id=&#8221;139796&#8243;][\/vc_column][\/vc_row]<\/p>\n<\/div>","protected":false},"excerpt":{"rendered":"<p>Finansz\u00edroz\u00e1si tan\u00e1csad\u00e1si ter\u00fclet\u00fcnk c\u00e9lja, hogy seg\u00edts\u00fcnk \u00fcgyfeleinknek megtal\u00e1lni \u00e9s biztos\u00edtani a sz\u00e1mukra legmegfelel\u0151bb forr\u00e1sokat \u2013 legyen sz\u00f3 n\u00f6veked\u00e9sr\u0151l, akviz\u00edci\u00f3r\u00f3l vagy v\u00e1ls\u00e1ghelyzet kezel\u00e9s\u00e9r\u0151l.<\/p>\n","protected":false},"author":1,"featured_media":626,"parent":0,"menu_order":0,"comment_status":"closed","ping_status":"closed","template":"","meta":{"_seopress_robots_primary_cat":"","_seopress_titles_title":"","_seopress_titles_desc":"","_seopress_robots_index":"","footnotes":""},"class_list":["post-1299","page","type-page","status-publish","has-post-thumbnail","hentry"],"_links":{"self":[{"href":"https:\/\/hintsoftpartners.com\/hu\/wp-json\/wp\/v2\/pages\/1299","targetHints":{"allow":["GET"]}}],"collection":[{"href":"https:\/\/hintsoftpartners.com\/hu\/wp-json\/wp\/v2\/pages"}],"about":[{"href":"https:\/\/hintsoftpartners.com\/hu\/wp-json\/wp\/v2\/types\/page"}],"author":[{"embeddable":true,"href":"https:\/\/hintsoftpartners.com\/hu\/wp-json\/wp\/v2\/users\/1"}],"replies":[{"embeddable":true,"href":"https:\/\/hintsoftpartners.com\/hu\/wp-json\/wp\/v2\/comments?post=1299"}],"version-history":[{"count":4,"href":"https:\/\/hintsoftpartners.com\/hu\/wp-json\/wp\/v2\/pages\/1299\/revisions"}],"predecessor-version":[{"id":1716,"href":"https:\/\/hintsoftpartners.com\/hu\/wp-json\/wp\/v2\/pages\/1299\/revisions\/1716"}],"wp:featuredmedia":[{"embeddable":true,"href":"https:\/\/hintsoftpartners.com\/hu\/wp-json\/wp\/v2\/media\/626"}],"wp:attachment":[{"href":"https:\/\/hintsoftpartners.com\/hu\/wp-json\/wp\/v2\/media?parent=1299"}],"curies":[{"name":"wp","href":"https:\/\/api.w.org\/{rel}","templated":true}]}}