{"id":1296,"date":"2025-03-03T09:00:35","date_gmt":"2025-03-03T08:00:35","guid":{"rendered":"https:\/\/hintsoftpartners.com\/tranzakcios-tanacsadas\/"},"modified":"2026-02-23T10:32:19","modified_gmt":"2026-02-23T09:32:19","slug":"tranzakcios-tanacsadas","status":"publish","type":"page","link":"https:\/\/hintsoftpartners.com\/hu\/tranzakcios-tanacsadas\/","title":{"rendered":"Tranzakci\u00f3s Tan\u00e1csad\u00e1s"},"content":{"rendered":"<div class=\"wpb-content-wrapper\"><p>[vc_row row_height_percent=&#8221;100&#8243; override_padding=&#8221;yes&#8221; h_padding=&#8221;0&#8243; top_padding=&#8221;2&#8243; bottom_padding=&#8221;2&#8243; back_image=&#8221;256&#8243; overlay_color=&#8221;color-jevc&#8221; overlay_alpha=&#8221;30&#8243; equal_height=&#8221;yes&#8221; gutter_size=&#8221;0&#8243; column_width_use_pixel=&#8221;yes&#8221; shift_y=&#8221;0&#8243; z_index=&#8221;0&#8243; auto_height_device=&#8221;yes&#8221; content_parallax=&#8221;0&#8243; row_name=&#8221;Welcome&#8221; uncode_shortcode_id=&#8221;819649&#8243; overlay_color_type=&#8221;uncode-palette&#8221;][vc_column column_width_use_pixel=&#8221;yes&#8221; position_vertical=&#8221;middle&#8221; align_horizontal=&#8221;align_center&#8221; gutter_size=&#8221;3&#8243; style=&#8221;dark&#8221; overlay_alpha=&#8221;50&#8243; shift_x=&#8221;0&#8243; shift_y=&#8221;0&#8243; shift_y_down=&#8221;0&#8243; z_index=&#8221;0&#8243; medium_width=&#8221;0&#8243; mobile_width=&#8221;0&#8243; width=&#8221;1\/1&#8243;][vc_row_inner row_inner_height_percent=&#8221;0&#8243; overlay_alpha=&#8221;50&#8243; gutter_size=&#8221;3&#8243; shift_y=&#8221;0&#8243; z_index=&#8221;0&#8243; limit_content=&#8221;&#8221;][vc_column_inner column_width_percent=&#8221;100&#8243; position_horizontal=&#8221;left&#8221; position_vertical=&#8221;middle&#8221; gutter_size=&#8221;2&#8243; override_padding=&#8221;yes&#8221; column_padding=&#8221;2&#8243; style=&#8221;light&#8221; overlay_alpha=&#8221;0&#8243; shift_x=&#8221;0&#8243; shift_y=&#8221;0&#8243; shift_y_down=&#8221;0&#8243; z_index=&#8221;0&#8243; medium_width=&#8221;0&#8243; mobile_width=&#8221;0&#8243; css_animation=&#8221;alpha-anim&#8221; width=&#8221;2\/3&#8243; uncode_shortcode_id=&#8221;123367&#8243; back_color_type=&#8221;uncode-solid&#8221; back_color_solid=&#8221;rgba(255,255,255,0.75)&#8221; el_class=&#8221;remove-padding-top&#8221;][vc_custom_heading auto_text=&#8221;yes&#8221; text_color=&#8221;color-xsdn&#8221; heading_semantic=&#8221;p&#8221; text_size=&#8221;&#8221; text_weight=&#8221;500&#8243; text_transform=&#8221;uppercase&#8221; badge_style=&#8221;yes&#8221; back_color=&#8221;color-408418&#8243; uncode_shortcode_id=&#8221;268083&#8243; text_color_type=&#8221;uncode-palette&#8221; back_color_type=&#8221;uncode-palette&#8221; el_class=&#8221;header-badge&#8221;]Szolg\u00e1ltat\u00e1sok[\/vc_custom_heading][vc_custom_heading text_color=&#8221;color-408418&#8243; heading_semantic=&#8221;h1&#8243; text_size=&#8221;custom&#8221; uncode_shortcode_id=&#8221;115397&#8243; heading_custom_size=&#8221;36px&#8221; text_color_type=&#8221;uncode-palette&#8221;]T\u00e1mogat\u00e1s a felk\u00e9sz\u00fcl\u00e9st\u0151l a sikeres megval\u00f3s\u00edt\u00e1sig[\/vc_custom_heading][\/vc_column_inner][vc_column_inner column_width_percent=&#8221;100&#8243; gutter_size=&#8221;3&#8243; overlay_alpha=&#8221;50&#8243; shift_x=&#8221;0&#8243; shift_y=&#8221;0&#8243; shift_y_down=&#8221;0&#8243; z_index=&#8221;0&#8243; medium_width=&#8221;0&#8243; mobile_visibility=&#8221;yes&#8221; mobile_width=&#8221;0&#8243; width=&#8221;1\/3&#8243; uncode_shortcode_id=&#8221;107346&#8243;][\/vc_column_inner][\/vc_row_inner][\/vc_column][\/vc_row][vc_row row_height_percent=&#8221;0&#8243; overlay_alpha=&#8221;50&#8243; gutter_size=&#8221;3&#8243; column_width_percent=&#8221;100&#8243; border_color=&#8221;color-gyho&#8221; border_style=&#8221;solid&#8221; shift_y=&#8221;0&#8243; z_index=&#8221;0&#8243; content_parallax=&#8221;0&#8243; uncode_shortcode_id=&#8221;131890&#8243; css=&#8221;.vc_custom_1749741605731{border-bottom-width: 1px !important;}&#8221; border_color_type=&#8221;uncode-palette&#8221;][vc_column column_width_percent=&#8221;100&#8243; position_vertical=&#8221;middle&#8221; align_horizontal=&#8221;align_center&#8221; gutter_size=&#8221;3&#8243; overlay_alpha=&#8221;50&#8243; shift_x=&#8221;0&#8243; shift_y=&#8221;0&#8243; shift_y_down=&#8221;0&#8243; z_index=&#8221;0&#8243; medium_width=&#8221;0&#8243; mobile_width=&#8221;0&#8243; width=&#8221;1\/1&#8243; uncode_shortcode_id=&#8221;125520&#8243;][vc_wp_custommenu nav_menu=&#8221;25&#8243; nav_menu_horizontal=&#8221;1&#8243;][\/vc_column][\/vc_row][vc_row row_height_percent=&#8221;0&#8243; override_padding=&#8221;yes&#8221; h_padding=&#8221;2&#8243; top_padding=&#8221;3&#8243; bottom_padding=&#8221;0&#8243; back_color=&#8221;color-gyho&#8221; overlay_alpha=&#8221;50&#8243; equal_height=&#8221;yes&#8221; gutter_size=&#8221;4&#8243; column_width_percent=&#8221;100&#8243; shift_y=&#8221;0&#8243; z_index=&#8221;0&#8243; content_parallax=&#8221;0&#8243; el_class=&#8221;inverted-device-order&#8221; uncode_shortcode_id=&#8221;152688&#8243; back_color_type=&#8221;uncode-palette&#8221;][vc_column column_width_percent=&#8221;100&#8243; gutter_size=&#8221;2&#8243; overlay_alpha=&#8221;50&#8243; shift_x=&#8221;0&#8243; shift_y=&#8221;0&#8243; shift_y_down=&#8221;0&#8243; z_index=&#8221;0&#8243; medium_width=&#8221;0&#8243; mobile_width=&#8221;0&#8243; width=&#8221;1\/3&#8243; uncode_shortcode_id=&#8221;555175&#8243;][vc_custom_heading heading_semantic=&#8221;h3&#8243; text_size=&#8221;h1&#8243; uncode_shortcode_id=&#8221;787025&#8243;]Szakter\u00fcleteink[\/vc_custom_heading][vc_separator sep_color=&#8221;color-408418&#8243; uncode_shortcode_id=&#8221;232257&#8243; sep_color_type=&#8221;uncode-palette&#8221;][\/vc_column][vc_column width=&#8221;2\/3&#8243;][vc_column_text uncode_shortcode_id=&#8221;199202&#8243;]<span class=\"fabric-text-color-mark\" data-renderer-mark=\"true\" data-text-custom-color=\"#006644\">Tranzakci\u00f3s tan\u00e1csad\u00e1sunk c\u00e9lja, hogy \u00fcgyfeleinket v\u00e9gigk\u00eds\u00e9rj\u00fck a leg\u00f6sszetettebb \u00fczleti \u00fcgyletek sor\u00e1n, biztos\u00edtva a magabiztos \u00e9s eredm\u00e9nyes megval\u00f3s\u00edt\u00e1st. Legyen sz\u00f3 v\u00e1llalatv\u00e1s\u00e1rl\u00e1sr\u00f3l vagy -elad\u00e1sr\u00f3l, befektet\u00e9sr\u0151l vagy eszk\u00f6z\u00e9rt\u00e9kes\u00edt\u00e9sr\u0151l, teljes k\u00f6r\u0171 t\u00e1mogat\u00e1st ny\u00fajtunk a folyamat minden szakasz\u00e1ban \u2013 a lehet\u0151 legnagyobb \u00e9rt\u00e9k el\u00e9r\u00e9se \u00e9s a sikeres lez\u00e1r\u00e1s \u00e9rdek\u00e9ben. <\/span>[\/vc_column_text][\/vc_column][\/vc_row][vc_row row_height_percent=&#8221;0&#8243; override_padding=&#8221;yes&#8221; h_padding=&#8221;2&#8243; top_padding=&#8221;0&#8243; bottom_padding=&#8221;3&#8243; back_color=&#8221;color-gyho&#8221; overlay_alpha=&#8221;50&#8243; gutter_size=&#8221;3&#8243; column_width_percent=&#8221;100&#8243; shift_y=&#8221;0&#8243; z_index=&#8221;0&#8243; content_parallax=&#8221;0&#8243; uncode_shortcode_id=&#8221;100796&#8243; back_color_type=&#8221;uncode-palette&#8221; el_class=&#8221;tabs-services&#8221;][vc_column column_width_percent=&#8221;100&#8243; gutter_size=&#8221;3&#8243; overlay_alpha=&#8221;50&#8243; shift_x=&#8221;0&#8243; shift_y=&#8221;0&#8243; shift_y_down=&#8221;0&#8243; z_index=&#8221;0&#8243; medium_width=&#8221;0&#8243; mobile_width=&#8221;0&#8243; width=&#8221;1\/1&#8243; uncode_shortcode_id=&#8221;686262&#8243;][vc_tabs vertical=&#8221;yes&#8221; history=&#8221;yes&#8221; typography=&#8221;yes&#8221; tab_no_border=&#8221;yes&#8221; tab_custom_size=&#8221;yes&#8221; tab_size=&#8221;4&#8243; tab_gap=&#8221;3&#8243; active_txt_color=&#8221;color-408418&#8243; uncode_shortcode_id=&#8221;159224&#8243; active_txt_color_type=&#8221;uncode-palette&#8221;][vc_tab gutter_size=&#8221;2&#8243; column_padding=&#8221;2&#8243; title=&#8221;Elad\u00f3 Oldali Tan\u00e1csad\u00e1s&#8221; tab_id=&#8221;1749811820-1-30&#8243; slug=&#8221;Sell-Side Advisory&#8221;][vc_column_text uncode_shortcode_id=&#8221;212302&#8243; el_class=&#8221;services-tab-content&#8221;]<\/p>\n<p class=\"p1\">Elad\u00f3 oldali tan\u00e1csad\u00e1sunkkal t\u00e1mogatjuk a tulajdonosokat v\u00e1llalkoz\u00e1suk \u00e9rt\u00e9kes\u00edt\u00e9s\u00e9ben. Seg\u00edt\u00fcnk az elad\u00e1si strat\u00e9gia \u00e9s a c\u00e9g\u00e9rt\u00e9k meghat\u00e1roz\u00e1s\u00e1ban, az inform\u00e1ci\u00f3s anyagok elk\u00e9sz\u00edt\u00e9s\u00e9ben, valamint k\u00e9pviselj\u00fck \u00fcgyfeleinket a t\u00e1rgyal\u00e1sok sor\u00e1n. Ir\u00e1ny\u00edtjuk a teljes folyamatot, biztos\u00edtva a g\u00f6rd\u00fcl\u00e9keny lebonyol\u00edt\u00e1st \u00e9s a tranzakci\u00f3s \u00e9rt\u00e9k maximaliz\u00e1l\u00e1s\u00e1t. Sz\u00fcks\u00e9g eset\u00e9n aukci\u00f3s folyamatot szervez\u00fcnk, hogy n\u00f6velj\u00fck a versenyt \u00e9s jav\u00edtsuk az aj\u00e1nlati felt\u00e9teleket. Szorosan egy\u00fcttm\u0171k\u00f6d\u00fcnk jogi \u00e9s ad\u00f3tan\u00e1csad\u00f3kkal a lehets\u00e9ges akad\u00e1lyok korai felt\u00e1r\u00e1sa \u00e9rdek\u00e9ben. Seg\u00edt\u00fcnk az elad\u00e1si strukt\u00fara optimaliz\u00e1l\u00e1s\u00e1ban, figyelembe v\u00e9ve az \u00fcgyf\u00e9l szem\u00e9lyes \u00e9s p\u00e9nz\u00fcgyi c\u00e9ljait. Minden megb\u00edz\u00e1sunkat testre szabottan kezelj\u00fck, az egyedi elv\u00e1r\u00e1sok \u00e9s \u00e9rt\u00e9kek ment\u00e9n.<\/p>\n<p>[\/vc_column_text][\/vc_tab][vc_tab gutter_size=&#8221;2&#8243; column_padding=&#8221;2&#8243; title=&#8221;Vev\u0151 Oldali Tan\u00e1csad\u00e1s&#8221; tab_id=&#8221;1749811820-2-9&#8243; slug=&#8221;Buy-Side Advisory&#8221;][vc_column_text uncode_shortcode_id=&#8221;159470&#8243; el_class=&#8221;services-tab-content&#8221;]Vev\u0151 oldali tan\u00e1csad\u00e1sunkkal t\u00e1mogatjuk \u00fcgyfeleinket a felv\u00e1s\u00e1rl\u00e1si folyamat teljes k\u00f6r\u0171 lebonyol\u00edt\u00e1s\u00e1ban, a c\u00e9lpontok azonos\u00edt\u00e1s\u00e1t\u00f3l a z\u00e1r\u00e1sig. Seg\u00edt\u00fcnk az elemz\u00e9sben, \u00e9rt\u00e9kel\u00e9sben, az \u00e1tvil\u00e1g\u00edt\u00e1s koordin\u00e1l\u00e1s\u00e1ban \u00e9s a szerz\u0151d\u00e9ses t\u00e1rgyal\u00e1sokban. A tranzakci\u00f3 z\u00e1r\u00e1sa ut\u00e1n el\u0151seg\u00edtj\u00fck az integr\u00e1ci\u00f3t, biztos\u00edtva a z\u00f6kken\u0151mentes \u00e1tmenetet \u00e9s a szinergi\u00e1k \u00e9rv\u00e9nyes\u00edt\u00e9s\u00e9t. \u00c9rt\u00e9kelj\u00fck a strat\u00e9giai illeszked\u00e9st, a szervezeti kult\u00far\u00e1t \u00e9s az integr\u00e1ci\u00f3s kock\u00e1zatokat is. T\u00e1mogat\u00e1st ny\u00fajtunk a bels\u0151 d\u00f6nt\u00e9shozatali folyamatokban, \u00fczleti tervek \u00e9s megt\u00e9r\u00fcl\u00e9si szcen\u00e1ri\u00f3k k\u00e9sz\u00edt\u00e9s\u00e9vel. Koordin\u00e1ljuk a teljes tan\u00e1csad\u00f3i csapat munk\u00e1j\u00e1t, fenntartva az \u00fctemez\u00e9st \u00e9s az \u00e1tl\u00e1that\u00f3s\u00e1got. V\u00e9gig az \u00fcgyf\u00e9l oldal\u00e1n \u00e1llunk, az els\u0151 kapcsolatfelv\u00e9telt\u0151l az akviz\u00edci\u00f3 ut\u00e1ni beilleszt\u00e9sig.[\/vc_column_text][\/vc_tab][vc_tab gutter_size=&#8221;2&#8243; column_padding=&#8221;2&#8243; title=&#8221;Z\u00f6ld &amp; Barnamez\u0151s Beruh\u00e1z\u00e1sok&#8221; tab_id=&#8221;1749811820-2-92&#8243; slug=&#8221;Greenfield &amp; Brownfield Investments&#8221;][vc_column_text uncode_shortcode_id=&#8221;166937&#8243; el_class=&#8221;services-tab-content&#8221;]<\/p>\n<p class=\"p1\">Z\u00f6ld \u00e9s barnamez\u0151s beruh\u00e1z\u00e1sokhoz teljes k\u00f6r\u0171 tan\u00e1csad\u00e1st ny\u00fajtunk a lehet\u0151s\u00e9gek azonos\u00edt\u00e1s\u00e1t\u00f3l a megval\u00f3s\u00edt\u00e1sig. T\u00e1mogatjuk \u00fcgyfeleinket a megval\u00f3s\u00edthat\u00f3s\u00e1g, p\u00e9nz\u00fcgyi modellez\u00e9s \u00e9s kock\u00e1zatkezel\u00e9s ter\u00e9n, biztos\u00edtva a sikeres kivitelez\u00e9st \u00e9s a befektet\u00e9s megt\u00e9r\u00fcl\u00e9s\u00e9t. Seg\u00edt\u00fcnk a helysz\u00ednv\u00e1laszt\u00e1sban, a szab\u00e1lyoz\u00f3i k\u00f6rnyezet felm\u00e9r\u00e9s\u00e9ben \u00e9s az \u00e9rintettek bevon\u00e1s\u00e1ban is. Tapasztalatunk kiterjed az enged\u00e9lyez\u00e9si folyamatokra, besz\u00e1ll\u00edt\u00f3i strukt\u00far\u00e1kra \u00e9s finansz\u00edroz\u00e1si modellek kialak\u00edt\u00e1s\u00e1ra. Kiemelt figyelmet ford\u00edtunk a projekt-kock\u00e1zatok \u00e1tl\u00e1t\u00e1s\u00e1ra \u00e9s azok m\u00e9rs\u00e9kl\u00e9s\u00e9re. T\u00e1mogatjuk a projektek ut\u00f3k\u00f6vet\u00e9s\u00e9t \u00e9s teljes\u00edtm\u00e9nymenedzsmentj\u00e9t is. C\u00e9lunk, hogy minden beruh\u00e1z\u00e1s hossz\u00fa t\u00e1von is fenntarthat\u00f3 \u00e9s eredm\u00e9nyes legyen.<\/p>\n<p>[\/vc_column_text][\/vc_tab][vc_tab gutter_size=&#8221;2&#8243; column_padding=&#8221;2&#8243; title=&#8221;Eszk\u00f6z &amp; Szellemi Tulajdon (IP) \u00c9rt\u00e9kes\u00edt\u00e9s&#8221; tab_id=&#8221;1751359082179-3-6&#8243; slug=&#8221;Asset &amp; Intellectual Property (IP) Sales&#8221;][vc_column_text uncode_shortcode_id=&#8221;117223&#8243; el_class=&#8221;services-tab-content&#8221;]Nem alaptev\u00e9kenys\u00e9ghez tartoz\u00f3, alulteljes\u00edt\u0151 vagy szellemi tulajdon eszk\u00f6z\u00f6k \u00e9rt\u00e9kes\u00edt\u00e9s\u00e9ben t\u00e1mogatjuk \u00fcgyfeleinket \u00fczleti tev\u00e9kenys\u00e9g\u00fck optimaliz\u00e1l\u00e1sa \u00e9rdek\u00e9ben. Seg\u00edt\u00fcnk az eszk\u00f6z\u00f6k, bele\u00e9rtve a szellemi tulajdon \u00e9rt\u00e9k\u00e9nek meghat\u00e1roz\u00e1s\u00e1ban \u00e9s hat\u00e9kony monetiz\u00e1l\u00e1s\u00e1ban. El\u0151k\u00e9sz\u00edtj\u00fck az \u00e9rt\u00e9kes\u00edt\u00e9si dokument\u00e1ci\u00f3t, azonos\u00edtjuk a potenci\u00e1lis vev\u0151ket \u00e9s ir\u00e1ny\u00edtjuk a teljes t\u00e1rgyal\u00e1si folyamatot. Tan\u00e1csot adunk a legmegfelel\u0151bb tranzakci\u00f3s strukt\u00fara kialak\u00edt\u00e1s\u00e1ban \u2013 legyen az elad\u00e1s, licenszel\u00e9s vagy strat\u00e9giai egy\u00fcttm\u0171k\u00f6d\u00e9s. IP eset\u00e9n k\u00fcl\u00f6n figyelmet ford\u00edtunk az \u00e9rt\u00e9kes\u00edt\u00e9si modellek (pl. royalty vagy hasznos\u00edt\u00e1si jog) kiv\u00e1laszt\u00e1s\u00e1ra. Minden l\u00e9p\u00e9st \u00fagy alak\u00edtunk, hogy az illeszkedjen az \u00fcgyf\u00e9l \u00e1tfog\u00f3 \u00fczleti strat\u00e9gi\u00e1j\u00e1hoz. T\u00f6reksz\u00fcnk a gyors \u00e9s \u00e9rt\u00e9kmaximaliz\u00e1l\u00f3 tranzakci\u00f3z\u00e1r\u00e1sra, bizalmas \u00e9s rendezett m\u00f3don.[\/vc_column_text][\/vc_tab][\/vc_tabs][\/vc_column][\/vc_row][vc_row row_height_percent=&#8221;0&#8243; override_padding=&#8221;yes&#8221; h_padding=&#8221;2&#8243; top_padding=&#8221;2&#8243; bottom_padding=&#8221;2&#8243; overlay_alpha=&#8221;50&#8243; equal_height=&#8221;yes&#8221; gutter_size=&#8221;4&#8243; column_width_percent=&#8221;100&#8243; shift_y=&#8221;0&#8243; z_index=&#8221;0&#8243; content_parallax=&#8221;0&#8243; el_class=&#8221;inverted-device-order&#8221; uncode_shortcode_id=&#8221;177646&#8243;][vc_column column_width_percent=&#8221;100&#8243; gutter_size=&#8221;2&#8243; overlay_alpha=&#8221;50&#8243; shift_x=&#8221;0&#8243; shift_y=&#8221;0&#8243; shift_y_down=&#8221;0&#8243; z_index=&#8221;0&#8243; medium_width=&#8221;0&#8243; mobile_width=&#8221;0&#8243; width=&#8221;1\/1&#8243; uncode_shortcode_id=&#8221;555175&#8243;][vc_custom_heading heading_semantic=&#8221;h3&#8243; text_size=&#8221;h1&#8243; uncode_shortcode_id=&#8221;836856&#8243;]Mi\u00e9rt benn\u00fcnk b\u00edznak \u00fcgyfeleink?[\/vc_custom_heading][vc_separator sep_color=&#8221;color-408418&#8243; uncode_shortcode_id=&#8221;276810&#8243; sep_color_type=&#8221;uncode-palette&#8221; el_class=&#8221;set-divider-max&#8221;][vc_column_text uncode_shortcode_id=&#8221;205989&#8243;]N\u00e1lunk a szak\u00e9rtelem, a tapasztalat \u00e9s az \u00fcgyf\u00e9l ir\u00e1nti elk\u00f6telezetts\u00e9g minden tranzakci\u00f3 alapja.[\/vc_column_text][\/vc_column][\/vc_row][vc_row row_height_percent=&#8221;0&#8243; override_padding=&#8221;yes&#8221; h_padding=&#8221;2&#8243; top_padding=&#8221;2&#8243; bottom_padding=&#8221;2&#8243; overlay_alpha=&#8221;50&#8243; gutter_size=&#8221;4&#8243; column_width_percent=&#8221;100&#8243; shift_y=&#8221;0&#8243; z_index=&#8221;0&#8243; content_parallax=&#8221;0&#8243; uncode_shortcode_id=&#8221;556128&#8243;][vc_column column_width_percent=&#8221;100&#8243; gutter_size=&#8221;4&#8243; overlay_alpha=&#8221;50&#8243; shift_x=&#8221;0&#8243; shift_y=&#8221;0&#8243; shift_y_down=&#8221;0&#8243; z_index=&#8221;0&#8243; medium_width=&#8221;4&#8243; mobile_width=&#8221;0&#8243; width=&#8221;1\/2&#8243;][vc_custom_heading text_color=&#8221;color-408418&#8243; heading_semantic=&#8221;h3&#8243; text_size=&#8221;h3&#8243; text_weight=&#8221;700&#8243; separator=&#8221;yes&#8221; subheading=&#8221;\u00dczleti tan\u00e1csad\u00f3k\u00e9nt teljes m\u00e9rt\u00e9kben \u00fcgyfeleink c\u00e9ljaira \u00f6sszpontos\u00edtunk, int\u00e9zm\u00e9nyi k\u00f6t\u00f6tts\u00e9gek n\u00e9lk\u00fcl. Legyen sz\u00f3 v\u00e1llalatelad\u00e1sr\u00f3l, akviz\u00edci\u00f3r\u00f3l vagy t\u0151kebevon\u00e1sr\u00f3l, tan\u00e1csad\u00e1sunk mindig objekt\u00edv, szem\u00e9lyre szabott \u00e9s \u00e9rt\u00e9kteremt\u0151. Minden megb\u00edz\u00e1st tapasztalt szakembereink visznek v\u00e9gig \u2013 a strat\u00e9gia kidolgoz\u00e1s\u00e1t\u00f3l eg\u00e9szen a tranzakci\u00f3 sikeres lez\u00e1r\u00e1s\u00e1ig.<br \/>\nMinden \u00fcgyletn\u00e9l arra t\u00f6reksz\u00fcnk, hogy ne csak a folyamat legyen z\u00f6kken\u0151mentes, hanem az eredm\u00e9ny is hossz\u00fa t\u00e1von fenntarthat\u00f3 \u00e9rt\u00e9ket k\u00e9pviseljen.&#8221; uncode_shortcode_id=&#8221;155042&#8243; text_color_type=&#8221;uncode-palette&#8221; el_class=&#8221;heading-reduced-space&#8221;]F\u00fcggetlen tan\u00e1csad\u00e1s, \u00fcgyfeleink \u00e9rdekeit szem el\u0151tt tartva[\/vc_custom_heading][\/vc_column][vc_column column_width_percent=&#8221;100&#8243; gutter_size=&#8221;4&#8243; overlay_alpha=&#8221;50&#8243; shift_x=&#8221;0&#8243; shift_y=&#8221;0&#8243; shift_y_down=&#8221;0&#8243; z_index=&#8221;0&#8243; medium_width=&#8221;4&#8243; mobile_width=&#8221;0&#8243; width=&#8221;1\/2&#8243;][vc_custom_heading text_color=&#8221;color-408418&#8243; heading_semantic=&#8221;h3&#8243; text_size=&#8221;h3&#8243; text_weight=&#8221;700&#8243; separator=&#8221;yes&#8221; subheading=&#8221;A CEE- \u00e9s DACH-r\u00e9gi\u00f3 m\u00e9lyrehat\u00f3 ismeret\u00e9t \u00f6tv\u00f6zz\u00fck nemzetk\u00f6zi kapcsolatrendszer\u00fcnkkel, \u00edgy helyi be\u00e1gyazotts\u00e1ggal \u00e9s glob\u00e1lis kitekint\u00e9ssel egyar\u00e1nt dolgozunk. Seg\u00edt\u00fcnk megtal\u00e1lni a megfelel\u0151 befektet\u0151ket, vev\u0151ket vagy akviz\u00edci\u00f3s c\u00e9lpontokat \u2013 belf\u00f6ld\u00f6n \u00e9s k\u00fclf\u00f6ld\u00f6n egyar\u00e1nt. Komplex, hat\u00e1rokon \u00e1tny\u00fal\u00f3 tranzakci\u00f3k lebonyol\u00edt\u00e1s\u00e1ban is magabiztosan mozgunk, biztos\u00edtva a sikeres \u00e9s hat\u00e9kony megval\u00f3s\u00edt\u00e1st.&#8221; uncode_shortcode_id=&#8221;138885&#8243; text_color_type=&#8221;uncode-palette&#8221; el_class=&#8221;heading-reduced-space&#8221;]R\u00e9gi\u00f3s szak\u00e9rtelem, glob\u00e1lis kapcsolatokkal[\/vc_custom_heading][\/vc_column][\/vc_row][vc_row row_height_percent=&#8221;0&#8243; override_padding=&#8221;yes&#8221; h_padding=&#8221;2&#8243; top_padding=&#8221;2&#8243; bottom_padding=&#8221;3&#8243; overlay_alpha=&#8221;50&#8243; gutter_size=&#8221;4&#8243; column_width_percent=&#8221;100&#8243; shift_y=&#8221;0&#8243; z_index=&#8221;0&#8243; content_parallax=&#8221;0&#8243; uncode_shortcode_id=&#8221;358371&#8243;][vc_column column_width_percent=&#8221;100&#8243; gutter_size=&#8221;4&#8243; overlay_alpha=&#8221;50&#8243; shift_x=&#8221;0&#8243; shift_y=&#8221;0&#8243; shift_y_down=&#8221;0&#8243; z_index=&#8221;0&#8243; medium_width=&#8221;4&#8243; mobile_width=&#8221;0&#8243; width=&#8221;1\/2&#8243; uncode_shortcode_id=&#8221;109063&#8243;][vc_custom_heading text_color=&#8221;color-408418&#8243; heading_semantic=&#8221;h3&#8243; text_size=&#8221;h3&#8243; text_weight=&#8221;700&#8243; separator=&#8221;yes&#8221; subheading=&#8221;Sz\u00e1mos ipar\u00e1gban dolgozunk \u2013 a technol\u00f3gi\u00e1t\u00f3l \u00e9s eg\u00e9szs\u00e9g\u00fcgyt\u0151l kezdve a gy\u00e1rt\u00e1son \u00e1t eg\u00e9szen az energi\u00e1ig. Szektorsemleges megk\u00f6zel\u00edt\u00e9s\u00fcnk lehet\u0151v\u00e9 teszi, hogy minden tranzakci\u00f3hoz friss szeml\u00e9letet \u00e9s bev\u00e1lt gyakorlatokat hozzunk. Strat\u00e9gi\u00e1inkat mindig \u00fcgyfeleink egyedi ig\u00e9nyeihez \u00e9s c\u00e9ljaihoz igaz\u00edtjuk \u2013 legyen sz\u00f3 n\u00f6veked\u00e9sr\u0151l vagy \u00e1talakul\u00e1sr\u00f3l.&#8221; uncode_shortcode_id=&#8221;208711&#8243; text_color_type=&#8221;uncode-palette&#8221; el_class=&#8221;heading-reduced-space&#8221;]Szektorsemleges szeml\u00e9let, megold\u00e1sk\u00f6zpont\u00fa megk\u00f6zel\u00edt\u00e9s[\/vc_custom_heading][\/vc_column][vc_column column_width_percent=&#8221;100&#8243; gutter_size=&#8221;4&#8243; overlay_alpha=&#8221;50&#8243; shift_x=&#8221;0&#8243; shift_y=&#8221;0&#8243; shift_y_down=&#8221;0&#8243; z_index=&#8221;0&#8243; medium_width=&#8221;4&#8243; mobile_width=&#8221;0&#8243; width=&#8221;1\/2&#8243;][vc_custom_heading text_color=&#8221;color-408418&#8243; heading_semantic=&#8221;h3&#8243; text_size=&#8221;h3&#8243; text_weight=&#8221;700&#8243; separator=&#8221;yes&#8221; subheading=&#8221;Tan\u00e1csad\u00e1si szolg\u00e1ltat\u00e1saink \u00f6tv\u00f6zik a tranzakci\u00f3k lebonyol\u00edt\u00e1s\u00e1t, a t\u0151keszerkezet kialak\u00edt\u00e1s\u00e1t \u00e9s a strat\u00e9giai tan\u00e1csad\u00e1st. Ez az \u00e1tfog\u00f3 megk\u00f6zel\u00edt\u00e9s lehet\u0151v\u00e9 teszi, hogy a p\u00e9nz\u00fcgyi, m\u0171k\u00f6d\u00e9si \u00e9s tulajdonosi szempontokat egys\u00e9gben kezelj\u00fck. Legyen sz\u00f3 v\u00e1llalat\u00e9rt\u00e9kel\u00e9sr\u0151l, tranzakci\u00f3s strukt\u00far\u00e1l\u00e1sr\u00f3l vagy gener\u00e1ci\u00f3v\u00e1lt\u00e1s megtervez\u00e9s\u00e9r\u0151l, g\u00f6rd\u00fcl\u00e9keny \u00e9s val\u00f3di \u00e9rt\u00e9ket teremt\u0151 megold\u00e1sokat k\u00edn\u00e1lunk.&#8221; uncode_shortcode_id=&#8221;528835&#8243; text_color_type=&#8221;uncode-palette&#8221; el_class=&#8221;heading-reduced-space&#8221;]\u00d6sszetett szakmai tud\u00e1s egy helyen[\/vc_custom_heading][\/vc_column][\/vc_row][vc_row row_height_percent=&#8221;0&#8243; override_padding=&#8221;yes&#8221; h_padding=&#8221;2&#8243; top_padding=&#8221;2&#8243; bottom_padding=&#8221;2&#8243; overlay_alpha=&#8221;50&#8243; equal_height=&#8221;yes&#8221; gutter_size=&#8221;4&#8243; column_width_percent=&#8221;100&#8243; shift_y=&#8221;0&#8243; z_index=&#8221;0&#8243; content_parallax=&#8221;0&#8243; el_class=&#8221;inverted-device-order&#8221; uncode_shortcode_id=&#8221;177646&#8243;][vc_column column_width_percent=&#8221;100&#8243; gutter_size=&#8221;2&#8243; overlay_alpha=&#8221;50&#8243; shift_x=&#8221;0&#8243; shift_y=&#8221;0&#8243; shift_y_down=&#8221;0&#8243; z_index=&#8221;0&#8243; medium_width=&#8221;0&#8243; mobile_width=&#8221;0&#8243; width=&#8221;1\/1&#8243; uncode_shortcode_id=&#8221;555175&#8243;][vc_custom_heading heading_semantic=&#8221;h3&#8243; text_size=&#8221;h1&#8243; uncode_shortcode_id=&#8221;791638&#8243;]H\u00edrek &amp; Elemz\u00e9sek[\/vc_custom_heading][vc_separator sep_color=&#8221;color-408418&#8243; uncode_shortcode_id=&#8221;203332&#8243; sep_color_type=&#8221;uncode-palette&#8221; el_class=&#8221;set-divider-max&#8221;][\/vc_column][\/vc_row][vc_row row_height_percent=&#8221;0&#8243; override_padding=&#8221;yes&#8221; h_padding=&#8221;2&#8243; top_padding=&#8221;2&#8243; bottom_padding=&#8221;3&#8243; overlay_alpha=&#8221;50&#8243; gutter_size=&#8221;3&#8243; column_width_percent=&#8221;100&#8243; shift_y=&#8221;0&#8243; z_index=&#8221;3&#8243; top_divider=&#8221;step_2_3&#8243; bottom_divider=&#8221;step_3_4&#8243; content_parallax=&#8221;0&#8243; uncode_shortcode_id=&#8221;206974&#8243;][vc_column column_width_percent=&#8221;100&#8243; gutter_size=&#8221;0&#8243; overlay_alpha=&#8221;50&#8243; shift_x=&#8221;0&#8243; shift_y=&#8221;0&#8243; shift_y_down=&#8221;0&#8243; z_index=&#8221;0&#8243; medium_width=&#8221;0&#8243; mobile_width=&#8221;0&#8243; width=&#8221;1\/1&#8243; uncode_shortcode_id=&#8221;639997&#8243;][uncode_index el_id=&#8221;index-131812&#8243; index_type=&#8221;css_grid&#8221; loop=&#8221;size:3|order_by:date|post_type:post|categories:62|taxonomy_count:10&#8243; grid_items=&#8221;3&#8243; screen_lg_items=&#8221;2&#8243; screen_lg_breakpoint=&#8221;1000&#8243; screen_md_items=&#8221;2&#8243; screen_md_breakpoint=&#8221;600&#8243; screen_sm_items=&#8221;1&#8243; screen_sm_breakpoint=&#8221;480&#8243; gutter_size=&#8221;3&#8243; css_grid_equal_height=&#8221;yes&#8221; post_items=&#8221;text|excerpt,date,title|-,spacer|half,sep-one|full,link|link|default_size|not_scale_mobile|default_width|default_outline|TOV\u00c1BBI INFORM\u00c1CI\u00d3&#8221; single_back_color=&#8221;color-lxmt&#8221; single_overlay_opacity=&#8221;50&#8243; single_padding=&#8221;2&#8243; single_title_dimension=&#8221;h2&#8243; uncode_shortcode_id=&#8221;220982&#8243;][\/vc_column][\/vc_row]<\/p>\n<\/div>","protected":false},"excerpt":{"rendered":"<p>A v\u00e1llalatfelv\u00e1s\u00e1rl\u00e1sokt\u00f3l \u00e9s -\u00e9rt\u00e9kes\u00edt\u00e9sekt\u0151l kezdve a befektet\u00e9sek \u00e9s eszk\u00f6z\u00e9rt\u00e9kes\u00edt\u00e9sek lebonyol\u00edt\u00e1s\u00e1ig teljes k\u00f6r\u0171 t\u00e1mogat\u00e1st ny\u00fajtunk annak \u00e9rdek\u00e9ben, hogy \u00fcgyfeleink a lehet\u0151 legnagyobb \u00e9rt\u00e9ket \u00e9rj\u00e9k el \u00e9s a tranzakci\u00f3k sikeresen z\u00e1ruljanak.<\/p>\n","protected":false},"author":1,"featured_media":630,"parent":0,"menu_order":0,"comment_status":"closed","ping_status":"closed","template":"","meta":{"_seopress_robots_primary_cat":"","_seopress_titles_title":"","_seopress_titles_desc":"","_seopress_robots_index":"","footnotes":""},"class_list":["post-1296","page","type-page","status-publish","has-post-thumbnail","hentry"],"_links":{"self":[{"href":"https:\/\/hintsoftpartners.com\/hu\/wp-json\/wp\/v2\/pages\/1296","targetHints":{"allow":["GET"]}}],"collection":[{"href":"https:\/\/hintsoftpartners.com\/hu\/wp-json\/wp\/v2\/pages"}],"about":[{"href":"https:\/\/hintsoftpartners.com\/hu\/wp-json\/wp\/v2\/types\/page"}],"author":[{"embeddable":true,"href":"https:\/\/hintsoftpartners.com\/hu\/wp-json\/wp\/v2\/users\/1"}],"replies":[{"embeddable":true,"href":"https:\/\/hintsoftpartners.com\/hu\/wp-json\/wp\/v2\/comments?post=1296"}],"version-history":[{"count":6,"href":"https:\/\/hintsoftpartners.com\/hu\/wp-json\/wp\/v2\/pages\/1296\/revisions"}],"predecessor-version":[{"id":1715,"href":"https:\/\/hintsoftpartners.com\/hu\/wp-json\/wp\/v2\/pages\/1296\/revisions\/1715"}],"wp:featuredmedia":[{"embeddable":true,"href":"https:\/\/hintsoftpartners.com\/hu\/wp-json\/wp\/v2\/media\/630"}],"wp:attachment":[{"href":"https:\/\/hintsoftpartners.com\/hu\/wp-json\/wp\/v2\/media?parent=1296"}],"curies":[{"name":"wp","href":"https:\/\/api.w.org\/{rel}","templated":true}]}}