{"id":1293,"date":"2025-03-01T09:00:44","date_gmt":"2025-03-01T08:00:44","guid":{"rendered":"https:\/\/hintsoftpartners.com\/ertekeles-strategiai-tanacsadas\/"},"modified":"2026-02-23T10:32:04","modified_gmt":"2026-02-23T09:32:04","slug":"ertekeles-strategiai-tanacsadas","status":"publish","type":"page","link":"https:\/\/hintsoftpartners.com\/hu\/ertekeles-strategiai-tanacsadas\/","title":{"rendered":"\u00c9rt\u00e9kel\u00e9s &amp; Strat\u00e9giai Tan\u00e1csad\u00e1s"},"content":{"rendered":"<div class=\"wpb-content-wrapper\"><p>[vc_row row_height_percent=&#8221;100&#8243; override_padding=&#8221;yes&#8221; h_padding=&#8221;0&#8243; top_padding=&#8221;2&#8243; bottom_padding=&#8221;2&#8243; back_image=&#8221;631&#8243; overlay_color=&#8221;color-jevc&#8221; overlay_alpha=&#8221;30&#8243; equal_height=&#8221;yes&#8221; gutter_size=&#8221;0&#8243; column_width_use_pixel=&#8221;yes&#8221; shift_y=&#8221;0&#8243; z_index=&#8221;0&#8243; auto_height_device=&#8221;yes&#8221; content_parallax=&#8221;0&#8243; row_name=&#8221;Welcome&#8221; uncode_shortcode_id=&#8221;111069&#8243; overlay_color_type=&#8221;uncode-palette&#8221;][vc_column column_width_use_pixel=&#8221;yes&#8221; position_vertical=&#8221;middle&#8221; align_horizontal=&#8221;align_center&#8221; gutter_size=&#8221;3&#8243; style=&#8221;dark&#8221; overlay_alpha=&#8221;50&#8243; shift_x=&#8221;0&#8243; shift_y=&#8221;0&#8243; shift_y_down=&#8221;0&#8243; z_index=&#8221;0&#8243; medium_width=&#8221;0&#8243; mobile_width=&#8221;0&#8243; width=&#8221;1\/1&#8243;][vc_row_inner row_inner_height_percent=&#8221;0&#8243; overlay_alpha=&#8221;50&#8243; gutter_size=&#8221;3&#8243; shift_y=&#8221;0&#8243; z_index=&#8221;0&#8243; limit_content=&#8221;&#8221;][vc_column_inner column_width_percent=&#8221;100&#8243; position_horizontal=&#8221;left&#8221; position_vertical=&#8221;middle&#8221; gutter_size=&#8221;2&#8243; override_padding=&#8221;yes&#8221; column_padding=&#8221;2&#8243; style=&#8221;light&#8221; overlay_alpha=&#8221;0&#8243; shift_x=&#8221;0&#8243; shift_y=&#8221;0&#8243; shift_y_down=&#8221;0&#8243; z_index=&#8221;0&#8243; medium_width=&#8221;0&#8243; mobile_width=&#8221;0&#8243; css_animation=&#8221;alpha-anim&#8221; width=&#8221;2\/3&#8243; uncode_shortcode_id=&#8221;141699&#8243; back_color_type=&#8221;uncode-solid&#8221; back_color_solid=&#8221;rgba(255,255,255,0.75)&#8221; el_class=&#8221;remove-padding-top&#8221;][vc_custom_heading text_color=&#8221;color-xsdn&#8221; heading_semantic=&#8221;p&#8221; text_size=&#8221;&#8221; text_weight=&#8221;500&#8243; text_transform=&#8221;uppercase&#8221; badge_style=&#8221;yes&#8221; back_color=&#8221;color-408418&#8243; uncode_shortcode_id=&#8221;144679&#8243; text_color_type=&#8221;uncode-palette&#8221; back_color_type=&#8221;uncode-palette&#8221; el_class=&#8221;header-badge&#8221;]\u00c9rt\u00e9kel\u00e9s &amp; Strat\u00e9giai Tan\u00e1csad\u00e1s[\/vc_custom_heading][vc_custom_heading text_color=&#8221;color-408418&#8243; heading_semantic=&#8221;h1&#8243; text_size=&#8221;custom&#8221; uncode_shortcode_id=&#8221;143562&#8243; heading_custom_size=&#8221;36px&#8221; text_color_type=&#8221;uncode-palette&#8221;]\u00c9rt\u00e9kfelt\u00e1r\u00e1s. Strat\u00e9gia\u00e9p\u00edt\u00e9s.[\/vc_custom_heading][\/vc_column_inner][vc_column_inner column_width_percent=&#8221;100&#8243; gutter_size=&#8221;3&#8243; overlay_alpha=&#8221;50&#8243; shift_x=&#8221;0&#8243; shift_y=&#8221;0&#8243; shift_y_down=&#8221;0&#8243; z_index=&#8221;0&#8243; medium_width=&#8221;0&#8243; mobile_visibility=&#8221;yes&#8221; mobile_width=&#8221;0&#8243; width=&#8221;1\/3&#8243; uncode_shortcode_id=&#8221;107346&#8243;][\/vc_column_inner][\/vc_row_inner][\/vc_column][\/vc_row][vc_row row_height_percent=&#8221;0&#8243; overlay_alpha=&#8221;50&#8243; gutter_size=&#8221;3&#8243; column_width_percent=&#8221;100&#8243; border_color=&#8221;color-gyho&#8221; border_style=&#8221;solid&#8221; shift_y=&#8221;0&#8243; z_index=&#8221;0&#8243; content_parallax=&#8221;0&#8243; uncode_shortcode_id=&#8221;131890&#8243; css=&#8221;.vc_custom_1749741605731{border-bottom-width: 1px !important;}&#8221; border_color_type=&#8221;uncode-palette&#8221;][vc_column column_width_percent=&#8221;100&#8243; position_vertical=&#8221;middle&#8221; align_horizontal=&#8221;align_center&#8221; gutter_size=&#8221;3&#8243; overlay_alpha=&#8221;50&#8243; shift_x=&#8221;0&#8243; shift_y=&#8221;0&#8243; shift_y_down=&#8221;0&#8243; z_index=&#8221;0&#8243; medium_width=&#8221;0&#8243; mobile_width=&#8221;0&#8243; width=&#8221;1\/1&#8243; uncode_shortcode_id=&#8221;125520&#8243;][vc_wp_custommenu nav_menu=&#8221;25&#8243; nav_menu_horizontal=&#8221;1&#8243;][\/vc_column][\/vc_row][vc_row row_height_percent=&#8221;0&#8243; override_padding=&#8221;yes&#8221; h_padding=&#8221;2&#8243; top_padding=&#8221;3&#8243; bottom_padding=&#8221;0&#8243; back_color=&#8221;color-gyho&#8221; overlay_alpha=&#8221;50&#8243; equal_height=&#8221;yes&#8221; gutter_size=&#8221;4&#8243; column_width_percent=&#8221;100&#8243; shift_y=&#8221;0&#8243; z_index=&#8221;0&#8243; content_parallax=&#8221;0&#8243; el_class=&#8221;inverted-device-order&#8221; uncode_shortcode_id=&#8221;935419&#8243; back_color_type=&#8221;uncode-palette&#8221;][vc_column column_width_percent=&#8221;100&#8243; gutter_size=&#8221;2&#8243; overlay_alpha=&#8221;50&#8243; shift_x=&#8221;0&#8243; shift_y=&#8221;0&#8243; shift_y_down=&#8221;0&#8243; z_index=&#8221;0&#8243; medium_width=&#8221;0&#8243; mobile_width=&#8221;0&#8243; width=&#8221;1\/3&#8243; uncode_shortcode_id=&#8221;555175&#8243;][vc_custom_heading heading_semantic=&#8221;h3&#8243; text_size=&#8221;h1&#8243; uncode_shortcode_id=&#8221;787025&#8243;]Szakter\u00fcleteink[\/vc_custom_heading][vc_separator sep_color=&#8221;color-408418&#8243; uncode_shortcode_id=&#8221;189951&#8243; sep_color_type=&#8221;uncode-palette&#8221;][\/vc_column][vc_column width=&#8221;2\/3&#8243;][vc_column_text uncode_shortcode_id=&#8221;313302&#8243;]Tan\u00e1csad\u00e1si szolg\u00e1ltat\u00e1sainkkal olyan p\u00e9nz\u00fcgyi r\u00e1l\u00e1t\u00e1st \u00e9s strat\u00e9giai ir\u00e1nymutat\u00e1st adunk \u00fcgyfeleinknek, amely seg\u00edti \u0151ket a megalapozott d\u00f6nt\u00e9sek meghozatal\u00e1ban a folyamatosan v\u00e1ltoz\u00f3 \u00fczleti k\u00f6rnyezetben. Elemz\u00e9seinket mindig adatokra \u00e9p\u00edtj\u00fck, \u00e9s minden esetben az adott v\u00e1llalkoz\u00e1s saj\u00e1tos ig\u00e9nyeihez igaz\u00edtjuk. Szolg\u00e1ltat\u00e1sunk kiterjed a v\u00e1llalat\u00e9rt\u00e9kel\u00e9sre, p\u00e9nz\u00fcgyi modellez\u00e9sre, eszk\u00f6z- \u00e9s ingatlan\u00e9rt\u00e9kel\u00e9sre, csal\u00e1di v\u00e1llalkoz\u00e1sok gener\u00e1ci\u00f3v\u00e1lt\u00e1s\u00e1nak megtervez\u00e9s\u00e9re, valamint a strat\u00e9giai tan\u00e1csad\u00e1s sz\u00e1mos ter\u00fclet\u00e9re. \u00cdgy a v\u00e1llalat \u00e9let\u00e9nek minden fontos m\u00e9rf\u00f6ldk\u00f6v\u00e9n\u00e9l \u00e1tfog\u00f3 t\u00e1mogat\u00e1st tudunk ny\u00fajtani.[\/vc_column_text][\/vc_column][\/vc_row][vc_row row_height_percent=&#8221;0&#8243; override_padding=&#8221;yes&#8221; h_padding=&#8221;2&#8243; top_padding=&#8221;0&#8243; bottom_padding=&#8221;3&#8243; back_color=&#8221;color-gyho&#8221; overlay_alpha=&#8221;50&#8243; gutter_size=&#8221;3&#8243; column_width_percent=&#8221;100&#8243; shift_y=&#8221;0&#8243; z_index=&#8221;0&#8243; content_parallax=&#8221;0&#8243; uncode_shortcode_id=&#8221;762951&#8243; back_color_type=&#8221;uncode-palette&#8221; el_class=&#8221;tabs-services&#8221;][vc_column width=&#8221;1\/1&#8243;][vc_tabs vertical=&#8221;yes&#8221; history=&#8221;yes&#8221; typography=&#8221;yes&#8221; tab_no_border=&#8221;yes&#8221; tab_custom_size=&#8221;yes&#8221; tab_size=&#8221;4&#8243; tab_gap=&#8221;3&#8243; active_txt_color=&#8221;color-408418&#8243; uncode_shortcode_id=&#8221;120864&#8243; active_txt_color_type=&#8221;uncode-palette&#8221;][vc_tab gutter_size=&#8221;2&#8243; column_padding=&#8221;2&#8243; title=&#8221;C\u00e9g\u00e9rt\u00e9kel\u00e9s&#8221; tab_id=&#8221;1749811820-2-91749812899966&#8243; slug=&#8221;Company Valuation&#8221;][vc_column_text uncode_shortcode_id=&#8221;910287&#8243; el_class=&#8221;services-tab-content&#8221;]<\/p>\n<p class=\"p1\">Biztos alapot adunk \u00f6sszeolvad\u00e1sokhoz, felv\u00e1s\u00e1rl\u00e1sokhoz \u00e9s t\u0151kebevon\u00e1sokhoz. Elemz\u00e9seink r\u00e9sze a bev\u00e9teli el\u0151rejelz\u00e9s, a k\u00f6lts\u00e9gek vizsg\u00e1lata, a CAPEX-tervez\u00e9s \u00e9s a t\u0151keszerkezet elemz\u00e9se. K\u00e9sz\u00edt\u00fcnk nett\u00f3 m\u0171k\u00f6d\u0151t\u0151ke- \u00e9s szabad cash flow-el\u0151rejelz\u00e9seket, alkalmazzuk a DCF- \u00e9s LBO-m\u00f3dszertanokat, valamint elv\u00e9gezz\u00fck az NPV- \u00e9s IRR-sz\u00e1m\u00edt\u00e1sokat. A val\u00f3s\u00e1gh\u0171 \u00e9rt\u00e9ktartom\u00e1ny kialak\u00edt\u00e1s\u00e1hoz piaci \u00f6sszehasonl\u00edt\u00e1sokat \u00e9s tranzakci\u00f3s benchmarkokat is haszn\u00e1lunk. \u00c9rt\u00e9kel\u00e9seink audit\u00e1lhat\u00f3ak, befektet\u0151i d\u00f6nt\u00e9sekhez optimaliz\u00e1ltak, \u00e9s k\u00f6zvetlen\u00fcl seg\u00edtik \u00fcgyfeleinket a t\u00e1rgyal\u00e1sok sor\u00e1n \u2013 legyen sz\u00f3 vev\u0151r\u0151l, befektet\u0151r\u0151l vagy hitelez\u0151r\u0151l. C\u00e9lunk minden esetben a hiteles, megalapozott \u00e9s \u00e1tl\u00e1that\u00f3 \u00e9rt\u00e9kmeg\u00e1llap\u00edt\u00e1s.<\/p>\n<p>[\/vc_column_text][\/vc_tab][vc_tab gutter_size=&#8221;2&#8243; column_padding=&#8221;2&#8243; title=&#8221;Eszk\u00f6z &amp; Ingatlan\u00e9rt\u00e9kel\u00e9s&#8221; tab_id=&#8221;1749811820-2-921749812899966&#8243; slug=&#8221;Asset &amp; Real Estate Valuation&#8221;][vc_column_text uncode_shortcode_id=&#8221;191623&#8243; el_class=&#8221;services-tab-content&#8221;]<\/p>\n<p class=\"p1\">\u00c1tfog\u00f3 \u00e9rt\u00e9kel\u00e9seket k\u00e9sz\u00edt\u00fcnk ingatlanokra, berendez\u00e9sekre, szellemi tulajdonra \u00e9s k\u00e9szletekre. V\u00e9gz\u00fcnk ingatlan\u00e9rt\u00e9kel\u00e9st \u00e9s b\u00e9rleti potenci\u00e1l elemz\u00e9st, \u00e9rt\u00e9kelj\u00fck a berendez\u00e9seket, szellemi tulajdont \u00e9s szabadalmakat, valamint seg\u00edt\u00fcnk a szab\u00e1lyoz\u00f3i megfelel\u0151s\u00e9g \u00e9s a jogi st\u00e1tusz ellen\u0151rz\u00e9s\u00e9ben. M\u00f3dszertanainkat mindig az eszk\u00f6z t\u00edpusa \u00e9s az \u00e9rt\u00e9kel\u00e9s c\u00e9lja hat\u00e1rozza meg \u2013 piaci, j\u00f6vedelmi vagy k\u00f6lts\u00e9galap\u00fa megk\u00f6zel\u00edt\u00e9st alkalmazunk. Technikai \u00e9s jogi szak\u00e9rt\u0151kkel egy\u00fcttm\u0171k\u00f6dve garant\u00e1ljuk a pontos \u00e9s megb\u00edzhat\u00f3 eredm\u00e9nyeket. Portf\u00f3li\u00f3 szinten is t\u00e1mogatjuk \u00fcgyfeleinket az \u00e9rt\u00e9kmaximaliz\u00e1l\u00e1sban, likvidit\u00e1si strat\u00e9gi\u00e1k kialak\u00edt\u00e1s\u00e1ban \u00e9s elad\u00e1si lehet\u0151s\u00e9gek felt\u00e9rk\u00e9pez\u00e9s\u00e9ben. \u00c9rt\u00e9kel\u00e9seink stabil alapot ny\u00fajtanak minden d\u00f6nt\u00e9shez \u2013 legyen sz\u00f3 tranzakci\u00f3kr\u00f3l vagy bels\u0151 \u00fczleti c\u00e9lokr\u00f3l.<\/p>\n<p>[\/vc_column_text][\/vc_tab][vc_tab gutter_size=&#8221;2&#8243; column_padding=&#8221;2&#8243; title=&#8221;Gener\u00e1ci\u00f3v\u00e1lt\u00e1s&#8221; tab_id=&#8221;1749811820-2-9261749812899966&#8243; slug=&#8221;Succession Planning&#8221;][vc_column_text uncode_shortcode_id=&#8221;105922&#8243; el_class=&#8221;services-tab-content&#8221;]<\/p>\n<p class=\"p1\">Seg\u00edt\u00fcnk a csal\u00e1di v\u00e1llalkoz\u00e1sok ut\u00f3dl\u00e1si terveinek kialak\u00edt\u00e1s\u00e1ban, biztos\u00edtva a vezet\u00e9s \u00e9s a tulajdon z\u00f6kken\u0151mentes \u00e1tad\u00e1s\u00e1t a k\u00f6vetkez\u0151 gener\u00e1ci\u00f3nak vagy k\u00fcls\u0151 befektet\u0151knek. Tan\u00e1csot adunk az ir\u00e1ny\u00edt\u00e1si strukt\u00fara \u00e9s az ut\u00f3dl\u00e1si tervek kialak\u00edt\u00e1s\u00e1ban, a csal\u00e1di c\u00e9lok meghat\u00e1roz\u00e1s\u00e1ban, valamint az \u00f6r\u00f6kl\u00e9s \u00e9s vagyontervez\u00e9sben. T\u00e1mogatjuk a csal\u00e1dtagok k\u00f6z\u00f6tti p\u00e1rbesz\u00e9det \u00e9s a lehets\u00e9ges ut\u00f3dok kiv\u00e1laszt\u00e1s\u00e1t, sz\u00fcks\u00e9g eset\u00e9n javaslatot t\u00e9ve a tulajdonosi \u00e9s ir\u00e1ny\u00edt\u00e1si strukt\u00fara \u00e1talak\u00edt\u00e1s\u00e1ra is. Seg\u00edt\u00fcnk kiegyens\u00falyozni az \u00e1tad\u00e1s p\u00e9nz\u00fcgyi \u00e9s \u00e9rzelmi aspektusait, \u00e9s ha k\u00fcls\u0151 vezet\u0151t vagy \u00e9rt\u00e9kes\u00edt\u00e9st v\u00e1lasztanak, abban is felk\u00e9sz\u00edtj\u00fck a c\u00e9get. C\u00e9lunk, hogy a v\u00e1llalkoz\u00e1s hossz\u00fa t\u00e1von meg\u0151rizze \u00e9rt\u00e9k\u00e9t, mik\u00f6zben fennmarad a csal\u00e1di harm\u00f3nia.<\/p>\n<p>[\/vc_column_text][\/vc_tab][vc_tab gutter_size=&#8221;2&#8243; column_padding=&#8221;2&#8243; title=&#8221;Strat\u00e9giai Tan\u00e1csad\u00e1s&#8221; tab_id=&#8221;1749811820-1-301749812899966&#8243; slug=&#8221;Strategic Advisory&#8221;][vc_column_text uncode_shortcode_id=&#8221;208231&#8243; el_class=&#8221;services-tab-content&#8221;]<\/p>\n<p class=\"p1\">Seg\u00edt\u00fcnk \u00fcgyfeleinknek n\u00f6veked\u00e9si c\u00e9ljaik el\u00e9r\u00e9s\u00e9ben \u00e9s m\u0171k\u00f6d\u00e9s\u00fck hat\u00e9konyabb\u00e1 t\u00e9tel\u00e9ben. Kidolgozzuk a v\u00e1llalati strat\u00e9gi\u00e1kat, versenyk\u00e9pess\u00e9gi \u00e9s piaci elemz\u00e9seket k\u00e9sz\u00edt\u00fcnk, valamint p\u00e9nz\u00fcgyi modellekkel \u00e9s \u00fczleti szcen\u00e1ri\u00f3kkal t\u00e1mogatjuk a d\u00f6nt\u00e9shozatalt. Megval\u00f3s\u00edthat\u00f3s\u00e1gi tanulm\u00e1nyokat \u00e9s hat\u00e1selemz\u00e9seket k\u00e9sz\u00edt\u00fcnk, \u00e9s akt\u00edvan r\u00e9szt vesz\u00fcnk a strat\u00e9giai szcen\u00e1ri\u00f3k megval\u00f3s\u00edt\u00e1s\u00e1ban. T\u00e1mogatjuk \u00fcgyfeleinket \u00e1talakul\u00e1si programok, terjeszked\u00e9si strat\u00e9gi\u00e1k \u00e9s szervezeti \u00e1talak\u00edt\u00e1sok v\u00e9grehajt\u00e1s\u00e1ban, biztos\u00edtva a strat\u00e9giai c\u00e9lok \u00e9s a p\u00e9nz\u00fcgyi teljes\u00edtm\u00e9ny \u00f6sszhangj\u00e1t. Minden projektet az \u00fcgyf\u00e9l m\u00e9ret\u00e9hez, ipar\u00e1g\u00e1hoz \u00e9s amb\u00edci\u00f3j\u00e1hoz igaz\u00edtunk. Szerep\u00fcnk nem csup\u00e1n tan\u00e1csad\u00f3i, hanem hossz\u00fa t\u00e1v\u00fa strat\u00e9giai partneri.<\/p>\n<p>[\/vc_column_text][\/vc_tab][\/vc_tabs][\/vc_column][\/vc_row][vc_row row_height_percent=&#8221;0&#8243; override_padding=&#8221;yes&#8221; h_padding=&#8221;2&#8243; top_padding=&#8221;2&#8243; bottom_padding=&#8221;2&#8243; overlay_alpha=&#8221;50&#8243; equal_height=&#8221;yes&#8221; gutter_size=&#8221;4&#8243; column_width_percent=&#8221;100&#8243; shift_y=&#8221;0&#8243; z_index=&#8221;0&#8243; content_parallax=&#8221;0&#8243; el_class=&#8221;inverted-device-order&#8221; uncode_shortcode_id=&#8221;177646&#8243;][vc_column column_width_percent=&#8221;100&#8243; gutter_size=&#8221;2&#8243; overlay_alpha=&#8221;50&#8243; shift_x=&#8221;0&#8243; shift_y=&#8221;0&#8243; shift_y_down=&#8221;0&#8243; z_index=&#8221;0&#8243; medium_width=&#8221;0&#8243; mobile_width=&#8221;0&#8243; width=&#8221;1\/1&#8243; uncode_shortcode_id=&#8221;555175&#8243;][vc_custom_heading heading_semantic=&#8221;h3&#8243; text_size=&#8221;h1&#8243; uncode_shortcode_id=&#8221;161712&#8243;]Mi\u00e9rt benn\u00fcnk b\u00edznak \u00fcgyfeleink?[\/vc_custom_heading][vc_separator sep_color=&#8221;color-408418&#8243; uncode_shortcode_id=&#8221;759934&#8243; sep_color_type=&#8221;uncode-palette&#8221; el_class=&#8221;set-divider-max&#8221;][vc_column_text uncode_shortcode_id=&#8221;383920&#8243;]N\u00e1lunk a szak\u00e9rtelem, a tapasztalat \u00e9s az \u00fcgyf\u00e9l ir\u00e1nti elk\u00f6telezetts\u00e9g minden tranzakci\u00f3 alapja.[\/vc_column_text][\/vc_column][\/vc_row][vc_row row_height_percent=&#8221;0&#8243; override_padding=&#8221;yes&#8221; h_padding=&#8221;2&#8243; top_padding=&#8221;2&#8243; bottom_padding=&#8221;2&#8243; overlay_alpha=&#8221;50&#8243; gutter_size=&#8221;4&#8243; column_width_percent=&#8221;100&#8243; shift_y=&#8221;0&#8243; z_index=&#8221;0&#8243; content_parallax=&#8221;0&#8243; uncode_shortcode_id=&#8221;556128&#8243;][vc_column column_width_percent=&#8221;100&#8243; gutter_size=&#8221;4&#8243; overlay_alpha=&#8221;50&#8243; shift_x=&#8221;0&#8243; shift_y=&#8221;0&#8243; shift_y_down=&#8221;0&#8243; z_index=&#8221;0&#8243; medium_width=&#8221;4&#8243; mobile_width=&#8221;0&#8243; width=&#8221;1\/2&#8243;][vc_custom_heading text_color=&#8221;color-408418&#8243; heading_semantic=&#8221;h3&#8243; text_size=&#8221;h3&#8243; text_weight=&#8221;700&#8243; separator=&#8221;yes&#8221; subheading=&#8221;\u00dczleti tan\u00e1csad\u00f3k\u00e9nt teljes m\u00e9rt\u00e9kben \u00fcgyfeleink c\u00e9ljaira \u00f6sszpontos\u00edtunk, int\u00e9zm\u00e9nyi k\u00f6t\u00f6tts\u00e9gek n\u00e9lk\u00fcl. Legyen sz\u00f3 v\u00e1llalatelad\u00e1sr\u00f3l, akviz\u00edci\u00f3r\u00f3l vagy t\u0151kebevon\u00e1sr\u00f3l, tan\u00e1csad\u00e1sunk mindig objekt\u00edv, szem\u00e9lyre szabott \u00e9s \u00e9rt\u00e9kteremt\u0151. Minden megb\u00edz\u00e1st tapasztalt szakembereink visznek v\u00e9gig \u2013 a strat\u00e9gia kidolgoz\u00e1s\u00e1t\u00f3l eg\u00e9szen a tranzakci\u00f3 sikeres lez\u00e1r\u00e1s\u00e1ig.<br \/>\nMinden \u00fcgyletn\u00e9l arra t\u00f6reksz\u00fcnk, hogy ne csak a folyamat legyen z\u00f6kken\u0151mentes, hanem az eredm\u00e9ny is hossz\u00fa t\u00e1von fenntarthat\u00f3 \u00e9rt\u00e9ket k\u00e9pviseljen.&#8221; uncode_shortcode_id=&#8221;369099&#8243; text_color_type=&#8221;uncode-palette&#8221; el_class=&#8221;heading-reduced-space&#8221;]F\u00fcggetlen tan\u00e1csad\u00e1s, \u00fcgyfeleink \u00e9rdekeit szem el\u0151tt tartva[\/vc_custom_heading][\/vc_column][vc_column column_width_percent=&#8221;100&#8243; gutter_size=&#8221;4&#8243; overlay_alpha=&#8221;50&#8243; shift_x=&#8221;0&#8243; shift_y=&#8221;0&#8243; shift_y_down=&#8221;0&#8243; z_index=&#8221;0&#8243; medium_width=&#8221;4&#8243; mobile_width=&#8221;0&#8243; width=&#8221;1\/2&#8243;][vc_custom_heading text_color=&#8221;color-408418&#8243; heading_semantic=&#8221;h3&#8243; text_size=&#8221;h3&#8243; text_weight=&#8221;700&#8243; separator=&#8221;yes&#8221; subheading=&#8221;A CEE- \u00e9s DACH-r\u00e9gi\u00f3 m\u00e9lyrehat\u00f3 ismeret\u00e9t \u00f6tv\u00f6zz\u00fck nemzetk\u00f6zi kapcsolatrendszer\u00fcnkkel, \u00edgy helyi be\u00e1gyazotts\u00e1ggal \u00e9s glob\u00e1lis kitekint\u00e9ssel egyar\u00e1nt dolgozunk. Seg\u00edt\u00fcnk megtal\u00e1lni a megfelel\u0151 befektet\u0151ket, vev\u0151ket vagy akviz\u00edci\u00f3s c\u00e9lpontokat \u2013 belf\u00f6ld\u00f6n \u00e9s k\u00fclf\u00f6ld\u00f6n egyar\u00e1nt. Komplex, hat\u00e1rokon \u00e1tny\u00fal\u00f3 tranzakci\u00f3k lebonyol\u00edt\u00e1s\u00e1ban is magabiztosan mozgunk, biztos\u00edtva a sikeres \u00e9s hat\u00e9kony megval\u00f3s\u00edt\u00e1st.&#8221; uncode_shortcode_id=&#8221;675837&#8243; text_color_type=&#8221;uncode-palette&#8221; el_class=&#8221;heading-reduced-space&#8221;]R\u00e9gi\u00f3s szak\u00e9rtelem, glob\u00e1lis kapcsolatokkal[\/vc_custom_heading][\/vc_column][\/vc_row][vc_row row_height_percent=&#8221;0&#8243; override_padding=&#8221;yes&#8221; h_padding=&#8221;2&#8243; top_padding=&#8221;2&#8243; bottom_padding=&#8221;3&#8243; overlay_alpha=&#8221;50&#8243; gutter_size=&#8221;4&#8243; column_width_percent=&#8221;100&#8243; shift_y=&#8221;0&#8243; z_index=&#8221;0&#8243; content_parallax=&#8221;0&#8243; uncode_shortcode_id=&#8221;358371&#8243;][vc_column column_width_percent=&#8221;100&#8243; gutter_size=&#8221;4&#8243; overlay_alpha=&#8221;50&#8243; shift_x=&#8221;0&#8243; shift_y=&#8221;0&#8243; shift_y_down=&#8221;0&#8243; z_index=&#8221;0&#8243; medium_width=&#8221;4&#8243; mobile_width=&#8221;0&#8243; width=&#8221;1\/2&#8243;][vc_custom_heading text_color=&#8221;color-408418&#8243; heading_semantic=&#8221;h3&#8243; text_size=&#8221;h3&#8243; text_weight=&#8221;700&#8243; separator=&#8221;yes&#8221; subheading=&#8221;Sz\u00e1mos ipar\u00e1gban dolgozunk \u2013 a technol\u00f3gi\u00e1t\u00f3l \u00e9s eg\u00e9szs\u00e9g\u00fcgyt\u0151l kezdve a gy\u00e1rt\u00e1son \u00e1t eg\u00e9szen az energi\u00e1ig. Szektorsemleges megk\u00f6zel\u00edt\u00e9s\u00fcnk lehet\u0151v\u00e9 teszi, hogy minden tranzakci\u00f3hoz friss szeml\u00e9letet \u00e9s bev\u00e1lt gyakorlatokat hozzunk. Strat\u00e9gi\u00e1inkat mindig \u00fcgyfeleink egyedi ig\u00e9nyeihez \u00e9s c\u00e9ljaihoz igaz\u00edtjuk \u2013 legyen sz\u00f3 n\u00f6veked\u00e9sr\u0151l vagy \u00e1talakul\u00e1sr\u00f3l.&#8221; uncode_shortcode_id=&#8221;151582&#8243; text_color_type=&#8221;uncode-palette&#8221; el_class=&#8221;heading-reduced-space&#8221;]Szektorsemleges szeml\u00e9let, megold\u00e1sk\u00f6zpont\u00fa megk\u00f6zel\u00edt\u00e9s[\/vc_custom_heading][\/vc_column][vc_column column_width_percent=&#8221;100&#8243; gutter_size=&#8221;4&#8243; overlay_alpha=&#8221;50&#8243; shift_x=&#8221;0&#8243; shift_y=&#8221;0&#8243; shift_y_down=&#8221;0&#8243; z_index=&#8221;0&#8243; medium_width=&#8221;4&#8243; mobile_width=&#8221;0&#8243; width=&#8221;1\/2&#8243;][vc_custom_heading text_color=&#8221;color-408418&#8243; heading_semantic=&#8221;h3&#8243; text_size=&#8221;h3&#8243; text_weight=&#8221;700&#8243; separator=&#8221;yes&#8221; subheading=&#8221;Tan\u00e1csad\u00e1si szolg\u00e1ltat\u00e1saink \u00f6tv\u00f6zik a tranzakci\u00f3k lebonyol\u00edt\u00e1s\u00e1t, a t\u0151keszerkezet kialak\u00edt\u00e1s\u00e1t \u00e9s a strat\u00e9giai tan\u00e1csad\u00e1st. Ez az \u00e1tfog\u00f3 megk\u00f6zel\u00edt\u00e9s lehet\u0151v\u00e9 teszi, hogy a p\u00e9nz\u00fcgyi, m\u0171k\u00f6d\u00e9si \u00e9s tulajdonosi szempontokat egys\u00e9gben kezelj\u00fck. Legyen sz\u00f3 v\u00e1llalat\u00e9rt\u00e9kel\u00e9sr\u0151l, tranzakci\u00f3s strukt\u00far\u00e1l\u00e1sr\u00f3l vagy gener\u00e1ci\u00f3v\u00e1lt\u00e1s megtervez\u00e9s\u00e9r\u0151l, g\u00f6rd\u00fcl\u00e9keny \u00e9s val\u00f3di \u00e9rt\u00e9ket teremt\u0151 megold\u00e1sokat k\u00edn\u00e1lunk.&#8221; uncode_shortcode_id=&#8221;261480&#8243; text_color_type=&#8221;uncode-palette&#8221; el_class=&#8221;heading-reduced-space&#8221;]\u00d6sszetett szakmai tud\u00e1s egy helyen[\/vc_custom_heading][\/vc_column][\/vc_row][vc_row row_height_percent=&#8221;0&#8243; override_padding=&#8221;yes&#8221; h_padding=&#8221;2&#8243; top_padding=&#8221;2&#8243; bottom_padding=&#8221;2&#8243; overlay_alpha=&#8221;50&#8243; equal_height=&#8221;yes&#8221; gutter_size=&#8221;4&#8243; column_width_percent=&#8221;100&#8243; shift_y=&#8221;0&#8243; z_index=&#8221;0&#8243; content_parallax=&#8221;0&#8243; el_class=&#8221;inverted-device-order&#8221; uncode_shortcode_id=&#8221;177646&#8243;][vc_column column_width_percent=&#8221;100&#8243; gutter_size=&#8221;2&#8243; overlay_alpha=&#8221;50&#8243; shift_x=&#8221;0&#8243; shift_y=&#8221;0&#8243; shift_y_down=&#8221;0&#8243; z_index=&#8221;0&#8243; medium_width=&#8221;0&#8243; mobile_width=&#8221;0&#8243; width=&#8221;1\/1&#8243; uncode_shortcode_id=&#8221;555175&#8243;][vc_custom_heading heading_semantic=&#8221;h3&#8243; text_size=&#8221;h1&#8243; uncode_shortcode_id=&#8221;791638&#8243;]H\u00edrek &amp; Elemz\u00e9sek[\/vc_custom_heading][vc_separator sep_color=&#8221;color-408418&#8243; uncode_shortcode_id=&#8221;171314&#8243; sep_color_type=&#8221;uncode-palette&#8221; el_class=&#8221;set-divider-max&#8221;][\/vc_column][\/vc_row][vc_row row_height_percent=&#8221;0&#8243; override_padding=&#8221;yes&#8221; h_padding=&#8221;2&#8243; top_padding=&#8221;2&#8243; bottom_padding=&#8221;3&#8243; overlay_alpha=&#8221;50&#8243; gutter_size=&#8221;3&#8243; column_width_percent=&#8221;100&#8243; shift_y=&#8221;0&#8243; z_index=&#8221;3&#8243; top_divider=&#8221;step_2_3&#8243; bottom_divider=&#8221;step_3_4&#8243; content_parallax=&#8221;0&#8243; uncode_shortcode_id=&#8221;206974&#8243;][vc_column column_width_percent=&#8221;100&#8243; gutter_size=&#8221;0&#8243; overlay_alpha=&#8221;50&#8243; shift_x=&#8221;0&#8243; shift_y=&#8221;0&#8243; shift_y_down=&#8221;0&#8243; z_index=&#8221;0&#8243; medium_width=&#8221;0&#8243; mobile_width=&#8221;0&#8243; width=&#8221;1\/1&#8243; uncode_shortcode_id=&#8221;843823&#8243;][uncode_index el_id=&#8221;index-131812&#8243; index_type=&#8221;css_grid&#8221; loop=&#8221;size:3|order_by:date|post_type:post|taxonomy_count:10&#8243; grid_items=&#8221;3&#8243; screen_lg_items=&#8221;2&#8243; screen_lg_breakpoint=&#8221;1000&#8243; screen_md_items=&#8221;2&#8243; screen_md_breakpoint=&#8221;600&#8243; screen_sm_items=&#8221;1&#8243; screen_sm_breakpoint=&#8221;480&#8243; gutter_size=&#8221;3&#8243; css_grid_equal_height=&#8221;yes&#8221; post_items=&#8221;text|excerpt,date,title,spacer|half,sep-one|full,link|link|default_size|not_scale_mobile|default_width|default_outline|TOV\u00c1BBI INFORM\u00c1CI\u00d3&#8221; single_back_color=&#8221;color-lxmt&#8221; single_overlay_opacity=&#8221;50&#8243; single_padding=&#8221;2&#8243; single_title_dimension=&#8221;h2&#8243; uncode_shortcode_id=&#8221;293945&#8243;][\/vc_column][\/vc_row]<\/p>\n<\/div>","protected":false},"excerpt":{"rendered":"<p>M\u00e9lyrehat\u00f3 elemz\u00e9seket \u00e9s adatalap\u00fa javaslatokat ny\u00fajtunk, minden esetben \u00fcgyfeleink egyedi ig\u00e9nyeihez igaz\u00edtva.<\/p>\n","protected":false},"author":1,"featured_media":632,"parent":0,"menu_order":0,"comment_status":"closed","ping_status":"closed","template":"","meta":{"_seopress_robots_primary_cat":"","_seopress_titles_title":"","_seopress_titles_desc":"","_seopress_robots_index":"","footnotes":""},"class_list":["post-1293","page","type-page","status-publish","has-post-thumbnail","hentry"],"_links":{"self":[{"href":"https:\/\/hintsoftpartners.com\/hu\/wp-json\/wp\/v2\/pages\/1293","targetHints":{"allow":["GET"]}}],"collection":[{"href":"https:\/\/hintsoftpartners.com\/hu\/wp-json\/wp\/v2\/pages"}],"about":[{"href":"https:\/\/hintsoftpartners.com\/hu\/wp-json\/wp\/v2\/types\/page"}],"author":[{"embeddable":true,"href":"https:\/\/hintsoftpartners.com\/hu\/wp-json\/wp\/v2\/users\/1"}],"replies":[{"embeddable":true,"href":"https:\/\/hintsoftpartners.com\/hu\/wp-json\/wp\/v2\/comments?post=1293"}],"version-history":[{"count":5,"href":"https:\/\/hintsoftpartners.com\/hu\/wp-json\/wp\/v2\/pages\/1293\/revisions"}],"predecessor-version":[{"id":1714,"href":"https:\/\/hintsoftpartners.com\/hu\/wp-json\/wp\/v2\/pages\/1293\/revisions\/1714"}],"wp:featuredmedia":[{"embeddable":true,"href":"https:\/\/hintsoftpartners.com\/hu\/wp-json\/wp\/v2\/media\/632"}],"wp:attachment":[{"href":"https:\/\/hintsoftpartners.com\/hu\/wp-json\/wp\/v2\/media?parent=1293"}],"curies":[{"name":"wp","href":"https:\/\/api.w.org\/{rel}","templated":true}]}}