{"id":1285,"date":"2025-03-17T09:06:20","date_gmt":"2025-03-17T08:06:20","guid":{"rendered":"https:\/\/hintsoftpartners.com\/rolunk\/"},"modified":"2026-02-21T13:13:33","modified_gmt":"2026-02-21T12:13:33","slug":"rolunk","status":"publish","type":"page","link":"https:\/\/hintsoftpartners.com\/hu\/rolunk\/","title":{"rendered":"R\u00f3lunk"},"content":{"rendered":"<div class=\"wpb-content-wrapper\"><p>[vc_row row_height_percent=&#8221;100&#8243; override_padding=&#8221;yes&#8221; h_padding=&#8221;0&#8243; top_padding=&#8221;2&#8243; bottom_padding=&#8221;2&#8243; back_image=&#8221;347&#8243; overlay_color=&#8221;color-jevc&#8221; overlay_alpha=&#8221;30&#8243; equal_height=&#8221;yes&#8221; gutter_size=&#8221;0&#8243; column_width_use_pixel=&#8221;yes&#8221; shift_y=&#8221;0&#8243; z_index=&#8221;0&#8243; auto_height_device=&#8221;yes&#8221; content_parallax=&#8221;0&#8243; row_name=&#8221;Welcome&#8221; uncode_shortcode_id=&#8221;299951&#8243; overlay_color_type=&#8221;uncode-palette&#8221;][vc_column column_width_use_pixel=&#8221;yes&#8221; position_vertical=&#8221;middle&#8221; align_horizontal=&#8221;align_center&#8221; gutter_size=&#8221;3&#8243; style=&#8221;dark&#8221; overlay_alpha=&#8221;50&#8243; shift_x=&#8221;0&#8243; shift_y=&#8221;0&#8243; shift_y_down=&#8221;0&#8243; z_index=&#8221;0&#8243; medium_width=&#8221;0&#8243; mobile_width=&#8221;0&#8243; width=&#8221;1\/1&#8243;][vc_row_inner row_inner_height_percent=&#8221;0&#8243; overlay_alpha=&#8221;50&#8243; gutter_size=&#8221;3&#8243; shift_y=&#8221;0&#8243; z_index=&#8221;0&#8243; limit_content=&#8221;&#8221;][vc_column_inner column_width_percent=&#8221;100&#8243; position_horizontal=&#8221;left&#8221; position_vertical=&#8221;middle&#8221; gutter_size=&#8221;2&#8243; override_padding=&#8221;yes&#8221; column_padding=&#8221;2&#8243; style=&#8221;light&#8221; overlay_alpha=&#8221;0&#8243; shift_x=&#8221;0&#8243; shift_y=&#8221;0&#8243; shift_y_down=&#8221;0&#8243; z_index=&#8221;0&#8243; medium_width=&#8221;0&#8243; mobile_width=&#8221;0&#8243; css_animation=&#8221;alpha-anim&#8221; width=&#8221;2\/3&#8243; uncode_shortcode_id=&#8221;187643&#8243; back_color_type=&#8221;uncode-solid&#8221; back_color_solid=&#8221;rgba(255,255,255,0.75)&#8221; el_class=&#8221;remove-padding-top&#8221;][vc_custom_heading text_color=&#8221;color-xsdn&#8221; heading_semantic=&#8221;p&#8221; text_size=&#8221;&#8221; text_weight=&#8221;500&#8243; text_transform=&#8221;uppercase&#8221; badge_style=&#8221;yes&#8221; back_color=&#8221;color-408418&#8243; uncode_shortcode_id=&#8221;524736&#8243; text_color_type=&#8221;uncode-palette&#8221; back_color_type=&#8221;uncode-palette&#8221; el_class=&#8221;header-badge&#8221;]R\u00f3lunk[\/vc_custom_heading][vc_custom_heading text_color=&#8221;color-408418&#8243; heading_semantic=&#8221;h1&#8243; text_size=&#8221;custom&#8221; uncode_shortcode_id=&#8221;245276&#8243; heading_custom_size=&#8221;36px&#8221; text_color_type=&#8221;uncode-palette&#8221;]Tan\u00e1csad\u00e1s, \u00dcgyfeleink C\u00e9ljaira Szabva[\/vc_custom_heading][\/vc_column_inner][vc_column_inner column_width_percent=&#8221;100&#8243; gutter_size=&#8221;3&#8243; overlay_alpha=&#8221;50&#8243; shift_x=&#8221;0&#8243; shift_y=&#8221;0&#8243; shift_y_down=&#8221;0&#8243; z_index=&#8221;0&#8243; medium_width=&#8221;0&#8243; mobile_visibility=&#8221;yes&#8221; mobile_width=&#8221;0&#8243; width=&#8221;1\/3&#8243; uncode_shortcode_id=&#8221;233074&#8243;][\/vc_column_inner][\/vc_row_inner][\/vc_column][\/vc_row][vc_row row_height_percent=&#8221;0&#8243; override_padding=&#8221;yes&#8221; h_padding=&#8221;2&#8243; top_padding=&#8221;3&#8243; bottom_padding=&#8221;2&#8243; overlay_alpha=&#8221;50&#8243; gutter_size=&#8221;3&#8243; column_width_percent=&#8221;100&#8243; shift_y=&#8221;0&#8243; z_index=&#8221;0&#8243; content_parallax=&#8221;0&#8243; uncode_shortcode_id=&#8221;186881&#8243; row_name=&#8221;history&#8221;][vc_column column_width_use_pixel=&#8221;yes&#8221; gutter_size=&#8221;2&#8243; overlay_alpha=&#8221;50&#8243; shift_x=&#8221;0&#8243; shift_y=&#8221;0&#8243; shift_y_down=&#8221;0&#8243; z_index=&#8221;0&#8243; medium_width=&#8221;0&#8243; mobile_width=&#8221;0&#8243; width=&#8221;1\/1&#8243; column_width_pixel=&#8221;750&#8243; uncode_shortcode_id=&#8221;148320&#8243;][vc_custom_heading heading_semantic=&#8221;h3&#8243; text_size=&#8221;h1&#8243; uncode_shortcode_id=&#8221;101803&#8243;]T\u00f6rt\u00e9net\u00fcnk[\/vc_custom_heading][vc_separator sep_color=&#8221;color-408418&#8243; uncode_shortcode_id=&#8221;174732&#8243; sep_color_type=&#8221;uncode-palette&#8221; el_class=&#8221;set-divider-max&#8221;][vc_column_text text_lead=&#8221;yes&#8221; uncode_shortcode_id=&#8221;224728&#8243;]Hintsoft Partners egy 2023-ban alap\u00edtott, f\u00fcggetlen v\u00e1llalati p\u00e9nz\u00fcgyi \u00e9s \u00fczleti tan\u00e1csad\u00f3 c\u00e9g, amely a k\u00f6z\u00e9p- \u00e9s kelet-eur\u00f3pai (CEE), valamint a n\u00e9met nyelvter\u00fcletet mag\u00e1ban foglal\u00f3 (DACH) r\u00e9gi\u00f3 v\u00e1llalati tranzakci\u00f3ira specializ\u00e1l\u00f3dott. Alap\u00edt\u00e1sunk \u00f3ta kis- \u00e9s k\u00f6z\u00e9pv\u00e1llalkoz\u00e1sokat, csal\u00e1di c\u00e9geket, multinacion\u00e1lis v\u00e1llalatokat, mag\u00e1nt\u0151ke-befektet\u0151ket \u00e9s p\u00e9nz\u00fcgyi int\u00e9zm\u00e9nyeket t\u00e1mogatunk abban, hogy p\u00e9nz\u00fcgyi \u00e9s strat\u00e9giai d\u00f6nt\u00e9seiket magabiztosan, \u00e1tl\u00e1that\u00f3an \u00e9s hossz\u00fa t\u00e1v\u00fa \u00e9rt\u00e9kteremt\u00e9s mellett hozhass\u00e1k meg.<\/p>\n<p>Tranzakci\u00f3ink t\u00f6bbs\u00e9ge a technol\u00f3gia, a neh\u00e9zipar, az energetika \u00e9s az eg\u00e9szs\u00e9g\u00fcgy ter\u00fclet\u00e9n val\u00f3sult meg, ugyanakkor ipar\u00e1gt\u00f3l f\u00fcggetlen\u00fcl k\u00edn\u00e1lunk testreszabott, \u00fcgyf\u00e9lk\u00f6zpont\u00fa megold\u00e1sokat. C\u00e9lunk, hogy minden helyzetben f\u00fcggetlen, megb\u00edzhat\u00f3 \u00e9s hat\u00e9kony tan\u00e1csad\u00e1ssal t\u00e1mogassuk \u00fcgyfeleinket, mindig az \u0151 \u00e9rdekeiket szem el\u0151tt tartva.<\/p>\n<p>Hissz\u00fck, hogy a sikeres p\u00e9nz\u00fcgyi d\u00f6nt\u00e9sek alapja a strat\u00e9giai gondolkod\u00e1s \u00e9s az \u00e1tfog\u00f3 piaci ismeret. Elk\u00f6telezettek vagyunk abban, hogy megb\u00edzhat\u00f3 p\u00e9nz\u00fcgyi tan\u00e1csad\u00e1ssal \u00e9s strat\u00e9giai ir\u00e1nymutat\u00e1ssal seg\u00edts\u00fck a v\u00e1llalkoz\u00e1sokat a folyamatosan v\u00e1ltoz\u00f3 piaci k\u00f6rnyezetben val\u00f3 fejl\u0151d\u00e9sben.[\/vc_column_text][\/vc_column][\/vc_row][vc_row row_height_percent=&#8221;0&#8243; override_padding=&#8221;yes&#8221; h_padding=&#8221;2&#8243; top_padding=&#8221;3&#8243; bottom_padding=&#8221;2&#8243; overlay_alpha=&#8221;50&#8243; equal_height=&#8221;yes&#8221; gutter_size=&#8221;4&#8243; column_width_percent=&#8221;100&#8243; shift_y=&#8221;0&#8243; z_index=&#8221;0&#8243; content_parallax=&#8221;0&#8243; uncode_shortcode_id=&#8221;629780&#8243; row_name=&#8221;team&#8221;][vc_column column_width_use_pixel=&#8221;yes&#8221; gutter_size=&#8221;2&#8243; overlay_alpha=&#8221;50&#8243; shift_x=&#8221;0&#8243; shift_y=&#8221;0&#8243; shift_y_down=&#8221;0&#8243; z_index=&#8221;0&#8243; medium_width=&#8221;0&#8243; mobile_width=&#8221;0&#8243; width=&#8221;1\/1&#8243; uncode_shortcode_id=&#8221;134068&#8243; column_width_pixel=&#8221;750&#8243;][vc_custom_heading heading_semantic=&#8221;h3&#8243; text_size=&#8221;h1&#8243; uncode_shortcode_id=&#8221;193973&#8243;]Csapat[\/vc_custom_heading][vc_separator sep_color=&#8221;color-408418&#8243; uncode_shortcode_id=&#8221;174732&#8243; sep_color_type=&#8221;uncode-palette&#8221; el_class=&#8221;set-divider-max&#8221;][vc_column_text text_lead=&#8221;yes&#8221; uncode_shortcode_id=&#8221;960013&#8243;]Er\u0151ss\u00e9g\u00fcnk a strat\u00e9giai gondolkod\u00e1s \u00e9s a gyakorlati megval\u00f3s\u00edt\u00e1s \u00f6tv\u00f6z\u00e9se. V\u00e1llalati p\u00e9nz\u00fcgyi \u00e9s finansz\u00edroz\u00e1si tapasztalatunk, valamint kiterjedt kapcsolatrendszer\u00fcnk sz\u00e9les perspekt\u00edv\u00e1t \u00e9s stabil szakmai h\u00e1tteret biztos\u00edt \u2013 mindezt a nagy tan\u00e1csad\u00f3c\u00e9gek k\u00f6t\u00f6tts\u00e9gei \u00e9s m\u00e1rkapr\u00e9miuma n\u00e9lk\u00fcl.<\/p>\n<p>Speci\u00e1lis ig\u00e9nyek eset\u00e9n megb\u00edzhat\u00f3 partnerh\u00e1l\u00f3zatunkkal dolgozunk egy\u00fctt, hogy minden helyzetre a legmegfelel\u0151bb megold\u00e1st k\u00edn\u00e1ljuk.<br \/>\nAlap\u00e9rt\u00e9keink \u2013 a f\u00fcggetlens\u00e9g, a diszkr\u00e9ci\u00f3, az \u00fcgyf\u00e9lk\u00f6zpont\u00fas\u00e1g, a szak\u00e9rtelem \u00e9s a hossz\u00fa t\u00e1v\u00fa partners\u00e9g \u2013 minden megb\u00edz\u00e1sunk kiindul\u00f3pontj\u00e1t jelentik.[\/vc_column_text][vc_empty_space][\/vc_column][\/vc_row][vc_row row_height_percent=&#8221;0&#8243; override_padding=&#8221;yes&#8221; h_padding=&#8221;2&#8243; top_padding=&#8221;2&#8243; bottom_padding=&#8221;2&#8243; back_color=&#8221;color-gyho&#8221; overlay_alpha=&#8221;50&#8243; gutter_size=&#8221;4&#8243; column_width_percent=&#8221;100&#8243; shift_y=&#8221;0&#8243; z_index=&#8221;0&#8243; bottom_divider=&#8221;gradient&#8221; inverted_device_order=&#8221;yes&#8221; content_parallax=&#8221;0&#8243; uncode_shortcode_id=&#8221;548896&#8243; back_color_type=&#8221;uncode-palette&#8221;][vc_column column_width_percent=&#8221;100&#8243; position_vertical=&#8221;middle&#8221; gutter_size=&#8221;0&#8243; overlay_alpha=&#8221;50&#8243; shift_x=&#8221;0&#8243; shift_y=&#8221;0&#8243; shift_y_down=&#8221;0&#8243; z_index=&#8221;0&#8243; medium_width=&#8221;0&#8243; mobile_width=&#8221;0&#8243; width=&#8221;2\/3&#8243; uncode_shortcode_id=&#8221;120460&#8243;][vc_custom_heading text_weight=&#8221;500&#8243; sub_reduced=&#8221;yes&#8221; uncode_shortcode_id=&#8221;194275&#8243; subheading=&#8221;Managing Director&#8221;]Tam\u00e1s Lengyel[\/vc_custom_heading][vc_separator sep_color=&#8221;color-408418&#8243; uncode_shortcode_id=&#8221;174732&#8243; sep_color_type=&#8221;uncode-palette&#8221; el_class=&#8221;set-divider-max&#8221;][vc_empty_space][vc_column_text uncode_shortcode_id=&#8221;108865&#8243;]Lengyel Tam\u00e1s befektet\u00e9si szakember, aki mag\u00e1nt\u0151ke-befektet\u00e9sekben \u00e9s \u00fczletfejleszt\u00e9sben szerzett sz\u00e9lesk\u00f6r\u0171 tapasztalatot. A Hintsoft Partners megalap\u00edt\u00e1sa el\u0151tt az Alpac Capitaln\u00e1l dolgozott, ahol Eur\u00f3pa-szerte vett r\u00e9szt befektet\u00e9si lehet\u0151s\u00e9gek felkutat\u00e1s\u00e1ban, p\u00e9nz\u00fcgyi modellez\u00e9sben \u00e9s k\u00fcl\u00f6nf\u00e9le tranzakci\u00f3k lebonyol\u00edt\u00e1s\u00e1ban.[\/vc_column_text][vc_empty_space][vc_column_text uncode_shortcode_id=&#8221;123520&#8243;]Ezt megel\u0151z\u0151en a BlackRock befektet\u00e9si strat\u00e9g\u00e1jak\u00e9nt portf\u00f3li\u00f3-\u00e9p\u00edt\u00e9sben, piaci elemz\u00e9sekben \u00e9s int\u00e9zm\u00e9nyi \u00fcgyfelek befektet\u00e9si strat\u00e9gi\u00e1inak kialak\u00edt\u00e1s\u00e1ban vett r\u00e9szt. Kor\u00e1bban \u00fczletfejleszt\u00e9si ter\u00fcleten is dolgozott a Linxfourn\u00e1l, p\u00e1lyafut\u00e1s\u00e1t pedig a BNP Paribas londoni irod\u00e1j\u00e1ban kezdte befektet\u00e9si bank\u00e1rk\u00e9nt. Mesterk\u00e9pz\u00e9s\u00e9t az Imperial College Londonon, alapk\u00e9pz\u00e9s\u00e9t pedig a Bayes Business School Londonon v\u00e9gezte.[\/vc_column_text][\/vc_column][vc_column column_width_percent=&#8221;100&#8243; gutter_size=&#8221;4&#8243; overlay_alpha=&#8221;50&#8243; shift_x=&#8221;0&#8243; shift_y=&#8221;0&#8243; shift_y_down=&#8221;0&#8243; z_index=&#8221;0&#8243; medium_width=&#8221;0&#8243; mobile_width=&#8221;0&#8243; width=&#8221;1\/3&#8243; uncode_shortcode_id=&#8221;892757&#8243;][vc_single_image media=&#8221;478&#8243; media_width_percent=&#8221;100&#8243; media_ratio=&#8221;four-five&#8221; uncode_shortcode_id=&#8221;147590&#8243;][\/vc_column][\/vc_row][vc_row row_height_percent=&#8221;0&#8243; override_padding=&#8221;yes&#8221; h_padding=&#8221;2&#8243; top_padding=&#8221;2&#8243; bottom_padding=&#8221;3&#8243; back_color=&#8221;color-gyho&#8221; overlay_alpha=&#8221;50&#8243; gutter_size=&#8221;4&#8243; column_width_percent=&#8221;100&#8243; shift_y=&#8221;0&#8243; z_index=&#8221;0&#8243; bottom_divider=&#8221;gradient&#8221; content_parallax=&#8221;0&#8243; uncode_shortcode_id=&#8221;637971&#8243; back_color_type=&#8221;uncode-palette&#8221;][vc_column column_width_percent=&#8221;100&#8243; gutter_size=&#8221;4&#8243; overlay_alpha=&#8221;50&#8243; shift_x=&#8221;0&#8243; shift_y=&#8221;0&#8243; shift_y_down=&#8221;0&#8243; z_index=&#8221;0&#8243; medium_width=&#8221;0&#8243; mobile_width=&#8221;0&#8243; width=&#8221;1\/3&#8243; uncode_shortcode_id=&#8221;892757&#8243;][vc_single_image media=&#8221;480&#8243; media_width_percent=&#8221;100&#8243; media_ratio=&#8221;four-five&#8221; uncode_shortcode_id=&#8221;150755&#8243;][\/vc_column][vc_column column_width_percent=&#8221;100&#8243; position_vertical=&#8221;middle&#8221; gutter_size=&#8221;0&#8243; overlay_alpha=&#8221;50&#8243; shift_x=&#8221;0&#8243; shift_y=&#8221;0&#8243; shift_y_down=&#8221;0&#8243; z_index=&#8221;0&#8243; medium_width=&#8221;0&#8243; mobile_width=&#8221;0&#8243; width=&#8221;2\/3&#8243; uncode_shortcode_id=&#8221;433916&#8243;][vc_custom_heading text_weight=&#8221;600&#8243; sub_reduced=&#8221;yes&#8221; uncode_shortcode_id=&#8221;694492&#8243; subheading=&#8221;Strategic Partner&#8221;]Barnab\u00e1s Vincze[\/vc_custom_heading][vc_separator sep_color=&#8221;color-408418&#8243; uncode_shortcode_id=&#8221;174732&#8243; sep_color_type=&#8221;uncode-palette&#8221; el_class=&#8221;set-divider-max&#8221;][vc_empty_space][vc_column_text uncode_shortcode_id=&#8221;986515&#8243;]Vincze Barnab\u00e1s befektet\u00e9si szakember, jelent\u0151s tapasztalattal a mag\u00e1nt\u0151ke- \u00e9s kock\u00e1zatit\u0151ke-befektet\u00e9sek ter\u00fclet\u00e9n. A Hintsoft Partners megalap\u00edt\u00e1sa el\u0151tt a b\u00e9csi sz\u00e9khely\u0171 3TS Capital Partnersn\u00e9l dolgozott, ahol t\u0151kebevon\u00e1ssal, befektet\u00e9si lehet\u0151s\u00e9gek felkutat\u00e1s\u00e1val, p\u00e9nz\u00fcgyi modellez\u00e9ssel, valamint n\u00f6veked\u00e9si t\u0151kebefektet\u00e9sek \u00e9s kiv\u00e1s\u00e1rl\u00e1sok lebonyol\u00edt\u00e1s\u00e1val foglalkozott Eur\u00f3pa-szerte. T\u00f6bb eur\u00f3pai v\u00e1llalat fel\u00fcgyel\u0151bizotts\u00e1g\u00e1ban is r\u00e9szt vett, ahol strat\u00e9giai ir\u00e1ny\u00edt\u00e1sban \u00e9s v\u00e1llalatir\u00e1ny\u00edt\u00e1si k\u00e9rd\u00e9sekben ny\u00fajtott t\u00e1mogat\u00e1st.[\/vc_column_text][vc_empty_space][vc_column_text uncode_shortcode_id=&#8221;647059&#8243;]Ezt megel\u0151z\u0151en a londoni k\u00f6zpont\u00fa Flashpoint Venture Capital befektet\u00e9si szakemberek\u00e9nt technol\u00f3giai f\u00f3kusz\u00fa kisebbs\u00e9gi r\u00e9szesed\u00e9s\u0171 befektet\u00e9seket val\u00f3s\u00edtott meg Eur\u00f3p\u00e1ban \u00e9s az Egyes\u00fclt \u00c1llamokban. Mesterk\u00e9pz\u00e9s\u00e9t a p\u00e1rizsi EDHEC Business Schoolban, alapk\u00e9pz\u00e9s\u00e9t pedig a b\u00e9csi WU Vienna University of Economics and Business egyetemen v\u00e9gezte.[\/vc_column_text][\/vc_column][\/vc_row][vc_row row_height_percent=&#8221;0&#8243; override_padding=&#8221;yes&#8221; h_padding=&#8221;2&#8243; top_padding=&#8221;0&#8243; bottom_padding=&#8221;2&#8243; back_color=&#8221;color-gyho&#8221; overlay_alpha=&#8221;50&#8243; gutter_size=&#8221;4&#8243; column_width_percent=&#8221;100&#8243; shift_y=&#8221;0&#8243; z_index=&#8221;0&#8243; bottom_divider=&#8221;gradient&#8221; inverted_device_order=&#8221;yes&#8221; content_parallax=&#8221;0&#8243; uncode_shortcode_id=&#8221;820703&#8243; back_color_type=&#8221;uncode-palette&#8221;][vc_column column_width_percent=&#8221;100&#8243; position_vertical=&#8221;middle&#8221; gutter_size=&#8221;0&#8243; overlay_alpha=&#8221;50&#8243; shift_x=&#8221;0&#8243; shift_y=&#8221;0&#8243; shift_y_down=&#8221;0&#8243; z_index=&#8221;0&#8243; medium_width=&#8221;0&#8243; mobile_width=&#8221;0&#8243; width=&#8221;2\/3&#8243; uncode_shortcode_id=&#8221;278010&#8243;][vc_custom_heading text_weight=&#8221;500&#8243; sub_reduced=&#8221;yes&#8221; uncode_shortcode_id=&#8221;214022&#8243; subheading=&#8221;Strategic Partner&#8221;]Michal Kuba[\/vc_custom_heading][vc_separator sep_color=&#8221;color-408418&#8243; uncode_shortcode_id=&#8221;174732&#8243; sep_color_type=&#8221;uncode-palette&#8221; el_class=&#8221;set-divider-max&#8221;][vc_empty_space][vc_column_text uncode_shortcode_id=&#8221;173833&#8243;]Michal Kuba befektet\u00e9si szakember, els\u0151sorban mag\u00e1nt\u0151ke-befektet\u00e9sekre szakosodoott, de t\u00f6bbf\u00e9le befektet\u00e9si strat\u00e9gi\u00e1ban is sz\u00e9les tapasztalatot szerzett. A Hintsoft Partners el\u0151tt a b\u00e9csi 3TS Capital Partnersn\u00e9l dolgozott befektet\u00e9si menedzserk\u00e9nt, ahol technol\u00f3giai v\u00e1llalatok n\u00f6veked\u00e9si t\u0151kebefektet\u00e9seinek megval\u00f3s\u00edt\u00e1s\u00e1n dolgozott Eur\u00f3pa-szerte. Ezt megel\u0151z\u0151en az EMSA Capital \u00e9s a SART Capital Partners csapatainak tagjak\u00e9nt ipari \u00e9s gy\u00e1rt\u00f3ipari c\u00e9gek speci\u00e1lis helyzeteire \u00e9s reorganiz\u00e1ci\u00f3ira f\u00f3kusz\u00e1l\u00f3 befektet\u00e9sekkel foglalkozott.[\/vc_column_text][vc_empty_space][vc_column_text uncode_shortcode_id=&#8221;144944&#8243;]P\u00e1lyafut\u00e1sa kor\u00e1bbi szakasz\u00e1ban a londoni Eur\u00f3pai \u00dajj\u00e1\u00e9p\u00edt\u00e9si \u00e9s Fejleszt\u00e9si Bankn\u00e1l (EBRD) dolgozott, ahol a k\u00f6z\u00e9p- \u00e9s kelet-eur\u00f3pai, valamint az EMEA-r\u00e9gi\u00f3 vezet\u0151 mag\u00e1nt\u0151ke-alapjaival m\u0171k\u00f6d\u00f6tt egy\u00fctt LP- \u00e9s t\u00e1rs-befektet\u00e9si strukt\u00far\u00e1kban. Karrierj\u00e9t a Deloitte londoni Transaction Services M&amp;A r\u00e9szleg\u00e9n\u00e9l kezdte, ahol t\u00f6bb jelent\u0151s nemzetk\u00f6zi tranzakci\u00f3ban vett r\u00e9szt. Mesterfokozat\u00e1t az Egyes\u00fclt Kir\u00e1lys\u00e1gban, a University of Essexen szerezte, m\u00e1soddiplom\u00e1j\u00e1t \u00e9s alapk\u00e9pz\u00e9s\u00e9t pedig a pozsonyi K\u00f6zgazdas\u00e1gi Egyetemen v\u00e9gezte. Emellett CFA\u00ae jel\u00f6lt.[\/vc_column_text][vc_empty_space][\/vc_column][vc_column column_width_percent=&#8221;100&#8243; gutter_size=&#8221;4&#8243; overlay_alpha=&#8221;50&#8243; shift_x=&#8221;0&#8243; shift_y=&#8221;0&#8243; shift_y_down=&#8221;0&#8243; z_index=&#8221;0&#8243; medium_width=&#8221;0&#8243; mobile_width=&#8221;0&#8243; width=&#8221;1\/3&#8243; uncode_shortcode_id=&#8221;892757&#8243;][vc_single_image media=&#8221;834&#8243; media_width_percent=&#8221;100&#8243; uncode_shortcode_id=&#8221;428203&#8243;][\/vc_column][\/vc_row]<\/p>\n<\/div>","protected":false},"excerpt":{"rendered":"<p>[vc_row row_height_percent=&#8221;100&#8243; override_padding=&#8221;yes&#8221; h_padding=&#8221;0&#8243; top_padding=&#8221;2&#8243; bottom_padding=&#8221;2&#8243; back_image=&#8221;347&#8243; overlay_color=&#8221;color-jevc&#8221; overlay_alpha=&#8221;30&#8243; equal_height=&#8221;yes&#8221; gutter_size=&#8221;0&#8243; column_width_use_pixel=&#8221;yes&#8221; shift_y=&#8221;0&#8243; z_index=&#8221;0&#8243; auto_height_device=&#8221;yes&#8221; content_parallax=&#8221;0&#8243; row_name=&#8221;Welcome&#8221; uncode_shortcode_id=&#8221;299951&#8243; overlay_color_type=&#8221;uncode-palette&#8221;][vc_column column_width_use_pixel=&#8221;yes&#8221; [&hellip;]<\/p>\n","protected":false},"author":1,"featured_media":0,"parent":0,"menu_order":0,"comment_status":"closed","ping_status":"closed","template":"","meta":{"_seopress_robots_primary_cat":"","_seopress_titles_title":"","_seopress_titles_desc":"","_seopress_robots_index":"","footnotes":""},"class_list":["post-1285","page","type-page","status-publish","hentry"],"_links":{"self":[{"href":"https:\/\/hintsoftpartners.com\/hu\/wp-json\/wp\/v2\/pages\/1285","targetHints":{"allow":["GET"]}}],"collection":[{"href":"https:\/\/hintsoftpartners.com\/hu\/wp-json\/wp\/v2\/pages"}],"about":[{"href":"https:\/\/hintsoftpartners.com\/hu\/wp-json\/wp\/v2\/types\/page"}],"author":[{"embeddable":true,"href":"https:\/\/hintsoftpartners.com\/hu\/wp-json\/wp\/v2\/users\/1"}],"replies":[{"embeddable":true,"href":"https:\/\/hintsoftpartners.com\/hu\/wp-json\/wp\/v2\/comments?post=1285"}],"version-history":[{"count":6,"href":"https:\/\/hintsoftpartners.com\/hu\/wp-json\/wp\/v2\/pages\/1285\/revisions"}],"predecessor-version":[{"id":1712,"href":"https:\/\/hintsoftpartners.com\/hu\/wp-json\/wp\/v2\/pages\/1285\/revisions\/1712"}],"wp:attachment":[{"href":"https:\/\/hintsoftpartners.com\/hu\/wp-json\/wp\/v2\/media?parent=1285"}],"curies":[{"name":"wp","href":"https:\/\/api.w.org\/{rel}","templated":true}]}}