{"id":1278,"date":"2025-03-17T09:06:04","date_gmt":"2025-03-17T08:06:04","guid":{"rendered":"https:\/\/hintsoftpartners.com\/szolgaltatasok\/"},"modified":"2026-02-21T13:13:10","modified_gmt":"2026-02-21T12:13:10","slug":"szolgaltatasok","status":"publish","type":"page","link":"https:\/\/hintsoftpartners.com\/hu\/szolgaltatasok\/","title":{"rendered":"Szolg\u00e1ltat\u00e1sok"},"content":{"rendered":"<div class=\"wpb-content-wrapper\"><p>[vc_row row_height_percent=&#8221;100&#8243; override_padding=&#8221;yes&#8221; h_padding=&#8221;0&#8243; top_padding=&#8221;2&#8243; bottom_padding=&#8221;2&#8243; back_image=&#8221;627&#8243; overlay_color=&#8221;color-jevc&#8221; overlay_alpha=&#8221;30&#8243; equal_height=&#8221;yes&#8221; gutter_size=&#8221;0&#8243; column_width_use_pixel=&#8221;yes&#8221; shift_y=&#8221;0&#8243; z_index=&#8221;0&#8243; auto_height_device=&#8221;yes&#8221; content_parallax=&#8221;0&#8243; row_name=&#8221;Welcome&#8221; uncode_shortcode_id=&#8221;210362&#8243; overlay_color_type=&#8221;uncode-palette&#8221;][vc_column column_width_use_pixel=&#8221;yes&#8221; position_vertical=&#8221;middle&#8221; align_horizontal=&#8221;align_center&#8221; gutter_size=&#8221;3&#8243; style=&#8221;dark&#8221; overlay_alpha=&#8221;50&#8243; shift_x=&#8221;0&#8243; shift_y=&#8221;0&#8243; shift_y_down=&#8221;0&#8243; z_index=&#8221;0&#8243; medium_width=&#8221;0&#8243; mobile_width=&#8221;0&#8243; width=&#8221;1\/1&#8243;][vc_row_inner row_inner_height_percent=&#8221;0&#8243; overlay_alpha=&#8221;50&#8243; gutter_size=&#8221;3&#8243; shift_y=&#8221;0&#8243; z_index=&#8221;0&#8243; limit_content=&#8221;&#8221;][vc_column_inner column_width_percent=&#8221;100&#8243; position_horizontal=&#8221;left&#8221; position_vertical=&#8221;middle&#8221; gutter_size=&#8221;2&#8243; override_padding=&#8221;yes&#8221; column_padding=&#8221;2&#8243; style=&#8221;light&#8221; overlay_alpha=&#8221;0&#8243; shift_x=&#8221;0&#8243; shift_y=&#8221;0&#8243; shift_y_down=&#8221;0&#8243; z_index=&#8221;0&#8243; medium_width=&#8221;0&#8243; mobile_width=&#8221;0&#8243; css_animation=&#8221;alpha-anim&#8221; width=&#8221;2\/3&#8243; uncode_shortcode_id=&#8221;127693&#8243; back_color_type=&#8221;uncode-solid&#8221; back_color_solid=&#8221;rgba(255,255,255,0.75)&#8221; el_class=&#8221;remove-padding-top&#8221;][vc_custom_heading text_color=&#8221;color-xsdn&#8221; heading_semantic=&#8221;p&#8221; text_size=&#8221;&#8221; text_weight=&#8221;500&#8243; badge_style=&#8221;yes&#8221; back_color=&#8221;color-408418&#8243; uncode_shortcode_id=&#8221;164071&#8243; text_color_type=&#8221;uncode-palette&#8221; back_color_type=&#8221;uncode-palette&#8221; el_class=&#8221;header-badge&#8221;]SZOLG\u00c1LTAT\u00c1SAINK[\/vc_custom_heading][vc_custom_heading text_color=&#8221;color-408418&#8243; heading_semantic=&#8221;h1&#8243; text_size=&#8221;custom&#8221; uncode_shortcode_id=&#8221;100639&#8243; heading_custom_size=&#8221;36px&#8221; text_color_type=&#8221;uncode-palette&#8221;]Testreszabott megold\u00e1sok, val\u00f3di \u00fczleti eredm\u00e9nyek\u00e9rt[\/vc_custom_heading][\/vc_column_inner][vc_column_inner column_width_percent=&#8221;100&#8243; gutter_size=&#8221;3&#8243; overlay_alpha=&#8221;50&#8243; shift_x=&#8221;0&#8243; shift_y=&#8221;0&#8243; shift_y_down=&#8221;0&#8243; z_index=&#8221;0&#8243; medium_width=&#8221;0&#8243; mobile_visibility=&#8221;yes&#8221; mobile_width=&#8221;0&#8243; width=&#8221;1\/3&#8243; uncode_shortcode_id=&#8221;107346&#8243;][\/vc_column_inner][\/vc_row_inner][\/vc_column][\/vc_row][vc_row row_height_percent=&#8221;0&#8243; overlay_alpha=&#8221;50&#8243; gutter_size=&#8221;3&#8243; column_width_percent=&#8221;100&#8243; border_color=&#8221;color-gyho&#8221; border_style=&#8221;solid&#8221; shift_y=&#8221;0&#8243; z_index=&#8221;0&#8243; content_parallax=&#8221;0&#8243; uncode_shortcode_id=&#8221;131890&#8243; css=&#8221;.vc_custom_1749741605731{border-bottom-width: 1px !important;}&#8221; border_color_type=&#8221;uncode-palette&#8221;][vc_column column_width_percent=&#8221;100&#8243; position_vertical=&#8221;middle&#8221; align_horizontal=&#8221;align_center&#8221; gutter_size=&#8221;3&#8243; overlay_alpha=&#8221;50&#8243; shift_x=&#8221;0&#8243; shift_y=&#8221;0&#8243; shift_y_down=&#8221;0&#8243; z_index=&#8221;0&#8243; medium_width=&#8221;0&#8243; mobile_width=&#8221;0&#8243; width=&#8221;1\/1&#8243; uncode_shortcode_id=&#8221;125520&#8243;][vc_wp_custommenu nav_menu=&#8221;25&#8243; nav_menu_horizontal=&#8221;1&#8243;][\/vc_column][\/vc_row][vc_row row_height_percent=&#8221;0&#8243; override_padding=&#8221;yes&#8221; h_padding=&#8221;2&#8243; top_padding=&#8221;2&#8243; bottom_padding=&#8221;2&#8243; overlay_alpha=&#8221;50&#8243; gutter_size=&#8221;3&#8243; column_width_percent=&#8221;100&#8243; shift_y=&#8221;0&#8243; z_index=&#8221;0&#8243; content_parallax=&#8221;0&#8243; uncode_shortcode_id=&#8221;440766&#8243; row_name=&#8221;history&#8221;][vc_column column_width_use_pixel=&#8221;yes&#8221; gutter_size=&#8221;3&#8243; overlay_alpha=&#8221;50&#8243; shift_x=&#8221;0&#8243; shift_y=&#8221;0&#8243; shift_y_down=&#8221;0&#8243; z_index=&#8221;0&#8243; medium_width=&#8221;0&#8243; align_mobile=&#8221;align_center_mobile&#8221; mobile_width=&#8221;0&#8243; width=&#8221;1\/1&#8243; column_width_pixel=&#8221;750&#8243; uncode_shortcode_id=&#8221;110716&#8243;][vc_column_text text_lead=&#8221;yes&#8221; uncode_shortcode_id=&#8221;105110&#8243;]Tan\u00e1csad\u00f3csapatunk a p\u00e9nz\u00fcgyi tan\u00e1csad\u00e1s teljes palett\u00e1j\u00e1t k\u00edn\u00e1lja, \u00fcgyfeleinket v\u00e9gigk\u00eds\u00e9rve a tranzakci\u00f3k minden szakasz\u00e1n. H\u00e1rom f\u0151 ter\u00fcletre \u00f6sszpontos\u00edtunk: tranzakci\u00f3s tan\u00e1csad\u00e1sra, hitel- \u00e9s t\u0151kepiaci tan\u00e1csad\u00e1sra, valamint \u00e9rt\u00e9kel\u00e9sre- \u00e9s strat\u00e9giai tan\u00e1csad\u00e1sra. Piaci tapasztalatainkra \u00e9s szak\u00e9rtelm\u00fcnkre t\u00e1maszkodva seg\u00edt\u00fcnk \u00fcgyfeleinknek val\u00f3di \u00e9rt\u00e9ket teremteni \u00e9s hossz\u00fa t\u00e1v\u00fa c\u00e9ljaikat megval\u00f3s\u00edtani.[\/vc_column_text][\/vc_column][\/vc_row][vc_row row_height_percent=&#8221;0&#8243; override_padding=&#8221;yes&#8221; h_padding=&#8221;2&#8243; top_padding=&#8221;3&#8243; bottom_padding=&#8221;2&#8243; back_color=&#8221;color-gyho&#8221; overlay_alpha=&#8221;50&#8243; equal_height=&#8221;yes&#8221; gutter_size=&#8221;4&#8243; column_width_percent=&#8221;100&#8243; shift_y=&#8221;0&#8243; z_index=&#8221;0&#8243; content_parallax=&#8221;0&#8243; el_class=&#8221;inverted-device-order&#8221; uncode_shortcode_id=&#8221;243377&#8243; back_color_type=&#8221;uncode-palette&#8221;][vc_column column_width_percent=&#8221;100&#8243; gutter_size=&#8221;2&#8243; overlay_alpha=&#8221;50&#8243; shift_x=&#8221;0&#8243; shift_y=&#8221;0&#8243; shift_y_down=&#8221;0&#8243; z_index=&#8221;0&#8243; medium_width=&#8221;0&#8243; mobile_width=&#8221;0&#8243; width=&#8221;1\/1&#8243; uncode_shortcode_id=&#8221;555175&#8243;][vc_custom_heading heading_semantic=&#8221;h3&#8243; text_size=&#8221;h1&#8243; uncode_shortcode_id=&#8221;790383&#8243;]Tan\u00e1csad\u00e1si szolg\u00e1ltat\u00e1saink[\/vc_custom_heading][vc_separator sep_color=&#8221;color-408418&#8243; uncode_shortcode_id=&#8221;205867&#8243; sep_color_type=&#8221;uncode-palette&#8221; el_class=&#8221;set-divider-max&#8221;][\/vc_column][\/vc_row][vc_row row_height_percent=&#8221;0&#8243; override_padding=&#8221;yes&#8221; h_padding=&#8221;2&#8243; top_padding=&#8221;2&#8243; bottom_padding=&#8221;3&#8243; back_color=&#8221;color-gyho&#8221; overlay_alpha=&#8221;50&#8243; gutter_size=&#8221;2&#8243; column_width_percent=&#8221;100&#8243; shift_y=&#8221;0&#8243; z_index=&#8221;0&#8243; content_parallax=&#8221;0&#8243; uncode_shortcode_id=&#8221;751402&#8243; back_color_type=&#8221;uncode-palette&#8221;][vc_column column_width_percent=&#8221;100&#8243; gutter_size=&#8221;4&#8243; overlay_alpha=&#8221;50&#8243; shift_x=&#8221;0&#8243; shift_y=&#8221;0&#8243; shift_y_down=&#8221;0&#8243; z_index=&#8221;0&#8243; medium_width=&#8221;0&#8243; mobile_width=&#8221;0&#8243; width=&#8221;1\/1&#8243;][uncode_index el_id=&#8221;index-152983000&#8243; isotope_mode=&#8221;fitRows&#8221; loop=&#8221;size:3|order_by:date|post_type:page|by_id:1296,1299,1293|taxonomy_count:10&#8243; screen_lg=&#8221;1000&#8243; screen_md=&#8221;600&#8243; screen_sm=&#8221;480&#8243; gutter_size=&#8221;3&#8243; post_items=&#8221;media|featured|onpost|poster,date,title,text|excerpt|90,category|bordered|topright|hide-icon&#8221; page_items=&#8221;media|featured|onpost|original,title|-,spacer|half,text|excerpt,spacer_two|half,link|default|small_size|scale_mobile|default_width|default_outline|TOV\u00c1BBI INFORM\u00c1CI\u00d3&#8221; single_width=&#8221;6&#8243; images_size=&#8221;four-three&#8221; single_overlay_color=&#8221;color-wvjs&#8221; single_overlay_opacity=&#8221;50&#8243; single_image_magnetic=&#8221;yes&#8221; single_padding=&#8221;2&#8243; single_thumb_hover=&#8221;yes&#8221; single_title_dimension=&#8221;h2&#8243; single_border=&#8221;yes&#8221; custom_order=&#8221;yes&#8221; single_icon=&#8221;fa fa-plus2&#8243; uncode_shortcode_id=&#8221;126320&#8243;][\/vc_column][\/vc_row]<\/p>\n<\/div>","protected":false},"excerpt":{"rendered":"<p>[vc_row row_height_percent=&#8221;100&#8243; override_padding=&#8221;yes&#8221; h_padding=&#8221;0&#8243; top_padding=&#8221;2&#8243; bottom_padding=&#8221;2&#8243; back_image=&#8221;627&#8243; overlay_color=&#8221;color-jevc&#8221; overlay_alpha=&#8221;30&#8243; equal_height=&#8221;yes&#8221; gutter_size=&#8221;0&#8243; column_width_use_pixel=&#8221;yes&#8221; shift_y=&#8221;0&#8243; z_index=&#8221;0&#8243; auto_height_device=&#8221;yes&#8221; content_parallax=&#8221;0&#8243; row_name=&#8221;Welcome&#8221; uncode_shortcode_id=&#8221;210362&#8243; overlay_color_type=&#8221;uncode-palette&#8221;][vc_column column_width_use_pixel=&#8221;yes&#8221; [&hellip;]<\/p>\n","protected":false},"author":1,"featured_media":0,"parent":0,"menu_order":0,"comment_status":"closed","ping_status":"closed","template":"","meta":{"_seopress_robots_primary_cat":"","_seopress_titles_title":"","_seopress_titles_desc":"","_seopress_robots_index":"","footnotes":""},"class_list":["post-1278","page","type-page","status-publish","hentry"],"_links":{"self":[{"href":"https:\/\/hintsoftpartners.com\/hu\/wp-json\/wp\/v2\/pages\/1278","targetHints":{"allow":["GET"]}}],"collection":[{"href":"https:\/\/hintsoftpartners.com\/hu\/wp-json\/wp\/v2\/pages"}],"about":[{"href":"https:\/\/hintsoftpartners.com\/hu\/wp-json\/wp\/v2\/types\/page"}],"author":[{"embeddable":true,"href":"https:\/\/hintsoftpartners.com\/hu\/wp-json\/wp\/v2\/users\/1"}],"replies":[{"embeddable":true,"href":"https:\/\/hintsoftpartners.com\/hu\/wp-json\/wp\/v2\/comments?post=1278"}],"version-history":[{"count":15,"href":"https:\/\/hintsoftpartners.com\/hu\/wp-json\/wp\/v2\/pages\/1278\/revisions"}],"predecessor-version":[{"id":1711,"href":"https:\/\/hintsoftpartners.com\/hu\/wp-json\/wp\/v2\/pages\/1278\/revisions\/1711"}],"wp:attachment":[{"href":"https:\/\/hintsoftpartners.com\/hu\/wp-json\/wp\/v2\/media?parent=1278"}],"curies":[{"name":"wp","href":"https:\/\/api.w.org\/{rel}","templated":true}]}}