{"id":985,"date":"2025-03-17T09:06:30","date_gmt":"2025-03-17T08:06:30","guid":{"rendered":"https:\/\/hintsoftpartners.com\/kontaktujte-nas\/"},"modified":"2026-02-20T14:26:20","modified_gmt":"2026-02-20T13:26:20","slug":"kontaktujte-nas","status":"publish","type":"page","link":"https:\/\/hintsoftpartners.com\/cs\/kontaktujte-nas\/","title":{"rendered":"Kontaktujte n\u00e1s"},"content":{"rendered":"<div class=\"wpb-content-wrapper\"><p>[vc_row row_height_percent=&#8220;100&#8243; override_padding=&#8220;yes&#8220; h_padding=&#8220;0&#8243; top_padding=&#8220;2&#8243; bottom_padding=&#8220;2&#8243; back_image=&#8220;433&#8243; overlay_color=&#8220;color-jevc&#8220; overlay_alpha=&#8220;30&#8243; equal_height=&#8220;yes&#8220; gutter_size=&#8220;0&#8243; column_width_use_pixel=&#8220;yes&#8220; shift_y=&#8220;0&#8243; z_index=&#8220;0&#8243; auto_height_device=&#8220;yes&#8220; content_parallax=&#8220;0&#8243; row_name=&#8220;Welcome&#8220; uncode_shortcode_id=&#8220;127064&#8243; overlay_color_type=&#8220;uncode-palette&#8220;][vc_column column_width_use_pixel=&#8220;yes&#8220; position_vertical=&#8220;middle&#8220; align_horizontal=&#8220;align_center&#8220; gutter_size=&#8220;3&#8243; style=&#8220;dark&#8220; overlay_alpha=&#8220;50&#8243; shift_x=&#8220;0&#8243; shift_y=&#8220;0&#8243; shift_y_down=&#8220;0&#8243; z_index=&#8220;0&#8243; medium_width=&#8220;0&#8243; mobile_width=&#8220;0&#8243; width=&#8220;1\/1&#8243;][vc_row_inner row_inner_height_percent=&#8220;0&#8243; overlay_alpha=&#8220;50&#8243; gutter_size=&#8220;3&#8243; shift_y=&#8220;0&#8243; z_index=&#8220;0&#8243; limit_content=&#8220;&#8220;][vc_column_inner column_width_percent=&#8220;100&#8243; position_horizontal=&#8220;left&#8220; position_vertical=&#8220;middle&#8220; gutter_size=&#8220;2&#8243; override_padding=&#8220;yes&#8220; column_padding=&#8220;2&#8243; style=&#8220;light&#8220; overlay_alpha=&#8220;0&#8243; shift_x=&#8220;0&#8243; shift_y=&#8220;0&#8243; shift_y_down=&#8220;0&#8243; z_index=&#8220;0&#8243; medium_width=&#8220;0&#8243; mobile_width=&#8220;0&#8243; css_animation=&#8220;alpha-anim&#8220; width=&#8220;2\/3&#8243; uncode_shortcode_id=&#8220;500790&#8243; back_color_type=&#8220;uncode-solid&#8220; back_color_solid=&#8220;rgba(255,255,255,0.75)&#8220; el_class=&#8220;remove-padding-top&#8220;][vc_custom_heading text_color=&#8220;color-xsdn&#8220; heading_semantic=&#8220;p&#8220; text_size=&#8220;&#8220; text_weight=&#8220;500&#8243; text_transform=&#8220;uppercase&#8220; badge_style=&#8220;yes&#8220; back_color=&#8220;color-408418&#8243; uncode_shortcode_id=&#8220;136138&#8243; text_color_type=&#8220;uncode-palette&#8220; back_color_type=&#8220;uncode-palette&#8220; el_class=&#8220;header-badge&#8220;]Kontaktujte n\u00e1s[\/vc_custom_heading][vc_custom_heading text_color=&#8220;color-408418&#8243; heading_semantic=&#8220;h1&#8243; text_size=&#8220;custom&#8220; uncode_shortcode_id=&#8220;859190&#8243; heading_custom_size=&#8220;36px&#8220; text_color_type=&#8220;uncode-palette&#8220;]M\u00e1te dal\u0161\u00ed dotazy?[\/vc_custom_heading][\/vc_column_inner][vc_column_inner column_width_percent=&#8220;100&#8243; gutter_size=&#8220;3&#8243; overlay_alpha=&#8220;50&#8243; shift_x=&#8220;0&#8243; shift_y=&#8220;0&#8243; shift_y_down=&#8220;0&#8243; z_index=&#8220;0&#8243; medium_width=&#8220;0&#8243; mobile_visibility=&#8220;yes&#8220; mobile_width=&#8220;0&#8243; width=&#8220;1\/3&#8243; uncode_shortcode_id=&#8220;105337&#8243;][\/vc_column_inner][\/vc_row_inner][\/vc_column][\/vc_row][vc_row row_height_percent=&#8220;0&#8243; override_padding=&#8220;yes&#8220; h_padding=&#8220;2&#8243; top_padding=&#8220;3&#8243; bottom_padding=&#8220;3&#8243; overlay_alpha=&#8220;50&#8243; gutter_size=&#8220;3&#8243; column_width_percent=&#8220;100&#8243; shift_y=&#8220;0&#8243; z_index=&#8220;0&#8243; content_parallax=&#8220;0&#8243; uncode_shortcode_id=&#8220;163595&#8243; row_name=&#8220;history&#8220;][vc_column column_width_use_pixel=&#8220;yes&#8220; gutter_size=&#8220;3&#8243; overlay_alpha=&#8220;50&#8243; shift_x=&#8220;0&#8243; shift_y=&#8220;0&#8243; shift_y_down=&#8220;0&#8243; z_index=&#8220;0&#8243; medium_width=&#8220;0&#8243; align_mobile=&#8220;align_center_mobile&#8220; mobile_width=&#8220;0&#8243; width=&#8220;1\/1&#8243; column_width_pixel=&#8220;750&#8243; uncode_shortcode_id=&#8220;110716&#8243;][vc_column_text text_lead=&#8220;yes&#8220; uncode_shortcode_id=&#8220;137825&#8243;]D\u011bkujeme v\u00e1m za v\u00e1\u0161 z\u00e1jem o spole\u010dnost Hintsoft Partners. Jako nez\u00e1visl\u00e1 transak\u010dn\u00ed a poradensk\u00e1 spole\u010dnost specializuj\u00edc\u00ed se na podnikov\u00e9 transakce v regionech st\u0159edn\u00ed a v\u00fdchodn\u00ed Evropy a DACH podporujeme m\u00edstn\u00ed podnikatele a nadn\u00e1rodn\u00ed spole\u010dnosti \u0159e\u0161en\u00edmi na m\u00edru v oblasti f\u00faz\u00ed a akvizic, oce\u0148ov\u00e1n\u00ed, finan\u010dn\u00edho modelov\u00e1n\u00ed, restrukturalizace a fundraisingu. M\u00e1te-li jak\u00e9koli dotazy k na\u0161im slu\u017eb\u00e1m nebo chcete-li se spojit s na\u0161\u00edm t\u00fdmem, m\u016f\u017eete n\u00e1s kontaktovat prost\u0159ednictv\u00edm s\u00edt\u011b LinkedIn, e-mailu nebo telefonu, p\u0159\u00edpadn\u011b jednodu\u0161e vypl\u0148te n\u00ed\u017ee uveden\u00fd kontaktn\u00ed formul\u00e1\u0159.[\/vc_column_text][vc_button button_color=&#8220;color-408418&#8243; border_width=&#8220;0&#8243; button_color_type=&#8220;uncode-palette&#8220; uncode_shortcode_id=&#8220;181930&#8243; link=&#8220;url:https%3A%2F%2Fhintsoftpartners.com%2Fcs%2Fgeneral-inquiry%2F|title:General%20Inquery|&#8220;]Odeslat obecn\u00fd dotaz[\/vc_button][\/vc_column][\/vc_row]<\/p>\n<\/div>","protected":false},"excerpt":{"rendered":"<p>[vc_row row_height_percent=&#8220;100&#8243; override_padding=&#8220;yes&#8220; h_padding=&#8220;0&#8243; top_padding=&#8220;2&#8243; bottom_padding=&#8220;2&#8243; back_image=&#8220;433&#8243; overlay_color=&#8220;color-jevc&#8220; overlay_alpha=&#8220;30&#8243; equal_height=&#8220;yes&#8220; gutter_size=&#8220;0&#8243; column_width_use_pixel=&#8220;yes&#8220; shift_y=&#8220;0&#8243; z_index=&#8220;0&#8243; auto_height_device=&#8220;yes&#8220; content_parallax=&#8220;0&#8243; row_name=&#8220;Welcome&#8220; uncode_shortcode_id=&#8220;127064&#8243; overlay_color_type=&#8220;uncode-palette&#8220;][vc_column column_width_use_pixel=&#8220;yes&#8220; [&hellip;]<\/p>\n","protected":false},"author":1,"featured_media":0,"parent":0,"menu_order":0,"comment_status":"closed","ping_status":"closed","template":"","meta":{"_seopress_robots_primary_cat":"","_seopress_titles_title":"","_seopress_titles_desc":"","_seopress_robots_index":"","footnotes":""},"class_list":["post-985","page","type-page","status-publish","hentry"],"_links":{"self":[{"href":"https:\/\/hintsoftpartners.com\/cs\/wp-json\/wp\/v2\/pages\/985","targetHints":{"allow":["GET"]}}],"collection":[{"href":"https:\/\/hintsoftpartners.com\/cs\/wp-json\/wp\/v2\/pages"}],"about":[{"href":"https:\/\/hintsoftpartners.com\/cs\/wp-json\/wp\/v2\/types\/page"}],"author":[{"embeddable":true,"href":"https:\/\/hintsoftpartners.com\/cs\/wp-json\/wp\/v2\/users\/1"}],"replies":[{"embeddable":true,"href":"https:\/\/hintsoftpartners.com\/cs\/wp-json\/wp\/v2\/comments?post=985"}],"version-history":[{"count":5,"href":"https:\/\/hintsoftpartners.com\/cs\/wp-json\/wp\/v2\/pages\/985\/revisions"}],"predecessor-version":[{"id":1690,"href":"https:\/\/hintsoftpartners.com\/cs\/wp-json\/wp\/v2\/pages\/985\/revisions\/1690"}],"wp:attachment":[{"href":"https:\/\/hintsoftpartners.com\/cs\/wp-json\/wp\/v2\/media?parent=985"}],"curies":[{"name":"wp","href":"https:\/\/api.w.org\/{rel}","templated":true}]}}