{"id":975,"date":"2025-03-17T09:06:20","date_gmt":"2025-03-17T08:06:20","guid":{"rendered":"https:\/\/hintsoftpartners.com\/o-nas\/"},"modified":"2026-02-21T13:13:56","modified_gmt":"2026-02-21T12:13:56","slug":"o-nas","status":"publish","type":"page","link":"https:\/\/hintsoftpartners.com\/cs\/o-nas\/","title":{"rendered":"O n\u00e1s"},"content":{"rendered":"<div class=\"wpb-content-wrapper\"><p>[vc_row row_height_percent=&#8220;100&#8243; override_padding=&#8220;yes&#8220; h_padding=&#8220;0&#8243; top_padding=&#8220;2&#8243; bottom_padding=&#8220;2&#8243; back_image=&#8220;347&#8243; overlay_color=&#8220;color-jevc&#8220; overlay_alpha=&#8220;30&#8243; equal_height=&#8220;yes&#8220; gutter_size=&#8220;0&#8243; column_width_use_pixel=&#8220;yes&#8220; shift_y=&#8220;0&#8243; z_index=&#8220;0&#8243; auto_height_device=&#8220;yes&#8220; content_parallax=&#8220;0&#8243; row_name=&#8220;Welcome&#8220; uncode_shortcode_id=&#8220;299951&#8243; overlay_color_type=&#8220;uncode-palette&#8220;][vc_column column_width_use_pixel=&#8220;yes&#8220; position_vertical=&#8220;middle&#8220; align_horizontal=&#8220;align_center&#8220; gutter_size=&#8220;3&#8243; style=&#8220;dark&#8220; overlay_alpha=&#8220;50&#8243; shift_x=&#8220;0&#8243; shift_y=&#8220;0&#8243; shift_y_down=&#8220;0&#8243; z_index=&#8220;0&#8243; medium_width=&#8220;0&#8243; mobile_width=&#8220;0&#8243; width=&#8220;1\/1&#8243;][vc_row_inner row_inner_height_percent=&#8220;0&#8243; overlay_alpha=&#8220;50&#8243; gutter_size=&#8220;3&#8243; shift_y=&#8220;0&#8243; z_index=&#8220;0&#8243; limit_content=&#8220;&#8220;][vc_column_inner column_width_percent=&#8220;100&#8243; position_horizontal=&#8220;left&#8220; position_vertical=&#8220;middle&#8220; gutter_size=&#8220;2&#8243; override_padding=&#8220;yes&#8220; column_padding=&#8220;2&#8243; style=&#8220;light&#8220; overlay_alpha=&#8220;0&#8243; shift_x=&#8220;0&#8243; shift_y=&#8220;0&#8243; shift_y_down=&#8220;0&#8243; z_index=&#8220;0&#8243; medium_width=&#8220;0&#8243; mobile_width=&#8220;0&#8243; css_animation=&#8220;alpha-anim&#8220; width=&#8220;2\/3&#8243; uncode_shortcode_id=&#8220;188559&#8243; back_color_type=&#8220;uncode-solid&#8220; back_color_solid=&#8220;rgba(255,255,255,0.75)&#8220; el_class=&#8220;remove-padding-top&#8220;][vc_custom_heading text_color=&#8220;color-xsdn&#8220; heading_semantic=&#8220;p&#8220; text_size=&#8220;&#8220; text_weight=&#8220;500&#8243; text_transform=&#8220;uppercase&#8220; badge_style=&#8220;yes&#8220; back_color=&#8220;color-408418&#8243; uncode_shortcode_id=&#8220;524736&#8243; text_color_type=&#8220;uncode-palette&#8220; back_color_type=&#8220;uncode-palette&#8220; el_class=&#8220;header-badge&#8220;]O n\u00e1s[\/vc_custom_heading][vc_custom_heading text_color=&#8220;color-408418&#8243; heading_semantic=&#8220;h1&#8243; text_size=&#8220;custom&#8220; uncode_shortcode_id=&#8220;245276&#8243; heading_custom_size=&#8220;36px&#8220; text_color_type=&#8220;uncode-palette&#8220;]Poradenstv\u00ed postaven\u00e9 na skute\u010dn\u00fdch pot\u0159eb\u00e1ch klient\u016f[\/vc_custom_heading][\/vc_column_inner][vc_column_inner column_width_percent=&#8220;100&#8243; gutter_size=&#8220;3&#8243; overlay_alpha=&#8220;50&#8243; shift_x=&#8220;0&#8243; shift_y=&#8220;0&#8243; shift_y_down=&#8220;0&#8243; z_index=&#8220;0&#8243; medium_width=&#8220;0&#8243; mobile_visibility=&#8220;yes&#8220; mobile_width=&#8220;0&#8243; width=&#8220;1\/3&#8243; uncode_shortcode_id=&#8220;233074&#8243;][\/vc_column_inner][\/vc_row_inner][\/vc_column][\/vc_row][vc_row row_height_percent=&#8220;0&#8243; override_padding=&#8220;yes&#8220; h_padding=&#8220;2&#8243; top_padding=&#8220;3&#8243; bottom_padding=&#8220;2&#8243; overlay_alpha=&#8220;50&#8243; gutter_size=&#8220;3&#8243; column_width_percent=&#8220;100&#8243; shift_y=&#8220;0&#8243; z_index=&#8220;0&#8243; content_parallax=&#8220;0&#8243; uncode_shortcode_id=&#8220;186881&#8243; row_name=&#8220;history&#8220;][vc_column column_width_use_pixel=&#8220;yes&#8220; gutter_size=&#8220;2&#8243; overlay_alpha=&#8220;50&#8243; shift_x=&#8220;0&#8243; shift_y=&#8220;0&#8243; shift_y_down=&#8220;0&#8243; z_index=&#8220;0&#8243; medium_width=&#8220;0&#8243; mobile_width=&#8220;0&#8243; width=&#8220;1\/1&#8243; column_width_pixel=&#8220;750&#8243; uncode_shortcode_id=&#8220;148320&#8243;][vc_custom_heading heading_semantic=&#8220;h3&#8243; text_size=&#8220;h1&#8243; uncode_shortcode_id=&#8220;101803&#8243;]Historie[\/vc_custom_heading][vc_separator sep_color=&#8220;color-408418&#8243; uncode_shortcode_id=&#8220;174732&#8243; sep_color_type=&#8220;uncode-palette&#8220; el_class=&#8220;set-divider-max&#8220;][vc_column_text text_lead=&#8220;yes&#8220; uncode_shortcode_id=&#8220;818954&#8243;]Spole\u010dnost Hintsoft Partners byla zalo\u017eena v roce 2023 jako nez\u00e1visl\u00e1 poradensk\u00e1 firma v oblasti corporate finance a podnikatelsk\u00e9ho poradenstv\u00ed, specializuj\u00edc\u00ed se na komplexn\u00ed transakce v regionech CEE a DACH. Od sv\u00e9ho vzniku podporujeme \u0161irok\u00e9 spektrum klient\u016f \u2013 od mal\u00fdch a st\u0159edn\u00edch podnik\u016f a rodinn\u00fdch firem p\u0159es nadn\u00e1rodn\u00ed spole\u010dnosti a\u017e po private equity investory a finan\u010dn\u00ed instituce \u2013 p\u0159i jejich finan\u010dn\u00edch rozhodnut\u00edch s jasnost\u00ed a jistotou.<\/p>\n<p>V\u011bt\u0161ina na\u0161ich transak\u010dn\u00edch aktivit prob\u00edhala v sektorech technologi\u00ed, pr\u016fmyslu, v\u00fdroby, energetiky a zdravotnictv\u00ed, av\u0161ak p\u016fsob\u00edme se sektorov\u011b neutr\u00e1ln\u00edm p\u0159\u00edstupem a nab\u00edz\u00edme \u0159e\u0161en\u00ed \u0161it\u00e1 na m\u00edru jedine\u010dn\u00e9 situaci ka\u017ed\u00e9ho klienta. Na\u0161\u00edm posl\u00e1n\u00edm je poskytovat nez\u00e1visl\u00e1, spolehliv\u00e1 a efektivn\u00ed \u0159e\u0161en\u00ed, p\u0159i\u010dem\u017e v\u017edy jedn\u00e1me v nejlep\u0161\u00edm z\u00e1jmu na\u0161ich klient\u016f.<\/p>\n<p>V\u011b\u0159\u00edme, \u017ee \u00fasp\u011b\u0161n\u00e1 finan\u010dn\u00ed rozhodnut\u00ed jsou zalo\u017eena na strategick\u00e9m my\u0161len\u00ed a hlubok\u00e9 znalosti trhu. Zavazujeme se poskytovat spolehliv\u00e9 finan\u010dn\u00ed poradenstv\u00ed a strategick\u00e9 veden\u00ed, kter\u00e9 pom\u00e1h\u00e1 podnik\u016fm prosperovat v neust\u00e1le se vyv\u00edjej\u00edc\u00edm tr\u017en\u00edm prost\u0159ed\u00ed.[\/vc_column_text][\/vc_column][\/vc_row][vc_row row_height_percent=&#8220;0&#8243; override_padding=&#8220;yes&#8220; h_padding=&#8220;2&#8243; top_padding=&#8220;3&#8243; bottom_padding=&#8220;2&#8243; overlay_alpha=&#8220;50&#8243; equal_height=&#8220;yes&#8220; gutter_size=&#8220;4&#8243; column_width_percent=&#8220;100&#8243; shift_y=&#8220;0&#8243; z_index=&#8220;0&#8243; content_parallax=&#8220;0&#8243; uncode_shortcode_id=&#8220;629780&#8243; row_name=&#8220;team&#8220;][vc_column column_width_use_pixel=&#8220;yes&#8220; gutter_size=&#8220;2&#8243; overlay_alpha=&#8220;50&#8243; shift_x=&#8220;0&#8243; shift_y=&#8220;0&#8243; shift_y_down=&#8220;0&#8243; z_index=&#8220;0&#8243; medium_width=&#8220;0&#8243; mobile_width=&#8220;0&#8243; width=&#8220;1\/1&#8243; uncode_shortcode_id=&#8220;134068&#8243; column_width_pixel=&#8220;750&#8243;][vc_custom_heading heading_semantic=&#8220;h3&#8243; text_size=&#8220;h1&#8243; uncode_shortcode_id=&#8220;193973&#8243;]T\u00fdm[\/vc_custom_heading][vc_separator sep_color=&#8220;color-408418&#8243; uncode_shortcode_id=&#8220;174732&#8243; sep_color_type=&#8220;uncode-palette&#8220; el_class=&#8220;set-divider-max&#8220;][vc_column_text text_lead=&#8220;yes&#8220; uncode_shortcode_id=&#8220;960013&#8243;]Na\u0161\u00ed silou je schopnost propojit strategick\u00fd vhled s praktickou realizac\u00ed. D\u00edky rozs\u00e1hl\u00fdm zku\u0161enostem v oblasti corporate finance, z\u00edsk\u00e1v\u00e1n\u00ed kapit\u00e1lu a investi\u010dn\u00edch transakc\u00ed p\u0159in\u00e1\u0161\u00ed n\u00e1\u0161 t\u00fdm do ka\u017ed\u00e9ho mand\u00e1tu \u0161irokou perspektivu i praktick\u00e9 know-how \u2013 bez omezen\u00ed zna\u010dky \u010di univerz\u00e1ln\u00edch \u0159e\u0161en\u00ed, kter\u00e1 jsou \u010dasto spojov\u00e1na s velk\u00fdmi firmami.<\/p>\n<p>Na\u0161e \u010dinnost je zalo\u017eena na kl\u00ed\u010dov\u00fdch hodnot\u00e1ch: nez\u00e1vislost, diskr\u00e9tnost, orientace na klienta, hlubok\u00e1 odbornost a dlouhodob\u00e9 partnerstv\u00ed. Tyto principy ur\u010duj\u00ed v\u0161e, co d\u011bl\u00e1me, a jsou z\u00e1kladem d\u016fv\u011bry, kterou v n\u00e1s na\u0161i klienti vkl\u00e1daj\u00ed. S podporou rozs\u00e1hl\u00e9 s\u00edt\u011b kontakt\u016f a znalosti jednotliv\u00fdch odv\u011btv\u00ed jsme p\u0159ipraveni podporovat podniky v ka\u017ed\u00e9 f\u00e1zi jejich r\u016fstov\u00e9 cesty.[\/vc_column_text][vc_empty_space][\/vc_column][\/vc_row][vc_row row_height_percent=&#8220;0&#8243; override_padding=&#8220;yes&#8220; h_padding=&#8220;2&#8243; top_padding=&#8220;2&#8243; bottom_padding=&#8220;2&#8243; back_color=&#8220;color-gyho&#8220; overlay_alpha=&#8220;50&#8243; gutter_size=&#8220;4&#8243; column_width_percent=&#8220;100&#8243; shift_y=&#8220;0&#8243; z_index=&#8220;0&#8243; bottom_divider=&#8220;gradient&#8220; inverted_device_order=&#8220;yes&#8220; content_parallax=&#8220;0&#8243; uncode_shortcode_id=&#8220;548896&#8243; back_color_type=&#8220;uncode-palette&#8220;][vc_column column_width_percent=&#8220;100&#8243; position_vertical=&#8220;middle&#8220; gutter_size=&#8220;0&#8243; overlay_alpha=&#8220;50&#8243; shift_x=&#8220;0&#8243; shift_y=&#8220;0&#8243; shift_y_down=&#8220;0&#8243; z_index=&#8220;0&#8243; medium_width=&#8220;0&#8243; mobile_width=&#8220;0&#8243; width=&#8220;2\/3&#8243; uncode_shortcode_id=&#8220;120460&#8243;][vc_custom_heading text_weight=&#8220;500&#8243; sub_reduced=&#8220;yes&#8220; uncode_shortcode_id=&#8220;194275&#8243; subheading=&#8220;Managing Director&#8220;]Tam\u00e1s Lengyel[\/vc_custom_heading][vc_separator sep_color=&#8220;color-408418&#8243; uncode_shortcode_id=&#8220;174732&#8243; sep_color_type=&#8220;uncode-palette&#8220; el_class=&#8220;set-divider-max&#8220;][vc_empty_space][vc_column_text uncode_shortcode_id=&#8220;152699&#8243;]Pan Lengyel je investi\u010dn\u00ed profesion\u00e1l s prax\u00ed v oblasti private equity a business developmentu. P\u0159ed zalo\u017een\u00edm spole\u010dnosti Hintsoft Partners p\u016fsobil ve firm\u011b Alpac Capital, kde se zam\u011b\u0159oval na vyhled\u00e1v\u00e1n\u00ed transak\u010dn\u00edch p\u0159\u00edle\u017eitost\u00ed, finan\u010dn\u00ed modelov\u00e1n\u00ed a realizaci transakc\u00ed nap\u0159\u00ed\u010d Evropou.[\/vc_column_text][vc_empty_space][vc_column_text uncode_shortcode_id=&#8220;123520&#8243;]D\u0159\u00edve pracoval jako Investment Strategist ve spole\u010dnosti BlackRock, kde se pod\u00edlel na tvorb\u011b portfoli\u00ed, tr\u017en\u00edch anal\u00fdz\u00e1ch a investi\u010dn\u00edch strategi\u00edch pro institucion\u00e1ln\u00ed klienty. Zku\u0161enosti z\u00edskal tak\u00e9 v oblasti business developmentu ve spole\u010dnosti Linxfour. Svoji kari\u00e9ru zah\u00e1jil v investi\u010dn\u00ed bance BNP Paribas v Lond\u00fdn\u011b. Je dr\u017eitelem magistersk\u00e9ho titulu z Imperial College London a bakal\u00e1\u0159sk\u00e9ho titulu z Bayes Business School London.[\/vc_column_text][\/vc_column][vc_column column_width_percent=&#8220;100&#8243; gutter_size=&#8220;4&#8243; overlay_alpha=&#8220;50&#8243; shift_x=&#8220;0&#8243; shift_y=&#8220;0&#8243; shift_y_down=&#8220;0&#8243; z_index=&#8220;0&#8243; medium_width=&#8220;0&#8243; mobile_width=&#8220;0&#8243; width=&#8220;1\/3&#8243; uncode_shortcode_id=&#8220;892757&#8243;][vc_single_image media=&#8220;977&#8243; media_width_percent=&#8220;100&#8243; media_ratio=&#8220;four-five&#8220; uncode_shortcode_id=&#8220;147590&#8243;][\/vc_column][\/vc_row][vc_row row_height_percent=&#8220;0&#8243; override_padding=&#8220;yes&#8220; h_padding=&#8220;2&#8243; top_padding=&#8220;2&#8243; bottom_padding=&#8220;3&#8243; back_color=&#8220;color-gyho&#8220; overlay_alpha=&#8220;50&#8243; gutter_size=&#8220;4&#8243; column_width_percent=&#8220;100&#8243; shift_y=&#8220;0&#8243; z_index=&#8220;0&#8243; bottom_divider=&#8220;gradient&#8220; content_parallax=&#8220;0&#8243; uncode_shortcode_id=&#8220;637971&#8243; back_color_type=&#8220;uncode-palette&#8220;][vc_column column_width_percent=&#8220;100&#8243; gutter_size=&#8220;4&#8243; overlay_alpha=&#8220;50&#8243; shift_x=&#8220;0&#8243; shift_y=&#8220;0&#8243; shift_y_down=&#8220;0&#8243; z_index=&#8220;0&#8243; medium_width=&#8220;0&#8243; mobile_width=&#8220;0&#8243; width=&#8220;1\/3&#8243; uncode_shortcode_id=&#8220;892757&#8243;][vc_single_image media=&#8220;978&#8243; media_width_percent=&#8220;100&#8243; media_ratio=&#8220;four-five&#8220; uncode_shortcode_id=&#8220;150755&#8243;][\/vc_column][vc_column column_width_percent=&#8220;100&#8243; position_vertical=&#8220;middle&#8220; gutter_size=&#8220;0&#8243; overlay_alpha=&#8220;50&#8243; shift_x=&#8220;0&#8243; shift_y=&#8220;0&#8243; shift_y_down=&#8220;0&#8243; z_index=&#8220;0&#8243; medium_width=&#8220;0&#8243; mobile_width=&#8220;0&#8243; width=&#8220;2\/3&#8243; uncode_shortcode_id=&#8220;433916&#8243;][vc_custom_heading text_weight=&#8220;600&#8243; sub_reduced=&#8220;yes&#8220; uncode_shortcode_id=&#8220;694492&#8243; subheading=&#8220;Strategic Partner&#8220;]Barnab\u00e1s Vincze[\/vc_custom_heading][vc_separator sep_color=&#8220;color-408418&#8243; uncode_shortcode_id=&#8220;174732&#8243; sep_color_type=&#8220;uncode-palette&#8220; el_class=&#8220;set-divider-max&#8220;][vc_empty_space][vc_column_text uncode_shortcode_id=&#8220;114294&#8243;]Pan Vincze je investi\u010dn\u00ed profesion\u00e1l s rozs\u00e1hl\u00fdmi zku\u0161enostmi v oblasti private equity a venture capital. P\u0159ed zalo\u017een\u00edm spole\u010dnosti Hintsoft Partners p\u016fsobil ve spole\u010dnosti 3TS Capital Partners, private equity a venture capital spole\u010dnosti s\u00eddl\u00edc\u00ed ve V\u00eddni a zaob\u00edraj\u00edci se spr\u00e1vou aktiv, kde se specializoval na z\u00edsk\u00e1v\u00e1n\u00ed kapit\u00e1lu, vyhled\u00e1v\u00e1n\u00ed investi\u010dn\u00edch p\u0159\u00edle\u017eitost\u00ed, finan\u010dn\u00ed modelov\u00e1n\u00ed a realizaci r\u016fstov\u00fdch investic a buyout transakc\u00ed nap\u0159\u00ed\u010d Evropou. P\u016fsobil rovn\u011b\u017e jako \u010dlen dozor\u010d\u00ed rady n\u011bkolika evropsk\u00fdch spole\u010dnost\u00ed, kde p\u0159isp\u00edval k jejich strategick\u00e9mu dohledu a corporate governance.[\/vc_column_text][vc_empty_space][vc_column_text uncode_shortcode_id=&#8220;647059&#8243;]D\u0159\u00edve pracoval jako Investi\u010dn\u00ed Profesion\u00e1l ve spole\u010dnosti Flashpoint Venture Capital, firm\u011b p\u016fsob\u00edc\u00ed jako spr\u00e1vce aktiv v Lond\u00fdn\u011b zam\u011b\u0159en\u00fd na technologick\u00e9 investice, kde realizoval minoritn\u00ed kapit\u00e1lov\u00e9 transakce v Evrop\u011b a ve Spojen\u00fdch st\u00e1tech. Pan Vincze je dr\u017eitelem magistersk\u00e9ho titulu z EDHEC Business School v Pa\u0159\u00ed\u017ei a bakal\u00e1\u0159sk\u00e9ho titulu z WU Vienna University of Economics and Business.[\/vc_column_text][\/vc_column][\/vc_row][vc_row row_height_percent=&#8220;0&#8243; override_padding=&#8220;yes&#8220; h_padding=&#8220;2&#8243; top_padding=&#8220;0&#8243; bottom_padding=&#8220;2&#8243; back_color=&#8220;color-gyho&#8220; overlay_alpha=&#8220;50&#8243; gutter_size=&#8220;4&#8243; column_width_percent=&#8220;100&#8243; shift_y=&#8220;0&#8243; z_index=&#8220;0&#8243; bottom_divider=&#8220;gradient&#8220; inverted_device_order=&#8220;yes&#8220; content_parallax=&#8220;0&#8243; uncode_shortcode_id=&#8220;820703&#8243; back_color_type=&#8220;uncode-palette&#8220;][vc_column column_width_percent=&#8220;100&#8243; position_vertical=&#8220;middle&#8220; gutter_size=&#8220;0&#8243; overlay_alpha=&#8220;50&#8243; shift_x=&#8220;0&#8243; shift_y=&#8220;0&#8243; shift_y_down=&#8220;0&#8243; z_index=&#8220;0&#8243; medium_width=&#8220;0&#8243; mobile_width=&#8220;0&#8243; width=&#8220;2\/3&#8243; uncode_shortcode_id=&#8220;278010&#8243;][vc_custom_heading text_weight=&#8220;500&#8243; sub_reduced=&#8220;yes&#8220; uncode_shortcode_id=&#8220;214022&#8243; subheading=&#8220;Strategic Partner&#8220;]Michal Kuba[\/vc_custom_heading][vc_separator sep_color=&#8220;color-408418&#8243; uncode_shortcode_id=&#8220;174732&#8243; sep_color_type=&#8220;uncode-palette&#8220; el_class=&#8220;set-divider-max&#8220;][vc_empty_space][vc_column_text uncode_shortcode_id=&#8220;141833&#8243;]Pan Kuba je investi\u010dn\u00ed profesion\u00e1l zam\u011b\u0159en\u00fd na private equity s rozs\u00e1hl\u00fdmi zku\u0161enostmi pokr\u00fdvaj\u00edc\u00edmi r\u016fzn\u00e9 investi\u010dn\u00ed strategie. P\u0159ed n\u00e1stupem do spole\u010dnosti Hintsoft Partners p\u016fsobil jako Investor ve spole\u010dnosti 3TS Capital Partners, private equity a venture capital spole\u010dnosti s\u00eddl\u00edc\u00ed ve V\u00eddni a zaob\u00edraj\u00edci se spr\u00e1vou aktiv, kde se zam\u011b\u0159oval na realizaci r\u016fstov\u00fdch kapit\u00e1lov\u00fdch investic do technologick\u00fdch spole\u010dnost\u00ed nap\u0159\u00ed\u010d Evropou. Jako \u010dlen investi\u010dn\u00edch t\u00fdm\u016f ve spole\u010dnostech EMSA Capital a SART Capital Partners ve V\u00eddni z\u00edskal rovn\u011b\u017e zku\u0161enosti s investi\u010dn\u00ed strategi\u00ed special situations a turnarounds v pr\u016fmyslov\u00e9m a v\u00fdrobn\u00edm sektoru.[\/vc_column_text][vc_empty_space][vc_column_text uncode_shortcode_id=&#8220;144944&#8243;]D\u0159\u00edve p\u016fsobil jako bank\u00e9\u0159 se specializac\u00ed na private equity v Evropsk\u00e9 Bance pro Obnovu a Rozvoj (EBRD) v Lond\u00fdn\u011b, kde spolupracoval s p\u0159edn\u00edmi private equity fondy v regionech CEE a EMEA, a to jak v roli LP, tak v r\u00e1mci co-investic. Svoji profesn\u00ed kari\u00e9ru zah\u00e1jil v odd\u011blen\u00ed M&amp;A Transaction Services spole\u010dnosti Deloitte v Lond\u00fdn\u011b, kde se pod\u00edlel na n\u011bkolika v\u00fdznamn\u00fdch mezin\u00e1rodn\u00edch transakc\u00edch. Pan Kuba je dr\u017eitelem magistersk\u00e9ho titulu z University of Essex ve Velk\u00e9 Brit\u00e1nii, druh\u00e9ho magistersk\u00e9ho a bakal\u00e1\u0159sk\u00e9ho titulu z Ekonomick\u00e9 univerzity v Bratislav\u011b a je kandid\u00e1tem programu CFA\u00ae.[\/vc_column_text][vc_empty_space][\/vc_column][vc_column column_width_percent=&#8220;100&#8243; gutter_size=&#8220;4&#8243; overlay_alpha=&#8220;50&#8243; shift_x=&#8220;0&#8243; shift_y=&#8220;0&#8243; shift_y_down=&#8220;0&#8243; z_index=&#8220;0&#8243; medium_width=&#8220;0&#8243; mobile_width=&#8220;0&#8243; width=&#8220;1\/3&#8243; uncode_shortcode_id=&#8220;892757&#8243;][vc_single_image media=&#8220;979&#8243; media_width_percent=&#8220;100&#8243; uncode_shortcode_id=&#8220;428203&#8243;][\/vc_column][\/vc_row]<\/p>\n<\/div>","protected":false},"excerpt":{"rendered":"<p>[vc_row row_height_percent=&#8220;100&#8243; override_padding=&#8220;yes&#8220; h_padding=&#8220;0&#8243; top_padding=&#8220;2&#8243; bottom_padding=&#8220;2&#8243; back_image=&#8220;347&#8243; overlay_color=&#8220;color-jevc&#8220; overlay_alpha=&#8220;30&#8243; equal_height=&#8220;yes&#8220; gutter_size=&#8220;0&#8243; column_width_use_pixel=&#8220;yes&#8220; shift_y=&#8220;0&#8243; z_index=&#8220;0&#8243; auto_height_device=&#8220;yes&#8220; content_parallax=&#8220;0&#8243; row_name=&#8220;Welcome&#8220; uncode_shortcode_id=&#8220;299951&#8243; overlay_color_type=&#8220;uncode-palette&#8220;][vc_column column_width_use_pixel=&#8220;yes&#8220; [&hellip;]<\/p>\n","protected":false},"author":1,"featured_media":0,"parent":0,"menu_order":0,"comment_status":"closed","ping_status":"closed","template":"","meta":{"_seopress_robots_primary_cat":"","_seopress_titles_title":"","_seopress_titles_desc":"","_seopress_robots_index":"","footnotes":""},"class_list":["post-975","page","type-page","status-publish","hentry"],"_links":{"self":[{"href":"https:\/\/hintsoftpartners.com\/cs\/wp-json\/wp\/v2\/pages\/975","targetHints":{"allow":["GET"]}}],"collection":[{"href":"https:\/\/hintsoftpartners.com\/cs\/wp-json\/wp\/v2\/pages"}],"about":[{"href":"https:\/\/hintsoftpartners.com\/cs\/wp-json\/wp\/v2\/types\/page"}],"author":[{"embeddable":true,"href":"https:\/\/hintsoftpartners.com\/cs\/wp-json\/wp\/v2\/users\/1"}],"replies":[{"embeddable":true,"href":"https:\/\/hintsoftpartners.com\/cs\/wp-json\/wp\/v2\/comments?post=975"}],"version-history":[{"count":7,"href":"https:\/\/hintsoftpartners.com\/cs\/wp-json\/wp\/v2\/pages\/975\/revisions"}],"predecessor-version":[{"id":1713,"href":"https:\/\/hintsoftpartners.com\/cs\/wp-json\/wp\/v2\/pages\/975\/revisions\/1713"}],"wp:attachment":[{"href":"https:\/\/hintsoftpartners.com\/cs\/wp-json\/wp\/v2\/media?parent=975"}],"curies":[{"name":"wp","href":"https:\/\/api.w.org\/{rel}","templated":true}]}}