{"id":906,"date":"2025-03-17T09:06:04","date_gmt":"2025-03-17T08:06:04","guid":{"rendered":"https:\/\/hintsoftpartners.com\/prehled\/"},"modified":"2026-02-20T14:28:21","modified_gmt":"2026-02-20T13:28:21","slug":"prehled","status":"publish","type":"page","link":"https:\/\/hintsoftpartners.com\/cs\/prehled\/","title":{"rendered":"Slu\u017eby"},"content":{"rendered":"<div class=\"wpb-content-wrapper\"><p>[vc_row row_height_percent=&#8220;100&#8243; override_padding=&#8220;yes&#8220; h_padding=&#8220;0&#8243; top_padding=&#8220;2&#8243; bottom_padding=&#8220;2&#8243; back_image=&#8220;627&#8243; overlay_color=&#8220;color-jevc&#8220; overlay_alpha=&#8220;30&#8243; equal_height=&#8220;yes&#8220; gutter_size=&#8220;0&#8243; column_width_use_pixel=&#8220;yes&#8220; shift_y=&#8220;0&#8243; z_index=&#8220;0&#8243; auto_height_device=&#8220;yes&#8220; content_parallax=&#8220;0&#8243; row_name=&#8220;Welcome&#8220; uncode_shortcode_id=&#8220;210362&#8243; overlay_color_type=&#8220;uncode-palette&#8220;][vc_column column_width_use_pixel=&#8220;yes&#8220; position_vertical=&#8220;middle&#8220; align_horizontal=&#8220;align_center&#8220; gutter_size=&#8220;3&#8243; style=&#8220;dark&#8220; overlay_alpha=&#8220;50&#8243; shift_x=&#8220;0&#8243; shift_y=&#8220;0&#8243; shift_y_down=&#8220;0&#8243; z_index=&#8220;0&#8243; medium_width=&#8220;0&#8243; mobile_width=&#8220;0&#8243; width=&#8220;1\/1&#8243;][vc_row_inner row_inner_height_percent=&#8220;0&#8243; overlay_alpha=&#8220;50&#8243; gutter_size=&#8220;3&#8243; shift_y=&#8220;0&#8243; z_index=&#8220;0&#8243; limit_content=&#8220;&#8220;][vc_column_inner column_width_percent=&#8220;100&#8243; position_horizontal=&#8220;left&#8220; position_vertical=&#8220;middle&#8220; gutter_size=&#8220;2&#8243; override_padding=&#8220;yes&#8220; column_padding=&#8220;2&#8243; style=&#8220;light&#8220; overlay_alpha=&#8220;0&#8243; shift_x=&#8220;0&#8243; shift_y=&#8220;0&#8243; shift_y_down=&#8220;0&#8243; z_index=&#8220;0&#8243; medium_width=&#8220;0&#8243; mobile_width=&#8220;0&#8243; css_animation=&#8220;alpha-anim&#8220; width=&#8220;2\/3&#8243; uncode_shortcode_id=&#8220;192028&#8243; back_color_type=&#8220;uncode-solid&#8220; back_color_solid=&#8220;rgba(255,255,255,0.75)&#8220; el_class=&#8220;remove-padding-top&#8220;][vc_custom_heading text_color=&#8220;color-xsdn&#8220; heading_semantic=&#8220;p&#8220; text_size=&#8220;&#8220; text_weight=&#8220;500&#8243; badge_style=&#8220;yes&#8220; back_color=&#8220;color-408418&#8243; uncode_shortcode_id=&#8220;164071&#8243; text_color_type=&#8220;uncode-palette&#8220; back_color_type=&#8220;uncode-palette&#8220; el_class=&#8220;header-badge&#8220;]P\u0158EHLED SLU\u017dEB[\/vc_custom_heading][vc_custom_heading text_color=&#8220;color-408418&#8243; heading_semantic=&#8220;h1&#8243; text_size=&#8220;custom&#8220; uncode_shortcode_id=&#8220;100639&#8243; heading_custom_size=&#8220;36px&#8220; text_color_type=&#8220;uncode-palette&#8220;]Praktick\u00e1 podpora, p\u0159izp\u016fsoben\u00e1 ka\u017ed\u00e9mu mand\u00e1tu[\/vc_custom_heading][\/vc_column_inner][vc_column_inner column_width_percent=&#8220;100&#8243; gutter_size=&#8220;3&#8243; overlay_alpha=&#8220;50&#8243; shift_x=&#8220;0&#8243; shift_y=&#8220;0&#8243; shift_y_down=&#8220;0&#8243; z_index=&#8220;0&#8243; medium_width=&#8220;0&#8243; mobile_visibility=&#8220;yes&#8220; mobile_width=&#8220;0&#8243; width=&#8220;1\/3&#8243; uncode_shortcode_id=&#8220;107346&#8243;][\/vc_column_inner][\/vc_row_inner][\/vc_column][\/vc_row][vc_row row_height_percent=&#8220;0&#8243; overlay_alpha=&#8220;50&#8243; gutter_size=&#8220;3&#8243; column_width_percent=&#8220;100&#8243; border_color=&#8220;color-gyho&#8220; border_style=&#8220;solid&#8220; shift_y=&#8220;0&#8243; z_index=&#8220;0&#8243; content_parallax=&#8220;0&#8243; uncode_shortcode_id=&#8220;131890&#8243; css=&#8220;.vc_custom_1749741605731{border-bottom-width: 1px !important;}&#8220; border_color_type=&#8220;uncode-palette&#8220;][vc_column column_width_percent=&#8220;100&#8243; position_vertical=&#8220;middle&#8220; align_horizontal=&#8220;align_center&#8220; gutter_size=&#8220;3&#8243; overlay_alpha=&#8220;50&#8243; shift_x=&#8220;0&#8243; shift_y=&#8220;0&#8243; shift_y_down=&#8220;0&#8243; z_index=&#8220;0&#8243; medium_width=&#8220;0&#8243; mobile_width=&#8220;0&#8243; width=&#8220;1\/1&#8243; uncode_shortcode_id=&#8220;125520&#8243;][vc_wp_custommenu nav_menu=&#8220;25&#8243; nav_menu_horizontal=&#8220;1&#8243;][\/vc_column][\/vc_row][vc_row row_height_percent=&#8220;0&#8243; override_padding=&#8220;yes&#8220; h_padding=&#8220;2&#8243; top_padding=&#8220;2&#8243; bottom_padding=&#8220;2&#8243; overlay_alpha=&#8220;50&#8243; gutter_size=&#8220;3&#8243; column_width_percent=&#8220;100&#8243; shift_y=&#8220;0&#8243; z_index=&#8220;0&#8243; content_parallax=&#8220;0&#8243; uncode_shortcode_id=&#8220;440766&#8243; row_name=&#8220;history&#8220;][vc_column column_width_use_pixel=&#8220;yes&#8220; gutter_size=&#8220;3&#8243; overlay_alpha=&#8220;50&#8243; shift_x=&#8220;0&#8243; shift_y=&#8220;0&#8243; shift_y_down=&#8220;0&#8243; z_index=&#8220;0&#8243; medium_width=&#8220;0&#8243; align_mobile=&#8220;align_center_mobile&#8220; mobile_width=&#8220;0&#8243; width=&#8220;1\/1&#8243; column_width_pixel=&#8220;750&#8243; uncode_shortcode_id=&#8220;110716&#8243;][vc_column_text text_lead=&#8220;yes&#8220; uncode_shortcode_id=&#8220;105110&#8243;]N\u00e1\u0161 t\u00fdm poskytuje kompletn\u00ed spektrum slu\u017eeb finan\u010dn\u00edho poradenstv\u00ed, jejich\u017e c\u00edlem je podpo\u0159it klienty v ka\u017ed\u00e9 f\u00e1zi transakce. Zam\u011b\u0159ujeme se na t\u0159i kl\u00ed\u010dov\u00e9 oblasti: Transak\u010dn\u00ed poradenstv\u00ed, dluhov\u00e9 a kapit\u00e1lov\u00e9 poradenstv\u00ed a oce\u0148ov\u00e1n\u00ed a strategick\u00e9 poradenstv\u00ed. D\u00edky hlubok\u00e9mu p\u0159ehledu o trhu a odborn\u00fdm znalostem v oblasti realizace transakc\u00ed pom\u00e1h\u00e1me klient\u016fm uvolnit hodnotu a dos\u00e1hnout strategick\u00fdch c\u00edl\u016f.[\/vc_column_text][\/vc_column][\/vc_row][vc_row row_height_percent=&#8220;0&#8243; override_padding=&#8220;yes&#8220; h_padding=&#8220;2&#8243; top_padding=&#8220;3&#8243; bottom_padding=&#8220;2&#8243; back_color=&#8220;color-gyho&#8220; overlay_alpha=&#8220;50&#8243; equal_height=&#8220;yes&#8220; gutter_size=&#8220;4&#8243; column_width_percent=&#8220;100&#8243; shift_y=&#8220;0&#8243; z_index=&#8220;0&#8243; content_parallax=&#8220;0&#8243; el_class=&#8220;inverted-device-order&#8220; uncode_shortcode_id=&#8220;243377&#8243; back_color_type=&#8220;uncode-palette&#8220;][vc_column column_width_percent=&#8220;100&#8243; gutter_size=&#8220;2&#8243; overlay_alpha=&#8220;50&#8243; shift_x=&#8220;0&#8243; shift_y=&#8220;0&#8243; shift_y_down=&#8220;0&#8243; z_index=&#8220;0&#8243; medium_width=&#8220;0&#8243; mobile_width=&#8220;0&#8243; width=&#8220;1\/1&#8243; uncode_shortcode_id=&#8220;555175&#8243;][vc_custom_heading heading_semantic=&#8220;h3&#8243; text_size=&#8220;h1&#8243; uncode_shortcode_id=&#8220;790383&#8243;]Na\u0161e nab\u00eddky poradenstv\u00ed[\/vc_custom_heading][vc_separator sep_color=&#8220;color-408418&#8243; uncode_shortcode_id=&#8220;205867&#8243; sep_color_type=&#8220;uncode-palette&#8220; el_class=&#8220;set-divider-max&#8220;][\/vc_column][\/vc_row][vc_row row_height_percent=&#8220;0&#8243; override_padding=&#8220;yes&#8220; h_padding=&#8220;2&#8243; top_padding=&#8220;2&#8243; bottom_padding=&#8220;3&#8243; back_color=&#8220;color-gyho&#8220; overlay_alpha=&#8220;50&#8243; gutter_size=&#8220;2&#8243; column_width_percent=&#8220;100&#8243; shift_y=&#8220;0&#8243; z_index=&#8220;0&#8243; content_parallax=&#8220;0&#8243; uncode_shortcode_id=&#8220;751402&#8243; back_color_type=&#8220;uncode-palette&#8220;][vc_column column_width_percent=&#8220;100&#8243; gutter_size=&#8220;4&#8243; overlay_alpha=&#8220;50&#8243; shift_x=&#8220;0&#8243; shift_y=&#8220;0&#8243; shift_y_down=&#8220;0&#8243; z_index=&#8220;0&#8243; medium_width=&#8220;0&#8243; mobile_width=&#8220;0&#8243; width=&#8220;1\/1&#8243;][uncode_index el_id=&#8220;index-152983000&#8243; isotope_mode=&#8220;fitRows&#8220; loop=&#8220;size:3|order_by:menu_order|post_type:page|by_id:138,140,142|taxonomy_count:10&#8243; screen_lg=&#8220;1000&#8243; screen_md=&#8220;600&#8243; screen_sm=&#8220;480&#8243; gutter_size=&#8220;3&#8243; post_items=&#8220;media|featured|onpost|poster,date,title,text|excerpt|90,category|bordered|topright|hide-icon&#8220; page_items=&#8220;media|featured|onpost|original,title|-,spacer|half,text|excerpt,spacer_two|half,link|default|small_size|scale_mobile|default_width|default_outline|Learn more&#8220; single_width=&#8220;6&#8243; images_size=&#8220;four-three&#8220; single_overlay_color=&#8220;color-wvjs&#8220; single_overlay_opacity=&#8220;50&#8243; single_image_magnetic=&#8220;yes&#8220; single_padding=&#8220;2&#8243; single_thumb_hover=&#8220;yes&#8220; single_title_dimension=&#8220;h2&#8243; single_border=&#8220;yes&#8220; custom_order=&#8220;yes&#8220; single_icon=&#8220;fa fa-plus2&#8243; uncode_shortcode_id=&#8220;200691&#8243;][\/vc_column][\/vc_row]<\/p>\n<\/div>","protected":false},"excerpt":{"rendered":"<p>[vc_row row_height_percent=&#8220;100&#8243; override_padding=&#8220;yes&#8220; h_padding=&#8220;0&#8243; top_padding=&#8220;2&#8243; bottom_padding=&#8220;2&#8243; back_image=&#8220;627&#8243; overlay_color=&#8220;color-jevc&#8220; overlay_alpha=&#8220;30&#8243; equal_height=&#8220;yes&#8220; gutter_size=&#8220;0&#8243; column_width_use_pixel=&#8220;yes&#8220; shift_y=&#8220;0&#8243; z_index=&#8220;0&#8243; auto_height_device=&#8220;yes&#8220; content_parallax=&#8220;0&#8243; row_name=&#8220;Welcome&#8220; uncode_shortcode_id=&#8220;210362&#8243; overlay_color_type=&#8220;uncode-palette&#8220;][vc_column column_width_use_pixel=&#8220;yes&#8220; [&hellip;]<\/p>\n","protected":false},"author":1,"featured_media":0,"parent":0,"menu_order":0,"comment_status":"closed","ping_status":"closed","template":"","meta":{"_seopress_robots_primary_cat":"","_seopress_titles_title":"","_seopress_titles_desc":"","_seopress_robots_index":"","footnotes":""},"class_list":["post-906","page","type-page","status-publish","hentry"],"_links":{"self":[{"href":"https:\/\/hintsoftpartners.com\/cs\/wp-json\/wp\/v2\/pages\/906","targetHints":{"allow":["GET"]}}],"collection":[{"href":"https:\/\/hintsoftpartners.com\/cs\/wp-json\/wp\/v2\/pages"}],"about":[{"href":"https:\/\/hintsoftpartners.com\/cs\/wp-json\/wp\/v2\/types\/page"}],"author":[{"embeddable":true,"href":"https:\/\/hintsoftpartners.com\/cs\/wp-json\/wp\/v2\/users\/1"}],"replies":[{"embeddable":true,"href":"https:\/\/hintsoftpartners.com\/cs\/wp-json\/wp\/v2\/comments?post=906"}],"version-history":[{"count":7,"href":"https:\/\/hintsoftpartners.com\/cs\/wp-json\/wp\/v2\/pages\/906\/revisions"}],"predecessor-version":[{"id":1693,"href":"https:\/\/hintsoftpartners.com\/cs\/wp-json\/wp\/v2\/pages\/906\/revisions\/1693"}],"wp:attachment":[{"href":"https:\/\/hintsoftpartners.com\/cs\/wp-json\/wp\/v2\/media?parent=906"}],"curies":[{"name":"wp","href":"https:\/\/api.w.org\/{rel}","templated":true}]}}