{"id":1190,"date":"2025-03-01T09:00:44","date_gmt":"2025-03-01T08:00:44","guid":{"rendered":"https:\/\/hintsoftpartners.com\/poradenstvi-v-oblasti-ocenovani-a-strategie\/"},"modified":"2026-02-20T14:31:30","modified_gmt":"2026-02-20T13:31:30","slug":"poradenstvi-v-oblasti-ocenovani-a-strategie","status":"publish","type":"page","link":"https:\/\/hintsoftpartners.com\/cs\/poradenstvi-v-oblasti-ocenovani-a-strategie\/","title":{"rendered":"Oce\u0148ov\u00e1n\u00ed &amp; strategick\u00e9 poradenstv\u00ed"},"content":{"rendered":"<div class=\"wpb-content-wrapper\"><p>[vc_row row_height_percent=&#8220;100&#8243; override_padding=&#8220;yes&#8220; h_padding=&#8220;0&#8243; top_padding=&#8220;2&#8243; bottom_padding=&#8220;2&#8243; back_image=&#8220;631&#8243; overlay_color=&#8220;color-jevc&#8220; overlay_alpha=&#8220;30&#8243; equal_height=&#8220;yes&#8220; gutter_size=&#8220;0&#8243; column_width_use_pixel=&#8220;yes&#8220; shift_y=&#8220;0&#8243; z_index=&#8220;0&#8243; auto_height_device=&#8220;yes&#8220; content_parallax=&#8220;0&#8243; row_name=&#8220;Welcome&#8220; uncode_shortcode_id=&#8220;111069&#8243; overlay_color_type=&#8220;uncode-palette&#8220;][vc_column column_width_use_pixel=&#8220;yes&#8220; position_vertical=&#8220;middle&#8220; align_horizontal=&#8220;align_center&#8220; gutter_size=&#8220;3&#8243; style=&#8220;dark&#8220; overlay_alpha=&#8220;50&#8243; shift_x=&#8220;0&#8243; shift_y=&#8220;0&#8243; shift_y_down=&#8220;0&#8243; z_index=&#8220;0&#8243; medium_width=&#8220;0&#8243; mobile_width=&#8220;0&#8243; width=&#8220;1\/1&#8243;][vc_row_inner row_inner_height_percent=&#8220;0&#8243; overlay_alpha=&#8220;50&#8243; gutter_size=&#8220;3&#8243; shift_y=&#8220;0&#8243; z_index=&#8220;0&#8243; limit_content=&#8220;&#8220;][vc_column_inner column_width_percent=&#8220;100&#8243; position_horizontal=&#8220;left&#8220; position_vertical=&#8220;middle&#8220; gutter_size=&#8220;2&#8243; override_padding=&#8220;yes&#8220; column_padding=&#8220;2&#8243; style=&#8220;light&#8220; overlay_alpha=&#8220;0&#8243; shift_x=&#8220;0&#8243; shift_y=&#8220;0&#8243; shift_y_down=&#8220;0&#8243; z_index=&#8220;0&#8243; medium_width=&#8220;0&#8243; mobile_width=&#8220;0&#8243; css_animation=&#8220;alpha-anim&#8220; width=&#8220;2\/3&#8243; uncode_shortcode_id=&#8220;791357&#8243; back_color_type=&#8220;uncode-solid&#8220; back_color_solid=&#8220;rgba(255,255,255,0.75)&#8220; el_class=&#8220;remove-padding-top&#8220;][vc_custom_heading text_color=&#8220;color-xsdn&#8220; heading_semantic=&#8220;p&#8220; text_size=&#8220;&#8220; text_weight=&#8220;500&#8243; text_transform=&#8220;uppercase&#8220; badge_style=&#8220;yes&#8220; back_color=&#8220;color-408418&#8243; uncode_shortcode_id=&#8220;144679&#8243; text_color_type=&#8220;uncode-palette&#8220; back_color_type=&#8220;uncode-palette&#8220; el_class=&#8220;header-badge&#8220;]Oce\u0148ov\u00e1n\u00ed &amp; strategick\u00e9 poradenstv\u00ed[\/vc_custom_heading][vc_custom_heading text_color=&#8220;color-408418&#8243; heading_semantic=&#8220;h1&#8243; text_size=&#8220;custom&#8220; uncode_shortcode_id=&#8220;143562&#8243; heading_custom_size=&#8220;36px&#8220; text_color_type=&#8220;uncode-palette&#8220;]Definujeme hodnotu. Utv\u00e1\u0159\u00edme strategii.[\/vc_custom_heading][\/vc_column_inner][vc_column_inner column_width_percent=&#8220;100&#8243; gutter_size=&#8220;3&#8243; overlay_alpha=&#8220;50&#8243; shift_x=&#8220;0&#8243; shift_y=&#8220;0&#8243; shift_y_down=&#8220;0&#8243; z_index=&#8220;0&#8243; medium_width=&#8220;0&#8243; mobile_visibility=&#8220;yes&#8220; mobile_width=&#8220;0&#8243; width=&#8220;1\/3&#8243; uncode_shortcode_id=&#8220;107346&#8243;][\/vc_column_inner][\/vc_row_inner][\/vc_column][\/vc_row][vc_row row_height_percent=&#8220;0&#8243; overlay_alpha=&#8220;50&#8243; gutter_size=&#8220;3&#8243; column_width_percent=&#8220;100&#8243; border_color=&#8220;color-gyho&#8220; border_style=&#8220;solid&#8220; shift_y=&#8220;0&#8243; z_index=&#8220;0&#8243; content_parallax=&#8220;0&#8243; uncode_shortcode_id=&#8220;131890&#8243; css=&#8220;.vc_custom_1749741605731{border-bottom-width: 1px !important;}&#8220; border_color_type=&#8220;uncode-palette&#8220;][vc_column column_width_percent=&#8220;100&#8243; position_vertical=&#8220;middle&#8220; align_horizontal=&#8220;align_center&#8220; gutter_size=&#8220;3&#8243; overlay_alpha=&#8220;50&#8243; shift_x=&#8220;0&#8243; shift_y=&#8220;0&#8243; shift_y_down=&#8220;0&#8243; z_index=&#8220;0&#8243; medium_width=&#8220;0&#8243; mobile_width=&#8220;0&#8243; width=&#8220;1\/1&#8243; uncode_shortcode_id=&#8220;125520&#8243;][vc_wp_custommenu nav_menu=&#8220;25&#8243; nav_menu_horizontal=&#8220;1&#8243;][\/vc_column][\/vc_row][vc_row row_height_percent=&#8220;0&#8243; override_padding=&#8220;yes&#8220; h_padding=&#8220;2&#8243; top_padding=&#8220;3&#8243; bottom_padding=&#8220;0&#8243; back_color=&#8220;color-gyho&#8220; overlay_alpha=&#8220;50&#8243; equal_height=&#8220;yes&#8220; gutter_size=&#8220;4&#8243; column_width_percent=&#8220;100&#8243; shift_y=&#8220;0&#8243; z_index=&#8220;0&#8243; content_parallax=&#8220;0&#8243; el_class=&#8220;inverted-device-order&#8220; uncode_shortcode_id=&#8220;935419&#8243; back_color_type=&#8220;uncode-palette&#8220;][vc_column column_width_percent=&#8220;100&#8243; gutter_size=&#8220;2&#8243; overlay_alpha=&#8220;50&#8243; shift_x=&#8220;0&#8243; shift_y=&#8220;0&#8243; shift_y_down=&#8220;0&#8243; z_index=&#8220;0&#8243; medium_width=&#8220;0&#8243; mobile_width=&#8220;0&#8243; width=&#8220;1\/3&#8243; uncode_shortcode_id=&#8220;555175&#8243;][vc_custom_heading heading_semantic=&#8220;h3&#8243; text_size=&#8220;h1&#8243; uncode_shortcode_id=&#8220;787025&#8243;]Kl\u00ed\u010dov\u00e9 kompetence[\/vc_custom_heading][vc_separator sep_color=&#8220;color-408418&#8243; uncode_shortcode_id=&#8220;189951&#8243; sep_color_type=&#8220;uncode-palette&#8220;][\/vc_column][vc_column width=&#8220;2\/3&#8243;][vc_column_text uncode_shortcode_id=&#8220;313302&#8243;]Na\u0161e slu\u017eby v oblasti oce\u0148ov\u00e1n\u00ed a strategick\u00e9ho poradenstv\u00ed poskytuj\u00ed klient\u016fm finan\u010dn\u00ed vhled a strategick\u00e9 veden\u00ed nezbytn\u00e9 pro kvalifikovan\u00e9 rozhodov\u00e1n\u00ed v dynamick\u00e9m podnikatelsk\u00e9m prost\u0159ed\u00ed. Nab\u00edz\u00edme detailn\u00ed anal\u00fdzy a doporu\u010den\u00ed zalo\u017een\u00e1 na datech, v\u017edy p\u0159izp\u016fsoben\u00e1 jedine\u010dn\u00fdm pot\u0159eb\u00e1m klienta. Na\u0161e odbornost zahrnuje oce\u0148ov\u00e1n\u00ed podnik\u016f, finan\u010dn\u00ed modelov\u00e1n\u00ed, oce\u0148ov\u00e1n\u00ed aktiv a nemovitost\u00ed, pl\u00e1nov\u00e1n\u00ed n\u00e1stupnictv\u00ed v rodinn\u00fdch firm\u00e1ch a strategick\u00e9 poradenstv\u00ed, \u010d\u00edm\u017e zaji\u0161\u0165ujeme komplexn\u00ed podporu ve v\u0161ech kl\u00ed\u010dov\u00fdch f\u00e1z\u00edch podnikatelsk\u00e9ho cyklu.[\/vc_column_text][\/vc_column][\/vc_row][vc_row row_height_percent=&#8220;0&#8243; override_padding=&#8220;yes&#8220; h_padding=&#8220;2&#8243; top_padding=&#8220;0&#8243; bottom_padding=&#8220;3&#8243; back_color=&#8220;color-gyho&#8220; overlay_alpha=&#8220;50&#8243; gutter_size=&#8220;3&#8243; column_width_percent=&#8220;100&#8243; shift_y=&#8220;0&#8243; z_index=&#8220;0&#8243; content_parallax=&#8220;0&#8243; uncode_shortcode_id=&#8220;762951&#8243; back_color_type=&#8220;uncode-palette&#8220; el_class=&#8220;tabs-services&#8220;][vc_column width=&#8220;1\/1&#8243;][vc_tabs vertical=&#8220;yes&#8220; history=&#8220;yes&#8220; typography=&#8220;yes&#8220; tab_no_border=&#8220;yes&#8220; tab_custom_size=&#8220;yes&#8220; tab_size=&#8220;4&#8243; tab_gap=&#8220;3&#8243; active_txt_color=&#8220;color-408418&#8243; uncode_shortcode_id=&#8220;120864&#8243; active_txt_color_type=&#8220;uncode-palette&#8220;][vc_tab gutter_size=&#8220;2&#8243; column_padding=&#8220;2&#8243; title=&#8220;Oce\u0148ov\u00e1n\u00ed spole\u010dnost\u00ed&#8220; tab_id=&#8220;1749811820-2-91749812899966&#8243; slug=&#8220;Company Valuation&#8220;][vc_column_text uncode_shortcode_id=&#8220;910287&#8243; el_class=&#8220;services-tab-content&#8220;]<\/p>\n<p class=\"p1\">Poskytujeme pevn\u00fd z\u00e1klad pro f\u00faze, akvizice a z\u00edsk\u00e1v\u00e1n\u00ed kapit\u00e1lu prost\u0159ednictv\u00edm detailn\u00edch slu\u017eeb v oblasti oce\u0148ov\u00e1n\u00ed podnik\u016f. Na\u0161e pr\u00e1ce zahrnuje progn\u00f3zy v\u00fdnos\u016f, anal\u00fdzu n\u00e1klad\u016f, pl\u00e1nov\u00e1n\u00ed investic do dlouhodob\u00e9ho majetku a hodnocen\u00ed kapit\u00e1lov\u00e9 struktury. P\u0159ipravujeme progn\u00f3zy \u010dist\u00e9ho pracovn\u00edho kapit\u00e1lu a voln\u00e9ho pen\u011b\u017en\u00edho toku s vyu\u017eit\u00edm metodologi\u00ed DCF a LBO, dopln\u011bn\u00e9 o v\u00fdpo\u010dty \u010dist\u00e9 sou\u010dasn\u00e9 hodnoty (NPV) a vnit\u0159n\u00ed m\u00edry v\u00fdnosnosti (IRR) na podporu investi\u010dn\u00edch rozhodnut\u00ed. K ov\u011b\u0159en\u00ed oce\u0148ovac\u00edch interval\u016f aplikujeme tak\u00e9 tr\u017en\u00ed multiplik\u00e1tory a srovnateln\u00e9 transakce. Na\u0161e modely jsou pln\u011b auditovateln\u00e9 a jsou v\u017edy p\u0159izp\u016fsoben\u00e9 provozn\u00edmu modelu, rizikov\u00e9mu profilu a f\u00e1zi r\u016fstu konkr\u00e9tn\u00edho podniku. Podporujeme klienty p\u0159i vyjedn\u00e1v\u00e1n\u00edch o valuaci s investory, kupci i v\u011b\u0159iteli. Na\u0161e v\u00fdstupy jsou p\u0159ipraven\u00e9 k okam\u017eit\u00e9mu pou\u017eit\u00ed a navr\u017een\u00e9 tak, aby obst\u00e1ly i p\u0159i extern\u00edm p\u0159ezkumu.      <\/p>\n<p>[\/vc_column_text][\/vc_tab][vc_tab gutter_size=&#8220;2&#8243; column_padding=&#8220;2&#8243; title=&#8220;Oce\u0148ov\u00e1n\u00ed aktiv a nemovitost\u00ed&#8220; tab_id=&#8220;1749811820-2-921749812899966&#8243; slug=&#8220;Asset &amp; Real Estate Valuation&#8220;][vc_column_text uncode_shortcode_id=&#8220;191623&#8243; el_class=&#8220;services-tab-content&#8220;]<\/p>\n<p class=\"p1\">Poskytujeme komplexn\u00ed oce\u0148ov\u00e1n\u00ed nemovitost\u00ed, vybaven\u00ed, du\u0161evn\u00edho vlastnictv\u00ed a z\u00e1sob. Na\u0161e slu\u017eby zahrnuj\u00ed ocen\u011bn\u00ed nemovitost\u00ed, anal\u00fdzu n\u00e1jemn\u00edho potenci\u00e1lu a hodnocen\u00ed vybaven\u00ed, IP a patent\u016f. Podporujeme tak\u00e9 zaji\u0161t\u011bn\u00ed souladu s regulatorn\u00edmi po\u017eadavky a pr\u00e1vn\u00ed prov\u011brky, \u010d\u00edm\u017e zaji\u0161\u0165ujeme jasnost a jistotu v ot\u00e1zk\u00e1ch vlastnictv\u00ed a hodnoty aktiv. Pou\u017e\u00edv\u00e1me metodiky zalo\u017een\u00e9 na p\u0159\u00edjmech, trhu \u010di n\u00e1kladech \u2013 v z\u00e1vislosti na typu a vyu\u017eit\u00ed aktiva. N\u00e1\u0161 t\u00fdm spolupracuje s pr\u00e1vn\u00edmi a technick\u00fdmi odborn\u00edky, aby byla zaji\u0161t\u011bna maxim\u00e1ln\u00ed p\u0159esnost i v komplexn\u00edm \u010di regulovan\u00e9m prost\u0159ed\u00ed. U portfoli\u00ed pom\u00e1h\u00e1me klient\u016fm posoudit mo\u017enosti likvidity, sc\u00e9n\u00e1\u0159e nejvy\u0161\u0161\u00edho a nejlep\u0161\u00edho vyu\u017eit\u00ed a potenci\u00e1l refinancov\u00e1n\u00ed. Na\u0161\u00edm c\u00edlem je poskytnout pevn\u00fd oce\u0148ovac\u00ed z\u00e1klad jak pro provozn\u00ed, tak pro strategick\u00e1 rozhodnut\u00ed.      <\/p>\n<p>[\/vc_column_text][\/vc_tab][vc_tab gutter_size=&#8220;2&#8243; column_padding=&#8220;2&#8243; title=&#8220;Pl\u00e1nov\u00e1n\u00ed n\u00e1stupnictv\u00ed&#8220; tab_id=&#8220;1749811820-2-9261749812899966&#8243; slug=&#8220;Succession Planning&#8220;][vc_column_text uncode_shortcode_id=&#8220;105922&#8243; el_class=&#8220;services-tab-content&#8220;]<\/p>\n<p class=\"p1\">Pom\u00e1h\u00e1me rodinn\u00fdm podnik\u016fm navrhovat a realizovat pl\u00e1ny n\u00e1stupnictv\u00ed, kter\u00e9 zaji\u0161\u0165uj\u00ed plynul\u00fd p\u0159echod veden\u00ed a vlastnictv\u00ed \u2013 a\u0165 u\u017e na dal\u0161\u00ed generaci, nebo na extern\u00ed investory. Na\u0161e poradenstv\u00ed zahrnuje nastaven\u00ed governance struktur, strategie n\u00e1stupnictv\u00ed a dlouhodob\u00e9 pl\u00e1nov\u00e1n\u00ed, v\u010detn\u011b definov\u00e1n\u00ed rodinn\u00fdch c\u00edl\u016f, \u0159\u00edzen\u00ed genera\u010dn\u00ed obm\u011bny a dohledu nad ochranou majetku a pl\u00e1nov\u00e1n\u00edm d\u011bdictv\u00ed. \u00dazce spolupracujeme s rodinami p\u0159i usnad\u0148ov\u00e1n\u00ed dialogu a zvl\u00e1d\u00e1n\u00ed komplexn\u00edch emo\u010dn\u00edch i finan\u010dn\u00edch aspekt\u016f. Na\u0161e slu\u017eby zahrnuj\u00ed identifikaci n\u00e1stupce, rozvoj v\u016fd\u010d\u00edch schopnost\u00ed a pl\u00e1nov\u00e1n\u00ed komunikace. Poskytujeme rovn\u011b\u017e poradenstv\u00ed p\u0159i restrukturalizaci vlastnictv\u00ed, zav\u00e1d\u011bn\u00ed extern\u00edho kapit\u00e1lu \u010di p\u0159\u00edprav\u011b spole\u010dnosti na p\u0159\u00edpadn\u00fd prodej. S diskr\u00e9tnost\u00ed a empati\u00ed pom\u00e1h\u00e1me rodin\u00e1m zajistit jejich odkaz a chr\u00e1nit dlouhodobou hodnotu.     <\/p>\n<p>[\/vc_column_text][\/vc_tab][vc_tab gutter_size=&#8220;2&#8243; column_padding=&#8220;2&#8243; title=&#8220;Strategick\u00e9 a obchodn\u00ed poradenstv\u00ed&#8220; tab_id=&#8220;1749811820-1-301749812899966&#8243; slug=&#8220;Strategic Advisory&#8220;][vc_column_text uncode_shortcode_id=&#8220;208231&#8243; el_class=&#8220;services-tab-content&#8220;]<\/p>\n<p class=\"p1\">Podporujeme na\u0161e klienty p\u0159i dosahov\u00e1n\u00ed r\u016fstov\u00fdch c\u00edl\u016f a zvy\u0161ov\u00e1n\u00ed provozn\u00ed efektivity. Vyv\u00edj\u00edme podnikov\u00e9 strategie, prov\u00e1d\u00edme anal\u00fdzy konkurenceschopnosti a trhu a vytv\u00e1\u0159\u00edme finan\u010dn\u00ed modely a podnikatelsk\u00e9 sc\u00e9n\u00e1\u0159e. Na\u0161e slu\u017eby zahrnuj\u00ed studie proveditelnosti, hodnocen\u00ed dopad\u016f a praktickou podporu p\u0159i implementaci strategick\u00fdch iniciativ a rozhodovac\u00edch r\u00e1mc\u016f. Pom\u00e1h\u00e1me tak\u00e9 klient\u016fm orientovat se v transforma\u010dn\u00edch programech, expanzi na nov\u00e9 trhy a reorganizaci podnikov\u00e9 struktury. Podporujeme tvorbu ak\u010dn\u00edch pl\u00e1n\u016f, kter\u00e9 sla\u010fuj\u00ed strategick\u00e9 priority s finan\u010dn\u00edmi c\u00edli a provozn\u00edmi schopnostmi. Ka\u017ed\u00fd projekt je zalo\u017een na analytick\u00e9 preciznosti i praktick\u00fdch zku\u0161enostech s realizac\u00ed. Na\u0161e role p\u0159esahuje r\u00e1mec poradenstv\u00ed \u2013 p\u016fsob\u00edme jako dlouhodob\u00fd partner odhodlan\u00fd p\u0159in\u00e1\u0161et m\u011b\u0159iteln\u00e9 v\u00fdsledky.      <\/p>\n<p>[\/vc_column_text][\/vc_tab][\/vc_tabs][\/vc_column][\/vc_row][vc_row row_height_percent=&#8220;0&#8243; override_padding=&#8220;yes&#8220; h_padding=&#8220;2&#8243; top_padding=&#8220;2&#8243; bottom_padding=&#8220;2&#8243; overlay_alpha=&#8220;50&#8243; equal_height=&#8220;yes&#8220; gutter_size=&#8220;4&#8243; column_width_percent=&#8220;100&#8243; shift_y=&#8220;0&#8243; z_index=&#8220;0&#8243; content_parallax=&#8220;0&#8243; el_class=&#8220;inverted-device-order&#8220; uncode_shortcode_id=&#8220;177646&#8243;][vc_column column_width_percent=&#8220;100&#8243; gutter_size=&#8220;2&#8243; overlay_alpha=&#8220;50&#8243; shift_x=&#8220;0&#8243; shift_y=&#8220;0&#8243; shift_y_down=&#8220;0&#8243; z_index=&#8220;0&#8243; medium_width=&#8220;0&#8243; mobile_width=&#8220;0&#8243; width=&#8220;1\/1&#8243; uncode_shortcode_id=&#8220;555175&#8243;][vc_custom_heading heading_semantic=&#8220;h3&#8243; text_size=&#8220;h1&#8243; uncode_shortcode_id=&#8220;161712&#8243;]Pro\u010d zvolit n\u00e1s[\/vc_custom_heading][vc_separator sep_color=&#8220;color-408418&#8243; uncode_shortcode_id=&#8220;759934&#8243; sep_color_type=&#8220;uncode-palette&#8220; el_class=&#8220;set-divider-max&#8220;][vc_column_text uncode_shortcode_id=&#8220;383920&#8243;]Za ka\u017edou \u00fasp\u011b\u0161nou transakc\u00ed stoj\u00ed t\u00fdm zku\u0161en\u00fdch profesion\u00e1l\u016f.[\/vc_column_text][\/vc_column][\/vc_row][vc_row row_height_percent=&#8220;0&#8243; override_padding=&#8220;yes&#8220; h_padding=&#8220;2&#8243; top_padding=&#8220;2&#8243; bottom_padding=&#8220;2&#8243; overlay_alpha=&#8220;50&#8243; gutter_size=&#8220;4&#8243; column_width_percent=&#8220;100&#8243; shift_y=&#8220;0&#8243; z_index=&#8220;0&#8243; content_parallax=&#8220;0&#8243; uncode_shortcode_id=&#8220;556128&#8243;][vc_column column_width_percent=&#8220;100&#8243; gutter_size=&#8220;4&#8243; overlay_alpha=&#8220;50&#8243; shift_x=&#8220;0&#8243; shift_y=&#8220;0&#8243; shift_y_down=&#8220;0&#8243; z_index=&#8220;0&#8243; medium_width=&#8220;4&#8243; mobile_width=&#8220;0&#8243; width=&#8220;1\/2&#8243;][vc_custom_heading text_color=&#8220;color-408418&#8243; heading_semantic=&#8220;h3&#8243; text_size=&#8220;h3&#8243; text_weight=&#8220;700&#8243; separator=&#8220;yes&#8220; subheading=&#8220;Jako nez\u00e1visl\u00e1 poradensk\u00e1 spole\u010dnost nejsme v\u00e1z\u00e1ni institucion\u00e1ln\u00edmi omezen\u00edmi a pln\u011b se soust\u0159ed\u00edme na z\u00e1jmy na\u0161ich klient\u016f. A\u0165 u\u017e jde o realizaci strategick\u00e9 akvizice, z\u00edsk\u00e1v\u00e1n\u00ed kapit\u00e1lu \u010di p\u0159\u00edpravu na prodej, poskytujeme objektivn\u00ed a na m\u00edru \u0161it\u00e9 poradenstv\u00ed navr\u017een\u00e9 k podpo\u0159e dlouhodob\u00e9ho \u00fasp\u011bchu. Ka\u017ed\u00fd mand\u00e1t je veden seniorn\u00edmi profesion\u00e1ly s hlubok\u00fdmi transak\u010dn\u00edmi zku\u0161enostmi a osobn\u00ed \u00fa\u010dast\u00ed od za\u010d\u00e1tku a\u017e do konce.  &#8220; uncode_shortcode_id=&#8220;369099&#8243; text_color_type=&#8220;uncode-palette&#8220; el_class=&#8220;heading-reduced-space&#8220;]Nez\u00e1visl\u00e9 poradenstv\u00ed v souladu s c\u00edli klienta[\/vc_custom_heading][\/vc_column][vc_column column_width_percent=&#8220;100&#8243; gutter_size=&#8220;4&#8243; overlay_alpha=&#8220;50&#8243; shift_x=&#8220;0&#8243; shift_y=&#8220;0&#8243; shift_y_down=&#8220;0&#8243; z_index=&#8220;0&#8243; medium_width=&#8220;4&#8243; mobile_width=&#8220;0&#8243; width=&#8220;1\/2&#8243;][vc_custom_heading text_color=&#8220;color-408418&#8243; heading_semantic=&#8220;h3&#8243; text_size=&#8220;h3&#8243; text_weight=&#8220;700&#8243; separator=&#8220;yes&#8220; subheading=&#8220;Kombinujeme detailn\u00ed znalost trh\u016f CEE a DACH s p\u0159\u00edstupem ke glob\u00e1ln\u00ed s\u00edti finan\u010dn\u00edch a strategick\u00fdch partner\u016f. To n\u00e1m umo\u017e\u0148uje identifikovat spr\u00e1vn\u00e9 investory, kupce \u010di c\u00edle \u2013 na lok\u00e1ln\u00ed i mezin\u00e1rodn\u00ed \u00farovni \u2013 a realizovat transakce, kter\u00e9 jsou strategicky i obchodn\u011b smyslupln\u00e9. N\u00e1\u0161 t\u00fdm p\u0159in\u00e1\u0161\u00ed jasnost a jistotu i do t\u011bch nejslo\u017eit\u011bj\u0161\u00edch p\u0159eshrani\u010dn\u00edch proces\u016f.  &#8220; uncode_shortcode_id=&#8220;675837&#8243; text_color_type=&#8220;uncode-palette&#8220; el_class=&#8220;heading-reduced-space&#8220;]Hlubok\u00e1 region\u00e1ln\u00ed znalost s mezin\u00e1rodn\u00edm dosahem[\/vc_custom_heading][\/vc_column][\/vc_row][vc_row row_height_percent=&#8220;0&#8243; override_padding=&#8220;yes&#8220; h_padding=&#8220;2&#8243; top_padding=&#8220;2&#8243; bottom_padding=&#8220;3&#8243; overlay_alpha=&#8220;50&#8243; gutter_size=&#8220;4&#8243; column_width_percent=&#8220;100&#8243; shift_y=&#8220;0&#8243; z_index=&#8220;0&#8243; content_parallax=&#8220;0&#8243; uncode_shortcode_id=&#8220;358371&#8243;][vc_column column_width_percent=&#8220;100&#8243; gutter_size=&#8220;4&#8243; overlay_alpha=&#8220;50&#8243; shift_x=&#8220;0&#8243; shift_y=&#8220;0&#8243; shift_y_down=&#8220;0&#8243; z_index=&#8220;0&#8243; medium_width=&#8220;4&#8243; mobile_width=&#8220;0&#8243; width=&#8220;1\/2&#8243;][vc_custom_heading text_color=&#8220;color-408418&#8243; heading_semantic=&#8220;h3&#8243; text_size=&#8220;h3&#8243; text_weight=&#8220;700&#8243; separator=&#8220;yes&#8220; subheading=&#8220;P\u016fsob\u00edme nap\u0159\u00ed\u010d \u0161irok\u00fdm spektrem odv\u011btv\u00ed \u2013 od technologi\u00ed a zdravotnictv\u00ed p\u0159es v\u00fdrobu a\u017e po energetiku. N\u00e1\u0161 sektorov\u011b neutr\u00e1ln\u00ed p\u0159\u00edstup n\u00e1m umo\u017e\u0148uje p\u0159in\u00e1\u0161et nov\u00e9 pohledy a aplikovat osv\u011bd\u010den\u00e9 postupy v ka\u017ed\u00e9 transakci. Na\u0161e strategie v\u017edy p\u0159izp\u016fsobujeme jedine\u010dn\u00fdm pot\u0159eb\u00e1m a ambic\u00edm ka\u017ed\u00e9ho klienta \u2013 a\u0165 u\u017e je c\u00edlem r\u016fst, transformace \u010di exit.  &#8220; uncode_shortcode_id=&#8220;151582&#8243; text_color_type=&#8220;uncode-palette&#8220; el_class=&#8220;heading-reduced-space&#8220;]Sektorov\u011b neutr\u00e1ln\u00ed a na \u0159e\u0161en\u00ed orientovan\u00fd p\u0159\u00edstup[\/vc_custom_heading][\/vc_column][vc_column column_width_percent=&#8220;100&#8243; gutter_size=&#8220;4&#8243; overlay_alpha=&#8220;50&#8243; shift_x=&#8220;0&#8243; shift_y=&#8220;0&#8243; shift_y_down=&#8220;0&#8243; z_index=&#8220;0&#8243; medium_width=&#8220;4&#8243; mobile_width=&#8220;0&#8243; width=&#8220;1\/2&#8243;][vc_custom_heading text_color=&#8220;color-408418&#8243; heading_semantic=&#8220;h3&#8243; text_size=&#8220;h3&#8243; text_weight=&#8220;700&#8243; separator=&#8220;yes&#8220; subheading=&#8220;Na\u0161e poradensk\u00e9 slu\u017eby spojuj\u00ed realizaci transakc\u00ed, strukturov\u00e1n\u00ed kapit\u00e1lu a strategick\u00e9 poradenstv\u00ed pod jednou st\u0159echou. Tento integrovan\u00fd p\u0159\u00edstup n\u00e1m umo\u017e\u0148uje komplexn\u011b \u0159e\u0161it finan\u010dn\u00ed, provozn\u00ed i akcion\u00e1\u0159sk\u00e9 aspekty. A\u0165 u\u017e klient pot\u0159ebuje podporu p\u0159i oce\u0148ov\u00e1n\u00ed, strukturov\u00e1n\u00ed transakce \u010di pl\u00e1nov\u00e1n\u00ed n\u00e1stupnictv\u00ed, poskytujeme plynul\u00e1 a vysoce efektivn\u00ed \u0159e\u0161en\u00ed.  &#8220; uncode_shortcode_id=&#8220;261480&#8243; text_color_type=&#8220;uncode-palette&#8220; el_class=&#8220;heading-reduced-space&#8220;]Integrovan\u00e1 odbornost nap\u0159\u00ed\u010d discipl\u00ednami[\/vc_custom_heading][\/vc_column][\/vc_row][vc_row row_height_percent=&#8220;0&#8243; override_padding=&#8220;yes&#8220; h_padding=&#8220;2&#8243; top_padding=&#8220;2&#8243; bottom_padding=&#8220;2&#8243; overlay_alpha=&#8220;50&#8243; equal_height=&#8220;yes&#8220; gutter_size=&#8220;4&#8243; column_width_percent=&#8220;100&#8243; shift_y=&#8220;0&#8243; z_index=&#8220;0&#8243; content_parallax=&#8220;0&#8243; el_class=&#8220;inverted-device-order&#8220; uncode_shortcode_id=&#8220;177646&#8243;][vc_column column_width_percent=&#8220;100&#8243; gutter_size=&#8220;2&#8243; overlay_alpha=&#8220;50&#8243; shift_x=&#8220;0&#8243; shift_y=&#8220;0&#8243; shift_y_down=&#8220;0&#8243; z_index=&#8220;0&#8243; medium_width=&#8220;0&#8243; mobile_width=&#8220;0&#8243; width=&#8220;1\/1&#8243; uncode_shortcode_id=&#8220;555175&#8243;][vc_custom_heading heading_semantic=&#8220;h3&#8243; text_size=&#8220;h1&#8243; uncode_shortcode_id=&#8220;791638&#8243;]Novinky &amp; Insights[\/vc_custom_heading][vc_separator sep_color=&#8220;color-408418&#8243; uncode_shortcode_id=&#8220;171314&#8243; sep_color_type=&#8220;uncode-palette&#8220; el_class=&#8220;set-divider-max&#8220;][\/vc_column][\/vc_row][vc_row row_height_percent=&#8220;0&#8243; override_padding=&#8220;yes&#8220; h_padding=&#8220;2&#8243; top_padding=&#8220;2&#8243; bottom_padding=&#8220;3&#8243; overlay_alpha=&#8220;50&#8243; gutter_size=&#8220;3&#8243; column_width_percent=&#8220;100&#8243; shift_y=&#8220;0&#8243; z_index=&#8220;3&#8243; top_divider=&#8220;step_2_3&#8243; bottom_divider=&#8220;step_3_4&#8243; content_parallax=&#8220;0&#8243; uncode_shortcode_id=&#8220;206974&#8243;][vc_column column_width_percent=&#8220;100&#8243; gutter_size=&#8220;0&#8243; overlay_alpha=&#8220;50&#8243; shift_x=&#8220;0&#8243; shift_y=&#8220;0&#8243; shift_y_down=&#8220;0&#8243; z_index=&#8220;0&#8243; medium_width=&#8220;0&#8243; mobile_width=&#8220;0&#8243; width=&#8220;1\/1&#8243; uncode_shortcode_id=&#8220;843823&#8243;][uncode_index el_id=&#8220;index-131812&#8243; index_type=&#8220;css_grid&#8220; loop=&#8220;size:3|order_by:date|post_type:post|categories:27|taxonomy_count:10&#8243; grid_items=&#8220;3&#8243; screen_lg_items=&#8220;2&#8243; screen_lg_breakpoint=&#8220;1000&#8243; screen_md_items=&#8220;2&#8243; screen_md_breakpoint=&#8220;600&#8243; screen_sm_items=&#8220;1&#8243; screen_sm_breakpoint=&#8220;480&#8243; gutter_size=&#8220;3&#8243; css_grid_equal_height=&#8220;yes&#8220; post_items=&#8220;text|excerpt,date,title,spacer|half,sep-one|full,link|link|default_size|not_scale_mobile|default_width|default_outline&#8220; single_back_color=&#8220;color-lxmt&#8220; single_overlay_opacity=&#8220;50&#8243; single_padding=&#8220;2&#8243; single_title_dimension=&#8220;h2&#8243; uncode_shortcode_id=&#8220;131121&#8243;][\/vc_column][\/vc_row]<\/p>\n<\/div>","protected":false},"excerpt":{"rendered":"<p>Poskytujeme detailn\u00ed anal\u00fdzy a doporu\u010den\u00ed zalo\u017een\u00e1 na datech, v\u017edy p\u0159izp\u016fsoben\u00e1 jedine\u010dn\u00fdm pot\u0159eb\u00e1m klienta.<\/p>\n","protected":false},"author":1,"featured_media":1182,"parent":0,"menu_order":0,"comment_status":"closed","ping_status":"closed","template":"","meta":{"_seopress_robots_primary_cat":"","_seopress_titles_title":"","_seopress_titles_desc":"","_seopress_robots_index":"","footnotes":""},"class_list":["post-1190","page","type-page","status-publish","has-post-thumbnail","hentry"],"_links":{"self":[{"href":"https:\/\/hintsoftpartners.com\/cs\/wp-json\/wp\/v2\/pages\/1190","targetHints":{"allow":["GET"]}}],"collection":[{"href":"https:\/\/hintsoftpartners.com\/cs\/wp-json\/wp\/v2\/pages"}],"about":[{"href":"https:\/\/hintsoftpartners.com\/cs\/wp-json\/wp\/v2\/types\/page"}],"author":[{"embeddable":true,"href":"https:\/\/hintsoftpartners.com\/cs\/wp-json\/wp\/v2\/users\/1"}],"replies":[{"embeddable":true,"href":"https:\/\/hintsoftpartners.com\/cs\/wp-json\/wp\/v2\/comments?post=1190"}],"version-history":[{"count":7,"href":"https:\/\/hintsoftpartners.com\/cs\/wp-json\/wp\/v2\/pages\/1190\/revisions"}],"predecessor-version":[{"id":1704,"href":"https:\/\/hintsoftpartners.com\/cs\/wp-json\/wp\/v2\/pages\/1190\/revisions\/1704"}],"wp:featuredmedia":[{"embeddable":true,"href":"https:\/\/hintsoftpartners.com\/cs\/wp-json\/wp\/v2\/media\/1182"}],"wp:attachment":[{"href":"https:\/\/hintsoftpartners.com\/cs\/wp-json\/wp\/v2\/media?parent=1190"}],"curies":[{"name":"wp","href":"https:\/\/api.w.org\/{rel}","templated":true}]}}