{"id":1178,"date":"2025-03-02T09:00:40","date_gmt":"2025-03-02T08:00:40","guid":{"rendered":"https:\/\/hintsoftpartners.com\/dluhove-a-kapitalove-poradenstvi\/"},"modified":"2026-02-20T14:30:45","modified_gmt":"2026-02-20T13:30:45","slug":"dluhove-a-kapitalove-poradenstvi","status":"publish","type":"page","link":"https:\/\/hintsoftpartners.com\/cs\/dluhove-a-kapitalove-poradenstvi\/","title":{"rendered":"Dluhov\u00e9 &amp; kapit\u00e1lov\u00e9 poradenstv\u00ed"},"content":{"rendered":"<div class=\"wpb-content-wrapper\"><p>[vc_row row_height_percent=&#8220;100&#8243; override_padding=&#8220;yes&#8220; h_padding=&#8220;0&#8243; top_padding=&#8220;2&#8243; bottom_padding=&#8220;2&#8243; back_image=&#8220;625&#8243; overlay_color=&#8220;color-jevc&#8220; overlay_alpha=&#8220;30&#8243; equal_height=&#8220;yes&#8220; gutter_size=&#8220;0&#8243; column_width_use_pixel=&#8220;yes&#8220; shift_y=&#8220;0&#8243; z_index=&#8220;0&#8243; auto_height_device=&#8220;yes&#8220; content_parallax=&#8220;0&#8243; row_name=&#8220;Welcome&#8220; uncode_shortcode_id=&#8220;156185&#8243; overlay_color_type=&#8220;uncode-palette&#8220;][vc_column column_width_use_pixel=&#8220;yes&#8220; position_vertical=&#8220;middle&#8220; align_horizontal=&#8220;align_center&#8220; gutter_size=&#8220;3&#8243; style=&#8220;dark&#8220; overlay_alpha=&#8220;50&#8243; shift_x=&#8220;0&#8243; shift_y=&#8220;0&#8243; shift_y_down=&#8220;0&#8243; z_index=&#8220;0&#8243; medium_width=&#8220;0&#8243; mobile_width=&#8220;0&#8243; width=&#8220;1\/1&#8243;][vc_row_inner row_inner_height_percent=&#8220;0&#8243; overlay_alpha=&#8220;50&#8243; gutter_size=&#8220;3&#8243; shift_y=&#8220;0&#8243; z_index=&#8220;0&#8243; limit_content=&#8220;&#8220;][vc_column_inner column_width_percent=&#8220;100&#8243; position_horizontal=&#8220;left&#8220; position_vertical=&#8220;middle&#8220; gutter_size=&#8220;2&#8243; override_padding=&#8220;yes&#8220; column_padding=&#8220;2&#8243; style=&#8220;light&#8220; overlay_alpha=&#8220;0&#8243; shift_x=&#8220;0&#8243; shift_y=&#8220;0&#8243; shift_y_down=&#8220;0&#8243; z_index=&#8220;0&#8243; medium_width=&#8220;0&#8243; mobile_width=&#8220;0&#8243; css_animation=&#8220;alpha-anim&#8220; width=&#8220;2\/3&#8243; uncode_shortcode_id=&#8220;123011&#8243; back_color_type=&#8220;uncode-solid&#8220; back_color_solid=&#8220;rgba(255,255,255,0.75)&#8220; el_class=&#8220;remove-padding-top&#8220;][vc_custom_heading text_color=&#8220;color-xsdn&#8220; heading_semantic=&#8220;p&#8220; text_size=&#8220;&#8220; text_weight=&#8220;500&#8243; text_transform=&#8220;uppercase&#8220; badge_style=&#8220;yes&#8220; back_color=&#8220;color-408418&#8243; uncode_shortcode_id=&#8220;124089&#8243; text_color_type=&#8220;uncode-palette&#8220; back_color_type=&#8220;uncode-palette&#8220; el_class=&#8220;header-badge&#8220;]Dluhov\u00e9 &amp; kapit\u00e1lov\u00e9 poradenstv\u00ed[\/vc_custom_heading][vc_custom_heading text_color=&#8220;color-408418&#8243; heading_semantic=&#8220;h1&#8243; text_size=&#8220;custom&#8220; uncode_shortcode_id=&#8220;107129&#8243; heading_custom_size=&#8220;36px&#8220; text_color_type=&#8220;uncode-palette&#8220;]Spr\u00e1vn\u00fd kapit\u00e1l. Za spr\u00e1vn\u00fdch podm\u00ednek.[\/vc_custom_heading][\/vc_column_inner][vc_column_inner column_width_percent=&#8220;100&#8243; gutter_size=&#8220;3&#8243; overlay_alpha=&#8220;50&#8243; shift_x=&#8220;0&#8243; shift_y=&#8220;0&#8243; shift_y_down=&#8220;0&#8243; z_index=&#8220;0&#8243; medium_width=&#8220;0&#8243; mobile_visibility=&#8220;yes&#8220; mobile_width=&#8220;0&#8243; width=&#8220;1\/3&#8243; uncode_shortcode_id=&#8220;107346&#8243;][\/vc_column_inner][\/vc_row_inner][\/vc_column][\/vc_row][vc_row row_height_percent=&#8220;0&#8243; overlay_alpha=&#8220;50&#8243; gutter_size=&#8220;3&#8243; column_width_percent=&#8220;100&#8243; border_color=&#8220;color-gyho&#8220; border_style=&#8220;solid&#8220; shift_y=&#8220;0&#8243; z_index=&#8220;0&#8243; content_parallax=&#8220;0&#8243; uncode_shortcode_id=&#8220;131890&#8243; css=&#8220;.vc_custom_1749741605731{border-bottom-width: 1px !important;}&#8220; border_color_type=&#8220;uncode-palette&#8220;][vc_column column_width_percent=&#8220;100&#8243; position_vertical=&#8220;middle&#8220; align_horizontal=&#8220;align_center&#8220; gutter_size=&#8220;3&#8243; overlay_alpha=&#8220;50&#8243; shift_x=&#8220;0&#8243; shift_y=&#8220;0&#8243; shift_y_down=&#8220;0&#8243; z_index=&#8220;0&#8243; medium_width=&#8220;0&#8243; mobile_width=&#8220;0&#8243; width=&#8220;1\/1&#8243; uncode_shortcode_id=&#8220;125520&#8243;][vc_wp_custommenu nav_menu=&#8220;25&#8243; nav_menu_horizontal=&#8220;1&#8243;][\/vc_column][\/vc_row][vc_row row_height_percent=&#8220;0&#8243; override_padding=&#8220;yes&#8220; h_padding=&#8220;2&#8243; top_padding=&#8220;3&#8243; bottom_padding=&#8220;0&#8243; back_color=&#8220;color-gyho&#8220; overlay_alpha=&#8220;50&#8243; equal_height=&#8220;yes&#8220; gutter_size=&#8220;4&#8243; column_width_percent=&#8220;100&#8243; shift_y=&#8220;0&#8243; z_index=&#8220;0&#8243; content_parallax=&#8220;0&#8243; el_class=&#8220;inverted-device-order&#8220; uncode_shortcode_id=&#8220;108213&#8243; back_color_type=&#8220;uncode-palette&#8220;][vc_column column_width_percent=&#8220;100&#8243; gutter_size=&#8220;2&#8243; overlay_alpha=&#8220;50&#8243; shift_x=&#8220;0&#8243; shift_y=&#8220;0&#8243; shift_y_down=&#8220;0&#8243; z_index=&#8220;0&#8243; medium_width=&#8220;0&#8243; mobile_width=&#8220;0&#8243; width=&#8220;1\/3&#8243; uncode_shortcode_id=&#8220;555175&#8243;][vc_custom_heading heading_semantic=&#8220;h3&#8243; text_size=&#8220;h1&#8243; uncode_shortcode_id=&#8220;787025&#8243;]Kl\u00ed\u010dov\u00e9 kompetence[\/vc_custom_heading][vc_separator sep_color=&#8220;color-408418&#8243; uncode_shortcode_id=&#8220;105764&#8243; sep_color_type=&#8220;uncode-palette&#8220;][\/vc_column][vc_column width=&#8220;2\/3&#8243;][vc_column_text uncode_shortcode_id=&#8220;709018&#8243;]Na\u0161e slu\u017eby v oblasti dluhov\u00e9ho a kapit\u00e1lov\u00e9ho poradenstv\u00ed pom\u00e1haj\u00ed klient\u016fm optimalizovat kapit\u00e1lovou strukturu, efektivn\u011b \u0159\u00eddit procesy z\u00edsk\u00e1v\u00e1n\u00ed financ\u00ed a \u0159e\u0161it slo\u017eit\u00e9 pot\u0159eby v oblasti financov\u00e1n\u00ed. C\u00edlem na\u0161\u00ed divize finan\u010dn\u00edho poradenstv\u00ed je identifikovat a zajistit nejvhodn\u011bj\u0161\u00ed zdroje kapit\u00e1lu pro podniky \u2013 a\u0165 u\u017e za \u00fa\u010delem r\u016fstu, akvizic \u010di krizov\u00e9ho \u0159\u00edzen\u00ed.[\/vc_column_text][\/vc_column][\/vc_row][vc_row row_height_percent=&#8220;0&#8243; override_padding=&#8220;yes&#8220; h_padding=&#8220;2&#8243; top_padding=&#8220;0&#8243; bottom_padding=&#8220;3&#8243; back_color=&#8220;color-gyho&#8220; overlay_alpha=&#8220;50&#8243; gutter_size=&#8220;3&#8243; column_width_percent=&#8220;100&#8243; shift_y=&#8220;0&#8243; z_index=&#8220;0&#8243; content_parallax=&#8220;0&#8243; uncode_shortcode_id=&#8220;158251&#8243; back_color_type=&#8220;uncode-palette&#8220; el_class=&#8220;tabs-services&#8220;][vc_column width=&#8220;1\/1&#8243;][vc_tabs vertical=&#8220;yes&#8220; history=&#8220;yes&#8220; typography=&#8220;yes&#8220; tab_no_border=&#8220;yes&#8220; tab_custom_size=&#8220;yes&#8220; tab_size=&#8220;4&#8243; tab_gap=&#8220;3&#8243; active_txt_color=&#8220;color-408418&#8243; uncode_shortcode_id=&#8220;105985&#8243; active_txt_color_type=&#8220;uncode-palette&#8220;][vc_tab gutter_size=&#8220;2&#8243; column_padding=&#8220;2&#8243; title=&#8220;Z\u00edsk\u00e1v\u00e1n\u00ed kapit\u00e1lu&#8220; tab_id=&#8220;1749811820-1-301749813234778&#8243; slug=&#8220;Capital Raising&#8220;][vc_column_text uncode_shortcode_id=&#8220;153293&#8243; el_class=&#8220;services-tab-content&#8220;]<\/p>\n<p class=\"p1\">N\u00e1\u0161 t\u00fdm podporuje klienty p\u0159i nastavov\u00e1n\u00ed kapit\u00e1lov\u00fdch struktur a tvorb\u011b financov\u00e1n\u00ed na m\u00edru, v\u010detn\u011b dluhov\u00e9ho financov\u00e1n\u00ed a mezaninov\u00fdch n\u00e1stroj\u016f. Asistujeme jak p\u0159i soukrom\u00e9m, tak bankovn\u011b veden\u00e9m z\u00edsk\u00e1v\u00e1n\u00ed kapit\u00e1lu a prov\u00e1d\u00edme anal\u00fdzu kapit\u00e1lov\u00e9 struktury spole\u010dnosti s c\u00edlem optimalizovat jej\u00ed finan\u010dn\u00ed flexibilitu. Krom\u011b toho poskytujeme poradenstv\u00ed v oblasti \u0159\u00edzen\u00ed rizik a pom\u00e1h\u00e1me identifikovat nejvhodn\u011bj\u0161\u00ed investi\u010dn\u00ed p\u0159\u00edle\u017eitosti na podporu dlouhodob\u00e9ho r\u016fstu. P\u0159ipravujeme materi\u00e1ly pro investory a vedeme jedn\u00e1n\u00ed s c\u00edlem zajistit v\u00fdhodn\u00e9 podm\u00ednky v souladu se strategick\u00fdmi pot\u0159ebami klienta. Na\u0161e s\u00ed\u0165 zahrnuje tradi\u010dn\u00ed banky, private debt fondy, family offices i institucion\u00e1ln\u00ed investory. D\u00e1le podporujeme klienty p\u0159i sla\u010fov\u00e1n\u00ed financov\u00e1n\u00ed s covenant strukturami, da\u0148ov\u00fdmi aspekty a flexibilitou spl\u00e1cen\u00ed. Od za\u010d\u00ednaj\u00edc\u00edch podnik\u016f a\u017e po vysp\u011bl\u00e9 spole\u010dnosti prov\u00e1z\u00edme klienty cel\u00fdm procesem financov\u00e1n\u00ed.      <\/p>\n<p>[\/vc_column_text][\/vc_tab][vc_tab gutter_size=&#8220;2&#8243; column_padding=&#8220;2&#8243; title=&#8220;Projektov\u00e9 a akvizi\u010dn\u00ed financov\u00e1n\u00ed&#8220; tab_id=&#8220;1749811820-2-91749813234778&#8243; slug=&#8220;Project &amp; Acquisition Financing&#8220;][vc_column_text uncode_shortcode_id=&#8220;167593&#8243; el_class=&#8220;services-tab-content&#8220;]<\/p>\n<p class=\"p1\">Rad\u00edme klient\u016fm v oblasti strukturov\u00e1n\u00ed dluhu a finan\u010dn\u00edch strategi\u00ed, a to jak p\u0159i refinancov\u00e1n\u00ed, tak p\u0159i z\u00edsk\u00e1v\u00e1n\u00ed nov\u00fdch zdroj\u016f kapit\u00e1lu. Na\u0161e slu\u017eby zahrnuj\u00ed finan\u010dn\u00ed modelov\u00e1n\u00ed, oce\u0148ov\u00e1n\u00ed a komplexn\u00ed podporu v cel\u00e9m procesu projektov\u00e9ho a akvizi\u010dn\u00edho financov\u00e1n\u00ed, v\u010detn\u011b vyjedn\u00e1v\u00e1n\u00ed s v\u011b\u0159iteli a zaji\u0161t\u011bn\u00ed kapit\u00e1lov\u00fdch zdroj\u016f. V p\u0159\u00edpadech probl\u00e9mov\u00e9ho dluhu poskytujeme end-to-end podporu \u2013 od spr\u00e1vy NPL (non-performing loans), p\u0159es due diligence a\u017e po identifikaci nejvhodn\u011bj\u0161\u00edch \u0159e\u0161en\u00ed. Spolupracujeme s klienty na slad\u011bn\u00ed podm\u00ednek financov\u00e1n\u00ed s pen\u011b\u017en\u00edmi toky aktiv, projektov\u00fdmi riziky a \u010dasov\u00fdmi po\u017eadavky. Na\u0161e odbornost pokr\u00fdv\u00e1 bilater\u00e1ln\u00ed \u00fav\u011bry, syndikace i strukturovan\u00e1 \u0159e\u0161en\u00ed p\u0159izp\u016fsoben\u00e1 slo\u017eit\u00fdm aktiv\u016fm. D\u00e1le pom\u00e1h\u00e1me p\u0159i navigaci schvalovac\u00edmi procesy bank a zaji\u0161\u0165ujeme podporu p\u0159i kontrole dokumentace a souladu s p\u0159edpisy. Na\u0161\u00edm c\u00edlem je zajistit v\u010dasn\u00e9, n\u00e1kladov\u011b efektivn\u00ed financov\u00e1n\u00ed, kter\u00e9 podporuje obchodn\u00ed c\u00edle klienta.      <\/p>\n<p>[\/vc_column_text][\/vc_tab][vc_tab gutter_size=&#8220;2&#8243; column_padding=&#8220;2&#8243; title=&#8220;Restrukturaliza\u010dn\u00ed \u0159e\u0161en\u00ed&#8220; tab_id=&#8220;1749811820-2-921749813234778&#8243; slug=&#8220;Restructuring Solutions&#8220;][vc_column_text uncode_shortcode_id=&#8220;723282&#8243; el_class=&#8220;services-tab-content&#8220;]<\/p>\n<p class=\"p1\">Pom\u00e1h\u00e1me klient\u016fm navrhovat strategie restrukturalizace dluhu, kter\u00e9 umo\u017e\u0148uj\u00ed dosa\u017een\u00ed nejv\u00fdhodn\u011bj\u0161\u00edch podm\u00ednek a zlep\u0161en\u00ed finan\u010dn\u00edch v\u00fdsledk\u016f. V p\u0159\u00edpadech zahrnuj\u00edc\u00edch nemovitosti nebo portfolia probl\u00e9mov\u00fdch aktiv poskytujeme odborn\u00e9 veden\u00ed s c\u00edlem maximalizovat jejich tr\u017en\u00ed hodnotu. Na\u0161e restrukturaliza\u010dn\u00ed a workout slu\u017eby napom\u00e1haj\u00ed obnoven\u00ed finan\u010dn\u00ed stability a zaji\u0161\u0165uj\u00ed efektivn\u00ed spr\u00e1vu probl\u00e9mov\u00fdch aktiv. Podporujeme zainteresovan\u00e9 strany prost\u0159ednictv\u00edm anal\u00fdzy likvidity, vyjedn\u00e1v\u00e1n\u00ed s v\u011b\u0159iteli a p\u0159\u00edpravy krizov\u00fdch sc\u00e9n\u00e1\u0159\u016f. N\u00e1\u0161 p\u0159\u00edstup zahrnuje provozn\u00ed revize k identifikaci n\u00e1stroj\u016f obratu a mo\u017enost\u00ed optimalizace aktiv. Spolupracujeme s pr\u00e1vn\u00edmi, da\u0148ov\u00fdmi a insolven\u010dn\u00edmi odborn\u00edky, abychom zajistili soulad a kontrolu. Na\u0161\u00ed rol\u00ed je poskytovat strukturu, p\u0159ehled a podporu p\u0159i realizaci v obdob\u00edch finan\u010dn\u00ed z\u00e1t\u011b\u017ee.      <\/p>\n<p>[\/vc_column_text][\/vc_tab][\/vc_tabs][\/vc_column][\/vc_row][vc_row row_height_percent=&#8220;0&#8243; override_padding=&#8220;yes&#8220; h_padding=&#8220;2&#8243; top_padding=&#8220;2&#8243; bottom_padding=&#8220;2&#8243; overlay_alpha=&#8220;50&#8243; equal_height=&#8220;yes&#8220; gutter_size=&#8220;4&#8243; column_width_percent=&#8220;100&#8243; shift_y=&#8220;0&#8243; z_index=&#8220;0&#8243; content_parallax=&#8220;0&#8243; el_class=&#8220;inverted-device-order&#8220; uncode_shortcode_id=&#8220;177646&#8243;][vc_column column_width_percent=&#8220;100&#8243; gutter_size=&#8220;2&#8243; overlay_alpha=&#8220;50&#8243; shift_x=&#8220;0&#8243; shift_y=&#8220;0&#8243; shift_y_down=&#8220;0&#8243; z_index=&#8220;0&#8243; medium_width=&#8220;0&#8243; mobile_width=&#8220;0&#8243; width=&#8220;1\/1&#8243; uncode_shortcode_id=&#8220;555175&#8243;][vc_custom_heading heading_semantic=&#8220;h3&#8243; text_size=&#8220;h1&#8243; uncode_shortcode_id=&#8220;346245&#8243;]Pro\u010d zvolit n\u00e1s[\/vc_custom_heading][vc_separator sep_color=&#8220;color-408418&#8243; uncode_shortcode_id=&#8220;190422&#8243; sep_color_type=&#8220;uncode-palette&#8220; el_class=&#8220;set-divider-max&#8220;][vc_column_text uncode_shortcode_id=&#8220;108784&#8243;]Za ka\u017edou \u00fasp\u011b\u0161nou transakc\u00ed stoj\u00ed t\u00fdm zku\u0161en\u00fdch profesion\u00e1l\u016f.[\/vc_column_text][\/vc_column][\/vc_row][vc_row row_height_percent=&#8220;0&#8243; override_padding=&#8220;yes&#8220; h_padding=&#8220;2&#8243; top_padding=&#8220;2&#8243; bottom_padding=&#8220;2&#8243; overlay_alpha=&#8220;50&#8243; gutter_size=&#8220;4&#8243; column_width_percent=&#8220;100&#8243; shift_y=&#8220;0&#8243; z_index=&#8220;0&#8243; content_parallax=&#8220;0&#8243; uncode_shortcode_id=&#8220;556128&#8243;][vc_column column_width_percent=&#8220;100&#8243; gutter_size=&#8220;4&#8243; overlay_alpha=&#8220;50&#8243; shift_x=&#8220;0&#8243; shift_y=&#8220;0&#8243; shift_y_down=&#8220;0&#8243; z_index=&#8220;0&#8243; medium_width=&#8220;4&#8243; mobile_width=&#8220;0&#8243; width=&#8220;1\/2&#8243;][vc_custom_heading text_color=&#8220;color-408418&#8243; heading_semantic=&#8220;h3&#8243; text_size=&#8220;h3&#8243; text_weight=&#8220;700&#8243; separator=&#8220;yes&#8220; subheading=&#8220;Jako nez\u00e1visl\u00e1 poradensk\u00e1 spole\u010dnost nejsme v\u00e1z\u00e1ni institucion\u00e1ln\u00edmi omezen\u00edmi a pln\u011b se soust\u0159ed\u00edme na z\u00e1jmy na\u0161ich klient\u016f. A\u0165 u\u017e jde o realizaci strategick\u00e9 akvizice, z\u00edsk\u00e1v\u00e1n\u00ed kapit\u00e1lu \u010di p\u0159\u00edpravu na prodej, poskytujeme objektivn\u00ed a na m\u00edru \u0161it\u00e9 poradenstv\u00ed navr\u017een\u00e9 k podpo\u0159e dlouhodob\u00e9ho \u00fasp\u011bchu. Ka\u017ed\u00fd mand\u00e1t je veden seniorn\u00edmi profesion\u00e1ly s hlubok\u00fdmi transak\u010dn\u00edmi zku\u0161enostmi a osobn\u00ed \u00fa\u010dast\u00ed od za\u010d\u00e1tku a\u017e do konce.  &#8220; uncode_shortcode_id=&#8220;194969&#8243; text_color_type=&#8220;uncode-palette&#8220; el_class=&#8220;heading-reduced-space&#8220;]Nez\u00e1visl\u00e9 poradenstv\u00ed v souladu s c\u00edli klienta[\/vc_custom_heading][\/vc_column][vc_column column_width_percent=&#8220;100&#8243; gutter_size=&#8220;4&#8243; overlay_alpha=&#8220;50&#8243; shift_x=&#8220;0&#8243; shift_y=&#8220;0&#8243; shift_y_down=&#8220;0&#8243; z_index=&#8220;0&#8243; medium_width=&#8220;4&#8243; mobile_width=&#8220;0&#8243; width=&#8220;1\/2&#8243;][vc_custom_heading text_color=&#8220;color-408418&#8243; heading_semantic=&#8220;h3&#8243; text_size=&#8220;h3&#8243; text_weight=&#8220;700&#8243; separator=&#8220;yes&#8220; subheading=&#8220;Kombinujeme detailn\u00ed znalost trh\u016f CEE a DACH s p\u0159\u00edstupem ke glob\u00e1ln\u00ed s\u00edti finan\u010dn\u00edch a strategick\u00fdch partner\u016f. To n\u00e1m umo\u017e\u0148uje identifikovat spr\u00e1vn\u00e9 investory, kupce \u010di c\u00edle \u2013 na lok\u00e1ln\u00ed i mezin\u00e1rodn\u00ed \u00farovni \u2013 a realizovat transakce, kter\u00e9 jsou strategicky i obchodn\u011b smyslupln\u00e9. N\u00e1\u0161 t\u00fdm p\u0159in\u00e1\u0161\u00ed jasnost a jistotu i do t\u011bch nejslo\u017eit\u011bj\u0161\u00edch p\u0159eshrani\u010dn\u00edch proces\u016f.  &#8220; uncode_shortcode_id=&#8220;136871&#8243; text_color_type=&#8220;uncode-palette&#8220; el_class=&#8220;heading-reduced-space&#8220;]Hlubok\u00e1 region\u00e1ln\u00ed znalost s mezin\u00e1rodn\u00edm dosahem[\/vc_custom_heading][\/vc_column][\/vc_row][vc_row row_height_percent=&#8220;0&#8243; override_padding=&#8220;yes&#8220; h_padding=&#8220;2&#8243; top_padding=&#8220;2&#8243; bottom_padding=&#8220;3&#8243; overlay_alpha=&#8220;50&#8243; gutter_size=&#8220;4&#8243; column_width_percent=&#8220;100&#8243; shift_y=&#8220;0&#8243; z_index=&#8220;0&#8243; content_parallax=&#8220;0&#8243; uncode_shortcode_id=&#8220;358371&#8243;][vc_column column_width_percent=&#8220;100&#8243; gutter_size=&#8220;4&#8243; overlay_alpha=&#8220;50&#8243; shift_x=&#8220;0&#8243; shift_y=&#8220;0&#8243; shift_y_down=&#8220;0&#8243; z_index=&#8220;0&#8243; medium_width=&#8220;4&#8243; mobile_width=&#8220;0&#8243; width=&#8220;1\/2&#8243;][vc_custom_heading text_color=&#8220;color-408418&#8243; heading_semantic=&#8220;h3&#8243; text_size=&#8220;h3&#8243; text_weight=&#8220;700&#8243; separator=&#8220;yes&#8220; subheading=&#8220;P\u016fsob\u00edme nap\u0159\u00ed\u010d \u0161irok\u00fdm spektrem odv\u011btv\u00ed \u2013 od technologi\u00ed a zdravotnictv\u00ed p\u0159es v\u00fdrobu a\u017e po energetiku. N\u00e1\u0161 sektorov\u011b neutr\u00e1ln\u00ed p\u0159\u00edstup n\u00e1m umo\u017e\u0148uje p\u0159in\u00e1\u0161et nov\u00e9 pohledy a aplikovat osv\u011bd\u010den\u00e9 postupy v ka\u017ed\u00e9 transakci. Na\u0161e strategie v\u017edy p\u0159izp\u016fsobujeme jedine\u010dn\u00fdm pot\u0159eb\u00e1m a ambic\u00edm ka\u017ed\u00e9ho klienta \u2013 a\u0165 u\u017e je c\u00edlem r\u016fst, transformace \u010di exit.  &#8220; uncode_shortcode_id=&#8220;108834&#8243; text_color_type=&#8220;uncode-palette&#8220; el_class=&#8220;heading-reduced-space&#8220;]Sektorov\u011b neutr\u00e1ln\u00ed a na \u0159e\u0161en\u00ed orientovan\u00fd p\u0159\u00edstup[\/vc_custom_heading][\/vc_column][vc_column column_width_percent=&#8220;100&#8243; gutter_size=&#8220;4&#8243; overlay_alpha=&#8220;50&#8243; shift_x=&#8220;0&#8243; shift_y=&#8220;0&#8243; shift_y_down=&#8220;0&#8243; z_index=&#8220;0&#8243; medium_width=&#8220;4&#8243; mobile_width=&#8220;0&#8243; width=&#8220;1\/2&#8243;][vc_custom_heading text_color=&#8220;color-408418&#8243; heading_semantic=&#8220;h3&#8243; text_size=&#8220;h3&#8243; text_weight=&#8220;700&#8243; separator=&#8220;yes&#8220; subheading=&#8220;Na\u0161e poradensk\u00e9 slu\u017eby spojuj\u00ed realizaci transakc\u00ed, strukturov\u00e1n\u00ed kapit\u00e1lu a strategick\u00e9 poradenstv\u00ed pod jednou st\u0159echou. Tento integrovan\u00fd p\u0159\u00edstup n\u00e1m umo\u017e\u0148uje komplexn\u011b \u0159e\u0161it finan\u010dn\u00ed, provozn\u00ed i akcion\u00e1\u0159sk\u00e9 aspekty. A\u0165 u\u017e klient pot\u0159ebuje podporu p\u0159i oce\u0148ov\u00e1n\u00ed, strukturov\u00e1n\u00ed transakce \u010di pl\u00e1nov\u00e1n\u00ed n\u00e1stupnictv\u00ed, poskytujeme plynul\u00e1 a vysoce efektivn\u00ed \u0159e\u0161en\u00ed.  &#8220; uncode_shortcode_id=&#8220;207910&#8243; text_color_type=&#8220;uncode-palette&#8220; el_class=&#8220;heading-reduced-space&#8220;]Integrovan\u00e1 odbornost nap\u0159\u00ed\u010d discipl\u00ednami[\/vc_custom_heading][\/vc_column][\/vc_row][vc_row row_height_percent=&#8220;0&#8243; override_padding=&#8220;yes&#8220; h_padding=&#8220;2&#8243; top_padding=&#8220;2&#8243; bottom_padding=&#8220;2&#8243; overlay_alpha=&#8220;50&#8243; equal_height=&#8220;yes&#8220; gutter_size=&#8220;4&#8243; column_width_percent=&#8220;100&#8243; shift_y=&#8220;0&#8243; z_index=&#8220;0&#8243; content_parallax=&#8220;0&#8243; el_class=&#8220;inverted-device-order&#8220; uncode_shortcode_id=&#8220;177646&#8243;][vc_column column_width_percent=&#8220;100&#8243; gutter_size=&#8220;2&#8243; overlay_alpha=&#8220;50&#8243; shift_x=&#8220;0&#8243; shift_y=&#8220;0&#8243; shift_y_down=&#8220;0&#8243; z_index=&#8220;0&#8243; medium_width=&#8220;0&#8243; mobile_width=&#8220;0&#8243; width=&#8220;1\/1&#8243; uncode_shortcode_id=&#8220;555175&#8243;][vc_custom_heading heading_semantic=&#8220;h3&#8243; text_size=&#8220;h1&#8243; uncode_shortcode_id=&#8220;791638&#8243;]Novinky &amp; Insights[\/vc_custom_heading][vc_separator sep_color=&#8220;color-408418&#8243; uncode_shortcode_id=&#8220;240661&#8243; sep_color_type=&#8220;uncode-palette&#8220; el_class=&#8220;set-divider-max&#8220;][\/vc_column][\/vc_row][vc_row row_height_percent=&#8220;0&#8243; override_padding=&#8220;yes&#8220; h_padding=&#8220;2&#8243; top_padding=&#8220;2&#8243; bottom_padding=&#8220;3&#8243; overlay_alpha=&#8220;50&#8243; gutter_size=&#8220;3&#8243; column_width_percent=&#8220;100&#8243; shift_y=&#8220;0&#8243; z_index=&#8220;3&#8243; top_divider=&#8220;step_2_3&#8243; bottom_divider=&#8220;step_3_4&#8243; content_parallax=&#8220;0&#8243; uncode_shortcode_id=&#8220;206974&#8243;][vc_column column_width_percent=&#8220;100&#8243; gutter_size=&#8220;0&#8243; overlay_alpha=&#8220;50&#8243; shift_x=&#8220;0&#8243; shift_y=&#8220;0&#8243; shift_y_down=&#8220;0&#8243; z_index=&#8220;0&#8243; desktop_visibility=&#8220;yes&#8220; medium_visibility=&#8220;yes&#8220; medium_width=&#8220;0&#8243; mobile_visibility=&#8220;yes&#8220; mobile_width=&#8220;0&#8243; css_animation=&#8220;bottom-t-top&#8220; animation_speed=&#8220;1000&#8243; width=&#8220;1\/1&#8243; uncode_shortcode_id=&#8220;967999&#8243;][uncode_index el_id=&#8220;index-131812&#8243; loop=&#8220;size:3|order_by:date|post_type:post|taxonomy_count:10&#8243; screen_lg=&#8220;600&#8243; screen_md=&#8220;600&#8243; screen_sm=&#8220;480&#8243; gutter_size=&#8220;4&#8243; post_items=&#8220;text|excerpt,date,title,spacer|half,sep-one|full,link|link|default_size|not_scale_mobile|default_width|default_outline&#8220; single_overlay_opacity=&#8220;50&#8243; single_padding=&#8220;2&#8243; single_title_dimension=&#8220;h2&#8243; uncode_shortcode_id=&#8220;173620&#8243;][\/vc_column][\/vc_row]<\/p>\n<\/div>","protected":false},"excerpt":{"rendered":"<p>C\u00edlem na\u0161\u00ed divize pro financov\u00e1n\u00ed je identifikovat a zajistit nejvhodn\u011bj\u0161\u00ed dostupn\u00e9 zdroje financov\u00e1n\u00ed podnik\u016f \u2013 a\u0165 u\u017e pro r\u016fst, akvizice nebo krizov\u00e9 \u0159\u00edzen\u00ed.<\/p>\n","protected":false},"author":1,"featured_media":1179,"parent":0,"menu_order":0,"comment_status":"closed","ping_status":"closed","template":"","meta":{"_seopress_robots_primary_cat":"","_seopress_titles_title":"","_seopress_titles_desc":"","_seopress_robots_index":"","footnotes":""},"class_list":["post-1178","page","type-page","status-publish","has-post-thumbnail","hentry"],"_links":{"self":[{"href":"https:\/\/hintsoftpartners.com\/cs\/wp-json\/wp\/v2\/pages\/1178","targetHints":{"allow":["GET"]}}],"collection":[{"href":"https:\/\/hintsoftpartners.com\/cs\/wp-json\/wp\/v2\/pages"}],"about":[{"href":"https:\/\/hintsoftpartners.com\/cs\/wp-json\/wp\/v2\/types\/page"}],"author":[{"embeddable":true,"href":"https:\/\/hintsoftpartners.com\/cs\/wp-json\/wp\/v2\/users\/1"}],"replies":[{"embeddable":true,"href":"https:\/\/hintsoftpartners.com\/cs\/wp-json\/wp\/v2\/comments?post=1178"}],"version-history":[{"count":6,"href":"https:\/\/hintsoftpartners.com\/cs\/wp-json\/wp\/v2\/pages\/1178\/revisions"}],"predecessor-version":[{"id":1700,"href":"https:\/\/hintsoftpartners.com\/cs\/wp-json\/wp\/v2\/pages\/1178\/revisions\/1700"}],"wp:featuredmedia":[{"embeddable":true,"href":"https:\/\/hintsoftpartners.com\/cs\/wp-json\/wp\/v2\/media\/1179"}],"wp:attachment":[{"href":"https:\/\/hintsoftpartners.com\/cs\/wp-json\/wp\/v2\/media?parent=1178"}],"curies":[{"name":"wp","href":"https:\/\/api.w.org\/{rel}","templated":true}]}}