{"id":1165,"date":"2025-03-03T09:00:35","date_gmt":"2025-03-03T08:00:35","guid":{"rendered":"https:\/\/hintsoftpartners.com\/transakcni-poradenstvi\/"},"modified":"2026-02-20T14:29:34","modified_gmt":"2026-02-20T13:29:34","slug":"transakcni-poradenstvi","status":"publish","type":"page","link":"https:\/\/hintsoftpartners.com\/cs\/transakcni-poradenstvi\/","title":{"rendered":"Transak\u010dn\u00ed poradenstv\u00ed"},"content":{"rendered":"<div class=\"wpb-content-wrapper\"><p>[vc_row row_height_percent=&#8220;100&#8243; override_padding=&#8220;yes&#8220; h_padding=&#8220;0&#8243; top_padding=&#8220;2&#8243; bottom_padding=&#8220;2&#8243; back_image=&#8220;256&#8243; overlay_color=&#8220;color-jevc&#8220; overlay_alpha=&#8220;30&#8243; equal_height=&#8220;yes&#8220; gutter_size=&#8220;0&#8243; column_width_use_pixel=&#8220;yes&#8220; shift_y=&#8220;0&#8243; z_index=&#8220;0&#8243; auto_height_device=&#8220;yes&#8220; content_parallax=&#8220;0&#8243; row_name=&#8220;Welcome&#8220; uncode_shortcode_id=&#8220;819649&#8243; overlay_color_type=&#8220;uncode-palette&#8220;][vc_column column_width_use_pixel=&#8220;yes&#8220; position_vertical=&#8220;middle&#8220; align_horizontal=&#8220;align_center&#8220; gutter_size=&#8220;3&#8243; style=&#8220;dark&#8220; overlay_alpha=&#8220;50&#8243; shift_x=&#8220;0&#8243; shift_y=&#8220;0&#8243; shift_y_down=&#8220;0&#8243; z_index=&#8220;0&#8243; medium_width=&#8220;0&#8243; mobile_width=&#8220;0&#8243; width=&#8220;1\/1&#8243;][vc_row_inner row_inner_height_percent=&#8220;0&#8243; overlay_alpha=&#8220;50&#8243; gutter_size=&#8220;3&#8243; shift_y=&#8220;0&#8243; z_index=&#8220;0&#8243; limit_content=&#8220;&#8220;][vc_column_inner column_width_percent=&#8220;100&#8243; position_horizontal=&#8220;left&#8220; position_vertical=&#8220;middle&#8220; gutter_size=&#8220;2&#8243; override_padding=&#8220;yes&#8220; column_padding=&#8220;2&#8243; style=&#8220;light&#8220; overlay_alpha=&#8220;0&#8243; shift_x=&#8220;0&#8243; shift_y=&#8220;0&#8243; shift_y_down=&#8220;0&#8243; z_index=&#8220;0&#8243; medium_width=&#8220;0&#8243; mobile_width=&#8220;0&#8243; css_animation=&#8220;alpha-anim&#8220; width=&#8220;2\/3&#8243; uncode_shortcode_id=&#8220;481164&#8243; back_color_type=&#8220;uncode-solid&#8220; back_color_solid=&#8220;rgba(255,255,255,0.75)&#8220; el_class=&#8220;remove-padding-top&#8220;][vc_custom_heading auto_text=&#8220;yes&#8220; text_color=&#8220;color-xsdn&#8220; heading_semantic=&#8220;p&#8220; text_size=&#8220;&#8220; text_weight=&#8220;500&#8243; text_transform=&#8220;uppercase&#8220; badge_style=&#8220;yes&#8220; back_color=&#8220;color-408418&#8243; uncode_shortcode_id=&#8220;268083&#8243; text_color_type=&#8220;uncode-palette&#8220; back_color_type=&#8220;uncode-palette&#8220; el_class=&#8220;header-badge&#8220;]Slu\u017eby[\/vc_custom_heading][vc_custom_heading text_color=&#8220;color-408418&#8243; heading_semantic=&#8220;h1&#8243; text_size=&#8220;custom&#8220; uncode_shortcode_id=&#8220;115397&#8243; heading_custom_size=&#8220;36px&#8220; text_color_type=&#8220;uncode-palette&#8220;]Pom\u00e1h\u00e1me klient\u016fm s p\u0159\u00edpravou, realizac\u00ed a uzav\u0159en\u00edm transakc\u00ed[\/vc_custom_heading][\/vc_column_inner][vc_column_inner column_width_percent=&#8220;100&#8243; gutter_size=&#8220;3&#8243; overlay_alpha=&#8220;50&#8243; shift_x=&#8220;0&#8243; shift_y=&#8220;0&#8243; shift_y_down=&#8220;0&#8243; z_index=&#8220;0&#8243; medium_width=&#8220;0&#8243; mobile_visibility=&#8220;yes&#8220; mobile_width=&#8220;0&#8243; width=&#8220;1\/3&#8243; uncode_shortcode_id=&#8220;107346&#8243;][\/vc_column_inner][\/vc_row_inner][\/vc_column][\/vc_row][vc_row row_height_percent=&#8220;0&#8243; overlay_alpha=&#8220;50&#8243; gutter_size=&#8220;3&#8243; column_width_percent=&#8220;100&#8243; border_color=&#8220;color-gyho&#8220; border_style=&#8220;solid&#8220; shift_y=&#8220;0&#8243; z_index=&#8220;0&#8243; content_parallax=&#8220;0&#8243; uncode_shortcode_id=&#8220;131890&#8243; css=&#8220;.vc_custom_1749741605731{border-bottom-width: 1px !important;}&#8220; border_color_type=&#8220;uncode-palette&#8220;][vc_column column_width_percent=&#8220;100&#8243; position_vertical=&#8220;middle&#8220; align_horizontal=&#8220;align_center&#8220; gutter_size=&#8220;3&#8243; overlay_alpha=&#8220;50&#8243; shift_x=&#8220;0&#8243; shift_y=&#8220;0&#8243; shift_y_down=&#8220;0&#8243; z_index=&#8220;0&#8243; medium_width=&#8220;0&#8243; mobile_width=&#8220;0&#8243; width=&#8220;1\/1&#8243; uncode_shortcode_id=&#8220;125520&#8243;][vc_wp_custommenu nav_menu=&#8220;25&#8243; nav_menu_horizontal=&#8220;1&#8243;][\/vc_column][\/vc_row][vc_row row_height_percent=&#8220;0&#8243; override_padding=&#8220;yes&#8220; h_padding=&#8220;2&#8243; top_padding=&#8220;3&#8243; bottom_padding=&#8220;0&#8243; back_color=&#8220;color-gyho&#8220; overlay_alpha=&#8220;50&#8243; equal_height=&#8220;yes&#8220; gutter_size=&#8220;4&#8243; column_width_percent=&#8220;100&#8243; shift_y=&#8220;0&#8243; z_index=&#8220;0&#8243; content_parallax=&#8220;0&#8243; el_class=&#8220;inverted-device-order&#8220; uncode_shortcode_id=&#8220;152688&#8243; back_color_type=&#8220;uncode-palette&#8220;][vc_column column_width_percent=&#8220;100&#8243; gutter_size=&#8220;2&#8243; overlay_alpha=&#8220;50&#8243; shift_x=&#8220;0&#8243; shift_y=&#8220;0&#8243; shift_y_down=&#8220;0&#8243; z_index=&#8220;0&#8243; medium_width=&#8220;0&#8243; mobile_width=&#8220;0&#8243; width=&#8220;1\/3&#8243; uncode_shortcode_id=&#8220;555175&#8243;][vc_custom_heading heading_semantic=&#8220;h3&#8243; text_size=&#8220;h1&#8243; uncode_shortcode_id=&#8220;787025&#8243;]Kl\u00ed\u010dov\u00e9 kompetence[\/vc_custom_heading][vc_separator sep_color=&#8220;color-408418&#8243; uncode_shortcode_id=&#8220;232257&#8243; sep_color_type=&#8220;uncode-palette&#8220;][\/vc_column][vc_column width=&#8220;2\/3&#8243;][vc_column_text uncode_shortcode_id=&#8220;199202&#8243;]<span class=\"fabric-text-color-mark\" data-renderer-mark=\"true\" data-text-custom-color=\"#006644\">Our Transaction Advisory services focus on helping businesses navigate complex transactions with precision and expertise. Od n\u00e1kupu a prodeje podnik\u016f p\u0159es realizaci investic a\u017e po prodej aktiv \u2013 poskytujeme komplexn\u00ed podporu s c\u00edlem maximalizovat hodnotu a zajistit \u00fasp\u011b\u0161n\u00fd v\u00fdsledek.<\/span>[\/vc_column_text][\/vc_column][\/vc_row][vc_row row_height_percent=&#8220;0&#8243; override_padding=&#8220;yes&#8220; h_padding=&#8220;2&#8243; top_padding=&#8220;0&#8243; bottom_padding=&#8220;3&#8243; back_color=&#8220;color-gyho&#8220; overlay_alpha=&#8220;50&#8243; gutter_size=&#8220;3&#8243; column_width_percent=&#8220;100&#8243; shift_y=&#8220;0&#8243; z_index=&#8220;0&#8243; content_parallax=&#8220;0&#8243; uncode_shortcode_id=&#8220;100796&#8243; back_color_type=&#8220;uncode-palette&#8220; el_class=&#8220;tabs-services&#8220;][vc_column column_width_percent=&#8220;100&#8243; gutter_size=&#8220;3&#8243; overlay_alpha=&#8220;50&#8243; shift_x=&#8220;0&#8243; shift_y=&#8220;0&#8243; shift_y_down=&#8220;0&#8243; z_index=&#8220;0&#8243; medium_width=&#8220;0&#8243; mobile_width=&#8220;0&#8243; width=&#8220;1\/1&#8243; uncode_shortcode_id=&#8220;686262&#8243;][vc_tabs vertical=&#8220;yes&#8220; history=&#8220;yes&#8220; typography=&#8220;yes&#8220; tab_no_border=&#8220;yes&#8220; tab_custom_size=&#8220;yes&#8220; tab_size=&#8220;4&#8243; tab_gap=&#8220;3&#8243; active_txt_color=&#8220;color-408418&#8243; uncode_shortcode_id=&#8220;159224&#8243; active_txt_color_type=&#8220;uncode-palette&#8220;][vc_tab gutter_size=&#8220;2&#8243; column_padding=&#8220;2&#8243; title=&#8220;Poradenstv\u00ed p\u0159i prodeji spole\u010dnost\u00ed&#8220; tab_id=&#8220;1749811820-1-30&#8243; slug=&#8220;Sell-Side Advisory&#8220;][vc_column_text uncode_shortcode_id=&#8220;212302&#8243; el_class=&#8220;services-tab-content&#8220;]<\/p>\n<p class=\"p1\">Poskytujeme komplexn\u00ed poradenstv\u00ed majitel\u016fm podnik\u016f, kte\u0159\u00ed pl\u00e1nuj\u00ed prodej spole\u010dnosti. N\u00e1\u0161 t\u00fdm podporuje klienty p\u0159i tvorb\u011b optim\u00e1ln\u00ed prodejn\u00ed strategie, ur\u010den\u00ed hodnoty spole\u010dnosti, p\u0159\u00edprav\u011b profesion\u00e1ln\u00edch marketingov\u00fdch materi\u00e1l\u016f a \u0159\u00edzen\u00ed komunikace s potenci\u00e1ln\u00edmi kupci. Vedeme jedn\u00e1n\u00ed a dohl\u00ed\u017e\u00edme na cel\u00fd proces tak, aby byla zaji\u0161t\u011bna hladk\u00e1 realizace a nejlep\u0161\u00ed mo\u017en\u00fd v\u00fdsledek. C\u00edlem je maximalizovat hodnotu transakce a z\u00e1rove\u0148 minimalizovat dopad na prob\u00edhaj\u00edc\u00ed provoz. \u0158\u00edd\u00edme konkuren\u010dn\u00ed auk\u010dn\u00ed procesy, generujeme z\u00e1jem jak u strategick\u00fdch, tak finan\u010dn\u00edch investor\u016f a koordinujeme v\u0161echny strany b\u011bhem due diligence. \u00dazce spolupracujeme s pr\u00e1vn\u00edmi a da\u0148ov\u00fdmi poradci, abychom v\u010das \u0159e\u0161ili potenci\u00e1ln\u00ed probl\u00e9my a sn\u00ed\u017eili riziko. Ka\u017ed\u00fd mand\u00e1t p\u0159izp\u016fsobujeme dlouhodob\u00fdm c\u00edl\u016fm a p\u0159edstav\u00e1m klienta.       <\/p>\n<p>[\/vc_column_text][\/vc_tab][vc_tab gutter_size=&#8220;2&#8243; column_padding=&#8220;2&#8243; title=&#8220;Poradenstv\u00ed p\u0159i akvizic\u00edch&#8220; tab_id=&#8220;1749811820-2-9&#8243; slug=&#8220;Buy-Side Advisory&#8220;][vc_column_text uncode_shortcode_id=&#8220;159470&#8243; el_class=&#8220;services-tab-content&#8220;]Pom\u00e1h\u00e1me klient\u016fm v cel\u00e9m akvizi\u010dn\u00edm procesu \u2013 od identifikace a prov\u011b\u0159ov\u00e1n\u00ed c\u00edlov\u00fdch spole\u010dnost\u00ed, p\u0159es detailn\u00ed anal\u00fdzu, koordinaci due diligence a smluvn\u00ed vyjedn\u00e1v\u00e1n\u00ed, a\u017e po post-merger integraci. Poskytujeme strategick\u00fd vhled i odborn\u00e9 know-how, kter\u00e9 zaji\u0161\u0165uje \u00fasp\u011b\u0161n\u00fd v\u00fdsledek akvizice. Hodnot\u00edme strategickou vhodnost i kulturn\u00ed kompatibilitu c\u00edlov\u00fdch spole\u010dnost\u00ed s dlouhodobou viz\u00ed klienta. Podporujeme proces schvalov\u00e1n\u00ed intern\u00ed investi\u010dn\u00ed komis\u00ed, modelov\u00e1n\u00ed valuace a anal\u00fdzu v\u00fdnos\u016f v r\u016fzn\u00fdch sc\u00e9n\u00e1\u0159\u00edch. Koordinujeme v\u0161echny poradce a z\u00fa\u010dastn\u011bn\u00e9 strany tak, aby byl proces transparentn\u00ed a udr\u017een\u00fd v tempu od prvn\u00edho kontaktu a\u017e po fin\u00e1ln\u00ed integraci.[\/vc_column_text][\/vc_tab][vc_tab gutter_size=&#8220;2&#8243; column_padding=&#8220;2&#8243; title=&#8220;Greenfield &amp; Brownfield investice&#8220; tab_id=&#8220;1749811820-2-92&#8243; slug=&#8220;Greenfield &amp; Brownfield Investments&#8220;][vc_column_text uncode_shortcode_id=&#8220;166937&#8243; el_class=&#8220;services-tab-content&#8220;]<\/p>\n<p class=\"p1\">Poskytujeme komplexn\u00ed poradenstv\u00ed pro greenfield i brownfield projekty. Na\u0161e podpora zahrnuje cel\u00fd \u017eivotn\u00ed cyklus \u2013 od identifikace p\u0159\u00edle\u017eitost\u00ed, anal\u00fdzy proveditelnosti, finan\u010dn\u00edho modelov\u00e1n\u00ed a\u017e po \u0159\u00edzen\u00ed rizik. Pom\u00e1h\u00e1me klient\u016fm sladit strukturu projekt\u016f se strategick\u00fdmi i finan\u010dn\u00edmi c\u00edli. Asistujeme p\u0159i hodnocen\u00ed lokalit, o\u010dek\u00e1v\u00e1n\u00ed stakeholder\u016f i potenci\u00e1ln\u00edch ve\u0159ejn\u00fdch pob\u00eddek. Sou\u010d\u00e1st\u00ed na\u0161eho p\u0159\u00edstupu je tak\u00e9 technick\u00e1 koordinace, environment\u00e1ln\u00ed compliance a kapit\u00e1lov\u00e1 struktura p\u0159izp\u016fsoben\u00e1 specifik\u016fm projektu. Zaji\u0161\u0165ujeme tak\u00e9 nastaven\u00ed governance a monitorovac\u00edch r\u00e1mc\u016f k m\u011b\u0159en\u00ed v\u00fdkonu.      <\/p>\n<p>[\/vc_column_text][\/vc_tab][vc_tab gutter_size=&#8220;2&#8243; column_padding=&#8220;2&#8243; title=&#8220;Prodej aktiv a du\u0161evn\u00edho vlastnictv\u00ed (IP)&#8220; tab_id=&#8220;1751359082179-3-6&#8243; slug=&#8220;Asset &amp; Intellectual Property (IP) Sales&#8220;][vc_column_text uncode_shortcode_id=&#8220;117223&#8243; el_class=&#8220;services-tab-content&#8220;]Rad\u00edme klient\u016fm p\u0159i monetizaci vedlej\u0161\u00edch \u010d\u00e1st\u00ed podnik\u00e1n\u00ed, neefektivn\u00edch aktiv a du\u0161evn\u00edho vlastnictv\u00ed. Podporujeme je p\u0159i ur\u010dov\u00e1n\u00ed hodnoty, p\u0159\u00edprav\u011b na prodej, identifikaci kupc\u016f a veden\u00ed jedn\u00e1n\u00ed. C\u00edlem je efektivn\u00ed z\u00edsk\u00e1n\u00ed hodnoty p\u0159i zachov\u00e1n\u00ed souladu s \u0161ir\u0161\u00edmi obchodn\u00edmi c\u00edli. Poskytujeme poradenstv\u00ed k optim\u00e1ln\u00edm struktur\u00e1m odprodeje \u2013 od carve-out transakc\u00ed po licen\u010dn\u00ed smlouvy \u010di p\u0159evody aktiv. P\u0159ipravujeme atraktivn\u00ed podklady a koordinujeme komunikaci s kupci p\u0159i zachov\u00e1n\u00ed d\u016fv\u011brnosti. U prodeje du\u0161evn\u00edho vlastnictv\u00ed hodnot\u00edme monetiza\u010dn\u00ed modely od licen\u010dn\u00edch transakc\u00ed po strategick\u00e1 partnerstv\u00ed.[\/vc_column_text][\/vc_tab][\/vc_tabs][\/vc_column][\/vc_row][vc_row row_height_percent=&#8220;0&#8243; override_padding=&#8220;yes&#8220; h_padding=&#8220;2&#8243; top_padding=&#8220;2&#8243; bottom_padding=&#8220;2&#8243; overlay_alpha=&#8220;50&#8243; equal_height=&#8220;yes&#8220; gutter_size=&#8220;4&#8243; column_width_percent=&#8220;100&#8243; shift_y=&#8220;0&#8243; z_index=&#8220;0&#8243; content_parallax=&#8220;0&#8243; el_class=&#8220;inverted-device-order&#8220; uncode_shortcode_id=&#8220;177646&#8243;][vc_column column_width_percent=&#8220;100&#8243; gutter_size=&#8220;2&#8243; overlay_alpha=&#8220;50&#8243; shift_x=&#8220;0&#8243; shift_y=&#8220;0&#8243; shift_y_down=&#8220;0&#8243; z_index=&#8220;0&#8243; medium_width=&#8220;0&#8243; mobile_width=&#8220;0&#8243; width=&#8220;1\/1&#8243; uncode_shortcode_id=&#8220;555175&#8243;][vc_custom_heading heading_semantic=&#8220;h3&#8243; text_size=&#8220;h1&#8243; uncode_shortcode_id=&#8220;836856&#8243;]Pro\u010d zvolit n\u00e1s[\/vc_custom_heading][vc_separator sep_color=&#8220;color-408418&#8243; uncode_shortcode_id=&#8220;276810&#8243; sep_color_type=&#8220;uncode-palette&#8220; el_class=&#8220;set-divider-max&#8220;][vc_column_text uncode_shortcode_id=&#8220;205989&#8243;]Za ka\u017edou \u00fasp\u011b\u0161nou transakc\u00ed stoj\u00ed t\u00fdm zku\u0161en\u00fdch profesion\u00e1l\u016f.[\/vc_column_text][\/vc_column][\/vc_row][vc_row row_height_percent=&#8220;0&#8243; override_padding=&#8220;yes&#8220; h_padding=&#8220;2&#8243; top_padding=&#8220;2&#8243; bottom_padding=&#8220;2&#8243; overlay_alpha=&#8220;50&#8243; gutter_size=&#8220;4&#8243; column_width_percent=&#8220;100&#8243; shift_y=&#8220;0&#8243; z_index=&#8220;0&#8243; content_parallax=&#8220;0&#8243; uncode_shortcode_id=&#8220;556128&#8243;][vc_column column_width_percent=&#8220;100&#8243; gutter_size=&#8220;4&#8243; overlay_alpha=&#8220;50&#8243; shift_x=&#8220;0&#8243; shift_y=&#8220;0&#8243; shift_y_down=&#8220;0&#8243; z_index=&#8220;0&#8243; medium_width=&#8220;4&#8243; mobile_width=&#8220;0&#8243; width=&#8220;1\/2&#8243;][vc_custom_heading text_color=&#8220;color-408418&#8243; heading_semantic=&#8220;h3&#8243; text_size=&#8220;h3&#8243; text_weight=&#8220;700&#8243; separator=&#8220;yes&#8220; subheading=&#8220;Jako nez\u00e1visl\u00e1 poradensk\u00e1 spole\u010dnost nejsme v\u00e1z\u00e1ni institucion\u00e1ln\u00edmi omezen\u00edmi a pln\u011b se soust\u0159ed\u00edme na z\u00e1jmy na\u0161ich klient\u016f. A\u0165 u\u017e jde o realizaci strategick\u00e9 akvizice, z\u00edsk\u00e1v\u00e1n\u00ed kapit\u00e1lu \u010di p\u0159\u00edpravu na prodej, poskytujeme objektivn\u00ed a na m\u00edru \u0161it\u00e9 poradenstv\u00ed navr\u017een\u00e9 k podpo\u0159e dlouhodob\u00e9ho \u00fasp\u011bchu. Ka\u017ed\u00fd mand\u00e1t je veden seniorn\u00edmi profesion\u00e1ly s hlubok\u00fdmi transak\u010dn\u00edmi zku\u0161enostmi a osobn\u00ed \u00fa\u010dast\u00ed od za\u010d\u00e1tku a\u017e do konce.  &#8220; uncode_shortcode_id=&#8220;155042&#8243; text_color_type=&#8220;uncode-palette&#8220; el_class=&#8220;heading-reduced-space&#8220;]Nez\u00e1visl\u00e9 poradenstv\u00ed v souladu s c\u00edli klienta[\/vc_custom_heading][\/vc_column][vc_column column_width_percent=&#8220;100&#8243; gutter_size=&#8220;4&#8243; overlay_alpha=&#8220;50&#8243; shift_x=&#8220;0&#8243; shift_y=&#8220;0&#8243; shift_y_down=&#8220;0&#8243; z_index=&#8220;0&#8243; medium_width=&#8220;4&#8243; mobile_width=&#8220;0&#8243; width=&#8220;1\/2&#8243;][vc_custom_heading text_color=&#8220;color-408418&#8243; heading_semantic=&#8220;h3&#8243; text_size=&#8220;h3&#8243; text_weight=&#8220;700&#8243; separator=&#8220;yes&#8220; subheading=&#8220;Kombinujeme detailn\u00ed znalost trh\u016f CEE a DACH s p\u0159\u00edstupem ke glob\u00e1ln\u00ed s\u00edti finan\u010dn\u00edch a strategick\u00fdch partner\u016f. To n\u00e1m umo\u017e\u0148uje identifikovat spr\u00e1vn\u00e9 investory, kupce \u010di c\u00edle \u2013 na lok\u00e1ln\u00ed i mezin\u00e1rodn\u00ed \u00farovni \u2013 a realizovat transakce, kter\u00e9 jsou strategicky i obchodn\u011b smyslupln\u00e9. N\u00e1\u0161 t\u00fdm p\u0159in\u00e1\u0161\u00ed jasnost a jistotu i do t\u011bch nejslo\u017eit\u011bj\u0161\u00edch p\u0159eshrani\u010dn\u00edch proces\u016f.  &#8220; uncode_shortcode_id=&#8220;138885&#8243; text_color_type=&#8220;uncode-palette&#8220; el_class=&#8220;heading-reduced-space&#8220;]Hlubok\u00e1 region\u00e1ln\u00ed znalost s mezin\u00e1rodn\u00edm dosahem[\/vc_custom_heading][\/vc_column][\/vc_row][vc_row row_height_percent=&#8220;0&#8243; override_padding=&#8220;yes&#8220; h_padding=&#8220;2&#8243; top_padding=&#8220;2&#8243; bottom_padding=&#8220;3&#8243; overlay_alpha=&#8220;50&#8243; gutter_size=&#8220;4&#8243; column_width_percent=&#8220;100&#8243; shift_y=&#8220;0&#8243; z_index=&#8220;0&#8243; content_parallax=&#8220;0&#8243; uncode_shortcode_id=&#8220;358371&#8243;][vc_column column_width_percent=&#8220;100&#8243; gutter_size=&#8220;4&#8243; overlay_alpha=&#8220;50&#8243; shift_x=&#8220;0&#8243; shift_y=&#8220;0&#8243; shift_y_down=&#8220;0&#8243; z_index=&#8220;0&#8243; medium_width=&#8220;4&#8243; mobile_width=&#8220;0&#8243; width=&#8220;1\/2&#8243; uncode_shortcode_id=&#8220;109063&#8243;][vc_custom_heading text_color=&#8220;color-408418&#8243; heading_semantic=&#8220;h3&#8243; text_size=&#8220;h3&#8243; text_weight=&#8220;700&#8243; separator=&#8220;yes&#8220; subheading=&#8220;P\u016fsob\u00edme nap\u0159\u00ed\u010d \u0161irok\u00fdm spektrem odv\u011btv\u00ed \u2013 od technologi\u00ed a zdravotnictv\u00ed p\u0159es v\u00fdrobu a\u017e po energetiku. N\u00e1\u0161 sektorov\u011b neutr\u00e1ln\u00ed p\u0159\u00edstup n\u00e1m umo\u017e\u0148uje p\u0159in\u00e1\u0161et nov\u00e9 pohledy a aplikovat osv\u011bd\u010den\u00e9 postupy v ka\u017ed\u00e9 transakci. Na\u0161e strategie v\u017edy p\u0159izp\u016fsobujeme jedine\u010dn\u00fdm pot\u0159eb\u00e1m a ambic\u00edm ka\u017ed\u00e9ho klienta \u2013 a\u0165 u\u017e je c\u00edlem r\u016fst, transformace \u010di exit.  &#8220; uncode_shortcode_id=&#8220;208711&#8243; text_color_type=&#8220;uncode-palette&#8220; el_class=&#8220;heading-reduced-space&#8220;]Sektorov\u011b neutr\u00e1ln\u00ed a na \u0159e\u0161en\u00ed orientovan\u00fd p\u0159\u00edstup[\/vc_custom_heading][\/vc_column][vc_column column_width_percent=&#8220;100&#8243; gutter_size=&#8220;4&#8243; overlay_alpha=&#8220;50&#8243; shift_x=&#8220;0&#8243; shift_y=&#8220;0&#8243; shift_y_down=&#8220;0&#8243; z_index=&#8220;0&#8243; medium_width=&#8220;4&#8243; mobile_width=&#8220;0&#8243; width=&#8220;1\/2&#8243;][vc_custom_heading text_color=&#8220;color-408418&#8243; heading_semantic=&#8220;h3&#8243; text_size=&#8220;h3&#8243; text_weight=&#8220;700&#8243; separator=&#8220;yes&#8220; subheading=&#8220;Na\u0161e poradensk\u00e9 slu\u017eby spojuj\u00ed realizaci transakc\u00ed, strukturov\u00e1n\u00ed kapit\u00e1lu a strategick\u00e9 poradenstv\u00ed pod jednou st\u0159echou. Tento integrovan\u00fd p\u0159\u00edstup n\u00e1m umo\u017e\u0148uje komplexn\u011b \u0159e\u0161it finan\u010dn\u00ed, provozn\u00ed i akcion\u00e1\u0159sk\u00e9 aspekty. A\u0165 u\u017e klient pot\u0159ebuje podporu p\u0159i oce\u0148ov\u00e1n\u00ed, strukturov\u00e1n\u00ed transakce \u010di pl\u00e1nov\u00e1n\u00ed n\u00e1stupnictv\u00ed, poskytujeme plynul\u00e1 a vysoce efektivn\u00ed \u0159e\u0161en\u00ed.  &#8220; uncode_shortcode_id=&#8220;528835&#8243; text_color_type=&#8220;uncode-palette&#8220; el_class=&#8220;heading-reduced-space&#8220;]Integrovan\u00e1 odbornost nap\u0159\u00ed\u010d discipl\u00ednami[\/vc_custom_heading][\/vc_column][\/vc_row][vc_row row_height_percent=&#8220;0&#8243; override_padding=&#8220;yes&#8220; h_padding=&#8220;2&#8243; top_padding=&#8220;2&#8243; bottom_padding=&#8220;2&#8243; overlay_alpha=&#8220;50&#8243; equal_height=&#8220;yes&#8220; gutter_size=&#8220;4&#8243; column_width_percent=&#8220;100&#8243; shift_y=&#8220;0&#8243; z_index=&#8220;0&#8243; content_parallax=&#8220;0&#8243; el_class=&#8220;inverted-device-order&#8220; uncode_shortcode_id=&#8220;177646&#8243;][vc_column column_width_percent=&#8220;100&#8243; gutter_size=&#8220;2&#8243; overlay_alpha=&#8220;50&#8243; shift_x=&#8220;0&#8243; shift_y=&#8220;0&#8243; shift_y_down=&#8220;0&#8243; z_index=&#8220;0&#8243; medium_width=&#8220;0&#8243; mobile_width=&#8220;0&#8243; width=&#8220;1\/1&#8243; uncode_shortcode_id=&#8220;555175&#8243;][vc_custom_heading heading_semantic=&#8220;h3&#8243; text_size=&#8220;h1&#8243; uncode_shortcode_id=&#8220;791638&#8243;]Novinky &amp; Insights[\/vc_custom_heading][vc_separator sep_color=&#8220;color-408418&#8243; uncode_shortcode_id=&#8220;203332&#8243; sep_color_type=&#8220;uncode-palette&#8220; el_class=&#8220;set-divider-max&#8220;][\/vc_column][\/vc_row][vc_row row_height_percent=&#8220;0&#8243; override_padding=&#8220;yes&#8220; h_padding=&#8220;2&#8243; top_padding=&#8220;2&#8243; bottom_padding=&#8220;3&#8243; overlay_alpha=&#8220;50&#8243; gutter_size=&#8220;3&#8243; column_width_percent=&#8220;100&#8243; shift_y=&#8220;0&#8243; z_index=&#8220;3&#8243; top_divider=&#8220;step_2_3&#8243; bottom_divider=&#8220;step_3_4&#8243; content_parallax=&#8220;0&#8243; uncode_shortcode_id=&#8220;206974&#8243;][vc_column column_width_percent=&#8220;100&#8243; gutter_size=&#8220;0&#8243; overlay_alpha=&#8220;50&#8243; shift_x=&#8220;0&#8243; shift_y=&#8220;0&#8243; shift_y_down=&#8220;0&#8243; z_index=&#8220;0&#8243; medium_width=&#8220;0&#8243; mobile_width=&#8220;0&#8243; width=&#8220;1\/1&#8243; uncode_shortcode_id=&#8220;639997&#8243;][uncode_index el_id=&#8220;index-131812&#8243; index_type=&#8220;css_grid&#8220; loop=&#8220;size:3|order_by:date|post_type:post|categories:26|taxonomy_count:10&#8243; grid_items=&#8220;3&#8243; screen_lg_items=&#8220;2&#8243; screen_lg_breakpoint=&#8220;1000&#8243; screen_md_items=&#8220;2&#8243; screen_md_breakpoint=&#8220;600&#8243; screen_sm_items=&#8220;1&#8243; screen_sm_breakpoint=&#8220;480&#8243; gutter_size=&#8220;3&#8243; css_grid_equal_height=&#8220;yes&#8220; post_items=&#8220;text|excerpt,date,title,spacer|half,sep-one|full,link|link|default_size|not_scale_mobile|default_width|default_outline&#8220; single_back_color=&#8220;color-lxmt&#8220; single_overlay_opacity=&#8220;50&#8243; single_padding=&#8220;2&#8243; single_title_dimension=&#8220;h2&#8243; uncode_shortcode_id=&#8220;279139&#8243;][\/vc_column][\/vc_row]<\/p>\n<\/div>","protected":false},"excerpt":{"rendered":"<p>Od n\u00e1kupu a prodeje podnik\u016f p\u0159es realizaci investic a\u017e po prodej aktiv \u2013 poskytujeme komplexn\u00ed podporu s c\u00edlem maximalizovat hodnotu a zajistit \u00fasp\u011b\u0161n\u00fd v\u00fdsledek.<\/p>\n","protected":false},"author":1,"featured_media":1181,"parent":0,"menu_order":0,"comment_status":"closed","ping_status":"closed","template":"","meta":{"_seopress_robots_primary_cat":"","_seopress_titles_title":"","_seopress_titles_desc":"","_seopress_robots_index":"","footnotes":""},"class_list":["post-1165","page","type-page","status-publish","has-post-thumbnail","hentry"],"_links":{"self":[{"href":"https:\/\/hintsoftpartners.com\/cs\/wp-json\/wp\/v2\/pages\/1165","targetHints":{"allow":["GET"]}}],"collection":[{"href":"https:\/\/hintsoftpartners.com\/cs\/wp-json\/wp\/v2\/pages"}],"about":[{"href":"https:\/\/hintsoftpartners.com\/cs\/wp-json\/wp\/v2\/types\/page"}],"author":[{"embeddable":true,"href":"https:\/\/hintsoftpartners.com\/cs\/wp-json\/wp\/v2\/users\/1"}],"replies":[{"embeddable":true,"href":"https:\/\/hintsoftpartners.com\/cs\/wp-json\/wp\/v2\/comments?post=1165"}],"version-history":[{"count":5,"href":"https:\/\/hintsoftpartners.com\/cs\/wp-json\/wp\/v2\/pages\/1165\/revisions"}],"predecessor-version":[{"id":1696,"href":"https:\/\/hintsoftpartners.com\/cs\/wp-json\/wp\/v2\/pages\/1165\/revisions\/1696"}],"wp:featuredmedia":[{"embeddable":true,"href":"https:\/\/hintsoftpartners.com\/cs\/wp-json\/wp\/v2\/media\/1181"}],"wp:attachment":[{"href":"https:\/\/hintsoftpartners.com\/cs\/wp-json\/wp\/v2\/media?parent=1165"}],"curies":[{"name":"wp","href":"https:\/\/api.w.org\/{rel}","templated":true}]}}