{"id":1006,"date":"2025-03-19T09:48:27","date_gmt":"2025-03-19T08:48:27","guid":{"rendered":"https:\/\/hintsoftpartners.com\/terms-of-use\/"},"modified":"2026-02-10T13:40:28","modified_gmt":"2026-02-10T12:40:28","slug":"terms-of-use","status":"publish","type":"page","link":"https:\/\/hintsoftpartners.com\/cs\/terms-of-use\/","title":{"rendered":"Terms of Use"},"content":{"rendered":"<div class=\"wpb-content-wrapper\"><p>[vc_row row_height_percent=&#8220;0&#8243; override_padding=&#8220;yes&#8220; h_padding=&#8220;2&#8243; top_padding=&#8220;3&#8243; bottom_padding=&#8220;3&#8243; overlay_alpha=&#8220;100&#8243; gutter_size=&#8220;3&#8243; column_width_percent=&#8220;100&#8243; shift_y=&#8220;0&#8243; z_index=&#8220;0&#8243; content_parallax=&#8220;0&#8243; row_height_use_pixel=&#8220;&#8220; uncode_shortcode_id=&#8220;341402&#8243;][vc_column column_width_use_pixel=&#8220;yes&#8220; gutter_size=&#8220;3&#8243; overlay_alpha=&#8220;50&#8243; shift_x=&#8220;0&#8243; shift_y=&#8220;0&#8243; shift_y_down=&#8220;0&#8243; z_index=&#8220;0&#8243; medium_width=&#8220;0&#8243; mobile_width=&#8220;0&#8243; zoom_width=&#8220;0&#8243; zoom_height=&#8220;0&#8243; column_width_pixel=&#8220;800&#8243; uncode_shortcode_id=&#8220;203694&#8243;][vc_custom_heading auto_text=&#8220;yes&#8220; text_color=&#8220;color-408418&#8243; heading_semantic=&#8220;h3&#8243; text_size=&#8220;h1&#8243; text_uppercase=&#8220;&#8220; uncode_shortcode_id=&#8220;454576&#8243; text_color_type=&#8220;uncode-palette&#8220;][\/vc_custom_heading][vc_column_text text_lead=&#8220;yes&#8220; uncode_shortcode_id=&#8220;492100&#8243;]<\/p>\n<p class=\"p1\"><strong><span style=\"color: #113167;\">1. \u00davod<\/span><\/strong><\/p>\n<p class=\"p2\">Tyto <strong>Podm\u00ednky pou\u017e\u00edv\u00e1n\u00ed <\/strong>(\u201e<strong>Podm\u00ednky<\/strong>\u201c) upravuj\u00ed p\u0159\u00edstup k webov\u00fdm str\u00e1nk\u00e1m provozovan\u00fdm spole\u010dnost\u00ed <strong>Hintsoft Capital Partners Kft.<\/strong>, dostupn\u00fdm na adrese www.hintsoftpartners.com (\u201e<strong>Webov\u00e9 str\u00e1nky<\/strong>\u201c), a jejich pou\u017e\u00edv\u00e1n\u00ed.<\/p>\n<p class=\"p2\">Vstupem na Webov\u00e9 str\u00e1nky nebo jejich pou\u017e\u00edv\u00e1n\u00edm vyjad\u0159ujete souhlas s t\u011bmito Podm\u00ednkami a zavazujete se dodr\u017eovat v\u0161echny platn\u00e9 pr\u00e1vn\u00ed p\u0159edpisy. Pokud s t\u011bmito Podm\u00ednkami nesouhlas\u00edte, pros\u00edme, abyste Webov\u00e9 str\u00e1nky nepou\u017e\u00edvali.<\/p>\n<p class=\"p1\"><strong><span style=\"color: #113167;\">Provozovatel webov\u00fdch str\u00e1nek<\/span><\/strong><\/p>\n<ul class=\"ul1\">\n<li class=\"li2\"><strong>N\u00e1zev spole\u010dnosti:<\/strong> Hintsoft Capital Partners Kft.<\/li>\n<li class=\"li2\"><b>S\u00eddlo:<\/b>\u00a09022 Gy\u0151r, Czuczor Gergely utca 36. 5. em. 11. ajt\u00f3<\/li>\n<li class=\"li2\"><b>Identifika\u010dn\u00ed \u010d\u00edslo spole\u010dnosti:<\/b>\u00a008-09-035864<\/li>\n<li class=\"li2\"><b>Email:<\/b> info@hintsoftpartners.com<\/li>\n<li class=\"li2\"><b>Phone:<\/b>\u00a0+36 20 433 0880<\/li>\n<\/ul>\n<p class=\"p1\"><strong><span style=\"color: #113167;\">3. Pou\u017e\u00edv\u00e1n\u00ed webov\u00fdch str\u00e1nek<\/span><\/strong><\/p>\n<p>Obsah Webov\u00fdch str\u00e1nek je poskytov\u00e1n pouze pro obecn\u00e9 informa\u010dn\u00ed \u00fa\u010dely. Webov\u00e9 str\u00e1nky sm\u00edte pou\u017e\u00edvat v\u00fdhradn\u011b z\u00e1konn\u00fdm zp\u016fsobem a v souladu s t\u011bmito Podm\u00ednkami.<\/p>\n<p class=\"p2\">Zavazujete se, \u017ee nebudete:<\/p>\n<ul class=\"ul1\">\n<li class=\"li2\">pou\u017e\u00edvat Webov\u00e9 str\u00e1nky zp\u016fsobem, kter\u00fd by poru\u0161oval platn\u00e9 pr\u00e1vn\u00ed p\u0159edpisy,<\/li>\n<li class=\"li2\">pokou\u0161et se o neopr\u00e1vn\u011bn\u00fd p\u0159\u00edstup k jak\u00e9koli \u010d\u00e1sti Webov\u00fdch str\u00e1nek,<\/li>\n<li class=\"li2\">\u2022 zav\u00e1d\u011bt viry, \u0161kodliv\u00fd software nebo jin\u00fd nebezpe\u010dn\u00fd k\u00f3d.<\/li>\n<\/ul>\n<p class=\"p2\">Spole\u010dnost si vyhrazuje pr\u00e1vo pozastavit nebo ukon\u010dit v\u00e1\u0161 p\u0159\u00edstup k Webov\u00fdm str\u00e1nk\u00e1m kdykoli a bez p\u0159edchoz\u00edho upozorn\u011bn\u00ed, pokud poru\u0161\u00edte tyto Podm\u00ednky.<\/p>\n<p class=\"p1\"><strong><span style=\"color: #113167;\">4. Du\u0161evn\u00ed vlastnictv\u00ed<\/span><\/strong><\/p>\n<p>Ve\u0161ker\u00fd obsah na Webov\u00fdch str\u00e1nk\u00e1ch (v\u010detn\u011b, mimo jin\u00e9, text\u016f, grafiky, log, n\u00e1vrh\u016f a rozlo\u017een\u00ed) je du\u0161evn\u00edm vlastnictv\u00edm spole\u010dnosti <strong>Hintsoft Capital Partners Kft.<\/strong>\u00a0nebo jej\u00edch poskytovatel\u016f licenc\u00ed a je chr\u00e1n\u011bn autorsk\u00fdm pr\u00e1vem a dal\u0161\u00edmi platn\u00fdmi pr\u00e1vn\u00edmi p\u0159edpisy.<\/p>\n<p>Obsah Webov\u00fdch str\u00e1nek si m\u016f\u017eete zobrazit, st\u00e1hnout nebo vytisknout pouze pro osobn\u00ed, nekomer\u010dn\u00ed \u00fa\u010dely. Jak\u00e9koli kop\u00edrov\u00e1n\u00ed, rozmno\u017eov\u00e1n\u00ed, \u0161\u00ed\u0159en\u00ed nebo \u00faprava jak\u00e9koli \u010d\u00e1sti Webov\u00fdch str\u00e1nek bez p\u0159edchoz\u00edho p\u00edsemn\u00e9ho souhlasu Spole\u010dnosti je zak\u00e1z\u00e1na.<\/p>\n<p class=\"p1\"><strong><span style=\"color: #113167;\">5. Omezen\u00ed odpov\u011bdnosti<\/span><\/strong><\/p>\n<p class=\"p2\">A\u010dkoli usilujeme o poskytov\u00e1n\u00ed p\u0159esn\u00fdch a aktu\u00e1ln\u00edch informac\u00ed, Spole\u010dnost neposkytuje \u017e\u00e1dn\u00e9 z\u00e1ruky ani prohl\u00e1\u0161en\u00ed ohledn\u011b p\u0159esnosti, spolehlivosti \u010di \u00faplnosti jak\u00e9hokoli obsahu na Webov\u00fdch str\u00e1nk\u00e1ch.<\/p>\n<p class=\"p2\">Spole\u010dnost nenese odpov\u011bdnost za \u017e\u00e1dn\u00e9 p\u0159\u00edm\u00e9 ani nep\u0159\u00edm\u00e9 \u0161kody vznikl\u00e9 v d\u016fsledku pou\u017e\u00edv\u00e1n\u00ed nebo nemo\u017enosti pou\u017e\u00edv\u00e1n\u00ed Webov\u00fdch str\u00e1nek, v\u010detn\u011b (mimo jin\u00e9) ztr\u00e1ty dat, u\u0161l\u00e9ho zisku nebo p\u0159eru\u0161en\u00ed provozu.<\/p>\n<p class=\"p1\"><strong><span style=\"color: #113167;\">6. Odkazy na weby t\u0159et\u00edch stran<\/span><\/strong><\/p>\n<p>Webov\u00e9 str\u00e1nky mohou obsahovat odkazy na webov\u00e9 str\u00e1nky t\u0159et\u00edch stran. Tyto odkazy jsou poskytov\u00e1ny v\u00fdhradn\u011b pro va\u0161e pohodl\u00ed. Spole\u010dnost nem\u00e1 \u017e\u00e1dnou kontrolu nad obsahem t\u011bchto web\u016f a nenese \u017e\u00e1dnou odpov\u011bdnost za jejich obsah ani za jejich postupy. P\u0159\u00edstup na webov\u00e9 str\u00e1nky t\u0159et\u00edch stran je na vlastn\u00ed riziko u\u017eivatele.<\/p>\n<p class=\"p1\"><strong><span style=\"color: #113167;\">7. Ochrana osobn\u00edch \u00fadaj\u016f<\/span><\/strong><\/p>\n<p>Jak\u00e9koli osobn\u00ed \u00fadaje shrom\u00e1\u017ed\u011bn\u00e9 prost\u0159ednictv\u00edm Webov\u00fdch str\u00e1nek jsou zpracov\u00e1v\u00e1ny v souladu s na\u0161imi [Z\u00e1sadami ochrany osobn\u00edch \u00fadaj\u016f] a [Z\u00e1sadami pou\u017e\u00edv\u00e1n\u00ed soubor\u016f cookie], s nimi\u017e se doporu\u010dujeme sezn\u00e1mit.<\/p>\n<p class=\"p1\"><strong><span style=\"color: #113167;\">8. Rozhodn\u00e9 pr\u00e1vo a p\u0159\u00edslu\u0161nost soud\u016f<\/span><\/strong><\/p>\n<p>Tyto Podm\u00ednky se \u0159\u00edd\u00ed pr\u00e1vn\u00edm \u0159\u00e1dem <strong>Ma\u010farska<\/strong> a budou vykl\u00e1d\u00e1ny v souladu s n\u00edm. Ve\u0161ker\u00e9 spory vznikl\u00e9 z pou\u017e\u00edv\u00e1n\u00ed Webov\u00fdch str\u00e1nek nebo v souvislosti s n\u00edm spadaj\u00ed do v\u00fdlu\u010dn\u00e9 p\u0159\u00edslu\u0161nosti <strong>ma\u010farsk\u00fdch soud\u016f<\/strong>.<\/p>\n<p class=\"p1\"><strong><span style=\"color: #113167;\">9. Zm\u011bny Podm\u00ednek<\/span><\/strong><\/p>\n<p>Spole\u010dnost <strong>Hintsoft Capital Partners Kft.<\/strong>\u00a0si vyhrazuje pr\u00e1vo tyto Podm\u00ednky kdykoli zm\u011bnit. Aktualizovan\u00e1 verze bude zve\u0159ejn\u011bna na t\u00e9to str\u00e1nce s uveden\u00edm data \u00fa\u010dinnosti. Pokra\u010dov\u00e1n\u00edm v pou\u017e\u00edv\u00e1n\u00ed Webov\u00fdch str\u00e1nek po proveden\u00ed zm\u011bn vyjad\u0159ujete souhlas s t\u011bmito \u00fapravami.<\/p>\n<p class=\"p1\"><strong><span style=\"color: #113167;\">10. Kontakt<\/span><\/strong><\/p>\n<p>M\u00e1te-li jak\u00e9koli dotazy t\u00fdkaj\u00edc\u00ed se t\u011bchto Podm\u00ednek pou\u017e\u00edv\u00e1n\u00ed, kontaktujte n\u00e1s na:<\/p>\n<p class=\"p2\"><strong><span style=\"color: #113167;\">Hintsoft Capital Partners Kft.<\/span><\/strong><br \/>\nCzuczor Gergely utca 36. 5. patro, dve\u0159e \u010d. 11, 9022 Gy\u0151r, Ma\u010farsko<br \/>\n<span class=\"s2\">E-mail:<\/span> info@hintsoftpartners.com<br \/>\n<span class=\"s2\">Telefon:<\/span> <strong>+36 20 433 0880<\/strong><\/p>\n<p>[\/vc_column_text][\/vc_column][\/vc_row]<\/p>\n<\/div>","protected":false},"excerpt":{"rendered":"<p>[vc_row row_height_percent=&#8220;0&#8243; override_padding=&#8220;yes&#8220; h_padding=&#8220;2&#8243; top_padding=&#8220;3&#8243; bottom_padding=&#8220;3&#8243; overlay_alpha=&#8220;100&#8243; gutter_size=&#8220;3&#8243; column_width_percent=&#8220;100&#8243; shift_y=&#8220;0&#8243; z_index=&#8220;0&#8243; content_parallax=&#8220;0&#8243; row_height_use_pixel=&#8220;&#8220; uncode_shortcode_id=&#8220;341402&#8243;][vc_column column_width_use_pixel=&#8220;yes&#8220; gutter_size=&#8220;3&#8243; overlay_alpha=&#8220;50&#8243; shift_x=&#8220;0&#8243; shift_y=&#8220;0&#8243; shift_y_down=&#8220;0&#8243; [&hellip;]<\/p>\n","protected":false},"author":1,"featured_media":0,"parent":0,"menu_order":0,"comment_status":"closed","ping_status":"closed","template":"","meta":{"_seopress_robots_primary_cat":"","_seopress_titles_title":"","_seopress_titles_desc":"","_seopress_robots_index":"","footnotes":""},"class_list":["post-1006","page","type-page","status-publish","hentry"],"_links":{"self":[{"href":"https:\/\/hintsoftpartners.com\/cs\/wp-json\/wp\/v2\/pages\/1006","targetHints":{"allow":["GET"]}}],"collection":[{"href":"https:\/\/hintsoftpartners.com\/cs\/wp-json\/wp\/v2\/pages"}],"about":[{"href":"https:\/\/hintsoftpartners.com\/cs\/wp-json\/wp\/v2\/types\/page"}],"author":[{"embeddable":true,"href":"https:\/\/hintsoftpartners.com\/cs\/wp-json\/wp\/v2\/users\/1"}],"replies":[{"embeddable":true,"href":"https:\/\/hintsoftpartners.com\/cs\/wp-json\/wp\/v2\/comments?post=1006"}],"version-history":[{"count":13,"href":"https:\/\/hintsoftpartners.com\/cs\/wp-json\/wp\/v2\/pages\/1006\/revisions"}],"predecessor-version":[{"id":1585,"href":"https:\/\/hintsoftpartners.com\/cs\/wp-json\/wp\/v2\/pages\/1006\/revisions\/1585"}],"wp:attachment":[{"href":"https:\/\/hintsoftpartners.com\/cs\/wp-json\/wp\/v2\/media?parent=1006"}],"curies":[{"name":"wp","href":"https:\/\/api.w.org\/{rel}","templated":true}]}}